{"id":8924,"date":"2024-02-26T08:38:30","date_gmt":"2024-02-26T04:38:30","guid":{"rendered":"https:\/\/etab.ac-reunion.fr\/clg-amiral-bouvet\/?page_id=8924"},"modified":"2026-02-26T14:07:54","modified_gmt":"2026-02-26T10:07:54","slug":"3c","status":"publish","type":"page","link":"https:\/\/etab.ac-reunion.fr\/clg-amiral-bouvet\/3c\/","title":{"rendered":"3C"},"content":{"rendered":"[et_pb_section fb_built=\u00a0\u00bb1&Prime; admin_label=\u00a0\u00bbsection\u00a0\u00bb _builder_version=\u00a0\u00bb4.27.5&Prime; background_enable_mask_style=\u00a0\u00bbon\u00a0\u00bb background_mask_style=\u00a0\u00bbdiagonal\u00a0\u00bb background_mask_color=\u00a0\u00bbRGBA(255,255,255,0)\u00a0\u00bb hover_enabled=\u00a0\u00bb0&Prime; global_colors_info=\u00a0\u00bb{}\u00a0\u00bb title_text=\u00a0\u00bbLogo College Fond 2 test\u00a0\u00bb background_image=\u00a0\u00bbhttps:\/\/etab.ac-reunion.fr\/clg-amiral-bouvet\/wp-content\/uploads\/sites\/47\/2026\/02\/Logo-College-Fond-2-test-.png\u00a0\u00bb sticky_enabled=\u00a0\u00bb0&Prime;][et_pb_row column_structure=\u00a0\u00bb1_2,1_2&Prime; admin_label=\u00a0\u00bbrow\u00a0\u00bb _builder_version=\u00a0\u00bb4.27.5&Prime; background_size=\u00a0\u00bbinitial\u00a0\u00bb background_position=\u00a0\u00bbtop_left\u00a0\u00bb background_repeat=\u00a0\u00bbrepeat\u00a0\u00bb hover_enabled=\u00a0\u00bb0&Prime; global_colors_info=\u00a0\u00bb{}\u00a0\u00bb sticky_enabled=\u00a0\u00bb0&Prime; custom_margin=\u00a0\u00bb|auto||368px||\u00a0\u00bb][et_pb_column type=\u00a0\u00bb1_2&Prime; _builder_version=\u00a0\u00bb4.16&Prime; custom_padding=\u00a0\u00bb|||\u00a0\u00bb global_colors_info=\u00a0\u00bb{}\u00a0\u00bb custom_padding__hover=\u00a0\u00bb|||\u00a0\u00bb][et_pb_text _builder_version=\u00a0\u00bb4.24.2&Prime; _module_preset=\u00a0\u00bbdefault\u00a0\u00bb global_colors_info=\u00a0\u00bb{}\u00a0\u00bb]\n<h1 class=\"LC20lb MBeuO DKV0Md\"><strong><span style=\"color: #ff00ff\">Le 3C ou Centre de connaissance et de culture<\/span><\/strong><\/h1>\n<p>&nbsp;<\/p>\n<h3><span style=\"color: #000000\">Pourquoi fr\u00e9quenter un 3C :<\/span><\/h3>\n<ol>\n<li>\n<h3><span style=\"color: #000000\"><strong>Lieu de lecture et de d\u00e9couverte<\/strong>\u00a0:<\/span><\/h3>\n<ul>\n<li>\n<h3><span style=\"color: #000000\">Le 3C ressemble \u00e0 une biblioth\u00e8que, mais il va au-del\u00e0 des livres. Les \u00e9l\u00e8ves y trouveront des romans, des livres documentaires, des pi\u00e8ces de th\u00e9\u00e2tre, des recueils de po\u00e9sie, des contes, des bandes dessin\u00e9es et m\u00eame des magazines.<\/span><\/h3>\n<\/li>\n<li>\n<h3><span style=\"color: #000000\">Ils peuvent lire sur place ou emprunter ces documents pour les explorer \u00e0 la maison.<\/span><\/h3>\n<\/li>\n<\/ul>\n<\/li>\n<li>\n<h3><span style=\"color: #000000\"><strong>Espace de travail et de recherche<\/strong>\u00a0:<\/span><\/h3>\n<ul>\n<li>\n<h3><span style=\"color: #000000\">Le 3C est ouvert pendant les heures de permanence, la pause d\u00e9jeuner et l\u2019\u00e9tude. Les \u00e9l\u00e8ves peuvent y travailler individuellement ou en groupe.<\/span><\/h3>\n<\/li>\n<li>\n<h3><span style=\"color: #000000\">Ils ont acc\u00e8s \u00e0 diverses ressources, qu\u2019il s\u2019agisse de manuels scolaires, de dictionnaires, d\u2019encyclop\u00e9dies ou d\u2019Internet.<\/span><\/h3>\n<\/li>\n<li>\n<h3><span style=\"color: #000000\">Le professeur-documentaliste est l\u00e0 pour les guider dans leurs recherches et leurs devoirs.<\/span><\/h3>\n<\/li>\n<\/ul>\n<\/li>\n<li>\n<h3><span style=\"color: #000000\"><strong>D\u00e9veloppement des comp\u00e9tences informationnelles<\/strong>\u00a0:<\/span><\/h3>\n<ul>\n<li>\n<h3><span style=\"color: #000000\">Le professeur-documentaliste propose des s\u00e9ances p\u00e9dagogiques en collaboration avec les enseignants. Les \u00e9l\u00e8ves apprennent \u00e0 effectuer des recherches documentaires, \u00e0 \u00e9valuer l\u2019information et \u00e0 la restituer de mani\u00e8re critique.<\/span><\/h3>\n<\/li>\n<li>\n<h3><span style=\"color: #000000\">Ils acqui\u00e8rent des m\u00e9thodes de travail qui favorisent leur autonomie et leur esprit critique, essentiels dans notre soci\u00e9t\u00e9 o\u00f9 l\u2019information est omnipr\u00e9sente.<\/span><\/h3>\n<\/li>\n<\/ul>\n<\/li>\n<\/ol>\n<h3><span style=\"color: #000000\">En somme, le 3C est bien plus qu\u2019une simple biblioth\u00e8que. C\u2019est un espace dynamique o\u00f9 les \u00e9l\u00e8ves peuvent lire, travailler, apprendre et d\u00e9velopper des comp\u00e9tences essentielles pour leur avenir. <\/span>\ud83d\udcda\u2728<\/h3>\n<p>&nbsp;<\/p>\n[\/et_pb_text][\/et_pb_column][et_pb_column type=\u00a0\u00bb1_2&Prime; _builder_version=\u00a0\u00bb4.16&Prime; custom_padding=\u00a0\u00bb|||\u00a0\u00bb global_colors_info=\u00a0\u00bb{}\u00a0\u00bb custom_padding__hover=\u00a0\u00bb|||\u00a0\u00bb][et_pb_gallery gallery_ids=\u00a0\u00bb8939,8940,8941,8942,8943,8944&Prime; gallery_orderby=\u00a0\u00bbrand\u00a0\u00bb fullwidth=\u00a0\u00bbon\u00a0\u00bb _builder_version=\u00a0\u00bb4.27.4&Prime; _module_preset=\u00a0\u00bbdefault\u00a0\u00bb module_alignment=\u00a0\u00bbcenter\u00a0\u00bb custom_margin=\u00a0\u00bb98px|||||\u00a0\u00bb custom_padding=\u00a0\u00bb2px|||0px|false|false\u00a0\u00bb animation_style=\u00a0\u00bbfold\u00a0\u00bb animation_duration=\u00a0\u00bb0ms\u00a0\u00bb animation_repeat=\u00a0\u00bbloop\u00a0\u00bb auto=\u00a0\u00bbon\u00a0\u00bb auto_speed=\u00a0\u00bb3000&Prime; global_colors_info=\u00a0\u00bb{}\u00a0\u00bb][\/et_pb_gallery][\/et_pb_column][\/et_pb_row][et_pb_row column_structure=\u00a0\u00bb1_2,1_2&Prime; _builder_version=\u00a0\u00bb4.24.2&Prime; _module_preset=\u00a0\u00bbdefault\u00a0\u00bb global_colors_info=\u00a0\u00bb{}\u00a0\u00bb][et_pb_column type=\u00a0\u00bb1_2&Prime; _builder_version=\u00a0\u00bb4.24.2&Prime; _module_preset=\u00a0\u00bbdefault\u00a0\u00bb global_colors_info=\u00a0\u00bb{}\u00a0\u00bb][et_pb_gallery gallery_ids=\u00a0\u00bb8945,9265,9253&Prime; gallery_orderby=\u00a0\u00bbrand\u00a0\u00bb fullwidth=\u00a0\u00bbon\u00a0\u00bb _builder_version=\u00a0\u00bb4.27.4&Prime; _module_preset=\u00a0\u00bbdefault\u00a0\u00bb module_alignment=\u00a0\u00bbcenter\u00a0\u00bb custom_margin=\u00a0\u00bb98px|||||\u00a0\u00bb custom_padding=\u00a0\u00bb2px|||0px|false|false\u00a0\u00bb animation_style=\u00a0\u00bbfold\u00a0\u00bb animation_duration=\u00a0\u00bb0ms\u00a0\u00bb animation_repeat=\u00a0\u00bbloop\u00a0\u00bb auto=\u00a0\u00bbon\u00a0\u00bb auto_speed=\u00a0\u00bb3000&Prime; global_colors_info=\u00a0\u00bb{}\u00a0\u00bb][\/et_pb_gallery][\/et_pb_column][et_pb_column type=\u00a0\u00bb1_2&Prime; _builder_version=\u00a0\u00bb4.24.2&Prime; _module_preset=\u00a0\u00bbdefault\u00a0\u00bb global_colors_info=\u00a0\u00bb{}\u00a0\u00bb][et_pb_blog posts_number=\u00a0\u00bb5&Prime; _builder_version=\u00a0\u00bb4.24.2&Prime; _module_preset=\u00a0\u00bbdefault\u00a0\u00bb header_font=\u00a0\u00bbJacques Francois||on||||||\u00a0\u00bb header_text_color=\u00a0\u00bb#E02B20&Prime; body_text_color=\u00a0\u00bb#000000&Prime; body_font_size=\u00a0\u00bb16px\u00a0\u00bb global_colors_info=\u00a0\u00bb{}\u00a0\u00bb][\/et_pb_blog][\/et_pb_column][\/et_pb_row][\/et_pb_section]\n","protected":false},"excerpt":{"rendered":"<p>Le 3C ou Centre de connaissance et de culture &nbsp; Pourquoi fr\u00e9quenter un 3C : Lieu de lecture et de d\u00e9couverte\u00a0: Le 3C ressemble \u00e0 une biblioth\u00e8que, mais il va au-del\u00e0 des livres. Les \u00e9l\u00e8ves y trouveront des romans, des livres documentaires, des pi\u00e8ces de th\u00e9\u00e2tre, des recueils de po\u00e9sie, des contes, des bandes dessin\u00e9es [&hellip;]<\/p>\n","protected":false},"author":23746,"featured_media":0,"parent":0,"menu_order":0,"comment_status":"closed","ping_status":"closed","template":"","meta":{"_et_pb_use_builder":"on","_et_pb_old_content":"","_et_gb_content_width":"","footnotes":""},"class_list":["post-8924","page","type-page","status-publish","hentry"],"_links":{"self":[{"href":"https:\/\/etab.ac-reunion.fr\/clg-amiral-bouvet\/wp-json\/wp\/v2\/pages\/8924","targetHints":{"allow":["GET"]}}],"collection":[{"href":"https:\/\/etab.ac-reunion.fr\/clg-amiral-bouvet\/wp-json\/wp\/v2\/pages"}],"about":[{"href":"https:\/\/etab.ac-reunion.fr\/clg-amiral-bouvet\/wp-json\/wp\/v2\/types\/page"}],"author":[{"embeddable":true,"href":"https:\/\/etab.ac-reunion.fr\/clg-amiral-bouvet\/wp-json\/wp\/v2\/users\/23746"}],"replies":[{"embeddable":true,"href":"https:\/\/etab.ac-reunion.fr\/clg-amiral-bouvet\/wp-json\/wp\/v2\/comments?post=8924"}],"version-history":[{"count":17,"href":"https:\/\/etab.ac-reunion.fr\/clg-amiral-bouvet\/wp-json\/wp\/v2\/pages\/8924\/revisions"}],"predecessor-version":[{"id":9784,"href":"https:\/\/etab.ac-reunion.fr\/clg-amiral-bouvet\/wp-json\/wp\/v2\/pages\/8924\/revisions\/9784"}],"wp:attachment":[{"href":"https:\/\/etab.ac-reunion.fr\/clg-amiral-bouvet\/wp-json\/wp\/v2\/media?parent=8924"}],"curies":[{"name":"wp","href":"https:\/\/api.w.org\/{rel}","templated":true}]}}