{"id":8932,"date":"2024-02-26T11:47:22","date_gmt":"2024-02-26T07:47:22","guid":{"rendered":"https:\/\/etab.ac-reunion.fr\/clg-amiral-bouvet\/?page_id=8932"},"modified":"2025-08-22T09:49:49","modified_gmt":"2025-08-22T05:49:49","slug":"examens","status":"publish","type":"page","link":"https:\/\/etab.ac-reunion.fr\/clg-amiral-bouvet\/examens\/","title":{"rendered":"Examens"},"content":{"rendered":"[et_pb_section fb_built=\u00a0\u00bb1&Prime; admin_label=\u00a0\u00bbsection\u00a0\u00bb _builder_version=\u00a0\u00bb4.24.2&Prime; background_enable_mask_style=\u00a0\u00bbon\u00a0\u00bb background_mask_style=\u00a0\u00bbtriangles\u00a0\u00bb background_mask_color=\u00a0\u00bb#08adaf\u00a0\u00bb global_colors_info=\u00a0\u00bb{}\u00a0\u00bb][et_pb_row admin_label=\u00a0\u00bbrow\u00a0\u00bb _builder_version=\u00a0\u00bb4.16&Prime; background_size=\u00a0\u00bbinitial\u00a0\u00bb background_position=\u00a0\u00bbtop_left\u00a0\u00bb background_repeat=\u00a0\u00bbrepeat\u00a0\u00bb global_colors_info=\u00a0\u00bb{}\u00a0\u00bb][et_pb_column type=\u00a0\u00bb4_4&Prime; _builder_version=\u00a0\u00bb4.16&Prime; custom_padding=\u00a0\u00bb|||\u00a0\u00bb global_colors_info=\u00a0\u00bb{}\u00a0\u00bb custom_padding__hover=\u00a0\u00bb|||\u00a0\u00bb][et_pb_text _builder_version=\u00a0\u00bb4.24.2&Prime; _module_preset=\u00a0\u00bbdefault\u00a0\u00bb text_font=\u00a0\u00bbAboreto|700|||||||\u00a0\u00bb text_text_color=\u00a0\u00bb#0b3cc1&Prime; text_font_size=\u00a0\u00bb40px\u00a0\u00bb text_orientation=\u00a0\u00bbcenter\u00a0\u00bb custom_padding=\u00a0\u00bb||17px|||\u00a0\u00bb global_colors_info=\u00a0\u00bb{}\u00a0\u00bb]\n<p>Les examens au coll\u00e8ge :<\/p>\n[\/et_pb_text][\/et_pb_column][\/et_pb_row][et_pb_row column_structure=\u00a0\u00bb1_4,3_4&Prime; _builder_version=\u00a0\u00bb4.24.2&Prime; _module_preset=\u00a0\u00bbdefault\u00a0\u00bb module_alignment=\u00a0\u00bbcenter\u00a0\u00bb custom_margin=\u00a0\u00bb||14px||false|false\u00a0\u00bb border_radii=\u00a0\u00bbon|7px|7px|7px|7px\u00a0\u00bb border_width_all=\u00a0\u00bb3px\u00a0\u00bb border_color_all=\u00a0\u00bb#EDF000&Prime; global_colors_info=\u00a0\u00bb{}\u00a0\u00bb][et_pb_column type=\u00a0\u00bb1_4&Prime; _builder_version=\u00a0\u00bb4.24.2&Prime; _module_preset=\u00a0\u00bbdefault\u00a0\u00bb global_colors_info=\u00a0\u00bb{}\u00a0\u00bb][et_pb_text _builder_version=\u00a0\u00bb4.24.2&Prime; _module_preset=\u00a0\u00bbdefault\u00a0\u00bb text_text_color=\u00a0\u00bb#EDF000&Prime; text_font_size=\u00a0\u00bb44px\u00a0\u00bb module_alignment=\u00a0\u00bbcenter\u00a0\u00bb custom_padding=\u00a0\u00bb72px|||103px||\u00a0\u00bb global_colors_info=\u00a0\u00bb{}\u00a0\u00bb]\n<p>En 6\u00e8me<\/p>\n[\/et_pb_text][\/et_pb_column][et_pb_column type=\u00a0\u00bb3_4&Prime; _builder_version=\u00a0\u00bb4.24.2&Prime; _module_preset=\u00a0\u00bbdefault\u00a0\u00bb global_colors_info=\u00a0\u00bb{}\u00a0\u00bb][et_pb_text _builder_version=\u00a0\u00bb4.24.2&Prime; _module_preset=\u00a0\u00bbdefault\u00a0\u00bb text_font=\u00a0\u00bbArial||||||||\u00a0\u00bb text_letter_spacing=\u00a0\u00bb3px\u00a0\u00bb text_line_height=\u00a0\u00bb1.9em\u00a0\u00bb custom_padding=\u00a0\u00bb1px|||||\u00a0\u00bb global_colors_info=\u00a0\u00bb{}\u00a0\u00bb]\n<h1 class=\"header__title\"><span style=\"color: #ff0000\">L&rsquo;\u00e9valuation <\/span><span style=\"color: #ff0000\">nationale <\/span><span style=\"color: #ff0000\">des acquis des \u00e9l\u00e8ves de Sixi\u00e8me<\/span><\/h1>\n<p><span style=\"color: #ff0000\"><\/span><\/p>\n<h2><span style=\"color: #000000;font-size: xx-large\">Certaines comp\u00e9tences des \u00e9l\u00e8ves de sixi\u00e8me sont \u00e9valu\u00e9es dans le domaine de la langue fran\u00e7aise et dans celui des math\u00e9matiques dans le courant du mois de septembre. Cette \u00e9valuation permet \u00e0 chaque enseignant d&rsquo;affiner sa connaissance des acquis de chacun de ses \u00e9l\u00e8ves pour l&rsquo;accompagner au mieux dans ses apprentissages.<\/span><\/h2>\n<p><span><\/span><\/p>\n[\/et_pb_text][\/et_pb_column][\/et_pb_row][et_pb_row column_structure=\u00a0\u00bb1_4,3_4&Prime; _builder_version=\u00a0\u00bb4.24.2&Prime; _module_preset=\u00a0\u00bbdefault\u00a0\u00bb custom_margin=\u00a0\u00bb0px||14px||false|false\u00a0\u00bb border_radii=\u00a0\u00bbon|7px|7px|7px|7px\u00a0\u00bb border_width_all=\u00a0\u00bb3px\u00a0\u00bb border_color_all=\u00a0\u00bb#EDF000&Prime; global_colors_info=\u00a0\u00bb{}\u00a0\u00bb][et_pb_column type=\u00a0\u00bb1_4&Prime; _builder_version=\u00a0\u00bb4.24.2&Prime; _module_preset=\u00a0\u00bbdefault\u00a0\u00bb global_colors_info=\u00a0\u00bb{}\u00a0\u00bb][et_pb_text _builder_version=\u00a0\u00bb4.24.2&Prime; _module_preset=\u00a0\u00bbdefault\u00a0\u00bb text_text_color=\u00a0\u00bb#EDF000&Prime; text_font_size=\u00a0\u00bb44px\u00a0\u00bb module_alignment=\u00a0\u00bbcenter\u00a0\u00bb min_height=\u00a0\u00bb41.8px\u00a0\u00bb custom_margin=\u00a0\u00bb234px||||false|false\u00a0\u00bb custom_padding=\u00a0\u00bb|||112px||\u00a0\u00bb global_colors_info=\u00a0\u00bb{}\u00a0\u00bb]\n<p>En 5\u00e8me<\/p>\n[\/et_pb_text][\/et_pb_column][et_pb_column type=\u00a0\u00bb3_4&Prime; _builder_version=\u00a0\u00bb4.24.2&Prime; _module_preset=\u00a0\u00bbdefault\u00a0\u00bb global_colors_info=\u00a0\u00bb{}\u00a0\u00bb][et_pb_text _builder_version=\u00a0\u00bb4.24.2&Prime; _module_preset=\u00a0\u00bbdefault\u00a0\u00bb text_font=\u00a0\u00bbArial||||||||\u00a0\u00bb text_font_size=\u00a0\u00bb26px\u00a0\u00bb text_letter_spacing=\u00a0\u00bb3px\u00a0\u00bb text_line_height=\u00a0\u00bb1.9em\u00a0\u00bb global_colors_info=\u00a0\u00bb{}\u00a0\u00bb]\n<h1 class=\"header__title\"><span style=\"color: #ff0000\">L&rsquo;ASSR 1<\/span><\/h1>\n<p><span style=\"color: #ff0000\"><\/span><\/p>\n<p data-test=\"contenu-texte\"><span style=\"color: #000000\">Les attestations scolaires de s\u00e9curit\u00e9 routi\u00e8re (ASSR) de 1<sup>er<\/sup>\u00a0niveau (<strong>ASSR1<\/strong>) et s&rsquo;obtiennent dans le cadre de <strong>l&rsquo;enseignement obligatoire des r\u00e8gles de s\u00e9curit\u00e9 routi\u00e8re<\/strong>.<\/span><\/p>\n<p data-test=\"contenu-texte\"><span style=\"color: #000000\">Les ASSR sont d\u00e9livr\u00e9es\u00a0<strong>pendant le temps scolaire<\/strong>\u00a0apr\u00e8s un\u00a0<strong>contr\u00f4le des connaissances th\u00e9oriques<\/strong>.<\/span><\/p>\n<p data-test=\"contenu-texte\"><span style=\"color: #000000\"><strong>En g\u00e9n\u00e9ral<\/strong>, les \u00e9l\u00e8ves passent les ASSR\u00a0<strong>au coll\u00e8ge<\/strong>\u00a0:<\/span><\/p>\n<ul class=\"sp-item-list\">\n<li><span style=\"color: #000000\">l&rsquo;ASSR1, en classe de 5<sup>e<\/sup> et avant 14 ans.<\/span><\/li>\n<\/ul>\n<p><span style=\"color: #1be00d\">Pour se pr\u00e9parer \u00e0 l&rsquo;ASSR :\u00a0<\/span><\/p>\n<p><span style=\"text-decoration: underline\"><span style=\"color: #0a3dcc\"><a href=\"https:\/\/e-assr.education-securite-routiere.fr\/preparer\/assr\/1\/ASSR1\" style=\"color: #0a3dcc;text-decoration: underline\">ASSR1 &#8211; Se pr\u00e9parer aux attestations de s\u00e9curit\u00e9 routi\u00e8re<\/a><\/span><\/span><\/p>\n<p><span><\/span><\/p>\n[\/et_pb_text][\/et_pb_column][\/et_pb_row][et_pb_row column_structure=\u00a0\u00bb1_4,3_4&Prime; _builder_version=\u00a0\u00bb4.24.2&Prime; _module_preset=\u00a0\u00bbdefault\u00a0\u00bb custom_margin=\u00a0\u00bb||14px||false|false\u00a0\u00bb custom_padding=\u00a0\u00bb||72px|||\u00a0\u00bb border_radii=\u00a0\u00bbon|7px|7px|7px|7px\u00a0\u00bb border_width_all=\u00a0\u00bb3px\u00a0\u00bb border_color_all=\u00a0\u00bb#EDF000&Prime; global_colors_info=\u00a0\u00bb{}\u00a0\u00bb][et_pb_column type=\u00a0\u00bb1_4&Prime; _builder_version=\u00a0\u00bb4.24.2&Prime; _module_preset=\u00a0\u00bbdefault\u00a0\u00bb global_colors_info=\u00a0\u00bb{}\u00a0\u00bb][et_pb_text _builder_version=\u00a0\u00bb4.24.2&Prime; _module_preset=\u00a0\u00bbdefault\u00a0\u00bb text_text_color=\u00a0\u00bb#EDF000&Prime; text_font_size=\u00a0\u00bb44px\u00a0\u00bb module_alignment=\u00a0\u00bbcenter\u00a0\u00bb min_height=\u00a0\u00bb41.8px\u00a0\u00bb custom_margin=\u00a0\u00bb317px||||false|false\u00a0\u00bb custom_padding=\u00a0\u00bb|||121px||\u00a0\u00bb global_colors_info=\u00a0\u00bb{}\u00a0\u00bb]\n<p>En 4\u00e8me<\/p>\n[\/et_pb_text][\/et_pb_column][et_pb_column type=\u00a0\u00bb3_4&Prime; _builder_version=\u00a0\u00bb4.24.2&Prime; _module_preset=\u00a0\u00bbdefault\u00a0\u00bb global_colors_info=\u00a0\u00bb{}\u00a0\u00bb][et_pb_text _builder_version=\u00a0\u00bb4.24.2&Prime; _module_preset=\u00a0\u00bbdefault\u00a0\u00bb text_font=\u00a0\u00bbArial||||||||\u00a0\u00bb text_font_size=\u00a0\u00bb26px\u00a0\u00bb text_letter_spacing=\u00a0\u00bb3px\u00a0\u00bb text_line_height=\u00a0\u00bb1.9em\u00a0\u00bb global_colors_info=\u00a0\u00bb{}\u00a0\u00bb]\n<h1 class=\"header__title\"><span style=\"color: #ff0000\">L&rsquo;\u00e9valuation nationale des acquis des \u00e9l\u00e8ves de Quatri\u00e8me<\/span><\/h1>\n<h1 class=\"header__title\"><\/h1>\n<p><span style=\"color: #ff0000\"><\/span><\/p>\n<p data-test=\"contenu-texte\"><span style=\"color: #000000\"><span>Ces \u00e9valuations\u00a0<\/span><b>permettent aux professeurs d&rsquo;adapter leurs pratiques p\u00e9dagogiques pour r\u00e9pondre aux besoins de chaque \u00e9l\u00e8ve<\/b><span>. Cette ann\u00e9e, les acquis des \u00e9l\u00e8ves entrant en quatri\u00e8me seront \u00e9valu\u00e9s en fran\u00e7ais et en math\u00e9matiques au travers de nouvelles\u2026 \u00e9valuations nationales. Des outils pour les professeurs.<\/span><\/span><span style=\"text-decoration: underline\"><span style=\"color: #0a3dcc\"><a href=\"https:\/\/e-assr.education-securite-routiere.fr\/preparer\/assr\/1\/ASSR1\" style=\"color: #0a3dcc;text-decoration: underline\"><\/a><\/span><\/span><\/p>\n<p><span><\/span><\/p>\n[\/et_pb_text][et_pb_text _builder_version=\u00a0\u00bb4.24.2&Prime; _module_preset=\u00a0\u00bbdefault\u00a0\u00bb text_font=\u00a0\u00bbArial||||||||\u00a0\u00bb text_font_size=\u00a0\u00bb26px\u00a0\u00bb text_letter_spacing=\u00a0\u00bb3px\u00a0\u00bb text_line_height=\u00a0\u00bb1.9em\u00a0\u00bb global_colors_info=\u00a0\u00bb{}\u00a0\u00bb]\n<h1 class=\"header__title\"><span style=\"color: #ff0000\">EDUCFI<\/span><\/h1>\n<h1 class=\"header__title\"><\/h1>\n<p><span style=\"color: #ff0000\"><\/span><\/p>\n<h3 class=\"LC20lb MBeuO DKV0Md\"><span style=\"color: #000000\">L&rsquo;\u00e9ducation \u00e9conomique, budg\u00e9taire et financi\u00e8re (Educfi)<\/span><\/h3>\n<p><span style=\"font-family: Arial, sans-serif;color: #000000\">D\u00e9velopper une \u00e9ducation budg\u00e9taire et financi\u00e8re pour les jeunes est l&rsquo;un des piliers de la strat\u00e9gie nationale d&rsquo;\u00e9ducation \u00e9conomique, budg\u00e9taire et financi\u00e8re (Educfi). Mieux g\u00e9rer son argent et son \u00e9pargne, ma\u00eetriser son endettement, pr\u00e9venir les arnaques financi\u00e8res, savoir \u00e0 qui s\u2019adresser en cas de difficult\u00e9 figurent parmi les objectifs vis\u00e9s. <\/span><\/p>\n<p data-test=\"contenu-texte\">\n<p><span><\/span><\/p>\n[\/et_pb_text][\/et_pb_column][\/et_pb_row][et_pb_row column_structure=\u00a0\u00bb1_4,3_4&Prime; _builder_version=\u00a0\u00bb4.24.2&Prime; _module_preset=\u00a0\u00bbdefault\u00a0\u00bb custom_padding=\u00a0\u00bb47px|||||\u00a0\u00bb border_radii=\u00a0\u00bbon|7px|7px|7px|7px\u00a0\u00bb border_width_all=\u00a0\u00bb3px\u00a0\u00bb border_color_all=\u00a0\u00bb#8300E9&Prime; global_colors_info=\u00a0\u00bb{}\u00a0\u00bb][et_pb_column type=\u00a0\u00bb1_4&Prime; _builder_version=\u00a0\u00bb4.24.2&Prime; _module_preset=\u00a0\u00bbdefault\u00a0\u00bb global_colors_info=\u00a0\u00bb{}\u00a0\u00bb][et_pb_text _builder_version=\u00a0\u00bb4.24.2&Prime; _module_preset=\u00a0\u00bbdefault\u00a0\u00bb text_text_color=\u00a0\u00bb#d100ae\u00a0\u00bb text_font_size=\u00a0\u00bb44px\u00a0\u00bb text_orientation=\u00a0\u00bbcenter\u00a0\u00bb module_alignment=\u00a0\u00bbcenter\u00a0\u00bb min_height=\u00a0\u00bb1693px\u00a0\u00bb height=\u00a0\u00bb403px\u00a0\u00bb max_height=\u00a0\u00bb397px\u00a0\u00bb custom_margin=\u00a0\u00bb2px||83px||false|false\u00a0\u00bb custom_padding=\u00a0\u00bb332px||0px|||\u00a0\u00bb border_radii=\u00a0\u00bbon|4px|4px|4px|4px\u00a0\u00bb global_colors_info=\u00a0\u00bb{}\u00a0\u00bb]\n<p>&nbsp;<\/p>\n<p>&nbsp;<\/p>\n<p>&nbsp;<\/p>\n<p>&nbsp;<\/p>\n<p>&nbsp;<\/p>\n<p>&nbsp;<\/p>\n<p>&nbsp;<\/p>\n<p>En 3\u00e8me<\/p>\n[\/et_pb_text][\/et_pb_column][et_pb_column type=\u00a0\u00bb3_4&Prime; _builder_version=\u00a0\u00bb4.24.2&Prime; _module_preset=\u00a0\u00bbdefault\u00a0\u00bb global_colors_info=\u00a0\u00bb{}\u00a0\u00bb][et_pb_text _builder_version=\u00a0\u00bb4.24.2&Prime; _module_preset=\u00a0\u00bbdefault\u00a0\u00bb text_font=\u00a0\u00bbArial||||||||\u00a0\u00bb text_font_size=\u00a0\u00bb26px\u00a0\u00bb text_letter_spacing=\u00a0\u00bb3px\u00a0\u00bb text_line_height=\u00a0\u00bb1.9em\u00a0\u00bb global_colors_info=\u00a0\u00bb{}\u00a0\u00bb]\n<h1 class=\"header__title\"><span style=\"color: #ff0000\">L&rsquo;ASSR 2<\/span><\/h1>\n<p><span style=\"color: #ff0000\"><\/span><\/p>\n<p data-test=\"contenu-texte\"><span style=\"color: #000000\">Les attestations scolaires de s\u00e9curit\u00e9 routi\u00e8re (ASSR) de 2<sup>e<\/sup>\u00a0niveau\u00a0(<strong>ASSR2<\/strong>) s&rsquo;obtiennent dans le cadre de\u00a0<strong>l&rsquo;enseignement obligatoire des r\u00e8gles de s\u00e9curit\u00e9 routi\u00e8re<\/strong>.<\/span><\/p>\n<p data-test=\"contenu-texte\"><span style=\"color: #000000\">Les ASSR sont d\u00e9livr\u00e9es\u00a0<strong>pendant le temps scolaire<\/strong>\u00a0apr\u00e8s un\u00a0<strong>contr\u00f4le des connaissances th\u00e9oriques<\/strong>.<\/span><\/p>\n<p data-test=\"contenu-texte\"><span style=\"color: #000000\"><strong>En g\u00e9n\u00e9ral<\/strong>, les \u00e9l\u00e8ves passent les ASSR\u00a0<strong>au coll\u00e8ge<\/strong>\u00a0:<\/span><\/p>\n<ul class=\"sp-item-list\">\n<li><span style=\"color: #000000\">l&rsquo;ASSR1, en classe de 3<sup>e<\/sup> et avant 16 ans.<\/span><\/li>\n<\/ul>\n<p><span style=\"color: #1be00d\">Pour se pr\u00e9parer \u00e0 l&rsquo;ASSR :\u00a0<\/span><\/p>\n<p><span style=\"text-decoration: underline\"><span style=\"color: #0a3dcc\"><a href=\"https:\/\/e-assr.education-securite-routiere.fr\/preparer\/assr\/1\/ASSR1\" style=\"color: #0a3dcc;text-decoration: underline\">ASSR1 &#8211; Se pr\u00e9parer aux attestations de s\u00e9curit\u00e9 routi\u00e8re<\/a><\/span><\/span><\/p>\n<p><span><\/span><\/p>\n[\/et_pb_text][et_pb_text _builder_version=\u00a0\u00bb4.24.2&Prime; _module_preset=\u00a0\u00bbdefault\u00a0\u00bb text_font=\u00a0\u00bbArial||||||||\u00a0\u00bb text_font_size=\u00a0\u00bb26px\u00a0\u00bb text_letter_spacing=\u00a0\u00bb3px\u00a0\u00bb text_line_height=\u00a0\u00bb1.9em\u00a0\u00bb global_colors_info=\u00a0\u00bb{}\u00a0\u00bb]\n<h1 class=\"header__title\"><span style=\"color: #ff0000\"><\/span><\/h1>\n<h1 class=\"header__title\"><span style=\"color: #ff0000\"><\/span><\/h1>\n<h1 class=\"header__title\"><span style=\"color: #ff0000\">PIX<\/span><\/h1>\n<p><span style=\"color: #ff0000\"><\/span><\/p>\n<p><span style=\"font-family: Arial, sans-serif;color: #000000\">PIX est un outil d&rsquo;\u00e9valuation en ligne des comp\u00e9tences num\u00e9riques.<\/span><\/p>\n<p><span style=\"font-family: Arial, sans-serif;color: #000000\">Elle vous concerne si vous \u00eates dans l&rsquo;une des situations suivantes :<\/span><\/p>\n<ul>\n<li>\n<p><span style=\"font-family: Arial, sans-serif;color: #000000\">Coll\u00e9gien en classe de 3\u00e8me<\/span><\/p>\n<\/li>\n<li>\n<p><span style=\"font-family: Arial, sans-serif;color: #000000\">Lyc\u00e9en en classe de terminale<\/span><\/p>\n<\/li>\n<li>\n<p><span style=\"font-family: Arial, sans-serif;color: #000000\">\u00c9tudiant des formations dispens\u00e9es en lyc\u00e9e<\/span><\/p>\n<\/li>\n<li>\n<p><span style=\"font-family: Arial, sans-serif;color: #000000\">\u00c9tudiant en formation initiale dans les \u00e9tablissements d&rsquo;enseignement sup\u00e9rieur<\/span><\/p>\n<\/li>\n<li>\n<p><span style=\"font-family: Arial, sans-serif;color: #000000\">Stagiaire de la formation continue d\u00e9livr\u00e9e par les services et \u00e9tablissements d&rsquo;enseignement publics<\/span><\/p>\n<\/li>\n<\/ul>\n<p><span style=\"color: #000000\">: R\u00e9f\u00e9rentiel qui rassemble les comp\u00e9tences num\u00e9riques \u00e0 ma\u00eetriser durant la scolarit\u00e9 et dans le contexte de la formation des adultes<\/span><\/p>\n<p><span style=\"color: #000000\"><span id=\"Cadre1\" dir=\"ltr\"><\/span><span style=\"font-family: Arial, sans-serif\">PIX d\u00e9termine si vous maitrisez les savoir-faire d\u00e9finis par le\u00a0cadre de r\u00e9f\u00e9rence des comp\u00e9tences num\u00e9riques (CRCN).<\/span><\/span><\/p>\n<p>Pour se pr\u00e9parer \u00e0 PIX, rendez-vous sur votre compte \u00e9l\u00e8ve metice, puis l&rsquo;onglet \u00ab\u00a0ressources documentaires &#8211; PIX\u00a0\u00bb<span style=\"color: #000000\"><span style=\"font-family: Arial, sans-serif\"><\/span><\/span><\/p>\n<p><span style=\"text-decoration: underline\"><span style=\"color: #0a3dcc;text-decoration: underline\"><\/span><\/span><\/p>\n<p><span><\/span><\/p>\n[\/et_pb_text][et_pb_text _builder_version=\u00a0\u00bb4.24.2&Prime; _module_preset=\u00a0\u00bbdefault\u00a0\u00bb text_font=\u00a0\u00bbArial||||||||\u00a0\u00bb text_font_size=\u00a0\u00bb26px\u00a0\u00bb text_letter_spacing=\u00a0\u00bb3px\u00a0\u00bb text_line_height=\u00a0\u00bb1.9em\u00a0\u00bb global_colors_info=\u00a0\u00bb{}\u00a0\u00bb]\n<h1 class=\"header__title\"><span style=\"color: #ff0000\"><\/span><\/h1>\n<h1 class=\"header__title\"><span style=\"color: #ff0000\"><\/span><\/h1>\n<h1 class=\"header__title\"><span style=\"color: #ff0000\">Ev@lang<\/span><\/h1>\n<p><span style=\"color: #ff0000\"><\/span><\/p>\n<p><span style=\"font-family: Arial, sans-serif;color: #000000\">Ev@lang coll\u00e8ge est un test de positionnement en anglais pour les \u00e9l\u00e8ves de troisi\u00e8me. Il permet de situer le niveau des \u00e9l\u00e8ves au regard du cadre europ\u00e9en commun de r\u00e9f\u00e9rence pour les langues (CECRL) avant leur entr\u00e9e en classe de seconde. <\/span><\/p>\n<p><span style=\"color: #000000\"><span style=\"font-family: Arial, sans-serif\"><\/span><\/span><\/p>\n<p><span style=\"text-decoration: underline\"><span style=\"color: #0a3dcc;text-decoration: underline\"><\/span><\/span><\/p>\n<p><span><\/span><\/p>\n[\/et_pb_text][\/et_pb_column][\/et_pb_row][\/et_pb_section]\n","protected":false},"excerpt":{"rendered":"<p>Les examens au coll\u00e8ge :En 6\u00e8meL&rsquo;\u00e9valuation nationale des acquis des \u00e9l\u00e8ves de Sixi\u00e8me Certaines comp\u00e9tences des \u00e9l\u00e8ves de sixi\u00e8me sont \u00e9valu\u00e9es dans le domaine de la langue fran\u00e7aise et dans celui des math\u00e9matiques dans le courant du mois de septembre. Cette \u00e9valuation permet \u00e0 chaque enseignant d&rsquo;affiner sa connaissance des acquis de chacun de ses [&hellip;]<\/p>\n","protected":false},"author":23746,"featured_media":0,"parent":0,"menu_order":0,"comment_status":"closed","ping_status":"closed","template":"","meta":{"_et_pb_use_builder":"on","_et_pb_old_content":"","_et_gb_content_width":"","footnotes":""},"class_list":["post-8932","page","type-page","status-publish","hentry"],"_links":{"self":[{"href":"https:\/\/etab.ac-reunion.fr\/clg-amiral-bouvet\/wp-json\/wp\/v2\/pages\/8932","targetHints":{"allow":["GET"]}}],"collection":[{"href":"https:\/\/etab.ac-reunion.fr\/clg-amiral-bouvet\/wp-json\/wp\/v2\/pages"}],"about":[{"href":"https:\/\/etab.ac-reunion.fr\/clg-amiral-bouvet\/wp-json\/wp\/v2\/types\/page"}],"author":[{"embeddable":true,"href":"https:\/\/etab.ac-reunion.fr\/clg-amiral-bouvet\/wp-json\/wp\/v2\/users\/23746"}],"replies":[{"embeddable":true,"href":"https:\/\/etab.ac-reunion.fr\/clg-amiral-bouvet\/wp-json\/wp\/v2\/comments?post=8932"}],"version-history":[{"count":14,"href":"https:\/\/etab.ac-reunion.fr\/clg-amiral-bouvet\/wp-json\/wp\/v2\/pages\/8932\/revisions"}],"predecessor-version":[{"id":9370,"href":"https:\/\/etab.ac-reunion.fr\/clg-amiral-bouvet\/wp-json\/wp\/v2\/pages\/8932\/revisions\/9370"}],"wp:attachment":[{"href":"https:\/\/etab.ac-reunion.fr\/clg-amiral-bouvet\/wp-json\/wp\/v2\/media?parent=8932"}],"curies":[{"name":"wp","href":"https:\/\/api.w.org\/{rel}","templated":true}]}}