{"id":9658,"date":"2025-12-16T11:59:00","date_gmt":"2025-12-16T07:59:00","guid":{"rendered":"https:\/\/etab.ac-reunion.fr\/clg-amiral-bouvet\/?page_id=9658"},"modified":"2026-02-20T15:20:33","modified_gmt":"2026-02-20T11:20:33","slug":"assistante-sociale","status":"publish","type":"page","link":"https:\/\/etab.ac-reunion.fr\/clg-amiral-bouvet\/assistante-sociale\/","title":{"rendered":"Assistante Sociale"},"content":{"rendered":"[et_pb_section fb_built=\u00a0\u00bb1&Prime; admin_label=\u00a0\u00bbsection\u00a0\u00bb _builder_version=\u00a0\u00bb4.16&Prime; global_colors_info=\u00a0\u00bb{}\u00a0\u00bb][et_pb_row admin_label=\u00a0\u00bbrow\u00a0\u00bb _builder_version=\u00a0\u00bb4.16&Prime; background_size=\u00a0\u00bbinitial\u00a0\u00bb background_position=\u00a0\u00bbtop_left\u00a0\u00bb background_repeat=\u00a0\u00bbrepeat\u00a0\u00bb global_colors_info=\u00a0\u00bb{}\u00a0\u00bb][et_pb_column type=\u00a0\u00bb4_4&Prime; _builder_version=\u00a0\u00bb4.16&Prime; custom_padding=\u00a0\u00bb|||\u00a0\u00bb global_colors_info=\u00a0\u00bb{}\u00a0\u00bb custom_padding__hover=\u00a0\u00bb|||\u00a0\u00bb][et_pb_heading title=\u00a0\u00bbL\u2019Assistante sociale du coll\u00e8ge Bouvet\u00a0\u00bb _builder_version=\u00a0\u00bb4.27.5&Prime; _module_preset=\u00a0\u00bbdefault\u00a0\u00bb title_font=\u00a0\u00bb|||||on|||\u00a0\u00bb title_text_color=\u00a0\u00bb#E02B20&Prime; title_text_align=\u00a0\u00bbcenter\u00a0\u00bb title_font_size=\u00a0\u00bb50px\u00a0\u00bb hover_enabled=\u00a0\u00bb0&Prime; sticky_enabled=\u00a0\u00bb0&Prime;][\/et_pb_heading][\/et_pb_column][\/et_pb_row][et_pb_row _builder_version=\u00a0\u00bb4.27.5&Prime; _module_preset=\u00a0\u00bbdefault\u00a0\u00bb column_structure=\u00a0\u00bb2_5,3_5&Prime; hover_enabled=\u00a0\u00bb0&Prime; sticky_enabled=\u00a0\u00bb0&Prime;][et_pb_column _builder_version=\u00a0\u00bb4.27.5&Prime; _module_preset=\u00a0\u00bbdefault\u00a0\u00bb type=\u00a0\u00bb2_5&Prime;][et_pb_image src=\u00a0\u00bbhttps:\/\/etab.ac-reunion.fr\/clg-amiral-bouvet\/wp-content\/uploads\/sites\/47\/2026\/02\/Infirmerie-scaled.jpg\u00a0\u00bb _builder_version=\u00a0\u00bb4.27.5&Prime; _module_preset=\u00a0\u00bbdefault\u00a0\u00bb title_text=\u00a0\u00bbInfirmerie\u00a0\u00bb hover_enabled=\u00a0\u00bb0&Prime; sticky_enabled=\u00a0\u00bb0&Prime; custom_padding=\u00a0\u00bb||1px|||\u00a0\u00bb custom_margin=\u00a0\u00bb||33px|||\u00a0\u00bb][\/et_pb_image][\/et_pb_column][et_pb_column _builder_version=\u00a0\u00bb4.27.5&Prime; _module_preset=\u00a0\u00bbdefault\u00a0\u00bb type=\u00a0\u00bb3_5&Prime;][et_pb_text _builder_version=\u00a0\u00bb4.27.5&Prime; _module_preset=\u00a0\u00bbdefault\u00a0\u00bb hover_enabled=\u00a0\u00bb0&Prime; sticky_enabled=\u00a0\u00bb0&Prime;]\n<p data-start=\"99\" data-end=\"286\"><span style=\"font-size: large\">Au coll\u00e8ge, chaque \u00e9l\u00e8ve peut traverser des moments compliqu\u00e9s.<\/span><br data-start=\"162\" data-end=\"165\" \/><span style=\"font-size: large\">Des difficult\u00e9s \u00e0 la maison, un mal-\u00eatre, des soucis financiers ou des conflits peuvent avoir un impact sur la scolarit\u00e9.<\/span><\/p>\n<p data-start=\"288\" data-end=\"371\"><span style=\"font-size: large\">Madame Moendzenahou, assistante sociale, est l\u00e0 pour \u00e9couter, accompagner et aider.<\/span><\/p>\n<p data-start=\"373\" data-end=\"509\"><span style=\"font-size: large\">Son r\u00f4le est d\u2019apporter un soutien aux \u00e9l\u00e8ves et \u00e0 leurs familles lorsque la situation devient difficile et n\u00e9cessite un accompagnement.<\/span><\/p>\n<h3 data-start=\"511\" data-end=\"533\"><span style=\"font-size: x-large\"><strong><span style=\"text-decoration: underline\"><span style=\"color: #e02b20;text-decoration: underline\">\u00c0 quoi sert-elle ?<\/span><\/span><\/strong><\/span><\/h3>\n<p data-start=\"535\" data-end=\"546\"><span style=\"font-size: large\">Elle peut :<\/span><\/p>\n<ul data-start=\"548\" data-end=\"889\">\n<li data-start=\"548\" data-end=\"619\">\n<p data-start=\"550\" data-end=\"619\"><span style=\"font-size: large\">Recevoir un \u00e9l\u00e8ve qui ne se sent pas bien ou qui a besoin de parler<\/span><\/p>\n<\/li>\n<li data-start=\"620\" data-end=\"692\">\n<p data-start=\"622\" data-end=\"692\"><span style=\"font-size: large\">Aider une famille \u00e0 faire une demande de bourse ou d\u2019aide financi\u00e8re<\/span><\/p>\n<\/li>\n<li data-start=\"693\" data-end=\"741\">\n<p data-start=\"695\" data-end=\"741\"><span style=\"font-size: large\">Accompagner en cas de difficult\u00e9s familiales<\/span><\/p>\n<\/li>\n<li data-start=\"742\" data-end=\"811\">\n<p data-start=\"744\" data-end=\"811\"><span style=\"font-size: large\">Conseiller et orienter vers des services ext\u00e9rieurs si n\u00e9cessaire<\/span><\/p>\n<\/li>\n<li data-start=\"812\" data-end=\"889\">\n<p data-start=\"814\" data-end=\"889\"><span style=\"font-size: large\">Travailler avec l\u2019\u00e9quipe \u00e9ducative afin de trouver des solutions adapt\u00e9es<\/span><\/p>\n<\/li>\n<\/ul>\n<p data-start=\"891\" data-end=\"1016\"><span style=\"font-size: large\">Les \u00e9changes avec l\u2019assistante sociale sont confidentiels.<\/span><br data-start=\"949\" data-end=\"952\" \/><span style=\"font-size: large\">C\u2019est un lieu o\u00f9 l\u2019on peut parler librement, en toute confiance.<\/span><\/p>\n<p data-start=\"1018\" data-end=\"1077\"><span style=\"font-size: large\">Les \u00e9l\u00e8ves et les parents peuvent demander un rendez-vous :<\/span><\/p>\n<ul data-start=\"1079\" data-end=\"1209\" data-is-last-node=\"\" data-is-only-node=\"\">\n<li data-start=\"1079\" data-end=\"1113\">\n<p data-start=\"1081\" data-end=\"1113\"><span style=\"font-size: large\">En passant par la Vie scolaire<\/span><\/p>\n<\/li>\n<li data-start=\"1114\" data-end=\"1148\">\n<p data-start=\"1116\" data-end=\"1148\"><span style=\"font-size: large\">En s\u2019adressant \u00e0 un professeur<\/span><\/p>\n<\/li>\n<li data-start=\"1149\" data-end=\"1209\" data-is-last-node=\"\">\n<p data-start=\"1151\" data-end=\"1209\" data-is-last-node=\"\"><span style=\"font-size: large\">Ou directement aupr\u00e8s d\u2019elle, selon ses jours de pr\u00e9sence<\/span><\/p>\n<\/li>\n<\/ul>\n[\/et_pb_text][\/et_pb_column][\/et_pb_row][\/et_pb_section]\n","protected":false},"excerpt":{"rendered":"<p>Au coll\u00e8ge, chaque \u00e9l\u00e8ve peut traverser des moments compliqu\u00e9s.Des difficult\u00e9s \u00e0 la maison, un mal-\u00eatre, des soucis financiers ou des conflits peuvent avoir un impact sur la scolarit\u00e9. Madame Moendzenahou, assistante sociale, est l\u00e0 pour \u00e9couter, accompagner et aider. Son r\u00f4le est d\u2019apporter un soutien aux \u00e9l\u00e8ves et \u00e0 leurs familles lorsque la situation devient [&hellip;]<\/p>\n","protected":false},"author":26903,"featured_media":0,"parent":0,"menu_order":0,"comment_status":"closed","ping_status":"closed","template":"","meta":{"_et_pb_use_builder":"on","_et_pb_old_content":"","_et_gb_content_width":"","footnotes":""},"class_list":["post-9658","page","type-page","status-publish","hentry"],"_links":{"self":[{"href":"https:\/\/etab.ac-reunion.fr\/clg-amiral-bouvet\/wp-json\/wp\/v2\/pages\/9658","targetHints":{"allow":["GET"]}}],"collection":[{"href":"https:\/\/etab.ac-reunion.fr\/clg-amiral-bouvet\/wp-json\/wp\/v2\/pages"}],"about":[{"href":"https:\/\/etab.ac-reunion.fr\/clg-amiral-bouvet\/wp-json\/wp\/v2\/types\/page"}],"author":[{"embeddable":true,"href":"https:\/\/etab.ac-reunion.fr\/clg-amiral-bouvet\/wp-json\/wp\/v2\/users\/26903"}],"replies":[{"embeddable":true,"href":"https:\/\/etab.ac-reunion.fr\/clg-amiral-bouvet\/wp-json\/wp\/v2\/comments?post=9658"}],"version-history":[{"count":3,"href":"https:\/\/etab.ac-reunion.fr\/clg-amiral-bouvet\/wp-json\/wp\/v2\/pages\/9658\/revisions"}],"predecessor-version":[{"id":9761,"href":"https:\/\/etab.ac-reunion.fr\/clg-amiral-bouvet\/wp-json\/wp\/v2\/pages\/9658\/revisions\/9761"}],"wp:attachment":[{"href":"https:\/\/etab.ac-reunion.fr\/clg-amiral-bouvet\/wp-json\/wp\/v2\/media?parent=9658"}],"curies":[{"name":"wp","href":"https:\/\/api.w.org\/{rel}","templated":true}]}}