{"id":9661,"date":"2025-12-16T12:00:35","date_gmt":"2025-12-16T08:00:35","guid":{"rendered":"https:\/\/etab.ac-reunion.fr\/clg-amiral-bouvet\/?page_id=9661"},"modified":"2026-02-20T15:04:41","modified_gmt":"2026-02-20T11:04:41","slug":"infirmerie","status":"publish","type":"page","link":"https:\/\/etab.ac-reunion.fr\/clg-amiral-bouvet\/infirmerie\/","title":{"rendered":"Infirmerie"},"content":{"rendered":"[et_pb_section fb_built=\u00a0\u00bb1&Prime; admin_label=\u00a0\u00bbsection\u00a0\u00bb _builder_version=\u00a0\u00bb4.16&Prime; global_colors_info=\u00a0\u00bb{}\u00a0\u00bb][et_pb_row _builder_version=\u00a0\u00bb4.27.5&Prime; _module_preset=\u00a0\u00bbdefault\u00a0\u00bb global_colors_info=\u00a0\u00bb{}\u00a0\u00bb][et_pb_column type=\u00a0\u00bb4_4&Prime; _builder_version=\u00a0\u00bb4.27.5&Prime; _module_preset=\u00a0\u00bbdefault\u00a0\u00bb global_colors_info=\u00a0\u00bb{}\u00a0\u00bb][et_pb_text _builder_version=\u00a0\u00bb4.27.5&Prime; _module_preset=\u00a0\u00bbdefault\u00a0\u00bb text_font=\u00a0\u00bb|600||||on|||\u00a0\u00bb text_text_color=\u00a0\u00bb#E02B20&Prime; text_font_size=\u00a0\u00bb60px\u00a0\u00bb global_colors_info=\u00a0\u00bb{}\u00a0\u00bb]\n<p style=\"text-align: center\">Infirmerie<\/p>\n[\/et_pb_text][\/et_pb_column][\/et_pb_row][et_pb_row column_structure=\u00a0\u00bb2_5,3_5&Prime; _builder_version=\u00a0\u00bb4.27.5&Prime; _module_preset=\u00a0\u00bbdefault\u00a0\u00bb global_colors_info=\u00a0\u00bb{}\u00a0\u00bb][et_pb_column type=\u00a0\u00bb2_5&Prime; _builder_version=\u00a0\u00bb4.27.5&Prime; _module_preset=\u00a0\u00bbdefault\u00a0\u00bb global_colors_info=\u00a0\u00bb{}\u00a0\u00bb][et_pb_image src=\u00a0\u00bbhttps:\/\/etab.ac-reunion.fr\/clg-amiral-bouvet\/wp-content\/uploads\/sites\/47\/2026\/02\/Infirmerie-scaled.jpg\u00a0\u00bb title_text=\u00a0\u00bbInfirmerie\u00a0\u00bb _builder_version=\u00a0\u00bb4.27.5&Prime; _module_preset=\u00a0\u00bbdefault\u00a0\u00bb global_colors_info=\u00a0\u00bb{}\u00a0\u00bb][\/et_pb_image][\/et_pb_column][et_pb_column type=\u00a0\u00bb3_5&Prime; _builder_version=\u00a0\u00bb4.27.5&Prime; _module_preset=\u00a0\u00bbdefault\u00a0\u00bb global_colors_info=\u00a0\u00bb{}\u00a0\u00bb][et_pb_text _builder_version=\u00a0\u00bb4.27.5&Prime; _module_preset=\u00a0\u00bbdefault\u00a0\u00bb global_colors_info=\u00a0\u00bb{}\u00a0\u00bb]\n<p>\u00a0L\u2019infirmerie est un <strong data-start=\"185\" data-end=\"225\">lieu d\u2019accueil, d\u2019\u00e9coute et de soins<\/strong> au sein du coll\u00e8ge. Elle accompagne les \u00e9l\u00e8ves tout au long de leur scolarit\u00e9 en veillant \u00e0 leur <strong data-start=\"323\" data-end=\"365\">sant\u00e9, leur bien-\u00eatre et leur s\u00e9curit\u00e9<\/strong>.<\/p>\n<p data-start=\"368\" data-end=\"414\">Les \u00e9l\u00e8ves peuvent \u00eatre re\u00e7us \u00e0 l\u2019infirmerie :<\/p>\n<ul data-start=\"415\" data-end=\"648\">\n<li data-start=\"415\" data-end=\"487\">\n<p data-start=\"417\" data-end=\"487\">en cas de <strong data-start=\"427\" data-end=\"459\">malaise, blessure ou douleur<\/strong> pendant le temps scolaire ;<\/p>\n<\/li>\n<li data-start=\"488\" data-end=\"583\">\n<p data-start=\"490\" data-end=\"583\">pour l\u2019administration de <strong data-start=\"515\" data-end=\"532\">soins simples<\/strong> ou de traitements prescrits (selon autorisation) ;<\/p>\n<\/li>\n<li data-start=\"584\" data-end=\"648\">\n<p data-start=\"586\" data-end=\"648\">pour des <strong data-start=\"595\" data-end=\"618\">entretiens d\u2019\u00e9coute<\/strong>, de pr\u00e9vention ou de conseil.<\/p>\n<\/li>\n<\/ul>\n<p data-start=\"650\" data-end=\"702\">L\u2019infirmerie joue \u00e9galement un r\u00f4le essentiel dans :<\/p>\n<ul data-start=\"703\" data-end=\"1045\">\n<li data-start=\"703\" data-end=\"787\">\n<p data-start=\"705\" data-end=\"787\">la <strong data-start=\"708\" data-end=\"722\">pr\u00e9vention<\/strong> (hygi\u00e8ne, alimentation, sommeil, addictions, sant\u00e9 affective\u2026) ;<\/p>\n<\/li>\n<li data-start=\"788\" data-end=\"886\">\n<p data-start=\"790\" data-end=\"886\">le <strong data-start=\"793\" data-end=\"836\">suivi des \u00e9l\u00e8ves \u00e0 besoins particuliers<\/strong> (PAI, maladies chroniques, allergies, handicap) ;<\/p>\n<\/li>\n<li data-start=\"887\" data-end=\"961\">\n<p data-start=\"889\" data-end=\"961\">la <strong data-start=\"892\" data-end=\"959\">d\u00e9tection des difficult\u00e9s physiques, psychologiques ou sociales<\/strong> ;<\/p>\n<\/li>\n<li data-start=\"962\" data-end=\"1045\">\n<p data-start=\"964\" data-end=\"1045\">la <strong data-start=\"967\" data-end=\"996\">liaison avec les familles<\/strong>, l\u2019\u00e9quipe \u00e9ducative et les partenaires de sant\u00e9.<\/p>\n<\/li>\n<\/ul>\n<p data-start=\"1047\" data-end=\"1256\"><strong data-start=\"1047\" data-end=\"1082\">Madame Issak et Madame Saingany<\/strong>, infirmi\u00e8res scolaires, sont pr\u00e9sentes au coll\u00e8ge pour assurer l\u2019accueil, le suivi et l\u2019accompagnement des \u00e9l\u00e8ves, en lien \u00e9troit avec l\u2019ensemble de la communaut\u00e9 \u00e9ducative.<\/p>\n<p data-start=\"1258\" data-end=\"1374\" style=\"text-align: justify\">L\u2019infirmerie contribue ainsi \u00e0 offrir un cadre scolaire <strong data-start=\"1314\" data-end=\"1373\">s\u00fbr, bienveillant et favorable \u00e0 la r\u00e9ussite des \u00e9l\u00e8ves<\/strong>.<\/p>\n[\/et_pb_text][\/et_pb_column][\/et_pb_row][\/et_pb_section][et_pb_section fb_built=\u00a0\u00bb1&Prime; _builder_version=\u00a0\u00bb4.27.4&Prime; _module_preset=\u00a0\u00bbdefault\u00a0\u00bb global_colors_info=\u00a0\u00bb{}\u00a0\u00bb][et_pb_row _builder_version=\u00a0\u00bb4.27.4&Prime; _module_preset=\u00a0\u00bbdefault\u00a0\u00bb global_colors_info=\u00a0\u00bb{}\u00a0\u00bb][et_pb_column type=\u00a0\u00bb4_4&Prime; _builder_version=\u00a0\u00bb4.27.4&Prime; _module_preset=\u00a0\u00bbdefault\u00a0\u00bb global_colors_info=\u00a0\u00bb{}\u00a0\u00bb][\/et_pb_column][\/et_pb_row][\/et_pb_section]\n","protected":false},"excerpt":{"rendered":"<p>Infirmerie\u00a0L\u2019infirmerie est un lieu d\u2019accueil, d\u2019\u00e9coute et de soins au sein du coll\u00e8ge. Elle accompagne les \u00e9l\u00e8ves tout au long de leur scolarit\u00e9 en veillant \u00e0 leur sant\u00e9, leur bien-\u00eatre et leur s\u00e9curit\u00e9. Les \u00e9l\u00e8ves peuvent \u00eatre re\u00e7us \u00e0 l\u2019infirmerie : en cas de malaise, blessure ou douleur pendant le temps scolaire ; pour l\u2019administration [&hellip;]<\/p>\n","protected":false},"author":26903,"featured_media":0,"parent":0,"menu_order":0,"comment_status":"closed","ping_status":"closed","template":"","meta":{"_et_pb_use_builder":"on","_et_pb_old_content":"","_et_gb_content_width":"","footnotes":""},"class_list":["post-9661","page","type-page","status-publish","hentry"],"_links":{"self":[{"href":"https:\/\/etab.ac-reunion.fr\/clg-amiral-bouvet\/wp-json\/wp\/v2\/pages\/9661","targetHints":{"allow":["GET"]}}],"collection":[{"href":"https:\/\/etab.ac-reunion.fr\/clg-amiral-bouvet\/wp-json\/wp\/v2\/pages"}],"about":[{"href":"https:\/\/etab.ac-reunion.fr\/clg-amiral-bouvet\/wp-json\/wp\/v2\/types\/page"}],"author":[{"embeddable":true,"href":"https:\/\/etab.ac-reunion.fr\/clg-amiral-bouvet\/wp-json\/wp\/v2\/users\/26903"}],"replies":[{"embeddable":true,"href":"https:\/\/etab.ac-reunion.fr\/clg-amiral-bouvet\/wp-json\/wp\/v2\/comments?post=9661"}],"version-history":[{"count":7,"href":"https:\/\/etab.ac-reunion.fr\/clg-amiral-bouvet\/wp-json\/wp\/v2\/pages\/9661\/revisions"}],"predecessor-version":[{"id":9759,"href":"https:\/\/etab.ac-reunion.fr\/clg-amiral-bouvet\/wp-json\/wp\/v2\/pages\/9661\/revisions\/9759"}],"wp:attachment":[{"href":"https:\/\/etab.ac-reunion.fr\/clg-amiral-bouvet\/wp-json\/wp\/v2\/media?parent=9661"}],"curies":[{"name":"wp","href":"https:\/\/api.w.org\/{rel}","templated":true}]}}