{"id":5531,"date":"2026-04-28T11:10:43","date_gmt":"2026-04-28T07:10:43","guid":{"rendered":"https:\/\/etab.ac-reunion.fr\/clg-antoine-soubou\/?page_id=5531"},"modified":"2026-04-28T11:31:43","modified_gmt":"2026-04-28T07:31:43","slug":"actualites-du-college","status":"publish","type":"page","link":"https:\/\/etab.ac-reunion.fr\/clg-antoine-soubou\/actualites-du-college\/","title":{"rendered":"Actualit\u00e9s du Coll\u00e8ge"},"content":{"rendered":"<ul class=\"wp-block-latest-posts__list wp-block-latest-posts\"><li><a class=\"wp-block-latest-posts__post-title\" href=\"https:\/\/etab.ac-reunion.fr\/clg-antoine-soubou\/les-eleves-de-5emes-segpa-du-college-ont-brille-au-niveau-de-lacademie-dans-le-cadre-du-concours-national-je-filme-le-metier-qui-me-plait\/\">Les El\u00e8ves de 5\u00e8mes SEGPA du Coll\u00e8ge ont brill\u00e9 au niveau de l&rsquo;Acad\u00e9mie dans le cadre du concours national \u00ab\u00a0Je filme le m\u00e9tier qui me pla\u00eet\u00a0\u00bb<\/a><\/li>\n<li><a class=\"wp-block-latest-posts__post-title\" href=\"https:\/\/etab.ac-reunion.fr\/clg-antoine-soubou\/5533-2\/\">La Permaculture au coll\u00e8ge<\/a><\/li>\n<\/ul>\n\n\n<p><\/p>\n","protected":false},"excerpt":{"rendered":"<p> <a class=\"continue-reading-link\" href=\"https:\/\/etab.ac-reunion.fr\/clg-antoine-soubou\/actualites-du-college\/\"><span>Continue reading<\/span><i class=\"crycon-right-dir\"><\/i><\/a> <\/p>\n","protected":false},"author":34063,"featured_media":0,"parent":0,"menu_order":0,"comment_status":"closed","ping_status":"closed","template":"","meta":{"_EventAllDay":false,"_EventTimezone":"","_EventStartDate":"","_EventEndDate":"","_EventStartDateUTC":"","_EventEndDateUTC":"","_EventShowMap":false,"_EventShowMapLink":false,"_EventURL":"","_EventCost":"","_EventCostDescription":"","_EventCurrencySymbol":"","_EventCurrencyCode":"","_EventCurrencyPosition":"","_EventDateTimeSeparator":"","_EventTimeRangeSeparator":"","_EventOrganizerID":[],"_EventVenueID":[],"_OrganizerEmail":"","_OrganizerPhone":"","_OrganizerWebsite":"","_VenueAddress":"","_VenueCity":"","_VenueCountry":"","_VenueProvince":"","_VenueState":"","_VenueZip":"","_VenuePhone":"","_VenueURL":"","_VenueStateProvince":"","_VenueLat":"","_VenueLng":"","_VenueShowMap":false,"_VenueShowMapLink":false,"footnotes":""},"class_list":["post-5531","page","type-page","status-publish","hentry"],"_links":{"self":[{"href":"https:\/\/etab.ac-reunion.fr\/clg-antoine-soubou\/wp-json\/wp\/v2\/pages\/5531","targetHints":{"allow":["GET"]}}],"collection":[{"href":"https:\/\/etab.ac-reunion.fr\/clg-antoine-soubou\/wp-json\/wp\/v2\/pages"}],"about":[{"href":"https:\/\/etab.ac-reunion.fr\/clg-antoine-soubou\/wp-json\/wp\/v2\/types\/page"}],"author":[{"embeddable":true,"href":"https:\/\/etab.ac-reunion.fr\/clg-antoine-soubou\/wp-json\/wp\/v2\/users\/34063"}],"replies":[{"embeddable":true,"href":"https:\/\/etab.ac-reunion.fr\/clg-antoine-soubou\/wp-json\/wp\/v2\/comments?post=5531"}],"version-history":[{"count":2,"href":"https:\/\/etab.ac-reunion.fr\/clg-antoine-soubou\/wp-json\/wp\/v2\/pages\/5531\/revisions"}],"predecessor-version":[{"id":5537,"href":"https:\/\/etab.ac-reunion.fr\/clg-antoine-soubou\/wp-json\/wp\/v2\/pages\/5531\/revisions\/5537"}],"wp:attachment":[{"href":"https:\/\/etab.ac-reunion.fr\/clg-antoine-soubou\/wp-json\/wp\/v2\/media?parent=5531"}],"curies":[{"name":"wp","href":"https:\/\/api.w.org\/{rel}","templated":true}]}}