{"id":2310,"date":"2016-10-29T15:46:46","date_gmt":"2016-10-29T11:46:46","guid":{"rendered":"http:\/\/college-bassin-bleu.ac-reunion.fr\/?page_id=2310"},"modified":"2020-04-18T15:54:31","modified_gmt":"2020-04-18T11:54:31","slug":"mentions-legales","status":"publish","type":"page","link":"https:\/\/etab.ac-reunion.fr\/clg-bassin-bleu\/mentions-legales\/","title":{"rendered":"Mentions L\u00e9gales"},"content":{"rendered":"[et_pb_section fb_built=\u00a0\u00bb1&Prime; _builder_version=\u00a0\u00bb3.22&Prime;][et_pb_row _builder_version=\u00a0\u00bb4.4.3&Prime;][et_pb_column type=\u00a0\u00bb4_4&Prime; _builder_version=\u00a0\u00bb4.4.3&Prime;][et_pb_slider _builder_version=\u00a0\u00bb4.4.3&Prime; background_image=\u00a0\u00bbhttps:\/\/etab.ac-reunion.fr\/clg-bassin-bleu\/wp-content\/uploads\/sites\/111\/2020\/04\/1X_Hosting_Illustration_03.png\u00a0\u00bb content_max_width=\u00a0\u00bb100%\u00a0\u00bb max_height=\u00a0\u00bb1000px\u00a0\u00bb custom_margin=\u00a0\u00bb44px||44px||true|false\u00a0\u00bb custom_padding=\u00a0\u00bb52px||52px||true|false\u00a0\u00bb link_option_url=\u00a0\u00bbhttps:\/\/etab.ac-reunion.fr\/clg-bassin-bleu\/mentions-legales\/\u00a0\u00bb hover_enabled=\u00a0\u00bb0&Prime; locked=\u00a0\u00bboff\u00a0\u00bb][et_pb_slide heading=\u00a0\u00bbMentions L\u00e9gales\u00a0\u00bb button_link=\u00a0\u00bbhttps:\/\/etab.ac-reunion.fr\/clg-bassin-bleu\/mentions-legales\/\u00a0\u00bb use_bg_overlay=\u00a0\u00bboff\u00a0\u00bb use_text_overlay=\u00a0\u00bbon\u00a0\u00bb _builder_version=\u00a0\u00bb4.4.3&Prime; background_color=\u00a0\u00bb#ffffff\u00a0\u00bb background_enable_color=\u00a0\u00bbon\u00a0\u00bb background_image=\u00a0\u00bbhttps:\/\/etab.ac-reunion.fr\/clg-bassin-bleu\/wp-content\/uploads\/sites\/111\/2020\/04\/hosting-company-06.png\u00a0\u00bb background_enable_image=\u00a0\u00bbon\u00a0\u00bb custom_button=\u00a0\u00bbon\u00a0\u00bb button_text_color=\u00a0\u00bb#ffffff\u00a0\u00bb button_bg_color=\u00a0\u00bbrgba(107,107,107,0.51)\u00a0\u00bb hover_enabled=\u00a0\u00bb0&Prime;][\/et_pb_slide][\/et_pb_slider][\/et_pb_column][\/et_pb_row][et_pb_row _builder_version=\u00a0\u00bb3.25&Prime; background_size=\u00a0\u00bbinitial\u00a0\u00bb background_position=\u00a0\u00bbtop_left\u00a0\u00bb background_repeat=\u00a0\u00bbrepeat\u00a0\u00bb hover_enabled=\u00a0\u00bb0&Prime;][et_pb_column type=\u00a0\u00bb4_4&Prime; _builder_version=\u00a0\u00bb3.25&Prime; custom_padding=\u00a0\u00bb|||\u00a0\u00bb custom_padding__hover=\u00a0\u00bb|||\u00a0\u00bb][et_pb_text _builder_version=\u00a0\u00bb4.4.3&Prime; hover_enabled=\u00a0\u00bb0&Prime; custom_padding=\u00a0\u00bb31px|77px|31px|77px|true|true\u00a0\u00bb box_shadow_style=\u00a0\u00bbpreset3&Prime; custom_margin=\u00a0\u00bb-38px||||false|false\u00a0\u00bb]\n<h3 class=\"title\">\u00c9diteur<\/h3>\n<p class=\"title\">Rectorat de l\u2019Acad\u00e9mie de La R\u00e9union<\/p>\n<p class=\"title\">Secr\u00e9tariat g\u00e9n\u00e9ral \u2013 Service Communication<\/p>\n<p class=\"title\">24, Avenue Georges Brassens \u2013 97702 \u2013 St-Denis \u2013 Messag Cedex 9<\/p>\n<p>&nbsp;<\/p>\n<h3>Directeur de la publication et de la r\u00e9daction, responsable de la ma\u00eetrise d\u2019ouvrage<\/h3>\n<p>\u00a0PERRIN Marie Noelle, Principale<\/p>\n<p>&nbsp;<\/p>\n<h3>Responsable de la ma\u00eetrise d\u2019oeuvre<\/h3>\n<p>\u00a0DELASSE Alfred, Principal Adjoint<\/p>\n<p>&nbsp;<\/p>\n<h3>Webmestre<\/h3>\n<p>Anne CHANE KAYE BONE<\/p>\n[\/et_pb_text][\/et_pb_column][\/et_pb_row][\/et_pb_section]\n<!-- AddThis Advanced Settings generic via filter on the_content --><!-- AddThis Share Buttons generic via filter on the_content -->","protected":false},"excerpt":{"rendered":"<p>[et_pb_section fb_built=\u00a0\u00bb1&Prime; _builder_version=\u00a0\u00bb3.22&Prime;][et_pb_row _builder_version=\u00a0\u00bb4.4.3&Prime;][et_pb_column type=\u00a0\u00bb4_4&Prime; _builder_version=\u00a0\u00bb4.4.3&Prime;][et_pb_slider _builder_version=\u00a0\u00bb4.4.3&Prime; background_image=\u00a0\u00bbhttps:\/\/etab.ac-reunion.fr\/clg-bassin-bleu\/wp-content\/uploads\/sites\/111\/2020\/04\/1X_Hosting_Illustration_03.png\u00a0\u00bb content_max_width=\u00a0\u00bb100%\u00a0\u00bb max_height=\u00a0\u00bb1000px\u00a0\u00bb custom_margin=\u00a0\u00bb44px||44px||true|false\u00a0\u00bb custom_padding=\u00a0\u00bb52px||52px||true|false\u00a0\u00bb link_option_url=\u00a0\u00bbhttps:\/\/etab.ac-reunion.fr\/clg-bassin-bleu\/mentions-legales\/\u00a0\u00bb hover_enabled=\u00a0\u00bb0&Prime; locked=\u00a0\u00bboff\u00a0\u00bb][et_pb_slide heading=\u00a0\u00bbMentions L\u00e9gales\u00a0\u00bb button_link=\u00a0\u00bbhttps:\/\/etab.ac-reunion.fr\/clg-bassin-bleu\/mentions-legales\/\u00a0\u00bb use_bg_overlay=\u00a0\u00bboff\u00a0\u00bb use_text_overlay=\u00a0\u00bbon\u00a0\u00bb _builder_version=\u00a0\u00bb4.4.3&Prime; background_color=\u00a0\u00bb#ffffff\u00a0\u00bb background_enable_color=\u00a0\u00bbon\u00a0\u00bb background_image=\u00a0\u00bbhttps:\/\/etab.ac-reunion.fr\/clg-bassin-bleu\/wp-content\/uploads\/sites\/111\/2020\/04\/hosting-company-06.png\u00a0\u00bb background_enable_image=\u00a0\u00bbon\u00a0\u00bb custom_button=\u00a0\u00bbon\u00a0\u00bb button_text_color=\u00a0\u00bb#ffffff\u00a0\u00bb button_bg_color=\u00a0\u00bbrgba(107,107,107,0.51)\u00a0\u00bb hover_enabled=\u00a0\u00bb0&Prime;][\/et_pb_slide][\/et_pb_slider][\/et_pb_column][\/et_pb_row][et_pb_row _builder_version=\u00a0\u00bb3.25&Prime; background_size=\u00a0\u00bbinitial\u00a0\u00bb background_position=\u00a0\u00bbtop_left\u00a0\u00bb background_repeat=\u00a0\u00bbrepeat\u00a0\u00bb hover_enabled=\u00a0\u00bb0&Prime;][et_pb_column type=\u00a0\u00bb4_4&Prime; _builder_version=\u00a0\u00bb3.25&Prime; custom_padding=\u00a0\u00bb|||\u00a0\u00bb custom_padding__hover=\u00a0\u00bb|||\u00a0\u00bb][et_pb_text _builder_version=\u00a0\u00bb4.4.3&Prime; hover_enabled=\u00a0\u00bb0&Prime; custom_padding=\u00a0\u00bb31px|77px|31px|77px|true|true\u00a0\u00bb box_shadow_style=\u00a0\u00bbpreset3&Prime; custom_margin=\u00a0\u00bb-38px||||false|false\u00a0\u00bb] \u00c9diteur Rectorat de l\u2019Acad\u00e9mie de La R\u00e9union &hellip;<!-- AddThis Advanced Settings generic via filter on get_the_excerpt --><!-- AddThis Share Buttons generic via filter on get_the_excerpt --><\/p>\n","protected":false},"author":4758,"featured_media":0,"parent":0,"menu_order":0,"comment_status":"closed","ping_status":"closed","template":"","meta":{"footnotes":""},"class_list":["post-2310","page","type-page","status-publish","hentry"],"_links":{"self":[{"href":"https:\/\/etab.ac-reunion.fr\/clg-bassin-bleu\/wp-json\/wp\/v2\/pages\/2310","targetHints":{"allow":["GET"]}}],"collection":[{"href":"https:\/\/etab.ac-reunion.fr\/clg-bassin-bleu\/wp-json\/wp\/v2\/pages"}],"about":[{"href":"https:\/\/etab.ac-reunion.fr\/clg-bassin-bleu\/wp-json\/wp\/v2\/types\/page"}],"author":[{"embeddable":true,"href":"https:\/\/etab.ac-reunion.fr\/clg-bassin-bleu\/wp-json\/wp\/v2\/users\/4758"}],"replies":[{"embeddable":true,"href":"https:\/\/etab.ac-reunion.fr\/clg-bassin-bleu\/wp-json\/wp\/v2\/comments?post=2310"}],"version-history":[{"count":6,"href":"https:\/\/etab.ac-reunion.fr\/clg-bassin-bleu\/wp-json\/wp\/v2\/pages\/2310\/revisions"}],"predecessor-version":[{"id":6988,"href":"https:\/\/etab.ac-reunion.fr\/clg-bassin-bleu\/wp-json\/wp\/v2\/pages\/2310\/revisions\/6988"}],"wp:attachment":[{"href":"https:\/\/etab.ac-reunion.fr\/clg-bassin-bleu\/wp-json\/wp\/v2\/media?parent=2310"}],"curies":[{"name":"wp","href":"https:\/\/api.w.org\/{rel}","templated":true}]}}