{"id":4745,"date":"2018-02-05T15:49:18","date_gmt":"2018-02-05T11:49:18","guid":{"rendered":"http:\/\/college-bassin-bleu.ac-reunion.fr\/?page_id=4745"},"modified":"2020-04-18T17:58:51","modified_gmt":"2020-04-18T13:58:51","slug":"projet-detablissement","status":"publish","type":"page","link":"https:\/\/etab.ac-reunion.fr\/clg-bassin-bleu\/projet-detablissement\/","title":{"rendered":"Projet d&rsquo;\u00e9tablissement"},"content":{"rendered":"[et_pb_section fb_built=\u00a0\u00bb1&Prime; _builder_version=\u00a0\u00bb3.22&Prime;][et_pb_row _builder_version=\u00a0\u00bb4.4.3&Prime; hover_enabled=\u00a0\u00bb0&Prime; custom_margin=\u00a0\u00bb28px||28px||true|false\u00a0\u00bb][et_pb_column type=\u00a0\u00bb4_4&Prime; _builder_version=\u00a0\u00bb3.25&Prime; custom_padding=\u00a0\u00bb|||\u00a0\u00bb custom_padding__hover=\u00a0\u00bb|||\u00a0\u00bb][et_pb_slider _builder_version=\u00a0\u00bb4.4.3&Prime; background_image=\u00a0\u00bbhttps:\/\/etab.ac-reunion.fr\/clg-bassin-bleu\/wp-content\/uploads\/sites\/111\/2020\/04\/1X_Hosting_Illustration_03.png\u00a0\u00bb content_max_width=\u00a0\u00bb100%\u00a0\u00bb max_height=\u00a0\u00bb1000px\u00a0\u00bb custom_margin=\u00a0\u00bb44px||44px||true|false\u00a0\u00bb custom_padding=\u00a0\u00bb52px||52px||true|false\u00a0\u00bb link_option_url=\u00a0\u00bbhttps:\/\/etab.ac-reunion.fr\/clg-bassin-bleu\/mentions-legales\/\u00a0\u00bb locked=\u00a0\u00bboff\u00a0\u00bb][et_pb_slide heading=\u00a0\u00bbProjet d&rsquo;\u00e9tablissement\u00a0\u00bb button_text=\u00a0\u00bbConsulter l&rsquo;int\u00e9gralit\u00e9 du projet d&rsquo;\u00e9tablissement\u00a0\u00bb button_link=\u00a0\u00bbhttps:\/\/etab.ac-reunion.fr\/clg-bassin-bleu\/wp-content\/uploads\/sites\/111\/2018\/02\/projet_etablissement_2017-2020.pdf\u00a0\u00bb use_bg_overlay=\u00a0\u00bbon\u00a0\u00bb bg_overlay_color=\u00a0\u00bbrgba(255,255,255,0.51)\u00a0\u00bb use_text_overlay=\u00a0\u00bbon\u00a0\u00bb _builder_version=\u00a0\u00bb4.4.3&Prime; background_color=\u00a0\u00bb#ffffff\u00a0\u00bb background_enable_color=\u00a0\u00bbon\u00a0\u00bb background_image=\u00a0\u00bbhttps:\/\/etab.ac-reunion.fr\/clg-bassin-bleu\/wp-content\/uploads\/sites\/111\/2018\/10\/language-school-illustration-27.png\u00a0\u00bb background_enable_image=\u00a0\u00bbon\u00a0\u00bb background_size=\u00a0\u00bbcontain\u00a0\u00bb custom_button=\u00a0\u00bbon\u00a0\u00bb button_text_color=\u00a0\u00bb#ffffff\u00a0\u00bb button_bg_color=\u00a0\u00bbrgba(107,107,107,0.51)\u00a0\u00bb][\/et_pb_slide][\/et_pb_slider][et_pb_text _builder_version=\u00a0\u00bb4.4.3&Prime; custom_padding=\u00a0\u00bb29px|82px|5px|57px||\u00a0\u00bb hover_enabled=\u00a0\u00bb0&Prime; box_shadow_style=\u00a0\u00bbpreset3&Prime;]\n<h1 class=\"entry-title main_title\">Projet d\u2019\u00e9tablissement 2017- 2020<\/h1>\n<p><span><em>Le projet d\u2019\u00e9tablissement d\u00e9finit les modalit\u00e9s particuli\u00e8res de mise en \u0153uvre, dans le coll\u00e8ge, des objectifs et des programmes nationaux ainsi que du projet de l\u2019Acad\u00e9mie de <\/em><\/span><\/p>\n<p><span><em>La R\u00e9union. Il fixe la politique \u00e9ducative de l\u2019\u00e9tablissement.<\/em><\/span><\/p>\n<p><em><strong>La communaut\u00e9 \u00e9ducative a d\u00e9fini de nouveaux axes et projets pour la p\u00e9riode 2017-2020 dont voici les objectifs majeurs :<\/strong><\/em><\/p>\n<p><em><strong><\/strong><\/em><\/p>\n<p><span><\/span><\/p>\n<div class=\"entry-content\">\n<div class=\"at-above-post-page addthis_tool\"><\/div>\n<p><strong>AXE 1 &#8211; S\u2019APPROPRIER SON PROJET PERSONNEL D\u2019ORIENTATION<\/strong><\/p>\n<ul>\n<li>D\u00e9velopper les liaisons intercycles<\/li>\n<li>Favoriser la d\u00e9couverte du monde du travail et de l\u2019entreprise<\/li>\n<li>Valoriser les fili\u00e8res scientifiques<\/li>\n<li>D\u00e9couverte de soi<\/li>\n<\/ul>\n<p><strong>AXE 2 &#8211; GESTION DE L\u2019H\u00c9T\u00c9ROG\u00c9N\u00c9IT\u00c9 ET R\u00c9USSITE DE TOUS<\/strong><\/p>\n<ul>\n<li>Accompagner et aider tous les \u00e9l\u00e8ves en difficult\u00e9<\/li>\n<li>Mieux prendre en compte le handicap<\/li>\n<li>Valoriser la r\u00e9ussite<\/li>\n<li>Individualiser le parcours gr\u00e2ce au num\u00e9rique<\/li>\n<li>Renforcer la coh\u00e9rence et la continuit\u00e9 des pratiques p\u00e9dagogiques<\/li>\n<\/ul>\n<p><strong>AXE 3 &#8211; AM\u00c9LIORER L\u2019IMPLICATION DE LA COMMUNAUT\u00c9 \u00c9DUCATIVE<\/strong><\/p>\n<ul>\n<li>Relations familles \/ \u00e9cole<\/li>\n<li>Interactions entre les diff\u00e9rents personnels<\/li>\n<\/ul>\n<p><strong>AXE 4 &#8211; OUVERTURE SUR l\u2019EXT\u00c9RIEUR ET L\u2019INTERNATIONAL<\/strong><\/p>\n<ul>\n<li>Actions culturelles (th\u00e9\u00e2tre \/ contes, \u2026)<\/li>\n<li>Actions sportives (AS, \u2026)<\/li>\n<li>Actions citoyennes<\/li>\n<li>Actions scientifiques (label \u00e9co-\u00e9cole)<\/li>\n<li>Actions vers l\u2019international (voyages \/ \u00e9changes, \u2026)<\/li>\n<\/ul>\n<p>&nbsp;<\/p>\n<\/div>\n[\/et_pb_text][\/et_pb_column][\/et_pb_row][\/et_pb_section]\n<!-- AddThis Advanced Settings generic via filter on the_content --><!-- AddThis Share Buttons generic via filter on the_content -->","protected":false},"excerpt":{"rendered":"<p>[et_pb_section fb_built=\u00a0\u00bb1&Prime; _builder_version=\u00a0\u00bb3.22&Prime;][et_pb_row _builder_version=\u00a0\u00bb4.4.3&Prime; hover_enabled=\u00a0\u00bb0&Prime; custom_margin=\u00a0\u00bb28px||28px||true|false\u00a0\u00bb][et_pb_column type=\u00a0\u00bb4_4&Prime; _builder_version=\u00a0\u00bb3.25&Prime; custom_padding=\u00a0\u00bb|||\u00a0\u00bb custom_padding__hover=\u00a0\u00bb|||\u00a0\u00bb][et_pb_slider _builder_version=\u00a0\u00bb4.4.3&Prime; background_image=\u00a0\u00bbhttps:\/\/etab.ac-reunion.fr\/clg-bassin-bleu\/wp-content\/uploads\/sites\/111\/2020\/04\/1X_Hosting_Illustration_03.png\u00a0\u00bb content_max_width=\u00a0\u00bb100%\u00a0\u00bb max_height=\u00a0\u00bb1000px\u00a0\u00bb custom_margin=\u00a0\u00bb44px||44px||true|false\u00a0\u00bb custom_padding=\u00a0\u00bb52px||52px||true|false\u00a0\u00bb link_option_url=\u00a0\u00bbhttps:\/\/etab.ac-reunion.fr\/clg-bassin-bleu\/mentions-legales\/\u00a0\u00bb locked=\u00a0\u00bboff\u00a0\u00bb][et_pb_slide heading=\u00a0\u00bbProjet d&rsquo;\u00e9tablissement\u00a0\u00bb button_text=\u00a0\u00bbConsulter l&rsquo;int\u00e9gralit\u00e9 du projet d&rsquo;\u00e9tablissement\u00a0\u00bb button_link=\u00a0\u00bbhttps:\/\/etab.ac-reunion.fr\/clg-bassin-bleu\/wp-content\/uploads\/sites\/111\/2018\/02\/projet_etablissement_2017-2020.pdf\u00a0\u00bb use_bg_overlay=\u00a0\u00bbon\u00a0\u00bb bg_overlay_color=\u00a0\u00bbrgba(255,255,255,0.51)\u00a0\u00bb use_text_overlay=\u00a0\u00bbon\u00a0\u00bb _builder_version=\u00a0\u00bb4.4.3&Prime; background_color=\u00a0\u00bb#ffffff\u00a0\u00bb background_enable_color=\u00a0\u00bbon\u00a0\u00bb background_image=\u00a0\u00bbhttps:\/\/etab.ac-reunion.fr\/clg-bassin-bleu\/wp-content\/uploads\/sites\/111\/2018\/10\/language-school-illustration-27.png\u00a0\u00bb background_enable_image=\u00a0\u00bbon\u00a0\u00bb background_size=\u00a0\u00bbcontain\u00a0\u00bb custom_button=\u00a0\u00bbon\u00a0\u00bb button_text_color=\u00a0\u00bb#ffffff\u00a0\u00bb button_bg_color=\u00a0\u00bbrgba(107,107,107,0.51)\u00a0\u00bb][\/et_pb_slide][\/et_pb_slider][et_pb_text _builder_version=\u00a0\u00bb4.4.3&Prime; custom_padding=\u00a0\u00bb29px|82px|5px|57px||\u00a0\u00bb hover_enabled=\u00a0\u00bb0&Prime; box_shadow_style=\u00a0\u00bbpreset3&Prime;] Projet d\u2019\u00e9tablissement 2017- 2020 Le projet d\u2019\u00e9tablissement d\u00e9finit &hellip;<!-- AddThis Advanced Settings generic via filter on get_the_excerpt --><!-- AddThis Share Buttons generic via filter on get_the_excerpt --><\/p>\n","protected":false},"author":4758,"featured_media":0,"parent":0,"menu_order":0,"comment_status":"closed","ping_status":"closed","template":"","meta":{"footnotes":""},"class_list":["post-4745","page","type-page","status-publish","hentry"],"_links":{"self":[{"href":"https:\/\/etab.ac-reunion.fr\/clg-bassin-bleu\/wp-json\/wp\/v2\/pages\/4745","targetHints":{"allow":["GET"]}}],"collection":[{"href":"https:\/\/etab.ac-reunion.fr\/clg-bassin-bleu\/wp-json\/wp\/v2\/pages"}],"about":[{"href":"https:\/\/etab.ac-reunion.fr\/clg-bassin-bleu\/wp-json\/wp\/v2\/types\/page"}],"author":[{"embeddable":true,"href":"https:\/\/etab.ac-reunion.fr\/clg-bassin-bleu\/wp-json\/wp\/v2\/users\/4758"}],"replies":[{"embeddable":true,"href":"https:\/\/etab.ac-reunion.fr\/clg-bassin-bleu\/wp-json\/wp\/v2\/comments?post=4745"}],"version-history":[{"count":12,"href":"https:\/\/etab.ac-reunion.fr\/clg-bassin-bleu\/wp-json\/wp\/v2\/pages\/4745\/revisions"}],"predecessor-version":[{"id":7041,"href":"https:\/\/etab.ac-reunion.fr\/clg-bassin-bleu\/wp-json\/wp\/v2\/pages\/4745\/revisions\/7041"}],"wp:attachment":[{"href":"https:\/\/etab.ac-reunion.fr\/clg-bassin-bleu\/wp-json\/wp\/v2\/media?parent=4745"}],"curies":[{"name":"wp","href":"https:\/\/api.w.org\/{rel}","templated":true}]}}