{"id":4747,"date":"2018-02-05T15:49:40","date_gmt":"2018-02-05T11:49:40","guid":{"rendered":"http:\/\/college-bassin-bleu.ac-reunion.fr\/?page_id=4747"},"modified":"2020-04-18T17:57:11","modified_gmt":"2020-04-18T13:57:11","slug":"contrat-dobjectifs","status":"publish","type":"page","link":"https:\/\/etab.ac-reunion.fr\/clg-bassin-bleu\/contrat-dobjectifs\/","title":{"rendered":"Contrat d&rsquo;objectifs"},"content":{"rendered":"[et_pb_section fb_built=\u00a0\u00bb1&Prime; _builder_version=\u00a0\u00bb3.22&Prime;][et_pb_row _builder_version=\u00a0\u00bb3.25&Prime; custom_padding=\u00a0\u00bb|||81px||\u00a0\u00bb][et_pb_column type=\u00a0\u00bb4_4&Prime; _builder_version=\u00a0\u00bb3.25&Prime; custom_padding=\u00a0\u00bb|||\u00a0\u00bb custom_padding__hover=\u00a0\u00bb|||\u00a0\u00bb][et_pb_slider _builder_version=\u00a0\u00bb4.4.3&Prime; content_max_width=\u00a0\u00bb100%\u00a0\u00bb max_height=\u00a0\u00bb1000px\u00a0\u00bb custom_margin=\u00a0\u00bb44px||44px||true|false\u00a0\u00bb custom_padding=\u00a0\u00bb52px||52px||true|false\u00a0\u00bb link_option_url=\u00a0\u00bbhttps:\/\/etab.ac-reunion.fr\/clg-bassin-bleu\/mentions-legales\/\u00a0\u00bb hover_enabled=\u00a0\u00bb0&Prime; locked=\u00a0\u00bboff\u00a0\u00bb background_enable_image=\u00a0\u00bboff\u00a0\u00bb][et_pb_slide heading=\u00a0\u00bbContrat d&rsquo;objectifs\u00a0\u00bb button_text=\u00a0\u00bbConsulter l&rsquo;int\u00e9gralit\u00e9 du contrat d&rsquo;objectifs\u00a0\u00bb button_link=\u00a0\u00bbhttps:\/\/etab.ac-reunion.fr\/clg-bassin-bleu\/wp-content\/uploads\/sites\/111\/2018\/02\/co_2016-2020_clg_bassin_bleu.pdf\u00a0\u00bb use_bg_overlay=\u00a0\u00bbon\u00a0\u00bb bg_overlay_color=\u00a0\u00bbrgba(255,255,255,0.51)\u00a0\u00bb use_text_overlay=\u00a0\u00bbon\u00a0\u00bb _builder_version=\u00a0\u00bb4.4.3&Prime; background_color=\u00a0\u00bb#ffffff\u00a0\u00bb background_enable_color=\u00a0\u00bbon\u00a0\u00bb background_image=\u00a0\u00bbhttps:\/\/etab.ac-reunion.fr\/clg-bassin-bleu\/wp-content\/uploads\/sites\/111\/2018\/10\/language-school-illustration-25.png\u00a0\u00bb background_enable_image=\u00a0\u00bbon\u00a0\u00bb background_size=\u00a0\u00bbcontain\u00a0\u00bb custom_button=\u00a0\u00bbon\u00a0\u00bb button_text_color=\u00a0\u00bb#ffffff\u00a0\u00bb button_bg_color=\u00a0\u00bbrgba(107,107,107,0.51)\u00a0\u00bb hover_enabled=\u00a0\u00bb0&Prime;][\/et_pb_slide][\/et_pb_slider][et_pb_text _builder_version=\u00a0\u00bb4.4.3&Prime; hover_enabled=\u00a0\u00bb0&Prime; min_height=\u00a0\u00bb664px\u00a0\u00bb custom_padding=\u00a0\u00bb57px|89px||125px||\u00a0\u00bb box_shadow_style=\u00a0\u00bbpreset3&Prime; custom_margin=\u00a0\u00bb-49px|||-41px||\u00a0\u00bb]\n<h2><strong>CONTRAT D&rsquo;OBJECTIFS 2016-2020<\/strong><\/h2>\n<p><strong><\/strong><\/p>\n<p><em>Le contrat d&rsquo;objectifs, conclu avec l&rsquo;autorit\u00e9 acad\u00e9mique, d\u00e9finit les objectifs \u00e0 atteindre par l&rsquo;\u00e9tablissement pour satisfaire aux orientations nationales et <\/em><\/p>\n<p><em>acad\u00e9miques.<\/em><\/p>\n<p><strong><\/strong><\/p>\n<p><strong>AXE 1\u00a0: LA R\u00c9USSITE DES \u00c9L\u00c8VES PAR LA CONTINUIT\u00c9 ET LA COH\u00c9RENCE DES APPRENTISSAGES<\/strong><\/p>\n<p>&#8211; <u>Objectif 1<\/u>\u00a0: Travailler en r\u00e9seau avec le premier degr\u00e9 et initier un conseil\u00a0 Coll\u00e8ge \/ Lyc\u00e9e pour assurer une meilleure liaison avec le lyc\u00e9e<\/p>\n<p>&#8211; <u>Objectif 2<\/u>\u00a0: Instaurer un parcours linguistique pour favoriser les \u00e9changes avec l\u2019\u00e9tranger et mieux ma\u00eetriser la langue fran\u00e7aise<\/p>\n<p>&nbsp;<\/p>\n<p><strong>AXE 2 : LA R\u00c9USSITE DES \u00c9L\u00c8VES PAR L\u2019\u00c9VOLUTION DES PRATIQUES ET DES ORGANISATIONS<\/strong><\/p>\n<p>&#8211; <u>Objectif 1<\/u>\u00a0: Rendre nos coll\u00e9giens plus autonomes et responsables par un changement de pratiques<\/p>\n<p>&#8211; <u>Objectif 2<\/u>\u00a0: Susciter l\u2019investissement et l\u2019engagement des \u00e9l\u00e8ves pour favoriser le vivre-ensemble<\/p>\n<p>&nbsp;<\/p>\n<p><strong>AXE 3\u00a0: LA R\u00c9USSITE DES \u00c9L\u00c8VES PAR LA QUALIT\u00c9 DE L\u2019ACCUEIL<\/strong><\/p>\n<p>&#8211; <u>Objectif 1<\/u>\u00a0: Favoriser le vivre-ensemble, d\u00e9velopper un climat de vie agr\u00e9able pour donner go\u00fbt au travail<\/p>\n<p>&#8211; <u>Objectif 2<\/u>\u00a0: Favoriser l\u2019acc\u00e8s \u00e0 la culture<\/p>\n<p>&nbsp;<\/p>\n[\/et_pb_text][\/et_pb_column][\/et_pb_row][\/et_pb_section]\n<!-- AddThis Advanced Settings generic via filter on the_content --><!-- AddThis Share Buttons generic via filter on the_content -->","protected":false},"excerpt":{"rendered":"<p>[et_pb_section fb_built=\u00a0\u00bb1&Prime; _builder_version=\u00a0\u00bb3.22&Prime;][et_pb_row _builder_version=\u00a0\u00bb3.25&Prime; custom_padding=\u00a0\u00bb|||81px||\u00a0\u00bb][et_pb_column type=\u00a0\u00bb4_4&Prime; _builder_version=\u00a0\u00bb3.25&Prime; custom_padding=\u00a0\u00bb|||\u00a0\u00bb custom_padding__hover=\u00a0\u00bb|||\u00a0\u00bb][et_pb_slider _builder_version=\u00a0\u00bb4.4.3&Prime; content_max_width=\u00a0\u00bb100%\u00a0\u00bb max_height=\u00a0\u00bb1000px\u00a0\u00bb custom_margin=\u00a0\u00bb44px||44px||true|false\u00a0\u00bb custom_padding=\u00a0\u00bb52px||52px||true|false\u00a0\u00bb link_option_url=\u00a0\u00bbhttps:\/\/etab.ac-reunion.fr\/clg-bassin-bleu\/mentions-legales\/\u00a0\u00bb hover_enabled=\u00a0\u00bb0&Prime; locked=\u00a0\u00bboff\u00a0\u00bb background_enable_image=\u00a0\u00bboff\u00a0\u00bb][et_pb_slide heading=\u00a0\u00bbContrat d&rsquo;objectifs\u00a0\u00bb button_text=\u00a0\u00bbConsulter l&rsquo;int\u00e9gralit\u00e9 du contrat d&rsquo;objectifs\u00a0\u00bb button_link=\u00a0\u00bbhttps:\/\/etab.ac-reunion.fr\/clg-bassin-bleu\/wp-content\/uploads\/sites\/111\/2018\/02\/co_2016-2020_clg_bassin_bleu.pdf\u00a0\u00bb use_bg_overlay=\u00a0\u00bbon\u00a0\u00bb bg_overlay_color=\u00a0\u00bbrgba(255,255,255,0.51)\u00a0\u00bb use_text_overlay=\u00a0\u00bbon\u00a0\u00bb _builder_version=\u00a0\u00bb4.4.3&Prime; background_color=\u00a0\u00bb#ffffff\u00a0\u00bb background_enable_color=\u00a0\u00bbon\u00a0\u00bb background_image=\u00a0\u00bbhttps:\/\/etab.ac-reunion.fr\/clg-bassin-bleu\/wp-content\/uploads\/sites\/111\/2018\/10\/language-school-illustration-25.png\u00a0\u00bb background_enable_image=\u00a0\u00bbon\u00a0\u00bb background_size=\u00a0\u00bbcontain\u00a0\u00bb custom_button=\u00a0\u00bbon\u00a0\u00bb button_text_color=\u00a0\u00bb#ffffff\u00a0\u00bb button_bg_color=\u00a0\u00bbrgba(107,107,107,0.51)\u00a0\u00bb hover_enabled=\u00a0\u00bb0&Prime;][\/et_pb_slide][\/et_pb_slider][et_pb_text _builder_version=\u00a0\u00bb4.4.3&Prime; hover_enabled=\u00a0\u00bb0&Prime; min_height=\u00a0\u00bb664px\u00a0\u00bb custom_padding=\u00a0\u00bb57px|89px||125px||\u00a0\u00bb box_shadow_style=\u00a0\u00bbpreset3&Prime; custom_margin=\u00a0\u00bb-49px|||-41px||\u00a0\u00bb] CONTRAT D&rsquo;OBJECTIFS 2016-2020 Le contrat &hellip;<!-- AddThis Advanced Settings generic via filter on get_the_excerpt --><!-- AddThis Share Buttons generic via filter on get_the_excerpt --><\/p>\n","protected":false},"author":4758,"featured_media":0,"parent":0,"menu_order":0,"comment_status":"closed","ping_status":"closed","template":"","meta":{"footnotes":""},"class_list":["post-4747","page","type-page","status-publish","hentry"],"_links":{"self":[{"href":"https:\/\/etab.ac-reunion.fr\/clg-bassin-bleu\/wp-json\/wp\/v2\/pages\/4747","targetHints":{"allow":["GET"]}}],"collection":[{"href":"https:\/\/etab.ac-reunion.fr\/clg-bassin-bleu\/wp-json\/wp\/v2\/pages"}],"about":[{"href":"https:\/\/etab.ac-reunion.fr\/clg-bassin-bleu\/wp-json\/wp\/v2\/types\/page"}],"author":[{"embeddable":true,"href":"https:\/\/etab.ac-reunion.fr\/clg-bassin-bleu\/wp-json\/wp\/v2\/users\/4758"}],"replies":[{"embeddable":true,"href":"https:\/\/etab.ac-reunion.fr\/clg-bassin-bleu\/wp-json\/wp\/v2\/comments?post=4747"}],"version-history":[{"count":8,"href":"https:\/\/etab.ac-reunion.fr\/clg-bassin-bleu\/wp-json\/wp\/v2\/pages\/4747\/revisions"}],"predecessor-version":[{"id":7039,"href":"https:\/\/etab.ac-reunion.fr\/clg-bassin-bleu\/wp-json\/wp\/v2\/pages\/4747\/revisions\/7039"}],"wp:attachment":[{"href":"https:\/\/etab.ac-reunion.fr\/clg-bassin-bleu\/wp-json\/wp\/v2\/media?parent=4747"}],"curies":[{"name":"wp","href":"https:\/\/api.w.org\/{rel}","templated":true}]}}