{"id":5126,"date":"2018-04-17T13:50:47","date_gmt":"2018-04-17T09:50:47","guid":{"rendered":"http:\/\/college-bassin-bleu.ac-reunion.fr\/?page_id=5126"},"modified":"2020-04-07T14:36:56","modified_gmt":"2020-04-07T10:36:56","slug":"tutoriels-metice","status":"publish","type":"page","link":"https:\/\/etab.ac-reunion.fr\/clg-bassin-bleu\/tutoriels-metice\/","title":{"rendered":"Tutoriels METICE"},"content":{"rendered":"[et_pb_section fb_built=\u00a0\u00bb1&Prime; _builder_version=\u00a0\u00bb3.22&Prime;][et_pb_row _builder_version=\u00a0\u00bb3.25&Prime; background_size=\u00a0\u00bbinitial\u00a0\u00bb background_position=\u00a0\u00bbtop_left\u00a0\u00bb background_repeat=\u00a0\u00bbrepeat\u00a0\u00bb][et_pb_column type=\u00a0\u00bb4_4&Prime; _builder_version=\u00a0\u00bb3.25&Prime; custom_padding=\u00a0\u00bb|||\u00a0\u00bb custom_padding__hover=\u00a0\u00bb|||\u00a0\u00bb][et_pb_text _builder_version=\u00a0\u00bb3.27.4&Prime; custom_padding=\u00a0\u00bb47px||43px|||\u00a0\u00bb]\n<h1 style=\"text-align: center\">TUTORIELS METICE<\/h1>\n<p>Comment utiliser METICE?<\/p>\n<p>L&rsquo;acad\u00e9mie de la R\u00e9union a publi\u00e9 des tutoriels sur l&rsquo;utilisation de METICE afin de vous aider dans son utilisation.<br \/>\n[\/et_pb_text][\/et_pb_column][\/et_pb_row][et_pb_row _builder_version=\u00a0\u00bb3.25&Prime; background_size=\u00a0\u00bbinitial\u00a0\u00bb background_position=\u00a0\u00bbtop_left\u00a0\u00bb background_repeat=\u00a0\u00bbrepeat\u00a0\u00bb column_structure=\u00a0\u00bb1_2,1_2&Prime;][et_pb_column type=\u00a0\u00bb1_2&Prime; _builder_version=\u00a0\u00bb3.25&Prime; custom_padding=\u00a0\u00bb|||\u00a0\u00bb custom_padding__hover=\u00a0\u00bb|||\u00a0\u00bb][et_pb_text _builder_version=\u00a0\u00bb3.27.4&Prime;]\n<h4 style=\"text-align: center\">Les usages de METICE<\/h4>\n[\/et_pb_text][et_pb_video src=\u00a0\u00bbhttps:\/\/www.dailymotion.com\/video\/x3sllyo\u00a0\u00bb _builder_version=\u00a0\u00bb3.0.106&Prime;][\/et_pb_video][\/et_pb_column][et_pb_column type=\u00a0\u00bb1_2&Prime; _builder_version=\u00a0\u00bb3.25&Prime; custom_padding=\u00a0\u00bb|||\u00a0\u00bb custom_padding__hover=\u00a0\u00bb|||\u00a0\u00bb][et_pb_text _builder_version=\u00a0\u00bb3.27.4&Prime;]\n<h4 style=\"text-align: center\">G\u00e9rer ses devoirs num\u00e9riques avec PYDIO<\/h4>\n[\/et_pb_text][et_pb_video src=\u00a0\u00bbhttps:\/\/www.dailymotion.com\/video\/x3hk44w\u00a0\u00bb _builder_version=\u00a0\u00bb3.0.106&Prime;][\/et_pb_video][\/et_pb_column][\/et_pb_row][\/et_pb_section]\n<!-- AddThis Advanced Settings generic via filter on the_content --><!-- AddThis Share Buttons generic via filter on the_content -->","protected":false},"excerpt":{"rendered":"<p>[et_pb_section fb_built=\u00a0\u00bb1&Prime; _builder_version=\u00a0\u00bb3.22&Prime;][et_pb_row _builder_version=\u00a0\u00bb3.25&Prime; background_size=\u00a0\u00bbinitial\u00a0\u00bb background_position=\u00a0\u00bbtop_left\u00a0\u00bb background_repeat=\u00a0\u00bbrepeat\u00a0\u00bb][et_pb_column type=\u00a0\u00bb4_4&Prime; _builder_version=\u00a0\u00bb3.25&Prime; custom_padding=\u00a0\u00bb|||\u00a0\u00bb custom_padding__hover=\u00a0\u00bb|||\u00a0\u00bb][et_pb_text _builder_version=\u00a0\u00bb3.27.4&Prime; custom_padding=\u00a0\u00bb47px||43px|||\u00a0\u00bb] TUTORIELS METICE Comment utiliser METICE? L&rsquo;acad\u00e9mie de la R\u00e9union a publi\u00e9 des tutoriels sur l&rsquo;utilisation de METICE afin de vous aider dans son utilisation. [\/et_pb_text][\/et_pb_column][\/et_pb_row][et_pb_row _builder_version=\u00a0\u00bb3.25&Prime; background_size=\u00a0\u00bbinitial\u00a0\u00bb background_position=\u00a0\u00bbtop_left\u00a0\u00bb background_repeat=\u00a0\u00bbrepeat\u00a0\u00bb column_structure=\u00a0\u00bb1_2,1_2&Prime;][et_pb_column type=\u00a0\u00bb1_2&Prime; _builder_version=\u00a0\u00bb3.25&Prime; custom_padding=\u00a0\u00bb|||\u00a0\u00bb custom_padding__hover=\u00a0\u00bb|||\u00a0\u00bb][et_pb_text _builder_version=\u00a0\u00bb3.27.4&Prime;] Les usages &hellip;<!-- AddThis Advanced Settings generic via filter on get_the_excerpt --><!-- AddThis Share Buttons generic via filter on get_the_excerpt --><\/p>\n","protected":false},"author":4758,"featured_media":0,"parent":0,"menu_order":0,"comment_status":"closed","ping_status":"closed","template":"","meta":{"footnotes":""},"class_list":["post-5126","page","type-page","status-publish","hentry"],"_links":{"self":[{"href":"https:\/\/etab.ac-reunion.fr\/clg-bassin-bleu\/wp-json\/wp\/v2\/pages\/5126","targetHints":{"allow":["GET"]}}],"collection":[{"href":"https:\/\/etab.ac-reunion.fr\/clg-bassin-bleu\/wp-json\/wp\/v2\/pages"}],"about":[{"href":"https:\/\/etab.ac-reunion.fr\/clg-bassin-bleu\/wp-json\/wp\/v2\/types\/page"}],"author":[{"embeddable":true,"href":"https:\/\/etab.ac-reunion.fr\/clg-bassin-bleu\/wp-json\/wp\/v2\/users\/4758"}],"replies":[{"embeddable":true,"href":"https:\/\/etab.ac-reunion.fr\/clg-bassin-bleu\/wp-json\/wp\/v2\/comments?post=5126"}],"version-history":[{"count":11,"href":"https:\/\/etab.ac-reunion.fr\/clg-bassin-bleu\/wp-json\/wp\/v2\/pages\/5126\/revisions"}],"predecessor-version":[{"id":6835,"href":"https:\/\/etab.ac-reunion.fr\/clg-bassin-bleu\/wp-json\/wp\/v2\/pages\/5126\/revisions\/6835"}],"wp:attachment":[{"href":"https:\/\/etab.ac-reunion.fr\/clg-bassin-bleu\/wp-json\/wp\/v2\/media?parent=5126"}],"curies":[{"name":"wp","href":"https:\/\/api.w.org\/{rel}","templated":true}]}}