{"id":743,"date":"2015-07-02T11:35:57","date_gmt":"2015-07-02T07:35:57","guid":{"rendered":"http:\/\/college-bassin-bleu.ac-reunion.fr\/?page_id=743"},"modified":"2019-08-29T21:50:09","modified_gmt":"2019-08-29T17:50:09","slug":"lassociation-sportive","status":"publish","type":"page","link":"https:\/\/etab.ac-reunion.fr\/clg-bassin-bleu\/lassociation-sportive\/","title":{"rendered":"L&rsquo;Association Sportive"},"content":{"rendered":"[et_pb_section fb_built=\u00a0\u00bb1&Prime; _builder_version=\u00a0\u00bb3.22&Prime; fb_built=\u00a0\u00bb1&Prime; _i=\u00a0\u00bb0&Prime; _address=\u00a0\u00bb0&Prime;][et_pb_row _builder_version=\u00a0\u00bb3.25&Prime; background_image=\u00a0\u00bbhttps:\/\/etab.ac-reunion.fr\/clg-bassin-bleu\/wp-content\/uploads\/sites\/111\/2016\/10\/fond-diapo-.jpg\u00a0\u00bb background_blend=\u00a0\u00bboverlay\u00a0\u00bb custom_padding=\u00a0\u00bb58px|0px|26px|0px|false|false\u00a0\u00bb _i=\u00a0\u00bb0&Prime; _address=\u00a0\u00bb0.0&Prime;][et_pb_column type=\u00a0\u00bb4_4&Prime; _builder_version=\u00a0\u00bb3.25&Prime; custom_padding=\u00a0\u00bb|||\u00a0\u00bb _i=\u00a0\u00bb0&Prime; _address=\u00a0\u00bb0.0.0&Prime; custom_padding__hover=\u00a0\u00bb|||\u00a0\u00bb][et_pb_text _builder_version=\u00a0\u00bb3.17.6&Prime; header_line_height=\u00a0\u00bb1.2em\u00a0\u00bb _i=\u00a0\u00bb0&Prime; _address=\u00a0\u00bb0.0.0.0&Prime;]\n<h1 style=\"text-align: center\"><strong>L&rsquo;ASSOCIATION SPORTIVE DU COLLEGE BASSIN BLEU<\/strong><\/h1>\n[\/et_pb_text][\/et_pb_column][\/et_pb_row][et_pb_row _builder_version=\u00a0\u00bb3.25&Prime; background_size=\u00a0\u00bbinitial\u00a0\u00bb background_position=\u00a0\u00bbtop_left\u00a0\u00bb background_repeat=\u00a0\u00bbrepeat\u00a0\u00bb custom_padding=\u00a0\u00bb8px|0px|0|0px|false|false\u00a0\u00bb _i=\u00a0\u00bb1&Prime; _address=\u00a0\u00bb0.1&Prime; column_structure=\u00a0\u00bb2_5,3_5&Prime;][et_pb_column type=\u00a0\u00bb2_5&Prime; _builder_version=\u00a0\u00bb3.25&Prime; custom_padding=\u00a0\u00bb|||\u00a0\u00bb _i=\u00a0\u00bb0&Prime; _address=\u00a0\u00bb0.1.0&Prime; custom_padding__hover=\u00a0\u00bb|||\u00a0\u00bb][et_pb_image src=\u00a0\u00bbhttps:\/\/etab.ac-reunion.fr\/clg-bassin-bleu\/wp-content\/uploads\/sites\/111\/2015\/07\/running-man-backgorund-faite-avec-des-particules-dynamiques_1017-6272.jpg\u00a0\u00bb align_tablet=\u00a0\u00bbcenter\u00a0\u00bb align_last_edited=\u00a0\u00bbon|desktop\u00a0\u00bb _builder_version=\u00a0\u00bb3.23&Prime; max_width=\u00a0\u00bb70%\u00a0\u00bb _i=\u00a0\u00bb0&Prime; _address=\u00a0\u00bb0.1.0.0&Prime;][\/et_pb_image][\/et_pb_column][et_pb_column type=\u00a0\u00bb3_5&Prime; _builder_version=\u00a0\u00bb3.25&Prime; custom_padding=\u00a0\u00bb|||\u00a0\u00bb _i=\u00a0\u00bb1&Prime; _address=\u00a0\u00bb0.1.1&Prime; custom_padding__hover=\u00a0\u00bb|||\u00a0\u00bb][et_pb_text _builder_version=\u00a0\u00bb3.17.6&Prime; background_blend=\u00a0\u00bblighten\u00a0\u00bb _i=\u00a0\u00bb0&Prime; _address=\u00a0\u00bb0.1.1.0&Prime;]\n<p class=\"p1\"><strong><span class=\"s1\">\u00a0<\/span><\/strong><span class=\"s1\"><span class=\"Apple-converted-space\"><strong>\u00a0<\/strong><\/span><\/span><\/p>\n<p class=\"p1\"><span class=\"s1\"><strong>L\u2019association sportive du<\/strong> <strong>Coll\u00e8ge Bassin Bleu<\/strong> propose deux\u00a0<\/span><span class=\"s1\" style=\"font-size: 14px\">semaines <\/span><span class=\"s1\" style=\"font-size: 14px\">\u00ab\u00a0portes ouvertes\u00a0\u00bb du <\/span><\/p>\n<p class=\"p1\"><span class=\"s1\" style=\"font-size: 14px\">10 <\/span><span class=\"s1\" style=\"font-size: 14px\">septembre au\u00a0<\/span><span class=\"s1\" style=\"font-size: 14px\">21<\/span><span class=\"s1\" style=\"font-size: 14px\">Septembre.\u00a0<\/span><\/p>\n<p class=\"p1\"><span class=\"s1\" style=\"font-size: 14px\">L\u2019occasion\u00a0<\/span><span class=\"s1\" style=\"font-size: 14px\">pour chaque \u00e9l\u00e8ve du coll\u00e8ge de <\/span><span class=\"s1\" style=\"font-size: 14px\">s\u2019essayer \u00e0 de\u00a0<\/span><span class=\"s1\" style=\"font-size: 14px\">nouvelles activit\u00e9s <\/span><span class=\"s1\" style=\"font-size: 14px\">physiques\u00a0<\/span><span class=\"s1\" style=\"font-size: 14px\">ou de <\/span><\/p>\n<p class=\"p1\"><span class=\"s1\" style=\"font-size: 14px\">se\u00a0<\/span><span class=\"s1\" style=\"font-size: 14px\">sp\u00e9cialiser dans son\u00a0<\/span><span class=\"s1\" style=\"font-size: 14px\">activit\u00e9 favorite. <\/span><\/p>\n<p class=\"p1\"><span class=\"s1\" style=\"font-size: 14px\">L\u2019inscription \u00e0\u00a0<\/span><span class=\"s1\" style=\"font-size: 14px\">l\u2019association lui\u00a0<\/span><span class=\"s1\" style=\"font-size: 14px\">permettra de <\/span><span class=\"s1\" style=\"font-size: 14px\">pratiquer\u00a0<\/span><span class=\"s1\" style=\"font-size: 14px\">de mani\u00e8re r\u00e9guli\u00e8re ou\u00a0<\/span><span class=\"s1\" style=\"font-size: 14px\">occasionnelle <\/span><\/p>\n<p class=\"p1\"><span class=\"s1\" style=\"font-size: 14px\">toutes\u00a0<\/span><span class=\"s1\" style=\"font-size: 14px\">les\u00a0<\/span><span class=\"s1\" style=\"font-size: 14px\">a<\/span><span class=\"s1\" style=\"font-size: 14px\">ctivit\u00e9s propos\u00e9es <\/span><span class=\"s1\" style=\"font-size: 14px\">au cours de la\u00a0<\/span><span class=\"s1\" style=\"font-size: 14px\">semaine.\u00a0<\/span><span class=\"s1\" style=\"font-size: 14px\">S\u2019inscrire, c\u2019est aussi se licencier \u00e0 l\u2019UNSS, <\/span><\/p>\n<p class=\"p1\"><span class=\"s1\" style=\"font-size: 14px\">ce qui\u00a0<\/span><span class=\"s1\" style=\"font-size: 14px\">offre la possibilit\u00e9 aux \u00e9l\u00e8ves\u00a0<\/span><span class=\"s1\" style=\"font-size: 14px\">de\u00a0<\/span><span class=\"s1\" style=\"font-size: 14px\">participer aux \u00e9v\u00e8nements <\/span><span class=\"s1\" style=\"font-size: 14px\">et\u00a0<\/span><span style=\"font-size: 14px\">comp\u00e9titions organis\u00e9s <\/span><\/p>\n<p class=\"p1\"><span style=\"font-size: 14px\">par\u00a0<\/span><span style=\"font-size: 14px\">l\u2019UNSS.<\/span><\/p>\n<p class=\"p4\" style=\"text-align: center\"><span class=\"s1\" style=\"font-size: x-large\"><b><span class=\"Apple-converted-space\">\u00a0 \u00a0 \u00a0 \u00a0 <\/span><\/b><\/span><\/p>\n<p class=\"p1\">\n[\/et_pb_text][\/et_pb_column][\/et_pb_row][et_pb_row _builder_version=\u00a0\u00bb3.27.3&Prime; custom_padding=\u00a0\u00bb||1px|||\u00a0\u00bb hover_enabled=\u00a0\u00bb0&Prime; min_height=\u00a0\u00bb47px\u00a0\u00bb][et_pb_column _builder_version=\u00a0\u00bb3.27.3&Prime; type=\u00a0\u00bb4_4&Prime;][et_pb_text _builder_version=\u00a0\u00bb3.27.3&Prime; hover_enabled=\u00a0\u00bb0&Prime; custom_margin=\u00a0\u00bb62px|||||\u00a0\u00bb custom_padding=\u00a0\u00bb||0px|||\u00a0\u00bb text_text_align=\u00a0\u00bbcenter\u00a0\u00bb]\n<h1>PROGRAMMATION 2019-2020<\/h1>\n[\/et_pb_text][\/et_pb_column][\/et_pb_row][et_pb_row _builder_version=\u00a0\u00bb3.25&Prime; background_blend=\u00a0\u00bboverlay\u00a0\u00bb custom_padding=\u00a0\u00bb4px|0px|26px|0px|false|false\u00a0\u00bb _i=\u00a0\u00bb2&Prime; _address=\u00a0\u00bb0.2&Prime; custom_margin=\u00a0\u00bb57px|auto||auto||\u00a0\u00bb][et_pb_column type=\u00a0\u00bb4_4&Prime; _builder_version=\u00a0\u00bb3.25&Prime; custom_padding=\u00a0\u00bb|||\u00a0\u00bb _i=\u00a0\u00bb0&Prime; _address=\u00a0\u00bb0.2.0&Prime; custom_padding__hover=\u00a0\u00bb|||\u00a0\u00bb][et_pb_image src=\u00a0\u00bbhttps:\/\/etab.ac-reunion.fr\/clg-bassin-bleu\/wp-content\/uploads\/sites\/111\/2019\/08\/Capture-d\u2019e\u0301cran-2019-08-29-a\u0300-21.43.22.png\u00a0\u00bb _builder_version=\u00a0\u00bb3.27.3&Prime; hover_enabled=\u00a0\u00bb0&Prime; align=\u00a0\u00bbcenter\u00a0\u00bb][\/et_pb_image][\/et_pb_column][\/et_pb_row][et_pb_row _builder_version=\u00a0\u00bb3.25&Prime; custom_padding=\u00a0\u00bb0|0px|0|0px|false|false\u00a0\u00bb _i=\u00a0\u00bb3&Prime; _address=\u00a0\u00bb0.3&Prime; column_structure=\u00a0\u00bb1_2,1_2&Prime;][et_pb_column type=\u00a0\u00bb1_2&Prime; _builder_version=\u00a0\u00bb3.25&Prime; custom_padding=\u00a0\u00bb|||\u00a0\u00bb _i=\u00a0\u00bb0&Prime; _address=\u00a0\u00bb0.3.0&Prime; custom_padding__hover=\u00a0\u00bb|||\u00a0\u00bb][et_pb_text _builder_version=\u00a0\u00bb3.17.6&Prime; background_color=\u00a0\u00bb#e8e8e8&Prime; _i=\u00a0\u00bb0&Prime; _address=\u00a0\u00bb0.3.0.0&Prime;]\n<h4 style=\"text-align: center\"><strong>LES OBJECTIFS<\/strong><\/h4>\n[\/et_pb_text][et_pb_text _builder_version=\u00a0\u00bb3.17.6&Prime; _i=\u00a0\u00bb1&Prime; _address=\u00a0\u00bb0.3.0.1&Prime;]\n<ul>\n<li><span class=\"s1\"><b>Proposer une ouverture culturelle\u00a0: <\/b>participation aux \u00e9v\u00e8nements UNSS (comp\u00e9titions et CROSS) &#8211; nouvelles activit\u00e9s (escalade, futsal f\u00e9minin, peut-\u00eatre tchoukball \u00e0 venir), formation \u2018\u2018jeune officiel\u2019\u2019 (juge, arbitre, organisateur, reporter, coach). <\/span><\/li>\n<\/ul>\n<ul class=\"ul1\">\n<li class=\"li1\"><span class=\"s1\"><b>Donner l\u2019envie de pratiquer :<\/b> apprendre \u00e0 entretenir sa sant\u00e9 en pratiquant une activit\u00e9 physique r\u00e9guli\u00e8re &#8211; accompagner les \u00e9l\u00e8ves dans des projets personnels gr\u00e2ce \u00e0 la section \u2018\u2018cross-fitness\u2019\u2019 (perte de poids, remise en forme, recherche de performance).<\/span><\/li>\n<li class=\"li1\"><span class=\"s1\"><b>Augmenter le taux de filles licenci\u00e9es\u00a0: <\/b>gr\u00e2ce \u00e0 des activit\u00e9s favorisant la mixit\u00e9 comme le badminton ou l\u2019escalade \u2013 en cr\u00e9ant des \u00e9quipes f\u00e9minines comp\u00e9titives en futsal et en athl\u00e9tisme <\/span><\/li>\n<li class=\"li1\"><span class=\"s1\"><b>Permettre de progresser dans des activit\u00e9s programm\u00e9es et \u00e9valu\u00e9es en EPS\u00a0<\/b>: augmenter son temps de pratique pour progresser &#8211; proposer des rem\u00e9diations sur des apprentissages incontournables comme l\u2019 assurage en escalade ou le service en badminton.<\/span><\/li>\n<\/ul>\n[\/et_pb_text][\/et_pb_column][et_pb_column type=\u00a0\u00bb1_2&Prime; _builder_version=\u00a0\u00bb3.25&Prime; custom_padding=\u00a0\u00bb|||\u00a0\u00bb _i=\u00a0\u00bb1&Prime; _address=\u00a0\u00bb0.3.1&Prime; custom_padding__hover=\u00a0\u00bb|||\u00a0\u00bb][et_pb_text _builder_version=\u00a0\u00bb3.17.6&Prime; background_color=\u00a0\u00bb#e8e8e8&Prime; _i=\u00a0\u00bb0&Prime; _address=\u00a0\u00bb0.3.1.0&Prime;]\n<h4 style=\"text-align: center\"><strong>L&rsquo;ACTUALITE<\/strong><\/h4>\n[\/et_pb_text][et_pb_blog include_categories=\u00a0\u00bb43&Prime; show_author=\u00a0\u00bboff\u00a0\u00bb show_date=\u00a0\u00bboff\u00a0\u00bb show_categories=\u00a0\u00bboff\u00a0\u00bb show_pagination=\u00a0\u00bboff\u00a0\u00bb _builder_version=\u00a0\u00bb3.27.3&Prime; header_font=\u00a0\u00bb||||||||\u00a0\u00bb meta_font=\u00a0\u00bb||||||||\u00a0\u00bb animation_style=\u00a0\u00bbfade\u00a0\u00bb hover_enabled=\u00a0\u00bb0&Prime; _i=\u00a0\u00bb1&Prime; _address=\u00a0\u00bb0.3.1.1&Prime;][\/et_pb_blog][\/et_pb_column][\/et_pb_row][et_pb_row _builder_version=\u00a0\u00bb3.25&Prime; background_size=\u00a0\u00bbinitial\u00a0\u00bb background_position=\u00a0\u00bbtop_left\u00a0\u00bb background_repeat=\u00a0\u00bbrepeat\u00a0\u00bb custom_padding=\u00a0\u00bb5px|0px|37.3906px|0px|false|false\u00a0\u00bb _i=\u00a0\u00bb4&Prime; _address=\u00a0\u00bb0.4&Prime; column_structure=\u00a0\u00bb1_2,1_2&Prime;][et_pb_column type=\u00a0\u00bb1_2&Prime; _builder_version=\u00a0\u00bb3.25&Prime; custom_padding=\u00a0\u00bb|||\u00a0\u00bb _i=\u00a0\u00bb0&Prime; _address=\u00a0\u00bb0.4.0&Prime; custom_padding__hover=\u00a0\u00bb|||\u00a0\u00bb][et_pb_image src=\u00a0\u00bbhttps:\/\/etab.ac-reunion.fr\/clg-bassin-bleu\/wp-content\/uploads\/sites\/111\/2015\/10\/index1.jpg\u00a0\u00bb align=\u00a0\u00bbcenter\u00a0\u00bb align_tablet=\u00a0\u00bbcenter\u00a0\u00bb align_last_edited=\u00a0\u00bbon|desktop\u00a0\u00bb _builder_version=\u00a0\u00bb3.23&Prime; _i=\u00a0\u00bb0&Prime; _address=\u00a0\u00bb0.4.0.0&Prime;][\/et_pb_image][et_pb_text _builder_version=\u00a0\u00bb3.17.6&Prime; background_color=\u00a0\u00bb#e8e8e8&Prime; _i=\u00a0\u00bb1&Prime; _address=\u00a0\u00bb0.4.0.1&Prime;]\n<h4 style=\"text-align: center\"><strong>LES COMPETITIONS UNSS<\/strong><\/h4>\n[\/et_pb_text][et_pb_text _builder_version=\u00a0\u00bb3.17.6&Prime; _i=\u00a0\u00bb2&Prime; _address=\u00a0\u00bb0.4.0.2&Prime;]\n<p class=\"p1\"><span class=\"s1\">Cette ann\u00e9e les \u00e9l\u00e8ves vont d\u00e9fendre les couleurs de\u00a0<\/span>Bassin Bleu dans 4<\/p>\n<p class=\"p1\">activit\u00e9s\u00a0:\u00a0<span style=\"font-size: 14px\">le badminton, le football, le futsal et l\u2019athl\u00e9tisme.<\/span><\/p>\n<p class=\"p1\"><span class=\"s1\">En badminton, les \u00e9l\u00e8ves ont brill\u00e9 l\u2019ann\u00e9e derni\u00e8re en terminant vice-<\/span><\/p>\n<p class=\"p1\">champion acad\u00e9mique cat\u00e9gorie\u00a0<span style=\"font-size: 14px\">minime. Les comp\u00e9titions de football <\/span><\/p>\n<p class=\"p1\"><span style=\"font-size: 14px\">se\u00a0<\/span><span style=\"font-size: 14px\">jouent d\u2019octobre \u00e0\u00a0<\/span><span style=\"font-size: 14px\">mars, puis \u00e0 partir d\u2019avril, d\u00e9marrent celles de futsal. <\/span><\/p>\n<p class=\"p1\"><span style=\"font-size: 14px\">Les\u00a0<\/span><span style=\"font-size: 14px\">amateurs\u00a0<\/span><span style=\"font-size: 14px\">d\u2019athl\u00e9tisme peuvent participer au\u00a0<\/span><span style=\"font-size: 14px\">CROSS district et <\/span><\/p>\n<p class=\"p1\"><span style=\"font-size: 14px\">acad\u00e9mique,\u00a0<\/span><span style=\"font-size: 14px\">mais aussi aux comp\u00e9titions\u00a0<\/span><span style=\"font-size: 14px\">d\u2019athl\u00e9tisme (une formule sp\u00e9ciale <\/span><\/p>\n<p class=\"p1\"><span style=\"font-size: 14px\">a d\u2019ailleurs \u00e9t\u00e9\u00a0<\/span><span style=\"font-size: 14px\">cr\u00e9\u00e9e pour les \u00e9l\u00e8ves\u00a0<\/span><span style=\"font-size: 14px\">int\u00e9ress\u00e9s uniquement par\u00a0<\/span><span style=\"font-size: 14px\">l\u2019athl\u00e9tisme \u2013 <\/span><\/p>\n<p class=\"p1\"><span style=\"font-size: 14px\">cf\u00a0: <\/span><i style=\"font-size: 14px\">formule\u00a0<\/i><i style=\"font-size: 14px\">athl\u00e8te<\/i><span style=\"font-size: 14px\">)<\/span><\/p>\n[\/et_pb_text][\/et_pb_column][et_pb_column type=\u00a0\u00bb1_2&Prime; _builder_version=\u00a0\u00bb3.25&Prime; custom_padding=\u00a0\u00bb|||\u00a0\u00bb _i=\u00a0\u00bb1&Prime; _address=\u00a0\u00bb0.4.1&Prime; custom_padding__hover=\u00a0\u00bb|||\u00a0\u00bb][et_pb_text _builder_version=\u00a0\u00bb3.17.6&Prime; background_color=\u00a0\u00bb#e8e8e8&Prime; _i=\u00a0\u00bb0&Prime; _address=\u00a0\u00bb0.4.1.0&Prime;]\n<h4 style=\"text-align: center\"><strong>LA COTISATION<\/strong><\/h4>\n[\/et_pb_text][et_pb_text _builder_version=\u00a0\u00bb3.17.6&Prime; text_line_height=\u00a0\u00bb1.6em\u00a0\u00bb _i=\u00a0\u00bb1&Prime; _address=\u00a0\u00bb0.4.1.1&Prime;]\n<p class=\"p4\" style=\"text-align: left\"><span class=\"s1\" style=\"font-size: 14px;text-align: left\">Le montant \u00e0 payer pour s\u2019inscrire est de <b>20 \u20ac<\/b> pour l\u2019ann\u00e9e\u00a0<\/span><span style=\"font-size: 14px\">scolaire 2018-2019\u00a0<\/span><span style=\"font-size: 14px\">(du 10\u00a0<\/span><span style=\"font-size: 14px\">Septembre 2018 au 21 Juin 2019).\u00a0<\/span><span style=\"font-size: 14px\">Cette somme ne\u00a0<\/span><span style=\"font-size: 14px\">pourra pas \u00eatre <\/span><span style=\"font-size: 14px\">rembours\u00e9e en cas de d\u00e9sistement de <\/span><span style=\"font-size: 14px\">l<\/span><span style=\"font-size: 14px\">\u2019\u00e9l\u00e8ve.<\/span><\/p>\n[\/et_pb_text][et_pb_text _builder_version=\u00a0\u00bb3.17.6&Prime; background_color=\u00a0\u00bb#e8e8e8&Prime; _i=\u00a0\u00bb2&Prime; _address=\u00a0\u00bb0.4.1.2&Prime;]\n<h4 style=\"text-align: center\"><strong>INSCRIPTIONS<\/strong><\/h4>\n[\/et_pb_text][et_pb_text _builder_version=\u00a0\u00bb3.17.6&Prime; text_line_height=\u00a0\u00bb1.3em\u00a0\u00bb _i=\u00a0\u00bb3&Prime; _address=\u00a0\u00bb0.4.1.3&Prime;]\n<p style=\"text-align: center\">Vous pouvez t\u00e9l\u00e9charger le formulaire d&rsquo;inscription en ligne et le remettre \u00e0 votre professeur d&rsquo;EPS.<\/p>\n[\/et_pb_text][et_pb_cta title=\u00a0\u00bbFiche d&rsquo;inscription AS \u00a0\u00bb button_url=\u00a0\u00bbhttps:\/\/etab.ac-reunion.fr\/clg-bassin-bleu\/wp-content\/uploads\/sites\/111\/2018\/11\/fiche-AS-formule-comple\u0300te.pdf\u00a0\u00bb button_text=\u00a0\u00bbFormule compl\u00e8te\u00a0\u00bb _builder_version=\u00a0\u00bb3.17.6&Prime; background_color=\u00a0\u00bb#e0b557&Prime; hover_enabled=\u00a0\u00bb0&Prime; _i=\u00a0\u00bb4&Prime; _address=\u00a0\u00bb0.4.1.4&Prime;][\/et_pb_cta][\/et_pb_column][\/et_pb_row][\/et_pb_section][et_pb_section fb_built=\u00a0\u00bb1&Prime; _builder_version=\u00a0\u00bb3.27.3&Prime;][\/et_pb_section]\n<!-- AddThis Advanced Settings generic via filter on the_content --><!-- AddThis Share Buttons generic via filter on the_content -->","protected":false},"excerpt":{"rendered":"<p>[et_pb_section fb_built=\u00a0\u00bb1&Prime; _builder_version=\u00a0\u00bb3.22&Prime; fb_built=\u00a0\u00bb1&Prime; _i=\u00a0\u00bb0&Prime; _address=\u00a0\u00bb0&Prime;][et_pb_row _builder_version=\u00a0\u00bb3.25&Prime; background_image=\u00a0\u00bbhttps:\/\/etab.ac-reunion.fr\/clg-bassin-bleu\/wp-content\/uploads\/sites\/111\/2016\/10\/fond-diapo-.jpg\u00a0\u00bb background_blend=\u00a0\u00bboverlay\u00a0\u00bb custom_padding=\u00a0\u00bb58px|0px|26px|0px|false|false\u00a0\u00bb _i=\u00a0\u00bb0&Prime; _address=\u00a0\u00bb0.0&Prime;][et_pb_column type=\u00a0\u00bb4_4&Prime; _builder_version=\u00a0\u00bb3.25&Prime; custom_padding=\u00a0\u00bb|||\u00a0\u00bb _i=\u00a0\u00bb0&Prime; _address=\u00a0\u00bb0.0.0&Prime; custom_padding__hover=\u00a0\u00bb|||\u00a0\u00bb][et_pb_text _builder_version=\u00a0\u00bb3.17.6&Prime; header_line_height=\u00a0\u00bb1.2em\u00a0\u00bb _i=\u00a0\u00bb0&Prime; _address=\u00a0\u00bb0.0.0.0&Prime;] L&rsquo;ASSOCIATION SPORTIVE DU COLLEGE BASSIN BLEU [\/et_pb_text][\/et_pb_column][\/et_pb_row][et_pb_row _builder_version=\u00a0\u00bb3.25&Prime; background_size=\u00a0\u00bbinitial\u00a0\u00bb background_position=\u00a0\u00bbtop_left\u00a0\u00bb background_repeat=\u00a0\u00bbrepeat\u00a0\u00bb custom_padding=\u00a0\u00bb8px|0px|0|0px|false|false\u00a0\u00bb _i=\u00a0\u00bb1&Prime; _address=\u00a0\u00bb0.1&Prime; column_structure=\u00a0\u00bb2_5,3_5&Prime;][et_pb_column type=\u00a0\u00bb2_5&Prime; _builder_version=\u00a0\u00bb3.25&Prime; custom_padding=\u00a0\u00bb|||\u00a0\u00bb _i=\u00a0\u00bb0&Prime; _address=\u00a0\u00bb0.1.0&Prime; custom_padding__hover=\u00a0\u00bb|||\u00a0\u00bb][et_pb_image src=\u00a0\u00bbhttps:\/\/etab.ac-reunion.fr\/clg-bassin-bleu\/wp-content\/uploads\/sites\/111\/2015\/07\/running-man-backgorund-faite-avec-des-particules-dynamiques_1017-6272.jpg\u00a0\u00bb align_tablet=\u00a0\u00bbcenter\u00a0\u00bb align_last_edited=\u00a0\u00bbon|desktop\u00a0\u00bb _builder_version=\u00a0\u00bb3.23&Prime; max_width=\u00a0\u00bb70%\u00a0\u00bb _i=\u00a0\u00bb0&Prime; _address=\u00a0\u00bb0.1.0.0&Prime;][\/et_pb_image][\/et_pb_column][et_pb_column &hellip;<!-- AddThis Advanced Settings generic via filter on get_the_excerpt --><!-- AddThis Share Buttons generic via filter on get_the_excerpt --><\/p>\n","protected":false},"author":4187,"featured_media":3601,"parent":0,"menu_order":0,"comment_status":"open","ping_status":"open","template":"","meta":{"footnotes":""},"class_list":["post-743","page","type-page","status-publish","has-post-thumbnail","hentry"],"_links":{"self":[{"href":"https:\/\/etab.ac-reunion.fr\/clg-bassin-bleu\/wp-json\/wp\/v2\/pages\/743","targetHints":{"allow":["GET"]}}],"collection":[{"href":"https:\/\/etab.ac-reunion.fr\/clg-bassin-bleu\/wp-json\/wp\/v2\/pages"}],"about":[{"href":"https:\/\/etab.ac-reunion.fr\/clg-bassin-bleu\/wp-json\/wp\/v2\/types\/page"}],"author":[{"embeddable":true,"href":"https:\/\/etab.ac-reunion.fr\/clg-bassin-bleu\/wp-json\/wp\/v2\/users\/4187"}],"replies":[{"embeddable":true,"href":"https:\/\/etab.ac-reunion.fr\/clg-bassin-bleu\/wp-json\/wp\/v2\/comments?post=743"}],"version-history":[{"count":35,"href":"https:\/\/etab.ac-reunion.fr\/clg-bassin-bleu\/wp-json\/wp\/v2\/pages\/743\/revisions"}],"predecessor-version":[{"id":6556,"href":"https:\/\/etab.ac-reunion.fr\/clg-bassin-bleu\/wp-json\/wp\/v2\/pages\/743\/revisions\/6556"}],"wp:featuredmedia":[{"embeddable":true,"href":"https:\/\/etab.ac-reunion.fr\/clg-bassin-bleu\/wp-json\/wp\/v2\/media\/3601"}],"wp:attachment":[{"href":"https:\/\/etab.ac-reunion.fr\/clg-bassin-bleu\/wp-json\/wp\/v2\/media?parent=743"}],"curies":[{"name":"wp","href":"https:\/\/api.w.org\/{rel}","templated":true}]}}