{"id":8058,"date":"2022-03-09T14:19:43","date_gmt":"2022-03-09T10:19:43","guid":{"rendered":"http:\/\/college-bassin-bleu.ac-reunion.fr\/?page_id=8058"},"modified":"2022-03-09T14:30:09","modified_gmt":"2022-03-09T10:30:09","slug":"loral-du-brevet","status":"publish","type":"page","link":"https:\/\/etab.ac-reunion.fr\/clg-bassin-bleu\/loral-du-brevet\/","title":{"rendered":"L&rsquo;oral du Brevet"},"content":{"rendered":"[et_pb_section fb_built=\u00a0\u00bb1&Prime; admin_label=\u00a0\u00bbsection\u00a0\u00bb _builder_version=\u00a0\u00bb3.22&Prime; global_colors_info=\u00a0\u00bb{}\u00a0\u00bb theme_builder_area=\u00a0\u00bbpost_content\u00a0\u00bb][et_pb_row _builder_version=\u00a0\u00bb4.4.3&Prime; global_colors_info=\u00a0\u00bb{}\u00a0\u00bb theme_builder_area=\u00a0\u00bbpost_content\u00a0\u00bb][et_pb_column type=\u00a0\u00bb4_4&Prime; _builder_version=\u00a0\u00bb4.4.3&Prime; global_colors_info=\u00a0\u00bb{}\u00a0\u00bb theme_builder_area=\u00a0\u00bbpost_content\u00a0\u00bb][et_pb_slider _builder_version=\u00a0\u00bb4.14.8&Prime; background_image=\u00a0\u00bbhttps:\/\/etab.ac-reunion.fr\/clg-bassin-bleu\/wp-content\/uploads\/sites\/111\/2018\/10\/language-school-03.png\u00a0\u00bb background_size=\u00a0\u00bbcontain\u00a0\u00bb content_max_width=\u00a0\u00bb100%\u00a0\u00bb max_height=\u00a0\u00bb1000px\u00a0\u00bb custom_margin=\u00a0\u00bb1px||1px||true|false\u00a0\u00bb custom_padding=\u00a0\u00bb52px||52px||true|false\u00a0\u00bb link_option_url=\u00a0\u00bbhttps:\/\/etab.ac-reunion.fr\/clg-bassin-bleu\/mentions-legales\/\u00a0\u00bb hover_enabled=\u00a0\u00bb0&Prime; locked=\u00a0\u00bboff\u00a0\u00bb global_colors_info=\u00a0\u00bb{}\u00a0\u00bb theme_builder_area=\u00a0\u00bbpost_content\u00a0\u00bb sticky_enabled=\u00a0\u00bb0&Prime;][et_pb_slide heading=\u00a0\u00bbL&rsquo;oral du Brevet\u00a0\u00bb button_link=\u00a0\u00bbhttps:\/\/etab.ac-reunion.fr\/clg-bassin-bleu\/mentions-legales\/\u00a0\u00bb use_bg_overlay=\u00a0\u00bbon\u00a0\u00bb bg_overlay_color=\u00a0\u00bbrgba(255,255,255,0.51)\u00a0\u00bb use_text_overlay=\u00a0\u00bbon\u00a0\u00bb _builder_version=\u00a0\u00bb4.14.8&Prime; background_color=\u00a0\u00bb#ffffff\u00a0\u00bb background_enable_color=\u00a0\u00bbon\u00a0\u00bb background_image=\u00a0\u00bbhttps:\/\/etab.ac-reunion.fr\/clg-bassin-bleu\/wp-content\/uploads\/sites\/111\/2020\/04\/massage-01.png\u00a0\u00bb background_enable_image=\u00a0\u00bbon\u00a0\u00bb background_size=\u00a0\u00bbcontain\u00a0\u00bb custom_button=\u00a0\u00bbon\u00a0\u00bb button_text_color=\u00a0\u00bb#ffffff\u00a0\u00bb button_bg_color=\u00a0\u00bbrgba(107,107,107,0.51)\u00a0\u00bb hover_enabled=\u00a0\u00bb0&Prime; global_colors_info=\u00a0\u00bb{}\u00a0\u00bb sticky_transition=\u00a0\u00bbon\u00a0\u00bb theme_builder_area=\u00a0\u00bbpost_content\u00a0\u00bb locked=\u00a0\u00bboff\u00a0\u00bb title_text=\u00a0\u00bbmassage-01&Prime; sticky_enabled=\u00a0\u00bb0&Prime;][\/et_pb_slide][\/et_pb_slider][\/et_pb_column][\/et_pb_row][et_pb_row _builder_version=\u00a0\u00bb4.14.8&Prime; _module_preset=\u00a0\u00bbdefault\u00a0\u00bb column_structure=\u00a0\u00bb1_3,2_3&Prime; theme_builder_area=\u00a0\u00bbpost_content\u00a0\u00bb][et_pb_column _builder_version=\u00a0\u00bb4.14.8&Prime; _module_preset=\u00a0\u00bbdefault\u00a0\u00bb type=\u00a0\u00bb1_3&Prime; theme_builder_area=\u00a0\u00bbpost_content\u00a0\u00bb][et_pb_image src=\u00a0\u00bbhttps:\/\/etab.ac-reunion.fr\/clg-bassin-bleu\/wp-content\/uploads\/sites\/111\/2022\/03\/Grand-Oral-bac-2021.jpeg\u00a0\u00bb _builder_version=\u00a0\u00bb4.14.8&Prime; _module_preset=\u00a0\u00bbdefault\u00a0\u00bb theme_builder_area=\u00a0\u00bbpost_content\u00a0\u00bb title_text=\u00a0\u00bbSerious female student presenting project to classmates\u00a0\u00bb hover_enabled=\u00a0\u00bb0&Prime; sticky_enabled=\u00a0\u00bb0&Prime;][\/et_pb_image][et_pb_button button_text=\u00a0\u00bbATTENTION !\u00a0\u00bb _builder_version=\u00a0\u00bb4.14.8&Prime; _module_preset=\u00a0\u00bbdefault\u00a0\u00bb theme_builder_area=\u00a0\u00bbpost_content\u00a0\u00bb custom_button=\u00a0\u00bbon\u00a0\u00bb title_text=\u00a0\u00bbmassage-01&Prime; button_bg_image=\u00a0\u00bbhttps:\/\/etab.ac-reunion.fr\/clg-bassin-bleu\/wp-content\/uploads\/sites\/111\/2020\/04\/massage-01.png\u00a0\u00bb custom_margin=\u00a0\u00bb|88px||88px|true|true\u00a0\u00bb hover_enabled=\u00a0\u00bb0&Prime; sticky_enabled=\u00a0\u00bb0&Prime; button_text_size=\u00a0\u00bb17px\u00a0\u00bb][\/et_pb_button][et_pb_text _builder_version=\u00a0\u00bb4.14.8&Prime; _module_preset=\u00a0\u00bbdefault\u00a0\u00bb theme_builder_area=\u00a0\u00bbpost_content\u00a0\u00bb hover_enabled=\u00a0\u00bb0&Prime; sticky_enabled=\u00a0\u00bb0&Prime; box_shadow_style=\u00a0\u00bbpreset2&Prime; custom_padding=\u00a0\u00bb17px|20px|17px|20px|true|true\u00a0\u00bb]\n<div>\n<div>Le choix ne doit pas forc\u00e9ment se focaliser sur l\u2019ann\u00e9e de 3<sup>e<\/sup>\u00a0mais bien\u00a0<strong>sur l\u2019ensemble du cycle 4 (5<sup>e<\/sup>\u00a0\u00e0 3<sup>e<\/sup>)<\/strong>.<\/div>\n<div><\/div>\n<div><\/div>\n<div>Les \u00e9l\u00e8ves peuvent consulter leurs anciens bulletins pour reconstituer leurs parcours.\u00a0<\/div>\n<\/div>\n[\/et_pb_text][\/et_pb_column][et_pb_column _builder_version=\u00a0\u00bb4.14.8&Prime; _module_preset=\u00a0\u00bbdefault\u00a0\u00bb type=\u00a0\u00bb2_3&Prime; theme_builder_area=\u00a0\u00bbpost_content\u00a0\u00bb][et_pb_text _builder_version=\u00a0\u00bb4.14.8&Prime; _module_preset=\u00a0\u00bbdefault\u00a0\u00bb theme_builder_area=\u00a0\u00bbpost_content\u00a0\u00bb hover_enabled=\u00a0\u00bb0&Prime; sticky_enabled=\u00a0\u00bb0&Prime; custom_padding=\u00a0\u00bb40px|6px|40px|6px|true|true\u00a0\u00bb]\n<p><strong>A l&rsquo;oral du DNB, un \u00e9l\u00e8ve peut pr\u00e9senter:<\/strong><\/p>\n<p><span>&#8211; une\u00a0<\/span><strong><span>\u0153uvre artistique<\/span><\/strong><span>\u00a0(tableau, sculpture, \u0153uvre litt\u00e9raire ou musicale\u2026) en lien avec une probl\u00e9matique li\u00e9e \u00e0 l\u2019Histoire des Arts. Il ne s\u2019agit pas de faire une pr\u00e9sentation type wikip\u00e9dia mais\u00a0<u>d\u2019expliquer le lien entre cette \u0153uvre et le contexte<\/u>\u00a0dans laquelle elle a \u00e9t\u00e9 \u00e9tudi\u00e9e (probl\u00e9matique de la s\u00e9ance ou de la s\u00e9quence)<\/span><\/p>\n<p><span>&#8211; un\u00a0<\/span><strong><span>projet EPI\u00a0<\/span><\/strong><span>(d\u00e9marche, production, lien avec les disciplines)<\/span><span>\u00a0<\/span><\/p>\n<p><span>&#8211; un projet s\u2019inscrivant dans le\u00a0<\/span><strong><span>parcours avenir<\/span><\/strong><span>\u00a0(stage, projet orientation scolaire et professionnelle, forum des m\u00e9tiers, etc.)<\/span><\/p>\n<p><span>&#8211; un projet s\u2019inscrivant dans le\u00a0<\/span><strong><span>PEAC<\/span><\/strong><span>\u00a0(sorties ou manifestations\u00a0<u>culturelles<\/u>\u00a0ou\u00a0<u>scientifiques<\/u>, participation \u00e0 un concours, etc.)<\/span><span>\u00a0<\/span><\/p>\n<p><span>&#8211; un projet s\u2019inscrivant dans le\u00a0<\/span><strong><span>parcours citoyen<\/span><\/strong><span>\u00a0(participation des \u00e9l\u00e8ves \u00e0 la vie sociale de l\u2019\u00e9tablissement-CVC, d\u00e9l\u00e9gu\u00e9s,etc.-, projet ou un th\u00e8me li\u00e9 \u00e0 l\u2019Enseignement Moral et civique \u2013 harc\u00e8lement, discrimination,valeurs et principes de la R\u00e9publique-, projet ou un th\u00e8me li\u00e9 \u00e0 l\u2019Enseignement aux M\u00e9dias et \u00e0 l\u2019Information \u2013 infox..-, etc.)<\/span><\/p>\n<p><span><\/span><\/p>\n<div>\n<p><span>&#8211; un projet d\u2019inscrivant dans le\u00a0<\/span><strong><span>parcours sant\u00e9<\/span><\/strong><span>\u00a0(Lutte contre les conduites addictives, \u00e9ducation \u00e0 la sexualit\u00e9 \/ nutrition, PSC1, s\u00e9curit\u00e9 routi\u00e8re).<\/span><\/p>\n<p><span><\/span><\/p>\n<div>\n<p><span>&#8211; Une\u00a0<\/span><strong><span>mobilit\u00e9 internationale<\/span><\/strong><span>\u00a0(r\u00e9elle ou\u00a0<u>virtuelle<\/u>)<\/span><\/p>\n<p><span><\/span><\/p>\n<\/div>\n<div>\n<div>&#8211; Un projet s&rsquo;inscrivant dans les <strong>Cord\u00e9es de La R\u00e9ussite.<\/strong><\/div>\n<\/div>\n<\/div>\n<div><\/div>\n<div><\/div>\n<div>\n<div><\/div>\n<\/div>\n[\/et_pb_text][\/et_pb_column][\/et_pb_row][\/et_pb_section]\n<!-- AddThis Advanced Settings generic via filter on the_content --><!-- AddThis Share Buttons generic via filter on the_content -->","protected":false},"excerpt":{"rendered":"<p>[et_pb_section fb_built=\u00a0\u00bb1&Prime; admin_label=\u00a0\u00bbsection\u00a0\u00bb _builder_version=\u00a0\u00bb3.22&Prime; global_colors_info=\u00a0\u00bb{}\u00a0\u00bb theme_builder_area=\u00a0\u00bbpost_content\u00a0\u00bb][et_pb_row _builder_version=\u00a0\u00bb4.4.3&Prime; global_colors_info=\u00a0\u00bb{}\u00a0\u00bb theme_builder_area=\u00a0\u00bbpost_content\u00a0\u00bb][et_pb_column type=\u00a0\u00bb4_4&Prime; _builder_version=\u00a0\u00bb4.4.3&Prime; global_colors_info=\u00a0\u00bb{}\u00a0\u00bb theme_builder_area=\u00a0\u00bbpost_content\u00a0\u00bb][et_pb_slider _builder_version=\u00a0\u00bb4.14.8&Prime; background_image=\u00a0\u00bbhttps:\/\/etab.ac-reunion.fr\/clg-bassin-bleu\/wp-content\/uploads\/sites\/111\/2018\/10\/language-school-03.png\u00a0\u00bb background_size=\u00a0\u00bbcontain\u00a0\u00bb content_max_width=\u00a0\u00bb100%\u00a0\u00bb max_height=\u00a0\u00bb1000px\u00a0\u00bb custom_margin=\u00a0\u00bb1px||1px||true|false\u00a0\u00bb custom_padding=\u00a0\u00bb52px||52px||true|false\u00a0\u00bb link_option_url=\u00a0\u00bbhttps:\/\/etab.ac-reunion.fr\/clg-bassin-bleu\/mentions-legales\/\u00a0\u00bb hover_enabled=\u00a0\u00bb0&Prime; locked=\u00a0\u00bboff\u00a0\u00bb global_colors_info=\u00a0\u00bb{}\u00a0\u00bb theme_builder_area=\u00a0\u00bbpost_content\u00a0\u00bb sticky_enabled=\u00a0\u00bb0&Prime;][et_pb_slide heading=\u00a0\u00bbL&rsquo;oral du Brevet\u00a0\u00bb button_link=\u00a0\u00bbhttps:\/\/etab.ac-reunion.fr\/clg-bassin-bleu\/mentions-legales\/\u00a0\u00bb use_bg_overlay=\u00a0\u00bbon\u00a0\u00bb bg_overlay_color=\u00a0\u00bbrgba(255,255,255,0.51)\u00a0\u00bb use_text_overlay=\u00a0\u00bbon\u00a0\u00bb _builder_version=\u00a0\u00bb4.14.8&Prime; background_color=\u00a0\u00bb#ffffff\u00a0\u00bb background_enable_color=\u00a0\u00bbon\u00a0\u00bb background_image=\u00a0\u00bbhttps:\/\/etab.ac-reunion.fr\/clg-bassin-bleu\/wp-content\/uploads\/sites\/111\/2020\/04\/massage-01.png\u00a0\u00bb background_enable_image=\u00a0\u00bbon\u00a0\u00bb background_size=\u00a0\u00bbcontain\u00a0\u00bb custom_button=\u00a0\u00bbon\u00a0\u00bb button_text_color=\u00a0\u00bb#ffffff\u00a0\u00bb button_bg_color=\u00a0\u00bbrgba(107,107,107,0.51)\u00a0\u00bb hover_enabled=\u00a0\u00bb0&Prime; global_colors_info=\u00a0\u00bb{}\u00a0\u00bb sticky_transition=\u00a0\u00bbon\u00a0\u00bb theme_builder_area=\u00a0\u00bbpost_content\u00a0\u00bb locked=\u00a0\u00bboff\u00a0\u00bb title_text=\u00a0\u00bbmassage-01&Prime; sticky_enabled=\u00a0\u00bb0&Prime;][\/et_pb_slide][\/et_pb_slider][\/et_pb_column][\/et_pb_row][et_pb_row _builder_version=\u00a0\u00bb4.14.8&Prime; &hellip;<!-- AddThis Advanced Settings generic via filter on get_the_excerpt --><!-- AddThis Share Buttons generic via filter on get_the_excerpt --><\/p>\n","protected":false},"author":4758,"featured_media":0,"parent":0,"menu_order":0,"comment_status":"closed","ping_status":"closed","template":"","meta":{"footnotes":""},"class_list":["post-8058","page","type-page","status-publish","hentry"],"_links":{"self":[{"href":"https:\/\/etab.ac-reunion.fr\/clg-bassin-bleu\/wp-json\/wp\/v2\/pages\/8058","targetHints":{"allow":["GET"]}}],"collection":[{"href":"https:\/\/etab.ac-reunion.fr\/clg-bassin-bleu\/wp-json\/wp\/v2\/pages"}],"about":[{"href":"https:\/\/etab.ac-reunion.fr\/clg-bassin-bleu\/wp-json\/wp\/v2\/types\/page"}],"author":[{"embeddable":true,"href":"https:\/\/etab.ac-reunion.fr\/clg-bassin-bleu\/wp-json\/wp\/v2\/users\/4758"}],"replies":[{"embeddable":true,"href":"https:\/\/etab.ac-reunion.fr\/clg-bassin-bleu\/wp-json\/wp\/v2\/comments?post=8058"}],"version-history":[{"count":8,"href":"https:\/\/etab.ac-reunion.fr\/clg-bassin-bleu\/wp-json\/wp\/v2\/pages\/8058\/revisions"}],"predecessor-version":[{"id":8069,"href":"https:\/\/etab.ac-reunion.fr\/clg-bassin-bleu\/wp-json\/wp\/v2\/pages\/8058\/revisions\/8069"}],"wp:attachment":[{"href":"https:\/\/etab.ac-reunion.fr\/clg-bassin-bleu\/wp-json\/wp\/v2\/media?parent=8058"}],"curies":[{"name":"wp","href":"https:\/\/api.w.org\/{rel}","templated":true}]}}