{"id":230978,"date":"2022-06-21T10:45:00","date_gmt":"2022-06-21T06:45:00","guid":{"rendered":"http:\/\/college-beausejour.ac-reunion.fr\/?page_id=230978"},"modified":"2022-06-21T11:02:16","modified_gmt":"2022-06-21T07:02:16","slug":"230978-2","status":"publish","type":"page","link":"https:\/\/etab.ac-reunion.fr\/clg-beausejour\/230978-2\/","title":{"rendered":"Charte de la la\u00efcit\u00e9"},"content":{"rendered":"[et_pb_section fb_built=\u00a0\u00bb1&Prime; theme_builder_area=\u00a0\u00bbpost_content\u00a0\u00bb _builder_version=\u00a0\u00bb4.17.4&Prime; _module_preset=\u00a0\u00bbdefault\u00a0\u00bb custom_padding=\u00a0\u00bb||0px||false|false\u00a0\u00bb hover_enabled=\u00a0\u00bb0&Prime; sticky_enabled=\u00a0\u00bb0&Prime;][et_pb_row _builder_version=\u00a0\u00bb4.17.4&Prime; _module_preset=\u00a0\u00bbdefault\u00a0\u00bb theme_builder_area=\u00a0\u00bbpost_content\u00a0\u00bb][et_pb_column _builder_version=\u00a0\u00bb4.17.4&Prime; _module_preset=\u00a0\u00bbdefault\u00a0\u00bb type=\u00a0\u00bb4_4&Prime; theme_builder_area=\u00a0\u00bbpost_content\u00a0\u00bb][et_pb_team_member name=\u00a0\u00bbQu&rsquo;est-ce que la la\u00efcit\u00e9 ?\u00a0\u00bb image_url=\u00a0\u00bbhttps:\/\/etab.ac-reunion.fr\/clg-beausejour\/wp-content\/uploads\/sites\/84\/2022\/06\/laicite\u0301.jpg\u00a0\u00bb position=\u00a0\u00bbColl\u00e8ge Beaus\u00e9jour\u00a0\u00bb _builder_version=\u00a0\u00bb4.17.4&Prime; _module_preset=\u00a0\u00bbdefault\u00a0\u00bb theme_builder_area=\u00a0\u00bbpost_content\u00a0\u00bb title_text=\u00a0\u00bblaicite\u0301\u00a0\u00bb hover_enabled=\u00a0\u00bb0&Prime; sticky_enabled=\u00a0\u00bb0&Prime; header_font=\u00a0\u00bbAladin||||||||\u00a0\u00bb header_level=\u00a0\u00bbh1&Prime; body_font=\u00a0\u00bbAdamina||||||||\u00a0\u00bb body_font_size=\u00a0\u00bb16px\u00a0\u00bb body_letter_spacing=\u00a0\u00bb1px\u00a0\u00bb]\n<p><span>La la\u00efcit\u00e9 est un principe de libert\u00e9, libert\u00e9 de croire ou de ne pas croire. Elle est au fondement de notre soci\u00e9t\u00e9 et de notre \u00e9cole qui doit pr\u00e9server les \u00e9l\u00e8ves de tout pros\u00e9lytisme id\u00e9ologique, \u00e9conomique et religieux.<\/span><\/p>\n<p><span><strong>Pour soutenir les professeurs, les directeurs d\u2019\u00e9cole et les chefs d\u2019\u00e9tablissement\u00a0<\/strong>qui sont parfois confront\u00e9s \u00e0 des remises en cause du principe de la la\u00efcit\u00e9, il a \u00e9t\u00e9 mis en place\u00a0<strong>la charte de la la\u00efcit\u00e9.<\/strong><a href=\"https:\/\/www.education.gouv.fr\/la-laicite-l-ecole-12482\">source<\/a><\/span><\/p>\n[\/et_pb_team_member][\/et_pb_column][\/et_pb_row][\/et_pb_section][et_pb_section fb_built=\u00a0\u00bb1&Prime; theme_builder_area=\u00a0\u00bbpost_content\u00a0\u00bb _builder_version=\u00a0\u00bb4.17.4&Prime; _module_preset=\u00a0\u00bbdefault\u00a0\u00bb custom_padding=\u00a0\u00bb0px||0px||true|false\u00a0\u00bb hover_enabled=\u00a0\u00bb0&Prime; sticky_enabled=\u00a0\u00bb0&Prime;][et_pb_row _builder_version=\u00a0\u00bb4.17.4&Prime; _module_preset=\u00a0\u00bbdefault\u00a0\u00bb theme_builder_area=\u00a0\u00bbpost_content\u00a0\u00bb][et_pb_column _builder_version=\u00a0\u00bb4.17.4&Prime; _module_preset=\u00a0\u00bbdefault\u00a0\u00bb type=\u00a0\u00bb4_4&Prime; theme_builder_area=\u00a0\u00bbpost_content\u00a0\u00bb][et_pb_image src=\u00a0\u00bbhttps:\/\/etab.ac-reunion.fr\/clg-beausejour\/wp-content\/uploads\/sites\/84\/2022\/06\/charte-de-la-laicite\u0301.jpg\u00a0\u00bb _builder_version=\u00a0\u00bb4.17.4&Prime; _module_preset=\u00a0\u00bbdefault\u00a0\u00bb theme_builder_area=\u00a0\u00bbpost_content\u00a0\u00bb title_text=\u00a0\u00bbcharte-de-la-laicite\u0301\u00a0\u00bb hover_enabled=\u00a0\u00bb0&Prime; sticky_enabled=\u00a0\u00bb0&Prime;][\/et_pb_image][\/et_pb_column][\/et_pb_row][\/et_pb_section]\n","protected":false},"excerpt":{"rendered":"<p>La la\u00efcit\u00e9 est un principe de libert\u00e9, libert\u00e9 de croire ou de ne pas croire. Elle est au fondement de notre soci\u00e9t\u00e9 et de notre \u00e9cole qui doit pr\u00e9server les \u00e9l\u00e8ves de tout pros\u00e9lytisme id\u00e9ologique, \u00e9conomique et religieux. Pour soutenir les professeurs, les directeurs d\u2019\u00e9cole et les chefs d\u2019\u00e9tablissement\u00a0qui sont parfois confront\u00e9s \u00e0 des remises [&hellip;]<\/p>\n","protected":false},"author":19616,"featured_media":0,"parent":0,"menu_order":0,"comment_status":"closed","ping_status":"closed","template":"","meta":{"_et_pb_use_builder":"on","_et_pb_old_content":"","_et_gb_content_width":"","footnotes":""},"class_list":["post-230978","page","type-page","status-publish","hentry"],"_links":{"self":[{"href":"https:\/\/etab.ac-reunion.fr\/clg-beausejour\/wp-json\/wp\/v2\/pages\/230978","targetHints":{"allow":["GET"]}}],"collection":[{"href":"https:\/\/etab.ac-reunion.fr\/clg-beausejour\/wp-json\/wp\/v2\/pages"}],"about":[{"href":"https:\/\/etab.ac-reunion.fr\/clg-beausejour\/wp-json\/wp\/v2\/types\/page"}],"author":[{"embeddable":true,"href":"https:\/\/etab.ac-reunion.fr\/clg-beausejour\/wp-json\/wp\/v2\/users\/19616"}],"replies":[{"embeddable":true,"href":"https:\/\/etab.ac-reunion.fr\/clg-beausejour\/wp-json\/wp\/v2\/comments?post=230978"}],"version-history":[{"count":4,"href":"https:\/\/etab.ac-reunion.fr\/clg-beausejour\/wp-json\/wp\/v2\/pages\/230978\/revisions"}],"predecessor-version":[{"id":230989,"href":"https:\/\/etab.ac-reunion.fr\/clg-beausejour\/wp-json\/wp\/v2\/pages\/230978\/revisions\/230989"}],"wp:attachment":[{"href":"https:\/\/etab.ac-reunion.fr\/clg-beausejour\/wp-json\/wp\/v2\/media?parent=230978"}],"curies":[{"name":"wp","href":"https:\/\/api.w.org\/{rel}","templated":true}]}}