{"id":231665,"date":"2025-08-17T19:12:13","date_gmt":"2025-08-17T15:12:13","guid":{"rendered":"https:\/\/etab.ac-reunion.fr\/clg-beausejour\/?page_id=231665"},"modified":"2025-08-17T19:12:13","modified_gmt":"2025-08-17T15:12:13","slug":"reglement-interieur","status":"publish","type":"page","link":"https:\/\/etab.ac-reunion.fr\/clg-beausejour\/reglement-interieur\/","title":{"rendered":"R\u00e8glement int\u00e9rieur"},"content":{"rendered":"\n<div data-wp-interactive=\"core\/file\" class=\"wp-block-file\"><object data-wp-bind--hidden=\"!state.hasPdfPreview\" hidden class=\"wp-block-file__embed\" data=\"https:\/\/etab.ac-reunion.fr\/clg-beausejour\/wp-content\/uploads\/sites\/84\/2025\/08\/reglement-interieur-corrige-Copie.pdf\" type=\"application\/pdf\" style=\"width:100%;height:600px\" aria-label=\"Contenu embarqu\u00e9 r\u00e8glement int\u00e9rieur corrige - Copie.\"><\/object><a id=\"wp-block-file--media-aaaafbcb-c12c-47fd-a561-aad7700b67bf\" href=\"https:\/\/etab.ac-reunion.fr\/clg-beausejour\/wp-content\/uploads\/sites\/84\/2025\/08\/reglement-interieur-corrige-Copie.pdf\">r\u00e8glement int\u00e9rieur corrige &#8211; Copie<\/a><a href=\"https:\/\/etab.ac-reunion.fr\/clg-beausejour\/wp-content\/uploads\/sites\/84\/2025\/08\/reglement-interieur-corrige-Copie.pdf\" class=\"wp-block-file__button wp-element-button\" download aria-describedby=\"wp-block-file--media-aaaafbcb-c12c-47fd-a561-aad7700b67bf\">T\u00e9l\u00e9charger<\/a><\/div>\n","protected":false},"excerpt":{"rendered":"","protected":false},"author":19616,"featured_media":0,"parent":0,"menu_order":0,"comment_status":"closed","ping_status":"closed","template":"","meta":{"_et_pb_use_builder":"off","_et_pb_old_content":"","_et_gb_content_width":"","footnotes":""},"class_list":["post-231665","page","type-page","status-publish","hentry"],"_links":{"self":[{"href":"https:\/\/etab.ac-reunion.fr\/clg-beausejour\/wp-json\/wp\/v2\/pages\/231665","targetHints":{"allow":["GET"]}}],"collection":[{"href":"https:\/\/etab.ac-reunion.fr\/clg-beausejour\/wp-json\/wp\/v2\/pages"}],"about":[{"href":"https:\/\/etab.ac-reunion.fr\/clg-beausejour\/wp-json\/wp\/v2\/types\/page"}],"author":[{"embeddable":true,"href":"https:\/\/etab.ac-reunion.fr\/clg-beausejour\/wp-json\/wp\/v2\/users\/19616"}],"replies":[{"embeddable":true,"href":"https:\/\/etab.ac-reunion.fr\/clg-beausejour\/wp-json\/wp\/v2\/comments?post=231665"}],"version-history":[{"count":2,"href":"https:\/\/etab.ac-reunion.fr\/clg-beausejour\/wp-json\/wp\/v2\/pages\/231665\/revisions"}],"predecessor-version":[{"id":231668,"href":"https:\/\/etab.ac-reunion.fr\/clg-beausejour\/wp-json\/wp\/v2\/pages\/231665\/revisions\/231668"}],"wp:attachment":[{"href":"https:\/\/etab.ac-reunion.fr\/clg-beausejour\/wp-json\/wp\/v2\/media?parent=231665"}],"curies":[{"name":"wp","href":"https:\/\/api.w.org\/{rel}","templated":true}]}}