{"id":18,"date":"2013-12-16T20:25:06","date_gmt":"2013-12-16T16:25:06","guid":{"rendered":"http:\/\/college-boisdenefles-tmp.ac-reunion.fr\/?page_id=18"},"modified":"2024-03-20T08:48:14","modified_gmt":"2024-03-20T04:48:14","slug":"horaires-du-college","status":"publish","type":"page","link":"https:\/\/etab.ac-reunion.fr\/clg-bois-de-nefles\/presentation-du-college\/horaires-du-college\/","title":{"rendered":"Les Horaires du Coll\u00e8ge"},"content":{"rendered":"<p><strong>MATIN<\/strong><\/p>\n<ul>\n<li><strong>07H40 :<\/strong> ouverture des portes du\u00a0coll\u00e8ge.<\/li>\n<li><strong>07H50 :<\/strong> les \u00e9l\u00e8ves se rangent et les professeurs viennent les chercher.<\/li>\n<\/ul>\n<p><strong>D\u00c9BUT DES COURS, MARQU\u00c9 PAR LA SONNERIE DE : 07H55<\/strong><\/p>\n<ul>\n<li>M1 \u00a0 \u00a0 \u00a0 \u00a0 \u00a0 \u00a0 \u00a0 \u00a0 \u00a0 \u00a0 \u00a0 \u00a0 07h55\u00a0\u2013 08h50<\/li>\n<li>M2 \u00a0 \u00a0 \u00a0 \u00a0 \u00a0 \u00a0 \u00a0 \u00a0 \u00a0 \u00a0 \u00a0 \u00a0 08h55 \u2013 09h50<\/li>\n<li><strong>R\u00c9CR\u00c9ATION :\u00a0<\/strong> \u00a0 \u00a0 \u00a0 \u00a0 \u00a0\u00a0 \u00a0 09h50 \u2013 10h05<\/li>\n<li>M3 \u00a0 \u00a0 \u00a0 \u00a0 \u00a0 \u00a0 \u00a0 \u00a0 \u00a0 \u00a0 \u00a0 \u00a0 10h05 \u2013 11h00<\/li>\n<li>M4 \u00a0 \u00a0 \u00a0 \u00a0 \u00a0 \u00a0 \u00a0 \u00a0 \u00a0 \u00a0 \u00a0 \u00a0 11h05 \u201312h00<\/li>\n<\/ul>\n<p><strong><\/strong><strong>APR\u00c8S MIDI<\/strong><br \/><\/p>\n<ul>\n<li><strong>13H20 :<\/strong> ouverture des portes du coll\u00e8ge<\/li>\n<li><strong>13h25 :<\/strong> les \u00e9l\u00e8ves se \u00a0rangent et les professeurs viennent les chercher.<\/li>\n<\/ul>\n<p><strong>D\u00c9BUT DES COURS, MARQU\u00c9 PAR LA SONNERIE DE : 13h30<\/strong><\/p>\n<ul>\n<li>S1 \u00a0 \u00a0 \u00a0 \u00a0 \u00a0 \u00a0 \u00a0 \u00a0 \u00a0 \u00a0 \u00a0 \u00a0 13h30 \u2013 14h25<\/li>\n<li>S2 \u00a0 \u00a0 \u00a0 \u00a0 \u00a0 \u00a0 \u00a0 \u00a0 \u00a0 \u00a0 \u00a0 \u00a0 14h30 \u2013 15h25<\/li>\n<li><strong>R\u00c9CR\u00c9ATION :<\/strong> \u00a0 \u00a0 \u00a0 \u00a0 \u00a0 \u00a0 15H25 \u201315H35<\/li>\n<li>S3 \u00a0 \u00a0 \u00a0 \u00a0 \u00a0 \u00a0 \u00a0 \u00a0 \u00a0 \u00a0 \u00a0 \u00a0 15h35 \u2013 16h30<\/li>\n<\/ul>\n\n\n<p><\/p>\n","protected":false},"excerpt":{"rendered":"<p>MATIN 07H40 : ouverture des portes du\u00a0coll\u00e8ge. 07H50 : les \u00e9l\u00e8ves se rangent et les professeurs viennent les chercher. D\u00c9BUT DES COURS, MARQU\u00c9 PAR LA SONNERIE DE : 07H55 M1 \u00a0 \u00a0 \u00a0 \u00a0 \u00a0 \u00a0 \u00a0 \u00a0 \u00a0 \u00a0 \u00a0 \u00a0 07h55\u00a0\u2013 08h50 M2 \u00a0 \u00a0 \u00a0 \u00a0 \u00a0 &hellip;<\/p>\n","protected":false},"author":280,"featured_media":0,"parent":2296,"menu_order":0,"comment_status":"closed","ping_status":"closed","template":"","meta":{"footnotes":""},"class_list":["post-18","page","type-page","status-publish","hentry"],"_links":{"self":[{"href":"https:\/\/etab.ac-reunion.fr\/clg-bois-de-nefles\/wp-json\/wp\/v2\/pages\/18","targetHints":{"allow":["GET"]}}],"collection":[{"href":"https:\/\/etab.ac-reunion.fr\/clg-bois-de-nefles\/wp-json\/wp\/v2\/pages"}],"about":[{"href":"https:\/\/etab.ac-reunion.fr\/clg-bois-de-nefles\/wp-json\/wp\/v2\/types\/page"}],"author":[{"embeddable":true,"href":"https:\/\/etab.ac-reunion.fr\/clg-bois-de-nefles\/wp-json\/wp\/v2\/users\/280"}],"replies":[{"embeddable":true,"href":"https:\/\/etab.ac-reunion.fr\/clg-bois-de-nefles\/wp-json\/wp\/v2\/comments?post=18"}],"version-history":[{"count":9,"href":"https:\/\/etab.ac-reunion.fr\/clg-bois-de-nefles\/wp-json\/wp\/v2\/pages\/18\/revisions"}],"predecessor-version":[{"id":1892,"href":"https:\/\/etab.ac-reunion.fr\/clg-bois-de-nefles\/wp-json\/wp\/v2\/pages\/18\/revisions\/1892"}],"up":[{"embeddable":true,"href":"https:\/\/etab.ac-reunion.fr\/clg-bois-de-nefles\/wp-json\/wp\/v2\/pages\/2296"}],"wp:attachment":[{"href":"https:\/\/etab.ac-reunion.fr\/clg-bois-de-nefles\/wp-json\/wp\/v2\/media?parent=18"}],"curies":[{"name":"wp","href":"https:\/\/api.w.org\/{rel}","templated":true}]}}