{"id":2190,"date":"2023-10-29T23:15:54","date_gmt":"2023-10-29T19:15:54","guid":{"rendered":"https:\/\/etab.ac-reunion.fr\/clg-bois-de-nefles\/?page_id=2190"},"modified":"2023-11-10T20:39:13","modified_gmt":"2023-11-10T16:39:13","slug":"informations-generales","status":"publish","type":"page","link":"https:\/\/etab.ac-reunion.fr\/clg-bois-de-nefles\/section-internationale-britannique\/informations-generales\/","title":{"rendered":"Pr\u00e9sentation"},"content":{"rendered":"<a href=\"https:\/\/etab.ac-reunion.fr\/clg-bois-de-nefles\/wp-content\/uploads\/sites\/41\/2023\/11\/charte-SIB-v1.pdf\" class=\"pdfemb-viewer\" style=\"\" data-width=\"max\" data-height=\"max\" data-toolbar=\"bottom\" data-toolbar-fixed=\"off\">charte-SIB-v1<\/a>\n<p class=\"wp-block-pdfemb-pdf-embedder-viewer\"><\/p>\n\n\n\n<p><strong>Les enseignants en SIB sont :<\/strong><\/p>\n\n\n\n<p><strong>M. Duchesne Nicolas<\/strong> : Discipline Non Linguistique (DNL) \u2013 Histoire-G\u00e9ographie (en anglais et en fran\u00e7ais)<\/p>\n\n\n\n<p><strong>Mme Lamar C\u00e9cile<\/strong> : Professeure de langue et litt\u00e9rature du monde anglophone<\/p>\n","protected":false},"excerpt":{"rendered":"<p>Les enseignants en SIB sont : M. Duchesne Nicolas : Discipline Non Linguistique (DNL) \u2013 Histoire-G\u00e9ographie (en anglais et en fran\u00e7ais) Mme Lamar C\u00e9cile : Professeure de langue et litt\u00e9rature du monde anglophone<\/p>\n","protected":false},"author":14190,"featured_media":0,"parent":2160,"menu_order":0,"comment_status":"closed","ping_status":"closed","template":"","meta":{"footnotes":""},"class_list":["post-2190","page","type-page","status-publish","hentry"],"_links":{"self":[{"href":"https:\/\/etab.ac-reunion.fr\/clg-bois-de-nefles\/wp-json\/wp\/v2\/pages\/2190","targetHints":{"allow":["GET"]}}],"collection":[{"href":"https:\/\/etab.ac-reunion.fr\/clg-bois-de-nefles\/wp-json\/wp\/v2\/pages"}],"about":[{"href":"https:\/\/etab.ac-reunion.fr\/clg-bois-de-nefles\/wp-json\/wp\/v2\/types\/page"}],"author":[{"embeddable":true,"href":"https:\/\/etab.ac-reunion.fr\/clg-bois-de-nefles\/wp-json\/wp\/v2\/users\/14190"}],"replies":[{"embeddable":true,"href":"https:\/\/etab.ac-reunion.fr\/clg-bois-de-nefles\/wp-json\/wp\/v2\/comments?post=2190"}],"version-history":[{"count":4,"href":"https:\/\/etab.ac-reunion.fr\/clg-bois-de-nefles\/wp-json\/wp\/v2\/pages\/2190\/revisions"}],"predecessor-version":[{"id":2259,"href":"https:\/\/etab.ac-reunion.fr\/clg-bois-de-nefles\/wp-json\/wp\/v2\/pages\/2190\/revisions\/2259"}],"up":[{"embeddable":true,"href":"https:\/\/etab.ac-reunion.fr\/clg-bois-de-nefles\/wp-json\/wp\/v2\/pages\/2160"}],"wp:attachment":[{"href":"https:\/\/etab.ac-reunion.fr\/clg-bois-de-nefles\/wp-json\/wp\/v2\/media?parent=2190"}],"curies":[{"name":"wp","href":"https:\/\/api.w.org\/{rel}","templated":true}]}}