{"id":2192,"date":"2023-10-29T23:15:54","date_gmt":"2023-10-29T19:15:54","guid":{"rendered":"https:\/\/etab.ac-reunion.fr\/clg-bois-de-nefles\/?page_id=2192"},"modified":"2024-08-28T01:25:09","modified_gmt":"2024-08-27T21:25:09","slug":"sorties-et-projets-locaux","status":"publish","type":"page","link":"https:\/\/etab.ac-reunion.fr\/clg-bois-de-nefles\/section-internationale-britannique\/sorties-et-projets-locaux\/","title":{"rendered":"Sorties et projets locaux"},"content":{"rendered":"\n<hr class=\"wp-block-separator has-alpha-channel-opacity\" \/>\n\n\n<ul class=\"wp-block-latest-posts__list has-dates wp-block-latest-posts\"><li><a class=\"wp-block-latest-posts__post-title\" href=\"https:\/\/etab.ac-reunion.fr\/clg-bois-de-nefles\/2026\/04\/14\/quelques-projets-et-sorties-des-sib-en-photos\/\">Quelques projets et sorties des SIB &#8230;. en photos.<\/a><time datetime=\"2026-04-14T11:28:18+04:00\" class=\"wp-block-latest-posts__post-date\">14 avril 2026<\/time><div class=\"wp-block-latest-posts__post-excerpt\">La journ\u00e9e d&rsquo;int\u00e9gration entre les 6\u00e8me et les 4\u00e8me SIB Du th\u00e9\u00e2tre en anglais : Dr Jekyll and Mr Hyde \u00e0 la Cit\u00e9 des Arts ! Quand coll\u00e9giens et lyc\u00e9ens se retrouvent Rencontres inter degr\u00e9s : Primaire, coll\u00e8ge et lyc\u00e9e<\/div><\/li>\n<li><a class=\"wp-block-latest-posts__post-title\" href=\"https:\/\/etab.ac-reunion.fr\/clg-bois-de-nefles\/2025\/02\/04\/integration-des-6e-4e-sib\/\">Int\u00e9gration des 6e-4e SIB<\/a><time datetime=\"2025-02-04T08:37:34+04:00\" class=\"wp-block-latest-posts__post-date\">4 f\u00e9vrier 2025<\/time><div class=\"wp-block-latest-posts__post-excerpt\"><\/div><\/li>\n<li><div class=\"wp-block-latest-posts__featured-image\"><img loading=\"lazy\" decoding=\"async\" width=\"150\" height=\"150\" src=\"https:\/\/etab.ac-reunion.fr\/clg-bois-de-nefles\/wp-content\/uploads\/sites\/41\/2023\/11\/sib1-150x150.png\" class=\"attachment-thumbnail size-thumbnail wp-post-image\" alt=\"\" style=\"\" \/><\/div><a class=\"wp-block-latest-posts__post-title\" href=\"https:\/\/etab.ac-reunion.fr\/clg-bois-de-nefles\/2024\/08\/28\/sortie-theatre-en-anglais\/\">Sortie th\u00e9\u00e2tre en anglais<\/a><time datetime=\"2024-08-28T01:22:11+04:00\" class=\"wp-block-latest-posts__post-date\">28 ao\u00fbt 2024<\/time><div class=\"wp-block-latest-posts__post-excerpt\">Les \u00e9l\u00e8ves de 3e SIB, 3\u00e8 LCE, 301, 4e SIB et 4e LCE ont particip\u00e9 \u00e0 la sortie th\u00e9\u00e2tre en anglais de l\u2019ann\u00e9e\u00a0et sont all\u00e9s voir une adaptation de la vie de Nelson Mandela au th\u00e9\u00e2tre du Fanal de St Denis\u00a0! Suite au visionnage de la pi\u00e8ce, d\u00e9couvrez les avis des \u00e9l\u00e8ves\u00a0: https:\/\/padlet.com\/misslamarenglish\/46664-prisoner-nelson-mandela-d5xhmk3t4zeqtlkh<\/div><\/li>\n<li><div class=\"wp-block-latest-posts__featured-image\"><img loading=\"lazy\" decoding=\"async\" width=\"150\" height=\"150\" src=\"https:\/\/etab.ac-reunion.fr\/clg-bois-de-nefles\/wp-content\/uploads\/sites\/41\/2024\/08\/photo-150x150.jpeg\" class=\"attachment-thumbnail size-thumbnail wp-post-image\" alt=\"\" style=\"\" \/><\/div><a class=\"wp-block-latest-posts__post-title\" href=\"https:\/\/etab.ac-reunion.fr\/clg-bois-de-nefles\/2024\/08\/28\/les-sib-en-atelier-decriture-anglais\/\">Les SIB en atelier d&rsquo;\u00e9criture (anglais)<\/a><time datetime=\"2024-08-28T01:17:00+04:00\" class=\"wp-block-latest-posts__post-date\">28 ao\u00fbt 2024<\/time><div class=\"wp-block-latest-posts__post-excerpt\">Les 6e SIB \u00e9crivent et publient leur premi\u00e8re histoire en anglais sur le th\u00e8me des \u00ab\u00a0l\u00e9gendes de la mer\u00a0\u00bb Venez d\u00e9couvrir leurs nouvelles en suivant le lien vers notre magazine Madmagz &gt; https:\/\/madmagz.com\/fr\/magazine\/2112338?gar#\/<\/div><\/li>\n<li><div class=\"wp-block-latest-posts__featured-image\"><img loading=\"lazy\" decoding=\"async\" width=\"150\" height=\"150\" src=\"https:\/\/etab.ac-reunion.fr\/clg-bois-de-nefles\/wp-content\/uploads\/sites\/41\/2024\/08\/jekyll-150x150.jpg\" class=\"attachment-thumbnail size-thumbnail wp-post-image\" alt=\"\" style=\"\" \/><\/div><a class=\"wp-block-latest-posts__post-title\" href=\"https:\/\/etab.ac-reunion.fr\/clg-bois-de-nefles\/2024\/08\/28\/les-sib-au-theatre-the-legend-of-king-arthur\/\">Les SIB au th\u00e9\u00e2tre \u00ab\u00a0The legend of King Arthur\u00a0\u00bb<\/a><time datetime=\"2024-08-28T01:15:45+04:00\" class=\"wp-block-latest-posts__post-date\">28 ao\u00fbt 2024<\/time><div class=\"wp-block-latest-posts__post-excerpt\">Les \u00e9l\u00e8ves de section internationale britannique et de LCE anglais ont eu la chance de pouvoir assister \u00e0 deux repr\u00e9sentations th\u00e9\u00e2trales en anglais: &#8211; The Legend of King Arthur, pour les 6e et les 5e &#8211; Dr Jekyll and Mr Hyde, pour les 4e et les 3e Bravo \u00e0 l&rsquo;association \u00ab\u00a0Th\u00e9\u00e2tre en anglais\u00a0\u00bb pour ces &hellip;<\/div><\/li>\n<li><a class=\"wp-block-latest-posts__post-title\" href=\"https:\/\/etab.ac-reunion.fr\/clg-bois-de-nefles\/2023\/10\/30\/3e-sib-2022-2023-escape-game\/\">3e SIB 2022-2023 : Escape Game<\/a><time datetime=\"2023-10-30T00:20:24+04:00\" class=\"wp-block-latest-posts__post-date\">30 octobre 2023<\/time><div class=\"wp-block-latest-posts__post-excerpt\"><\/div><\/li>\n<li><a class=\"wp-block-latest-posts__post-title\" href=\"https:\/\/etab.ac-reunion.fr\/clg-bois-de-nefles\/2023\/10\/30\/3e-sib-2022-2023-day-2-treasure-hunt-in-st-paul\/\">3e SIB 2022-2023 : Day 2 &#8211; TREASURE HUNT in St Paul<\/a><time datetime=\"2023-10-30T00:14:53+04:00\" class=\"wp-block-latest-posts__post-date\">30 octobre 2023<\/time><div class=\"wp-block-latest-posts__post-excerpt\">Discovering Piracy in Reunion island (Adrien, max &amp; C\u00e9lia, 3e SIB 2022-23) During our small journey to l\u2019Etang Sal\u00e9 on the 11th , we had a small trip that taught us about Piracy ! It all started with La Grotte du Peuplement. We met a wonderful guide that told us stories about the pirates in &hellip;<\/div><\/li>\n<li><a class=\"wp-block-latest-posts__post-title\" href=\"https:\/\/etab.ac-reunion.fr\/clg-bois-de-nefles\/2023\/10\/30\/3e-sib-2022-2023-day-1-house-of-the-coconut-visit\/\">3e SIB 2022-2023 :  Day 1 &#8211; House of the COCONUT visit<\/a><time datetime=\"2023-10-30T00:07:46+04:00\" class=\"wp-block-latest-posts__post-date\">30 octobre 2023<\/time><div class=\"wp-block-latest-posts__post-excerpt\"><\/div><\/li>\n<\/ul>","protected":false},"excerpt":{"rendered":"","protected":false},"author":14190,"featured_media":2244,"parent":2160,"menu_order":0,"comment_status":"closed","ping_status":"closed","template":"","meta":{"footnotes":""},"class_list":["post-2192","page","type-page","status-publish","has-post-thumbnail","hentry"],"_links":{"self":[{"href":"https:\/\/etab.ac-reunion.fr\/clg-bois-de-nefles\/wp-json\/wp\/v2\/pages\/2192","targetHints":{"allow":["GET"]}}],"collection":[{"href":"https:\/\/etab.ac-reunion.fr\/clg-bois-de-nefles\/wp-json\/wp\/v2\/pages"}],"about":[{"href":"https:\/\/etab.ac-reunion.fr\/clg-bois-de-nefles\/wp-json\/wp\/v2\/types\/page"}],"author":[{"embeddable":true,"href":"https:\/\/etab.ac-reunion.fr\/clg-bois-de-nefles\/wp-json\/wp\/v2\/users\/14190"}],"replies":[{"embeddable":true,"href":"https:\/\/etab.ac-reunion.fr\/clg-bois-de-nefles\/wp-json\/wp\/v2\/comments?post=2192"}],"version-history":[{"count":13,"href":"https:\/\/etab.ac-reunion.fr\/clg-bois-de-nefles\/wp-json\/wp\/v2\/pages\/2192\/revisions"}],"predecessor-version":[{"id":2473,"href":"https:\/\/etab.ac-reunion.fr\/clg-bois-de-nefles\/wp-json\/wp\/v2\/pages\/2192\/revisions\/2473"}],"up":[{"embeddable":true,"href":"https:\/\/etab.ac-reunion.fr\/clg-bois-de-nefles\/wp-json\/wp\/v2\/pages\/2160"}],"wp:featuredmedia":[{"embeddable":true,"href":"https:\/\/etab.ac-reunion.fr\/clg-bois-de-nefles\/wp-json\/wp\/v2\/media\/2244"}],"wp:attachment":[{"href":"https:\/\/etab.ac-reunion.fr\/clg-bois-de-nefles\/wp-json\/wp\/v2\/media?parent=2192"}],"curies":[{"name":"wp","href":"https:\/\/api.w.org\/{rel}","templated":true}]}}