{"id":2194,"date":"2023-10-29T23:15:54","date_gmt":"2023-10-29T19:15:54","guid":{"rendered":"https:\/\/etab.ac-reunion.fr\/clg-bois-de-nefles\/?page_id=2194"},"modified":"2024-08-28T01:13:26","modified_gmt":"2024-08-27T21:13:26","slug":"ouverture-europeenne-et-internationale","status":"publish","type":"page","link":"https:\/\/etab.ac-reunion.fr\/clg-bois-de-nefles\/section-internationale-britannique\/ouverture-europeenne-et-internationale\/","title":{"rendered":"Ouverture europ\u00e9enne et internationale"},"content":{"rendered":"<ul class=\"wp-block-latest-posts__list has-dates has-author wp-block-latest-posts\"><li><a class=\"wp-block-latest-posts__post-title\" href=\"https:\/\/etab.ac-reunion.fr\/clg-bois-de-nefles\/2025\/02\/04\/etwinning-macedonia\/\">Etwinning Macedonia<\/a><div class=\"wp-block-latest-posts__post-author\">par Severin Didier<\/div><time datetime=\"2025-02-04T08:35:41+04:00\" class=\"wp-block-latest-posts__post-date\">4 f\u00e9vrier 2025<\/time><div class=\"wp-block-latest-posts__post-excerpt\"><\/div><\/li>\n<li><div class=\"wp-block-latest-posts__featured-image\"><img loading=\"lazy\" decoding=\"async\" width=\"150\" height=\"150\" src=\"https:\/\/etab.ac-reunion.fr\/clg-bois-de-nefles\/wp-content\/uploads\/sites\/41\/2024\/08\/group-pic-150x150.png\" class=\"attachment-thumbnail size-thumbnail wp-post-image\" alt=\"\" style=\"\" \/><\/div><a class=\"wp-block-latest-posts__post-title\" href=\"https:\/\/etab.ac-reunion.fr\/clg-bois-de-nefles\/2024\/08\/28\/les-3e-sib-acteurs-de-notre-premiere-mobilite-erasmus-en-croatie\/\">Les 3e SIB acteurs de notre premi\u00e8re mobilit\u00e9 Erasmus en Croatie !<\/a><div class=\"wp-block-latest-posts__post-author\">par Severin Didier<\/div><time datetime=\"2024-08-28T01:01:50+04:00\" class=\"wp-block-latest-posts__post-date\">28 ao\u00fbt 2024<\/time><div class=\"wp-block-latest-posts__post-excerpt\">Les \u00e9l\u00e8ves de section internationale ont eu la chance de voir leur projet scoutisme \u00ab\u00a0Young European Scouts\u00a0\u00bb aboutir sur un voyage scolaqire \u00e0 Zagreb, en Croatie. Ils sont donc partis \u00e0 la rencontre de leurs correspondants croates et ont pu vivre toutes sortes d&rsquo;exp\u00e9riences riches en \u00e9motion. Ils racontent leur exp\u00e9rience dans le magazine du &hellip;<\/div><\/li>\n<li><div class=\"wp-block-latest-posts__featured-image\"><img loading=\"lazy\" decoding=\"async\" width=\"150\" height=\"150\" src=\"https:\/\/etab.ac-reunion.fr\/clg-bois-de-nefles\/wp-content\/uploads\/sites\/41\/2023\/11\/Image1-150x150.jpg\" class=\"attachment-thumbnail size-thumbnail wp-post-image\" alt=\"\" style=\"\" \/><\/div><a class=\"wp-block-latest-posts__post-title\" href=\"https:\/\/etab.ac-reunion.fr\/clg-bois-de-nefles\/2023\/11\/10\/un-premier-projet-erasmus-se-prepare-2023-24\/\">Un premier projet Erasmus se pr\u00e9pare (2023-24)<\/a><div class=\"wp-block-latest-posts__post-author\">par Severin Didier<\/div><time datetime=\"2023-11-10T21:07:46+04:00\" class=\"wp-block-latest-posts__post-date\">10 novembre 2023<\/time><div class=\"wp-block-latest-posts__post-excerpt\">L&rsquo;an dernier, le coll\u00e8ge de Bois de N\u00e8fles a d\u00e9croch\u00e9 l&rsquo;accr\u00e9ditation Erasmus! Les \u00e9l\u00e8ves de 3e SIB promo 2023-24 seront les premiers \u00e0 b\u00e9n\u00e9ficier d&rsquo;un projet et s\u00e9jour Erasmus partiellement financ\u00e9 par l&rsquo;Europe. Voici le projet qui se pr\u00e9pare&#8230;<\/div><\/li>\n<li><div class=\"wp-block-latest-posts__featured-image\"><img loading=\"lazy\" decoding=\"async\" width=\"150\" height=\"150\" src=\"https:\/\/etab.ac-reunion.fr\/clg-bois-de-nefles\/wp-content\/uploads\/sites\/41\/2023\/11\/Documento-A4-Carta-Navidena-para-Papa-Noel-Dibujada-a-Mano-en-Acuarela-Infantil-Blanco-Rojo-y-Verde-150x150.png\" class=\"attachment-thumbnail size-thumbnail wp-post-image\" alt=\"\" style=\"\" \/><\/div><a class=\"wp-block-latest-posts__post-title\" href=\"https:\/\/etab.ac-reunion.fr\/clg-bois-de-nefles\/2023\/11\/10\/des-correspondants-et-cartes-de-noel-entre-lespagne-et-la-france-2022-23\/\">Des correspondants et cartes de No\u00ebl entre l\u2019Espagne et la France (2022-23) !<\/a><div class=\"wp-block-latest-posts__post-author\">par Severin Didier<\/div><time datetime=\"2023-11-10T20:47:25+04:00\" class=\"wp-block-latest-posts__post-date\">10 novembre 2023<\/time><div class=\"wp-block-latest-posts__post-excerpt\">Les \u00e9l\u00e8ves de 4e SIB (promo 2022-23) ont eu la chance de correspondre avec des \u00e9l\u00e8ves de classe bilangue de l\u2019\u00e9tablissement IESO Matias Ramon Martinez (Estr\u00e9madure, ESPAGNE). Ils ont envoy\u00e9 des lettres papier dans un premier temps pour faire connaissance, puis ont envoy\u00e9 des cartes virtuelles de No\u00ebl pour \u00e9changer en anglais sur les traditions &hellip;<\/div><\/li>\n<\/ul>","protected":false},"excerpt":{"rendered":"","protected":false},"author":14190,"featured_media":0,"parent":2160,"menu_order":0,"comment_status":"closed","ping_status":"closed","template":"","meta":{"footnotes":""},"class_list":["post-2194","page","type-page","status-publish","hentry"],"_links":{"self":[{"href":"https:\/\/etab.ac-reunion.fr\/clg-bois-de-nefles\/wp-json\/wp\/v2\/pages\/2194","targetHints":{"allow":["GET"]}}],"collection":[{"href":"https:\/\/etab.ac-reunion.fr\/clg-bois-de-nefles\/wp-json\/wp\/v2\/pages"}],"about":[{"href":"https:\/\/etab.ac-reunion.fr\/clg-bois-de-nefles\/wp-json\/wp\/v2\/types\/page"}],"author":[{"embeddable":true,"href":"https:\/\/etab.ac-reunion.fr\/clg-bois-de-nefles\/wp-json\/wp\/v2\/users\/14190"}],"replies":[{"embeddable":true,"href":"https:\/\/etab.ac-reunion.fr\/clg-bois-de-nefles\/wp-json\/wp\/v2\/comments?post=2194"}],"version-history":[{"count":8,"href":"https:\/\/etab.ac-reunion.fr\/clg-bois-de-nefles\/wp-json\/wp\/v2\/pages\/2194\/revisions"}],"predecessor-version":[{"id":2460,"href":"https:\/\/etab.ac-reunion.fr\/clg-bois-de-nefles\/wp-json\/wp\/v2\/pages\/2194\/revisions\/2460"}],"up":[{"embeddable":true,"href":"https:\/\/etab.ac-reunion.fr\/clg-bois-de-nefles\/wp-json\/wp\/v2\/pages\/2160"}],"wp:attachment":[{"href":"https:\/\/etab.ac-reunion.fr\/clg-bois-de-nefles\/wp-json\/wp\/v2\/media?parent=2194"}],"curies":[{"name":"wp","href":"https:\/\/api.w.org\/{rel}","templated":true}]}}