{"id":2291,"date":"2024-03-20T08:40:34","date_gmt":"2024-03-20T04:40:34","guid":{"rendered":"https:\/\/etab.ac-reunion.fr\/clg-bois-de-nefles\/?page_id=2291"},"modified":"2024-03-20T08:46:59","modified_gmt":"2024-03-20T04:46:59","slug":"pole-inclusif-daccompagnement-localise","status":"publish","type":"page","link":"https:\/\/etab.ac-reunion.fr\/clg-bois-de-nefles\/presentation-du-college\/pole-inclusif-daccompagnement-localise\/","title":{"rendered":"P\u00f4le Inclusif d&rsquo;Accompagnement Localis\u00e9"},"content":{"rendered":"\n<p><strong>Secr\u00e9tariat PIAL\u00a0 04 :<\/strong><\/p>\n\n\n\n<p>Madame MOUNITCHY Ingrid<\/p>\n\n\n\n<p>Madame TECHER G\u00e9raldine<\/p>\n\n\n\n<p><\/p>\n\n\n\n<p><strong>T\u00e9l\u00e9phone :<\/strong> 0262 97 96 24<\/p>\n\n\n\n<p><strong>Adresse mail :<\/strong> pial.9740128W@ac-reunion.fr<\/p>\n","protected":false},"excerpt":{"rendered":"<p>Secr\u00e9tariat PIAL\u00a0 04 : Madame MOUNITCHY Ingrid Madame TECHER G\u00e9raldine T\u00e9l\u00e9phone : 0262 97 96 24 Adresse mail : pial.9740128W@ac-reunion.fr<\/p>\n","protected":false},"author":14190,"featured_media":0,"parent":2296,"menu_order":0,"comment_status":"closed","ping_status":"closed","template":"","meta":{"footnotes":""},"class_list":["post-2291","page","type-page","status-publish","hentry"],"_links":{"self":[{"href":"https:\/\/etab.ac-reunion.fr\/clg-bois-de-nefles\/wp-json\/wp\/v2\/pages\/2291","targetHints":{"allow":["GET"]}}],"collection":[{"href":"https:\/\/etab.ac-reunion.fr\/clg-bois-de-nefles\/wp-json\/wp\/v2\/pages"}],"about":[{"href":"https:\/\/etab.ac-reunion.fr\/clg-bois-de-nefles\/wp-json\/wp\/v2\/types\/page"}],"author":[{"embeddable":true,"href":"https:\/\/etab.ac-reunion.fr\/clg-bois-de-nefles\/wp-json\/wp\/v2\/users\/14190"}],"replies":[{"embeddable":true,"href":"https:\/\/etab.ac-reunion.fr\/clg-bois-de-nefles\/wp-json\/wp\/v2\/comments?post=2291"}],"version-history":[{"count":1,"href":"https:\/\/etab.ac-reunion.fr\/clg-bois-de-nefles\/wp-json\/wp\/v2\/pages\/2291\/revisions"}],"predecessor-version":[{"id":2292,"href":"https:\/\/etab.ac-reunion.fr\/clg-bois-de-nefles\/wp-json\/wp\/v2\/pages\/2291\/revisions\/2292"}],"up":[{"embeddable":true,"href":"https:\/\/etab.ac-reunion.fr\/clg-bois-de-nefles\/wp-json\/wp\/v2\/pages\/2296"}],"wp:attachment":[{"href":"https:\/\/etab.ac-reunion.fr\/clg-bois-de-nefles\/wp-json\/wp\/v2\/media?parent=2291"}],"curies":[{"name":"wp","href":"https:\/\/api.w.org\/{rel}","templated":true}]}}