{"id":34,"date":"2014-01-05T22:12:49","date_gmt":"2014-01-05T18:12:49","guid":{"rendered":"http:\/\/college-boisdenefles-tmp.ac-reunion.fr\/?page_id=34"},"modified":"2020-12-06T22:41:31","modified_gmt":"2020-12-06T18:41:31","slug":"mentions-legales","status":"publish","type":"page","link":"https:\/\/etab.ac-reunion.fr\/clg-bois-de-nefles\/mentions-legales\/","title":{"rendered":"Mentions l\u00e9gales"},"content":{"rendered":"<p><strong><em>\u00c9diteur:<\/em><\/strong><\/p>\n<p>Coll\u00e8ge de Bois de N\u00e8fles<\/p>\n<p>5, chemin des Francisc\u00e9as<\/p>\n<p>97490 Sainte-Clotilde<\/p>\n<p>Sainte-Clotilde \u2013 R\u00c9UNION<\/p>\n<p>T\u00e9l:\u00a00262.97.96.10<\/p>\n<p>Fax:\u00a00262.29.03.41<\/p>\n<p>&nbsp;<\/p>\n<p><strong><em>Directeur de la publication et responsable de la r\u00e9daction:<\/em><\/strong><\/p>\n<p>Mme Delpierre Odile, Chef d\u2019\u00e9tablissement et Mme Ledonn\u00e9 Yannick , principale adjointe.<\/p>\n<p>&nbsp;<\/p>\n<p><strong><em>Conception et r\u00e9alisation:<\/em><\/strong><\/p>\n<p>R\u00e9alisation interne \u00e0 l\u2019\u00e9tablissement par:<\/p>\n<p>\u2013 M. TURPIN Eric \u2013 professeur d\u2019anglais.<\/p>\n<p>&nbsp;<\/p>\n<p><strong><em>Fournisseur de l\u2019h\u00e9bergement:<\/em><\/strong><\/p>\n<p>Rectorat de l\u2019Acad\u00e9mie de La R\u00e9union<\/p>\n<p>Secr\u00e9tariat g\u00e9n\u00e9ral \u2013 Service Communication<\/p>\n<p>24, Avenue Georges Brassens \u2013 97702 \u2013 St-Denis \u2013 Messag Cedex 9<\/p>\n<p>&nbsp;<\/p>\n<p><em><strong>Propri\u00e9t\u00e9 intellectuelle:<\/strong><\/em><\/p>\n<p>Les photographies, textes, slogans, dessins, images, s\u00e9quences anim\u00e9es,<\/p>\n<p>sonores ou non, ainsi que toutes les \u0153uvres int\u00e9gr\u00e9es dans le site sont la propri\u00e9t\u00e9<\/p>\n<p>de l\u2019\u00e9diteur du site ou de tiers ayant autoris\u00e9 l\u2019\u00e9diteur du site \u00e0 les utiliser.<\/p>\n<p>Toute reproduction totale ou partielle de ces \u00e9l\u00e9ments sans l\u2019autorisation expresse de<\/p>\n<p>l\u2019exploitant du site Internet ou de ses ayant-droit est prohib\u00e9e, au sens de l\u2019article L713-2 du CPI.<\/p>\n<p>&nbsp;<\/p>\n","protected":false},"excerpt":{"rendered":"<p>\u00c9diteur: Coll\u00e8ge de Bois de N\u00e8fles 5, chemin des Francisc\u00e9as 97490 Sainte-Clotilde Sainte-Clotilde \u2013 R\u00c9UNION T\u00e9l:\u00a00262.97.96.10 Fax:\u00a00262.29.03.41 &nbsp; Directeur de la publication et responsable de la r\u00e9daction: Mme Delpierre Odile, Chef d\u2019\u00e9tablissement et Mme Ledonn\u00e9 Yannick , principale adjointe. &nbsp; Conception et r\u00e9alisation: R\u00e9alisation interne \u00e0 l\u2019\u00e9tablissement par: \u2013 M. &hellip;<\/p>\n","protected":false},"author":280,"featured_media":0,"parent":0,"menu_order":0,"comment_status":"closed","ping_status":"closed","template":"","meta":{"footnotes":""},"class_list":["post-34","page","type-page","status-publish","hentry"],"_links":{"self":[{"href":"https:\/\/etab.ac-reunion.fr\/clg-bois-de-nefles\/wp-json\/wp\/v2\/pages\/34","targetHints":{"allow":["GET"]}}],"collection":[{"href":"https:\/\/etab.ac-reunion.fr\/clg-bois-de-nefles\/wp-json\/wp\/v2\/pages"}],"about":[{"href":"https:\/\/etab.ac-reunion.fr\/clg-bois-de-nefles\/wp-json\/wp\/v2\/types\/page"}],"author":[{"embeddable":true,"href":"https:\/\/etab.ac-reunion.fr\/clg-bois-de-nefles\/wp-json\/wp\/v2\/users\/280"}],"replies":[{"embeddable":true,"href":"https:\/\/etab.ac-reunion.fr\/clg-bois-de-nefles\/wp-json\/wp\/v2\/comments?post=34"}],"version-history":[{"count":5,"href":"https:\/\/etab.ac-reunion.fr\/clg-bois-de-nefles\/wp-json\/wp\/v2\/pages\/34\/revisions"}],"predecessor-version":[{"id":1236,"href":"https:\/\/etab.ac-reunion.fr\/clg-bois-de-nefles\/wp-json\/wp\/v2\/pages\/34\/revisions\/1236"}],"wp:attachment":[{"href":"https:\/\/etab.ac-reunion.fr\/clg-bois-de-nefles\/wp-json\/wp\/v2\/media?parent=34"}],"curies":[{"name":"wp","href":"https:\/\/api.w.org\/{rel}","templated":true}]}}