{"id":346,"date":"2014-05-17T22:43:44","date_gmt":"2014-05-17T18:43:44","guid":{"rendered":"http:\/\/college-boisdenefles.ac-reunion.fr\/?page_id=346"},"modified":"2024-03-20T08:48:14","modified_gmt":"2024-03-20T04:48:14","slug":"autres-membres-du-personnel","status":"publish","type":"page","link":"https:\/\/etab.ac-reunion.fr\/clg-bois-de-nefles\/presentation-du-college\/autres-membres-du-personnel\/","title":{"rendered":"Autres membres du personnel"},"content":{"rendered":"\n<ul class=\"wp-block-list\">\n<li>Secr\u00e9taire de Direction : Mme FRANCOISE Sybille<\/li>\n\n\n\n<li>Secr\u00e9taire de Gestion : Mme CELESTE V\u00e9ronique<\/li>\n\n\n\n<li>R\u00e9f\u00e9rent pour les Ressources et Usages P\u00e9dagogiques du Num\u00e9rique : M. SEVERIN Didier<\/li>\n\n\n\n<li>Assistant d&rsquo;Education en charge des TICE : M. KENDALL William<\/li>\n\n\n\n<li>Infirmi\u00e8re : Mme ROUX Christine<\/li>\n\n\n\n<li>Professeure Documentaliste : Mme PRAGASSAM Nelly<\/li>\n\n\n\n<li>Assistante sociale : Mme LALLEMAND Sandra<\/li>\n\n\n\n<li>Conseill\u00e8re d\u2019Orientation-Psychologue : M HUSS Nicolas<\/li>\n\n\n\n<li>Responsable \u00e9quipe technique : M. FRANCOISE Mickael<\/li>\n\n\n\n<li>Responsable de cuisine : Mme ROBERT Samantha<\/li>\n\n\n\n<li>Agent d&rsquo;accueil : Mme DORNIER Gladys<\/li>\n\n\n\n<li>\u00c9quipe technique :\n<ul class=\"wp-block-list\">\n<li>ANAMMIALO Thierry<\/li>\n\n\n\n<li>CATHERINE Andr\u00e9 Benjamin<\/li>\n\n\n\n<li>ETHEVE Claude Dominique<\/li>\n\n\n\n<li>FONTAINE Bernard<\/li>\n\n\n\n<li>GUICHARD Daniel<\/li>\n\n\n\n<li>HERIMANDA Flaviane<\/li>\n\n\n\n<li>KIBIO Stan<\/li>\n\n\n\n<li>MAILLOT Fr\u00e9d\u00e9ric<\/li>\n\n\n\n<li>PIGNOLET Daniel<\/li>\n\n\n\n<li>SAUTRON Sylvie<\/li>\n<\/ul>\n<\/li>\n<\/ul>\n","protected":false},"excerpt":{"rendered":"","protected":false},"author":280,"featured_media":0,"parent":2296,"menu_order":0,"comment_status":"closed","ping_status":"closed","template":"","meta":{"footnotes":""},"class_list":["post-346","page","type-page","status-publish","hentry"],"_links":{"self":[{"href":"https:\/\/etab.ac-reunion.fr\/clg-bois-de-nefles\/wp-json\/wp\/v2\/pages\/346","targetHints":{"allow":["GET"]}}],"collection":[{"href":"https:\/\/etab.ac-reunion.fr\/clg-bois-de-nefles\/wp-json\/wp\/v2\/pages"}],"about":[{"href":"https:\/\/etab.ac-reunion.fr\/clg-bois-de-nefles\/wp-json\/wp\/v2\/types\/page"}],"author":[{"embeddable":true,"href":"https:\/\/etab.ac-reunion.fr\/clg-bois-de-nefles\/wp-json\/wp\/v2\/users\/280"}],"replies":[{"embeddable":true,"href":"https:\/\/etab.ac-reunion.fr\/clg-bois-de-nefles\/wp-json\/wp\/v2\/comments?post=346"}],"version-history":[{"count":18,"href":"https:\/\/etab.ac-reunion.fr\/clg-bois-de-nefles\/wp-json\/wp\/v2\/pages\/346\/revisions"}],"predecessor-version":[{"id":2113,"href":"https:\/\/etab.ac-reunion.fr\/clg-bois-de-nefles\/wp-json\/wp\/v2\/pages\/346\/revisions\/2113"}],"up":[{"embeddable":true,"href":"https:\/\/etab.ac-reunion.fr\/clg-bois-de-nefles\/wp-json\/wp\/v2\/pages\/2296"}],"wp:attachment":[{"href":"https:\/\/etab.ac-reunion.fr\/clg-bois-de-nefles\/wp-json\/wp\/v2\/media?parent=346"}],"curies":[{"name":"wp","href":"https:\/\/api.w.org\/{rel}","templated":true}]}}