{"id":1460,"date":"2015-06-10T09:08:42","date_gmt":"2015-06-10T05:08:42","guid":{"rendered":"http:\/\/college-alizes.ac-reunion.fr\/?page_id=1460"},"modified":"2023-09-11T23:40:20","modified_gmt":"2023-09-11T19:40:20","slug":"contact-2","status":"publish","type":"page","link":"https:\/\/etab.ac-reunion.fr\/clg-boris-gamaleya-les-alizes\/contact-2\/","title":{"rendered":"CONTACT"},"content":{"rendered":"\n<div class=\"wp-block-columns is-layout-flex wp-container-core-columns-is-layout-9d6595d7 wp-block-columns-is-layout-flex\">\n<div class=\"wp-block-column is-layout-flow wp-block-column-is-layout-flow\" style=\"flex-basis:33.33%\">\n<h3 class=\"wp-block-heading has-text-align-center\"><strong>Nous contacter :<\/strong><\/h3>\n\n\n\n<p class=\"has-text-align-center\">T\u00e9l\u00e9phone : 02 62 28 14 60<\/p>\n\n\n\n<p class=\"has-text-align-center\">T\u00e9l\u00e9copie : 02 62 28 69 54<\/p>\n\n\n\n<p class=\"has-text-align-center\">Mail : <a href=\"mailto:ce.9740618d@ac-reunion.fr\">ce.9740618d@ac-reunion.fr<\/a><\/p>\n\n\n\n<p class=\"has-text-align-center\">Adresse :<\/p>\n\n\n\n<p class=\"has-text-align-center\">70, avenue Joseph B\u00e9dier &#8211; BP 90104<\/p>\n\n\n\n<p class=\"has-text-align-center\">97492 Saint Denis Cedex 9<\/p>\n<\/div>\n\n\n\n<div class=\"wp-block-column is-layout-flow wp-block-column-is-layout-flow\" style=\"flex-basis:66.66%\">\n<h3 class=\"wp-block-heading has-text-align-center\"><strong>Nous retrouver :<\/strong><\/h3>\n\n\n\n\n<\/div>\n<\/div>\n\n\n\n<h3 class=\"wp-block-heading has-text-align-center\"><strong>Vous pouvez \u00e9galement nous \u00e9crire via le formulaire ci-dessous :<\/strong><\/h3>\n\n\n\n<p><\/p>\n\n\n\n<div class=\"wpcf7 no-js\" id=\"wpcf7-f4082-o1\" lang=\"fr-FR\" dir=\"ltr\" data-wpcf7-id=\"4082\">\n<div class=\"screen-reader-response\"><p role=\"status\" aria-live=\"polite\" aria-atomic=\"true\"><\/p> <ul><\/ul><\/div>\n<form action=\"\/clg-boris-gamaleya-les-alizes\/wp-json\/wp\/v2\/pages\/1460#wpcf7-f4082-o1\" method=\"post\" class=\"wpcf7-form init\" aria-label=\"Formulaire de contact\" novalidate=\"novalidate\" data-status=\"init\">\n<fieldset class=\"hidden-fields-container\"><input type=\"hidden\" name=\"_wpcf7\" value=\"4082\" \/><input type=\"hidden\" name=\"_wpcf7_version\" value=\"6.1.5\" \/><input type=\"hidden\" name=\"_wpcf7_locale\" value=\"fr_FR\" \/><input type=\"hidden\" name=\"_wpcf7_unit_tag\" value=\"wpcf7-f4082-o1\" \/><input type=\"hidden\" name=\"_wpcf7_container_post\" value=\"0\" \/><input type=\"hidden\" name=\"_wpcf7_posted_data_hash\" value=\"\" \/>\n<\/fieldset>\n<p><label> Votre nom<br \/>\n<span class=\"wpcf7-form-control-wrap\" data-name=\"your-name\"><input size=\"40\" maxlength=\"400\" class=\"wpcf7-form-control wpcf7-text wpcf7-validates-as-required\" aria-required=\"true\" aria-invalid=\"false\" value=\"\" type=\"text\" name=\"your-name\" \/><\/span> <\/label>\n<\/p>\n<p><label> Votre e-mail<br \/>\n<span class=\"wpcf7-form-control-wrap\" data-name=\"your-email\"><input size=\"40\" maxlength=\"400\" class=\"wpcf7-form-control wpcf7-email wpcf7-validates-as-required wpcf7-text wpcf7-validates-as-email\" aria-required=\"true\" aria-invalid=\"false\" value=\"\" type=\"email\" name=\"your-email\" \/><\/span> <\/label>\n<\/p>\n<p><label> Objet<br \/>\n<span class=\"wpcf7-form-control-wrap\" data-name=\"your-subject\"><input size=\"40\" maxlength=\"400\" class=\"wpcf7-form-control wpcf7-text wpcf7-validates-as-required\" aria-required=\"true\" aria-invalid=\"false\" value=\"\" type=\"text\" name=\"your-subject\" \/><\/span> <\/label>\n<\/p>\n<p><label> Votre message (facultatif)<br \/>\n<span class=\"wpcf7-form-control-wrap\" data-name=\"your-message\"><textarea cols=\"40\" rows=\"10\" maxlength=\"2000\" class=\"wpcf7-form-control wpcf7-textarea\" aria-invalid=\"false\" name=\"your-message\"><\/textarea><\/span> <\/label>\n<\/p>\n<p><input class=\"wpcf7-form-control wpcf7-submit has-spinner\" type=\"submit\" value=\"Envoyer\" \/>\n<\/p><div class=\"wpcf7-response-output\" aria-hidden=\"true\"><\/div>\n<\/form>\n<\/div>\n\n<!-- AddThis Advanced Settings generic via filter on the_content --><!-- AddThis Share Buttons generic via filter on the_content -->","protected":false},"excerpt":{"rendered":"<p>Nous contacter : T\u00e9l\u00e9phone : 02 62 28 14 60 T\u00e9l\u00e9copie : 02 62 28 69 54 Mail : ce.9740618d@ac-reunion.fr Adresse : 70, avenue Joseph B\u00e9dier &#8211; BP 90104 97492 Saint Denis Cedex 9 Nous retrouver : Vous pouvez \u00e9galement &hellip;<!-- AddThis Advanced Settings generic via filter on get_the_excerpt --><!-- AddThis Share Buttons generic via filter on get_the_excerpt --><\/p>\n","protected":false},"author":3726,"featured_media":0,"parent":0,"menu_order":0,"comment_status":"open","ping_status":"open","template":"","meta":{"footnotes":""},"class_list":["post-1460","page","type-page","status-publish","hentry"],"_links":{"self":[{"href":"https:\/\/etab.ac-reunion.fr\/clg-boris-gamaleya-les-alizes\/wp-json\/wp\/v2\/pages\/1460","targetHints":{"allow":["GET"]}}],"collection":[{"href":"https:\/\/etab.ac-reunion.fr\/clg-boris-gamaleya-les-alizes\/wp-json\/wp\/v2\/pages"}],"about":[{"href":"https:\/\/etab.ac-reunion.fr\/clg-boris-gamaleya-les-alizes\/wp-json\/wp\/v2\/types\/page"}],"author":[{"embeddable":true,"href":"https:\/\/etab.ac-reunion.fr\/clg-boris-gamaleya-les-alizes\/wp-json\/wp\/v2\/users\/3726"}],"replies":[{"embeddable":true,"href":"https:\/\/etab.ac-reunion.fr\/clg-boris-gamaleya-les-alizes\/wp-json\/wp\/v2\/comments?post=1460"}],"version-history":[{"count":9,"href":"https:\/\/etab.ac-reunion.fr\/clg-boris-gamaleya-les-alizes\/wp-json\/wp\/v2\/pages\/1460\/revisions"}],"predecessor-version":[{"id":4742,"href":"https:\/\/etab.ac-reunion.fr\/clg-boris-gamaleya-les-alizes\/wp-json\/wp\/v2\/pages\/1460\/revisions\/4742"}],"wp:attachment":[{"href":"https:\/\/etab.ac-reunion.fr\/clg-boris-gamaleya-les-alizes\/wp-json\/wp\/v2\/media?parent=1460"}],"curies":[{"name":"wp","href":"https:\/\/api.w.org\/{rel}","templated":true}]}}