{"id":1547,"date":"2015-07-09T11:07:49","date_gmt":"2015-07-09T07:07:49","guid":{"rendered":"http:\/\/college-alizes.ac-reunion.fr\/?page_id=1547"},"modified":"2015-07-09T12:10:07","modified_gmt":"2015-07-09T08:10:07","slug":"reglement-interieur-principes-generaux","status":"publish","type":"page","link":"https:\/\/etab.ac-reunion.fr\/clg-boris-gamaleya-les-alizes\/reglement-interieur-principes-generaux\/","title":{"rendered":"R\u00c8GLEMENT INT\u00c9RIEUR &#8211; PRINCIPES GENERAUX"},"content":{"rendered":"<h2>I) DROITS ET DEVOIRS DES \u00c9L\u00c8VES<\/h2>\n<h3>A. DEVOIRS<\/h3>\n<p>La tenue se doit d\u2019\u00eatre correcte et en accord avec un lieu d\u2019\u00e9ducation et d\u2019enseignement. La libert\u00e9 de se v\u00eatir est malgr\u00e9 tout soumise \u00e0 des contraintes li\u00e9es au respect de tous\u00a0:<\/p>\n<ul>\n<li>elle se doit d\u2019\u00eatre d\u00e9cente et non provocante (pas de mini shorts, mini jupes, d\u00e9collet\u00e9s et dos-nu\u2026)<\/li>\n<li>elle se doit d\u2019\u00eatre non porteuse de propagande (T-shirt \u00e0 messages provocants ou insultants)<\/li>\n<li>elle doit respecter le principe de la\u00efcit\u00e9\u00a0: conform\u00e9ment aux dispositions de l\u2019article L.141-5-1 du code d\u2019\u00e9ducation, le port de signes ou tenues pour lesquels les \u00e9l\u00e8ves manifestent ostensiblement une appartenance religieuse est interdit. Cependant les signes discrets sont autoris\u00e9s.<\/li>\n<\/ul>\n<p>Lorsqu\u2019un \u00e9l\u00e8ve ne respecte pas ce principe, le chef d\u2019\u00e9tablissement organise un dialogue avec cet \u00e9l\u00e8ve avant d\u2019engager les proc\u00e9dures disciplinaires.<\/p>\n<p>Chaque \u00e9l\u00e8ve doit\u00a0:<\/p>\n<ul>\n<li>Fournir au coll\u00e8ge et \u00e0 la maison les efforts n\u00e9cessaires pour accomplir le travail scolaire qui lui est demand\u00e9.<\/li>\n<li>\u00catre assidu et ponctuel (le retard perturbe le fonctionnement de l\u2019\u00e9tablissement).<\/li>\n<li>Disposer en toutes circonstances du mat\u00e9riel n\u00e9cessaire et adapt\u00e9 au travail scolaire (cartable, trousse et manuels scolaires par exemple).<\/li>\n<li>Couvrir et prendre soin de ses manuels scolaires.<\/li>\n<li>\u00catre en possession de son carnet de liaison et en prendre soin.<\/li>\n<li>Avoir une attitude positive et respectueuse par son langage et son comportement envers ses pairs et les adultes.<\/li>\n<\/ul>\n<h3>B. DROITS<\/h3>\n<p><em>(dont certains sont issus de la convention internationale des droits de l\u2019enfant)<\/em><br \/>\nLes \u00e9l\u00e8ves ont droit\u00a0:<\/p>\n<ul>\n<li>\u00e0 la scolarit\u00e9 et \u00e0 l\u2019\u00e9ducation (art.28 et 29),<\/li>\n<li>\u00e0 la sant\u00e9 (art.24),<\/li>\n<li>de s\u2019exprimer librement dans le respect des autres et avec politesse (art.13),<\/li>\n<li>de se r\u00e9unir (avec l\u2019autorisation du chef d\u2019\u00e9tablissement),<\/li>\n<li>d\u2019\u00eatre inform\u00e9s et d\u2019informer les autres par le biais de publications ou d\u2019affichages avec l\u2019autorisation du chef d\u2019\u00e9tablissement et en respectant le principe de la\u00efcit\u00e9,<\/li>\n<li>d\u2019\u00eatre inform\u00e9s sur son orientation pendant et apr\u00e8s le coll\u00e8ge.<\/li>\n<\/ul>\n<h2>II) DISCIPLINE G\u00c9N\u00c9RALE<\/h2>\n<p>La discipline est un \u00e9l\u00e9ment fondamental du bon fonctionnement de l\u2019\u00e9tablissement, elle ne peut fonctionner que si elle est librement consentie par tous.<\/p>\n<h3>A. INTERDITS<\/h3>\n<p>Sont formellement interdits\u00a0:<\/p>\n<ul>\n<li>L\u2019introduction d\u2019objets dangereux et sans rapport avec les enseignements (l\u2019\u00e9tablissement n\u2019est pas responsable des objets de valeur).<\/li>\n<li>De m\u00e2cher des chewing-gums en cours.<\/li>\n<li>L\u2019introduction, le port, l\u2019utilisation et la consommation de substances illicites et\/ou dangereuses (ex\u00a0: alcools, drogues ou p\u00e9tard).<\/li>\n<li>L\u2019usage des t\u00e9l\u00e9phones portables et appareils multim\u00e9dias.<\/li>\n<li>La violence sous toutes ses formes.<\/li>\n<li>Les sorties sans autorisation.<\/li>\n<li>Les comportements exhibitionnistes et\/ou \u00e0 caract\u00e8re sexuel.<\/li>\n<li>La d\u00e9gradation des locaux, du mat\u00e9riel et de l\u2019environnement du coll\u00e8ge et de ses abords.<\/li>\n<li>Tout couvre-chef est interdit. (except\u00e9 la casquette en EPS uniquement).<\/li>\n<\/ul>\n<h3>B. R\u00c9GIME PUNITION ET SANCTION\u00a0:<\/h3>\n<p>Toute punition ou sanction est individuelle et proportionnelle \u00e0 la faute commise. Elle sera expliqu\u00e9e \u00e0 l\u2019\u00e9l\u00e8ve concern\u00e9, qui a la possibilit\u00e9 de s\u2019expliquer sur les actes qui lui sont reproch\u00e9s. L\u2019\u00e9l\u00e8ve peut \u00eatre confront\u00e9 \u00e0 son ou ses accusateurs.<\/p>\n<h4>Punitions\u00a0:<\/h4>\n<ul>\n<li>Avertissement oral.<\/li>\n<li>Mot inscrit dans le carnet \u00e0 destination des parents, qui se doit d\u2019\u00eatre sign\u00e9.<\/li>\n<li>Confiscation des objets interdits ou perturbant le bon d\u00e9roulement des activit\u00e9s scolaires. Ils seront restitu\u00e9s au responsable l\u00e9gal uniquement.<\/li>\n<li>Excuses orales ou \u00e9crites \u00e0 destination de toutes les personnes l\u00e9s\u00e9es.<\/li>\n<li>Appel aux parents.<\/li>\n<li>Mise en retenue.<\/li>\n<li>Exclusion ponctuelle du cours. L\u2019\u00e9l\u00e8ve exclu sera dirig\u00e9 vers la vie scolaire, accompagn\u00e9 d\u2019un \u00e9l\u00e8ve, qui transmettra le travail donn\u00e9 par le professeur. L\u2019exclusion reste exceptionnelle et donne lieu syst\u00e9matiquement \u00e0 un rapport d\u2019incident<\/li>\n<\/ul>\n<h4>Sanctions :<\/h4>\n<ul>\n<li>Lettre d\u2019avertissement, le bl\u00e2me constitue un rappel \u00e0 l\u2019ordre \u00e9crit et solennel. Cette d\u00e9cision peut \u00eatre suivie, au besoin, d\u2019une mesure d\u2019accompagnement de nature \u00e9ducative.<\/li>\n<li>Mesures de responsabilisation (ex\u00a0: r\u00e9paration mat\u00e9rielle, excuses solennelles, travaux d\u2019int\u00e9r\u00eat g\u00e9n\u00e9ral, perte temporaire d\u2019un droit non fondamental).<\/li>\n<li>Exclusion temporaire de la classe (inclusion au sein de l\u2019\u00e9tablissement, am\u00e9nagement de scolarit\u00e9 temporaire).<\/li>\n<li>Exclusion temporaire de l\u2019\u00e9tablissement pouvant aller jusqu\u2019\u00e0 huit jours.<\/li>\n<li>Exclusion d\u00e9finitive apr\u00e8s convocation du conseil de discipline. Le conseil de discipline est l\u2019instance supr\u00eame de sanction, elle peut prononcer l\u2019exclusion d\u00e9finitive d\u2019un(e) \u00e9l\u00e8ve et\u00a0 r\u00e9pondre aux incidents les plus graves. Pour des raisons de s\u00e9curit\u00e9, le chef d\u2019\u00e9tablissement peut interdire par mesure conservatoire l\u2019acc\u00e8s \u00e0 l\u2019\u00e9tablissement \u00e0 toute personne jusqu\u2019\u00e0 la tenue du conseil de discipline.<\/li>\n<\/ul>\n<h4>La commission \u00e9ducative<\/h4>\n<p>La commission \u00e9ducative est une instance de r\u00e9gulation cr\u00e9\u00e9e pour venir en aide aux \u00e9l\u00e8ves qui pr\u00e9sentent des difficult\u00e9s scolaires et\/ou comportementales r\u00e9currentes, g\u00eanantes tant pour la r\u00e9ussite de leur scolarit\u00e9 que pour le d\u00e9roulement des cours. Elle a pour vocation d\u2019amener l\u2019\u00e9l\u00e8ve \u00e0 s\u2019interroger sur les aspects de sa conduite contraire \u00e0 ses int\u00e9r\u00eats scolaires, en pr\u00e9sence des parents. Elle constitue une mesure alternative ou pr\u00e9alable au conseil de discipline dans le cas d\u2019un \u00e9l\u00e8ve ayant \u00e9puis\u00e9 l\u2019\u00e9chelle des punitions et des sanctions. La tenue d\u2019une commission \u00e9ducative est \u00e9galement particuli\u00e8rement appropri\u00e9e lors des faits d\u2019indiscipline commis en groupe.<\/p>\n<p>Cette commission est pr\u00e9sid\u00e9e par le chef de l\u2019\u00e9tablissement ou de son repr\u00e9sentant. Elle est constitu\u00e9e des membres de la communaut\u00e9 \u00e9ducative\u00a0:<\/p>\n<ul>\n<li>Principal(e) adjoint(e) ou directeur de SEGPA<\/li>\n<li>CPE du niveau concern\u00e9<\/li>\n<li>Professeur principal<\/li>\n<li>Repr\u00e9sentant des professeurs<\/li>\n<li>Personnel plaignant<\/li>\n<li>Repr\u00e9sentant de parents<\/li>\n<li>L\u2019\u00e9l\u00e8ve incrimin\u00e9, assist\u00e9 de ses parents<\/li>\n<li>Toute personne invit\u00e9e susceptible d\u2019apporter des \u00e9l\u00e9ments permettant de mieux appr\u00e9hender la situation de l\u2019\u00e9l\u00e8ve (infirmi\u00e8re, assistante sociale, tuteur\u2026)<\/li>\n<\/ul>\n<h3>C. LES R\u00c9COMPENSES<\/h3>\n<p>Le travail et les efforts des \u00e9l\u00e8ves doivent \u00eatre reconnus, encourag\u00e9s et r\u00e9compens\u00e9s durant toute l\u2019ann\u00e9e. En fin de trimestre, un bilan est \u00e9tabli par le conseil de classe qui peut proposer des r\u00e9compenses en fonction des r\u00e9sultats et du comportement\u00a0:<\/p>\n<ul>\n<li>Les encouragements<\/li>\n<li>Le tableau d\u2019honneur<\/li>\n<li>Les f\u00e9licitations<\/li>\n<\/ul>\n<h2>III) ORGANISATION ET FONCTIONNEMENT DE LA VIE DU COLL\u00c8GE<\/h2>\n<h3>A. HORAIRES<\/h3>\n\n<table id=\"tablepress-3\" class=\"tablepress tablepress-id-3 tbody-has-connected-cells\">\n<thead>\n<tr class=\"row-1\">\n\t<th class=\"column-1\">Entr\u00e9e dans l'\u00e9tablissement<\/th><th class=\"column-2\">Mise en rang<\/th><th class=\"column-3\">D\u00e9but des cours<\/th><th class=\"column-4\">Fin des cours<\/th>\n<\/tr>\n<\/thead>\n<tbody class=\"row-striping row-hover\">\n<tr class=\"row-2\">\n\t<td rowspan=\"2\" class=\"column-1\">07h10<\/td><td rowspan=\"2\" class=\"column-2\">07h20<\/td><td class=\"column-3\">07h25<\/td><td class=\"column-4\">08h20<\/td>\n<\/tr>\n<tr class=\"row-3\">\n\t<td class=\"column-3\">08h25<\/td><td class=\"column-4\">09h50<\/td>\n<\/tr>\n<tr class=\"row-4\">\n\t<td colspan=\"4\" class=\"column-1\">R\u00e9cr\u00e9ation 09h50-10h05<\/td>\n<\/tr>\n<tr class=\"row-5\">\n\t<td rowspan=\"4\" class=\"column-1\"><\/td><td rowspan=\"4\" class=\"column-2\">10h05<\/td><td class=\"column-3\">10h10<\/td><td class=\"column-4\">11h35<\/td>\n<\/tr>\n<tr class=\"row-6\">\n\t<td class=\"column-3\">10h40<\/td><td class=\"column-4\">11h35<\/td>\n<\/tr>\n<tr class=\"row-7\">\n\t<td colspan=\"2\" class=\"column-3\">Mercredi<\/td>\n<\/tr>\n<tr class=\"row-8\">\n\t<td class=\"column-3\">11h40<\/td><td class=\"column-4\">12h35<\/td>\n<\/tr>\n<tr class=\"row-9\">\n\t<td colspan=\"4\" class=\"column-1\">Pause m\u00e9ridienne<\/td>\n<\/tr>\n<tr class=\"row-10\">\n\t<td class=\"column-1\">12h45<\/td><td class=\"column-2\">13h00<\/td><td class=\"column-3\">13h05<\/td><td class=\"column-4\">14h30<\/td>\n<\/tr>\n<tr class=\"row-11\">\n\t<td colspan=\"4\" class=\"column-1\">R\u00e9cr\u00e9ation 14h30-14h45<\/td>\n<\/tr>\n<tr class=\"row-12\">\n\t<td rowspan=\"2\" class=\"column-1\"><\/td><td rowspan=\"2\" class=\"column-2\">14h45<\/td><td class=\"column-3\">14h50<\/td><td class=\"column-4\">16h15<\/td>\n<\/tr>\n<tr class=\"row-13\">\n\t<td class=\"column-3\">16h20<\/td><td class=\"column-4\">17h15<\/td>\n<\/tr>\n<\/tbody>\n<\/table>\n<!-- #tablepress-3 from cache -->\n<p>A la r\u00e9cr\u00e9ation les \u00e9l\u00e8ves doivent se rendre dans les espaces autoris\u00e9s (sont interdits\u00a0: escaliers et couloirs, b\u00e2timents F, la zone de mise en rang des cours d\u2019EPS, et l\u2019arri\u00e8re du b\u00e2timent A.<\/p>\n<p>En cas d\u2019absence d\u2019un ou plusieurs professeurs les \u00e9l\u00e8ves se rendront obligaroirement en permanence ( avec la possibilit\u00e9 en fonction de la disponibilit\u00e9 d\u2019int\u00e9grer le CCC).<\/p>\n<h3>B. ABSENCES<\/h3>\n<p>La pr\u00e9sence de tous les \u00e9l\u00e8ves \u00e0 tous les cours est obligatoire.<\/p>\n<p>Les professeurs ne peuvent accepter en classe un \u00e9l\u00e8ve absent la veille ou \u00e0 l\u2019heure pr\u00e9c\u00e9dente s\u2019il ne pr\u00e9sente pas son carnet de liaison et la r\u00e9gularisation de son absence. Les absences doivent \u00eatre r\u00e9gularis\u00e9es aupr\u00e8s de la vie scolaire par l\u2019\u00e9l\u00e8ve d\u00e8s le lendemain et sont vis\u00e9es par les professeurs \u00e0 l\u2019entr\u00e9e en classe.<\/p>\n<p>Un appel est effectu\u00e9 au d\u00e9but de chaque heure de cours et l\u2019absence est saisie sur l\u2019ENT.\u00a0Les parents sont inform\u00e9s d\u00e8s que l\u2019absence est relev\u00e9e dans la journ\u00e9e par le biais de SMS ou d\u2019appels t\u00e9l\u00e9phoniques. Il est demand\u00e9 aux parents d\u2019informer au plus t\u00f4t la vie scolaire de toutes absences pr\u00e9vues ou non. En cas d\u2019absences r\u00e9p\u00e9t\u00e9es, injustifi\u00e9es ou ne s\u2019appuyant pas sur des motifs valables et s\u00e9rieux, la venue des parents sera exig\u00e9e. Par ailleurs ces absences seront signal\u00e9es aux services du rectorat.<br \/>\n<em>(Rappel\u00a0: conformement \u00e0 l\u2019art D 531-12 du code de l\u2019\u00e9ducation, En cas d&rsquo;absences injustifi\u00e9es et r\u00e9p\u00e9t\u00e9es d&rsquo;un \u00e9l\u00e8ve, la bourse peut donner lieu \u00e0 retenue.\u00a0Cette retenue est op\u00e9r\u00e9e lorsque la dur\u00e9e cumul\u00e9e de ces absences exc\u00e8de quinze jours, dans la proportion d&rsquo;un deux cent soixante-dixi\u00e8me par jour d&rsquo;absence).<\/em><\/p>\n<p>Les \u00e9l\u00e8ves doivent assister aux cours durant toute la plage d\u2019ouverture de l\u2019\u00e9tablissement entre deux p\u00e9riodes de vacances.<\/p>\n<h3>C. RETARDS<\/h3>\n<p>Les retards perturbent durablement la scolarit\u00e9 des \u00e9l\u00e8ves et le bon fonctionnement de l\u2019\u00e9tablissement. Les \u00e9l\u00e8ves r\u00e9cidivistes, apr\u00e8s avertissement, s\u2019exposent aux sanctions pr\u00e9vues par le r\u00e9gime de punitions et sanctions de l\u2019\u00e9tablissement.<\/p>\n<h3>D. FONCTIONNEMENT DES RETENUES<\/h3>\n<p>Les parents sont inform\u00e9s par le carnet de liaison ou SMS des retenues que doivent effectuer les \u00e9l\u00e8ves.\u00a0Toute retenue non effectu\u00e9e (sans motif valable) sera sanctionn\u00e9e.\u00a0L\u2019absence en retenue devra \u00eatre r\u00e9gularis\u00e9e le lendemain, l\u2019\u00e9l\u00e8ve ne pourra regagner les cours qu\u2019\u00e0 cette condition.<\/p>\n<h3>E. STATUT DE L\u2019\u00c9L\u00c8VE<\/h3>\n<p>Les \u00e9l\u00e8ves sont externes ou demi-pensionnaires.<\/p>\n<p>En cas d\u2019absence d\u2019un professeur, les \u00e9l\u00e8ves sont pris en charge.<\/p>\n<p>Les \u00e9l\u00e8ves seront autoris\u00e9s \u00e0 sortir sous les conditions suivantes (avec accord sign\u00e9 des parents)\u00a0:<\/p>\n<p>L\u2019\u00e9l\u00e8ve est demi-pensionnaire :<\/p>\n<ul>\n<li>Matin\u00a0: l\u2019\u00e9l\u00e8ve est autoris\u00e9 \u00e0 quitter l\u2019\u00e9tablissement \u00e0 12h45 s\u2019il n\u2019a plus cours de la journ\u00e9e.<\/li>\n<li>Apr\u00e8s-midi\u00a0: l\u2019\u00e9l\u00e8ve est autoris\u00e9 \u00e0 quitter l\u2019\u00e9tablissement d\u00e8s lors qu\u2019il n\u2019a plus cours.<\/li>\n<\/ul>\n<p>L\u2019\u00e9l\u00e8ve est externe :<\/p>\n<ul>\n<li>Matin\u00a0: l\u2019\u00e9l\u00e8ve est autoris\u00e9 \u00e0 quitt\u00e9 l\u2019\u00e9tablissement s\u2019il n\u2019a plus cours de la matin\u00e9e.<\/li>\n<li>Apr\u00e8s-midi\u00a0: l\u2019\u00e9l\u00e8ve est autoris\u00e9 \u00e0 quitter l\u2019\u00e9tablissement s\u2019il n\u2019a plus cours de l\u2019apr\u00e8s-midi.<\/li>\n<\/ul>\n<h2>IV) S\u00c9CURIT\u00c9 DES \u00c9L\u00c8VES<\/h2>\n<p>INCENDIE\u00a0: Tout sinistre sera annonc\u00e9 par une sir\u00e8ne actionn\u00e9e manuellement. Dans chaque classe sont affich\u00e9es les consignes particuli\u00e8res d\u2019\u00e9vacuation.<\/p>\n<p>ACCIDENTS\u00a0: En cas d\u2019accident ou d\u2019urgence, pr\u00e9venir imm\u00e9diatement l\u2019infirmi\u00e8re ou \u00e0 d\u00e9faut le Conseiller Principal d\u2019Education qui prendra toutes les dispositions utiles (dossier accident).<br \/>\nEn cas de n\u00e9cessit\u00e9, tout \u00e9l\u00e8ve accident\u00e9 sera dirig\u00e9 sur le Centre Hospitalier appropri\u00e9.<\/p>\n<p>SANT\u00c9\u00a0: Au d\u00e9but de chaque ann\u00e9e, les parents doivent prendre contact aupr\u00e8s de l\u2019infirmi\u00e8re\u00a0pour le suivi d\u2019un traitement\u00a0; aucun m\u00e9dicament ne peut \u00eatre apport\u00e9 par l\u2019\u00e9l\u00e8ve sans accord de l\u2019infirmi\u00e8re et sans pr\u00e9sentation du certificat m\u00e9dical.<\/p>\n<p>ASSURANCE\u00a0: Il est tr\u00e8s vivement conseill\u00e9 aux parents de souscrire une assurance scolaire couvrant l\u2019enfant pour toutes les activit\u00e9s scolaires, (sport, trajet) et extra-scolaires;<\/p>\n<p>PR\u00c9CAUTIONS\u00a0: Les \u00e9l\u00e8ves ne doivent p\u00e9n\u00e9trer dans leur classe qu\u2019en pr\u00e9sence d\u2019un professeur.<\/p>\n<p>ATTROUPEMENTS EXT\u00c9RIEURS\u00a0: Les familles sont pri\u00e9es de ne pas laisser leur enfant stationner aux abords du coll\u00e8ge avant l\u2019heure d\u2019entr\u00e9e et apr\u00e8s l\u2019heure de sortie fix\u00e9es par leur emploi du temps, afin d\u2019\u00e9viter des attroupements bruyants et dangereux pr\u00e8s des acc\u00e8s du Coll\u00e8ge ou dans les rues voisines.<br \/>\nIl est rappel\u00e9 aux familles qu\u2019elles sont civilement responsables des accidents, dommages ou incidents caus\u00e9s par leurs enfants \u00e0 l\u2019int\u00e9rieur et \u00e0 l\u2019ext\u00e9rieur du Coll\u00e8ge.<\/p>\n<p>\u00c9TUDE\u00a0: Pour des raisons de s\u00e9curit\u00e9, les \u00e9l\u00e8ves ne sont pas autoris\u00e9s \u00e0 sortir du Coll\u00e8ge entre deux cours. Lorsqu\u2019un cours n\u2019a pas lieu, ils sont dirig\u00e9s obligatoirement vers la salle de permanence.<\/p>\n<p>ALERTE CYCLONIQUE OU POUR AUTRE DANGER\u00a0:<br \/>\nEn cas d\u2019alerte cyclonique ou de tout danger, le Chef d\u2019\u00e9tablissement peut d\u00e9cider l\u2019\u00e9vacuation totale de l\u2019\u00e9tablissement. Dans ce cas, les \u00e9l\u00e8ves (externes ou demi-pensionnaires) regagnent le domicile de leurs parents en utilisant leur mode de d\u00e9placement habituel sauf cas exceptionnel qui devra \u00eatre signal\u00e9 au Chef d\u2019\u00e9tablissement et pour lequel celui-ci prendra toutes mesures n\u00e9cessaires.<br \/>\nNaturellement, les mesures pr\u00e9vues par le plan ORSEC en cas d\u2019alerte cyclonique sont appliqu\u00e9es<\/p>\n<h2>V) G\u00c9N\u00c9RALIT\u00c9S<\/h2>\n<h3><b> CONDUITE ET TRAVAIL DES \u00c9L\u00c8VES<\/b><\/h3>\n<h4><b>INFORMATION DES FAMILLES<\/b><\/h4>\n<p><b>Les parents sont invit\u00e9s \u00e0 surveiller de pr\u00e8s la conduite et le travail de leurs enfants, <\/b>et \u00e0 se tenir en contact avec les professeurs, notamment lors de la remise des bulletins. Les membres de l\u2019\u00e9quipe de vie scolaire et l\u2019\u00e9quipe de direction.<\/p>\n<p>Pour suivre et contr\u00f4ler le travail de leurs enfants, les parents ont \u00e0 leur disposition\u00a0:<\/p>\n<h5><b>&#8211; LE CAHIER DE TEXTE NUM\u00c9RIQUE\u00a0:<\/b><\/h5>\n<p>Qui contient diverses t\u00e2ches journali\u00e8res, les le\u00e7ons et devoirs \u00e0 r\u00e9aliser consultable sur internet.<\/p>\n<h5><b>&#8211; LE CARNET DE NOTES\u00a0:<\/b><\/h5>\n<p>Obligatoire, il contient les notes attribu\u00e9es par les professeurs et inscrites par l\u2019\u00e9l\u00e8ve lui-m\u00eame.<\/p>\n<p>Il doit \u00eatre sign\u00e9 par les parents \u00e0 la fin de chaque trimestre (<a href=\"https:\/\/etab.ac-reunion.fr\/clg-les-alizes-boris-gamaleya\/2014\/11\/16\/pronote-le-carnet-de-liaison-electronique\/\" target=\"_blank\">relev\u00e9 de notes consultable sur internet<\/a>).<\/p>\n<p>L\u2019acc\u00e8s \u00e0 <a href=\"https:\/\/etab.ac-reunion.fr\/clg-les-alizes-boris-gamaleya\/2014\/11\/16\/pronote-le-carnet-de-liaison-electronique\/\" target=\"_blank\">Pronote<\/a> est vivement conseill\u00e9<\/p>\n<h5><b>LES INTERROGATIONS \u00c9CRITES OU DEVOIRS<\/b><\/h5>\n<p>Que les parents doivent contresigner lorsque les professeurs le jugent n\u00e9cessaire.<\/p>\n<h5><b>LES BULLETINS TRIMESTRIELS<\/b><\/h5>\n<p>Qui\u00a0 r\u00e9capitulent les notes et appr\u00e9ciation sur le travail et la conduite des \u00e9l\u00e8ves au cours du trimestre. Les bulletins mentionnent \u00e9galement les absences, les r\u00e9compenses obtenues.<\/p>\n<p>Les sanctions inflig\u00e9es font l\u2019objet d\u2019un document joint au bulletin.<\/p>\n<p>A l\u2019issue de l\u2019ann\u00e9e scolaire, le conseil de classe se prononce, en fonction des r\u00e9sultats mais aussi du travail et des possibilit\u00e9s de l\u2019\u00e9l\u00e8ve, sur son admission en classe sup\u00e9rieure, son redoublement et\/ou son orientation.<\/p>\n<h5><b>INFORMATIONS G\u00c9N\u00c9RALES <\/b><\/h5>\n<p>Un(e) conseiller(e) d\u2019orientation psychologue scolaire re\u00e7oit les \u00e9l\u00e8ves et leurs parents aux jours et heures pr\u00e9cis\u00e9s en d\u00e9but d\u2019ann\u00e9e scolaire<\/p>\n<p>Une biblioth\u00e8que scolaire,<a href=\"https:\/\/etab.ac-reunion.fr\/clg-les-alizes-boris-gamaleya\/2014\/12\/12\/bienvenue-au-ccc\/\" target=\"_blank\"> C.C.C.<\/a>, est \u00e0 disposition des \u00e9l\u00e8ves et des parents. Les modalit\u00e9s de pr\u00eats sont fix\u00e9es \u00e0 la rentr\u00e9e.<\/p>\n<h3><b> PARTICIPATION DES \u00c9L\u00c8VES<\/b><\/h3>\n<h4><b>\u00c9L\u00c8VES RESPONSABLES<\/b><\/h4>\n<p>Les d\u00e9l\u00e9gu\u00e9s des \u00e9l\u00e8ves sont \u00e9lus dans chaque classe en d\u00e9but d\u2019ann\u00e9e scolaire.<\/p>\n<p>Ils repr\u00e9sentent leurs camarades de classe.<\/p>\n<h4>R\u00c9UNION DES D\u00c9L\u00c9GU\u00c9S DE CLASSE<\/h4>\n<p>Les d\u00e9l\u00e9gu\u00e9s des \u00e9l\u00e8ves peuvent se r\u00e9unir en dehors des heures de classe sous l\u2019autorit\u00e9 des CPE ou du professeur principal dans une salle du Coll\u00e8ge (apr\u00e8s en avoir pr\u00e9venu l\u2019administration) et pr\u00e9parer les informations \u00e0 donner \u00e0 leurs camarades ou \u00e9laborer les questions \u00e0 poser en conseil de classe ou d\u2019administration.<\/p>\n<h3>C. OBSERVATIONS DIVERSES<\/h3>\n<p>Les parents et l\u2019\u00e9quipe \u00e9ducative peuvent correspondre (observation, demande de rendez-vous etc.) gr\u00e2ce aux feuillets pr\u00e9vus \u00e0 cet effet dans le carnet de liaison.<br \/>\nLa perte du carnet doit \u00eatre signal\u00e9e imm\u00e9diatement aux Conseillers Principaux d\u2019Education et l\u2019obtention d\u2019un nouveau carnet se fait \u00e0 titre on\u00e9reux sur demande \u00e9crite des parents vis\u00e9e par le C.P.E : Carnet perdu = 5\u20ac, Carnet d\u00e9grad\u00e9 = 3\u20ac<br \/>\nLes livres doivent \u00eatre rendus avant le d\u00e9part en vacances. En cas de non-remise toute fourniture sera suspendue l\u2019ann\u00e9e suivante\u00a0: tout livre perdu ou d\u00e9grad\u00e9 devra \u00eatre rembours\u00e9 par la famille aupr\u00e8s du gestionnaire suivant la d\u00e9lib\u00e9ration du conseil d\u2019administration du 27 novembre 2014.<br \/>\nConform\u00e9ment \u00e0 la d\u00e9lib\u00e9ration du CA du 28\/11\/2013, les familles des \u00e9l\u00e8ves ayant perp\u00e9tr\u00e9s des d\u00e9gradations sur les biens mobilier et\/ou immobilier de l\u2019\u00e9tablissement se verront r\u00e9clamer une participation aux frais de remise en \u00e9tat.<br \/>\nTout changement d\u2019adresse est \u00e0 signaler aux Conseillers Principaux d\u2019Education accompagn\u00e9 d\u2019un justificatif d\u2019adresse.<\/p>\n<h3>D. DEMI-PENSION EXTERNAT<\/h3>\n<p>L\u2019inscription \u00e0 la demi-pension est d\u00e9finitive pour toute la dur\u00e9e de l\u2019ann\u00e9e scolaire.<br \/>\nSauf pour des raisons exceptionnelles d\u00fbment justifi\u00e9es par \u00e9crit \u00e0 Monsieur le Principal.<br \/>\nLes parents s\u2019engagent \u00e0 payer les frais de demi-pension au d\u00e9but de chaque trimestre..<br \/>\nLes repas sont fournis lundi, mardi, jeudi, vendredi. Il n\u2019y a pas de fourniture de repas le mercredi.<\/p>\n<h3>E. \u00c9DUCATION PHYSIQUE ET SPORTIVE<\/h3>\n<p>Les \u00e9l\u00e8ves doivent avoir une tenue de sport propos\u00e9e par le professeur en d\u00e9but d\u2019ann\u00e9e (chaussures de sport, maillot, bonnet de bain). Les cours d\u2019E.P.S. sont obligatoires au m\u00eame titre que les autres cours. En cas de dispense ponctuelle, l\u2019\u00e9l\u00e8ve pr\u00e9sente la demande de dispense sign\u00e9e par ses parents \u00e0 l\u2019infirmi\u00e8re et \u00e0 son professeur d\u2019EPS qui la visent\u00a0; l\u2019\u00e9l\u00e8ve est gard\u00e9 en cours. Pour les dispenses de longue dur\u00e9e, l\u2019\u00e9l\u00e8ve muni d\u2019un certificat m\u00e9dical se rendra syst\u00e9matiquement \u00e0 l\u2019infirmerie, qui validera la dispense. Elle en informera la vie scolaire et le professeur via le carnet de liaison.<br \/>\nPour les certificats m\u00e9dicaux inf\u00e9rieurs \u00e0 trois mois, l\u2019\u00e9l\u00e8ve devra accompagner la classe ou rester en salle d\u2019\u00e9tude. Le cas \u00e9ch\u00e9ant l\u2019\u00e9l\u00e8ve pourra rentrer chez lui s\u2019il n\u2019a plus cours de la matin\u00e9e (pour les externes) et en fin de journ\u00e9e (pour les demi-pensionnaires).<\/p>\n<!-- AddThis Advanced Settings generic via filter on the_content --><!-- AddThis Share Buttons generic via filter on the_content -->","protected":false},"excerpt":{"rendered":"<p>I) DROITS ET DEVOIRS DES \u00c9L\u00c8VES A. DEVOIRS La tenue se doit d\u2019\u00eatre correcte et en accord avec un lieu d\u2019\u00e9ducation et d\u2019enseignement. La libert\u00e9 de se v\u00eatir est malgr\u00e9 tout soumise \u00e0 des contraintes li\u00e9es au respect de tous\u00a0: &hellip;<!-- AddThis Advanced Settings generic via filter on get_the_excerpt --><!-- AddThis Share Buttons generic via filter on get_the_excerpt --><\/p>\n","protected":false},"author":3726,"featured_media":0,"parent":0,"menu_order":0,"comment_status":"open","ping_status":"open","template":"","meta":{"footnotes":""},"class_list":["post-1547","page","type-page","status-publish","hentry"],"_links":{"self":[{"href":"https:\/\/etab.ac-reunion.fr\/clg-boris-gamaleya-les-alizes\/wp-json\/wp\/v2\/pages\/1547","targetHints":{"allow":["GET"]}}],"collection":[{"href":"https:\/\/etab.ac-reunion.fr\/clg-boris-gamaleya-les-alizes\/wp-json\/wp\/v2\/pages"}],"about":[{"href":"https:\/\/etab.ac-reunion.fr\/clg-boris-gamaleya-les-alizes\/wp-json\/wp\/v2\/types\/page"}],"author":[{"embeddable":true,"href":"https:\/\/etab.ac-reunion.fr\/clg-boris-gamaleya-les-alizes\/wp-json\/wp\/v2\/users\/3726"}],"replies":[{"embeddable":true,"href":"https:\/\/etab.ac-reunion.fr\/clg-boris-gamaleya-les-alizes\/wp-json\/wp\/v2\/comments?post=1547"}],"version-history":[{"count":6,"href":"https:\/\/etab.ac-reunion.fr\/clg-boris-gamaleya-les-alizes\/wp-json\/wp\/v2\/pages\/1547\/revisions"}],"predecessor-version":[{"id":2493,"href":"https:\/\/etab.ac-reunion.fr\/clg-boris-gamaleya-les-alizes\/wp-json\/wp\/v2\/pages\/1547\/revisions\/2493"}],"wp:attachment":[{"href":"https:\/\/etab.ac-reunion.fr\/clg-boris-gamaleya-les-alizes\/wp-json\/wp\/v2\/media?parent=1547"}],"curies":[{"name":"wp","href":"https:\/\/api.w.org\/{rel}","templated":true}]}}