{"id":1551,"date":"2015-07-09T11:13:35","date_gmt":"2015-07-09T07:13:35","guid":{"rendered":"http:\/\/college-alizes.ac-reunion.fr\/?page_id=1551"},"modified":"2015-07-09T11:13:35","modified_gmt":"2015-07-09T07:13:35","slug":"contrat-de-vie-scolaire","status":"publish","type":"page","link":"https:\/\/etab.ac-reunion.fr\/clg-boris-gamaleya-les-alizes\/contrat-de-vie-scolaire\/","title":{"rendered":"CONTRAT DE VIE SCOLAIRE"},"content":{"rendered":"<p>Toute vie en soci\u00e9t\u00e9 n\u00e9cessite un minimum de contraintes. Le contrat de vie scolaire de l&rsquo;\u00c9tablissement se propose, en \u00e9vitant tout d\u00e9sordre ou laisser aller, d&rsquo;aboutir \u00e0 un \u00e9panouissement harmonieux de la personnalit\u00e9 de chaque \u00e9l\u00e8ve.<\/p>\n<p>Les \u00e9l\u00e8ves confi\u00e9s au Coll\u00e8ge, de la 6e \u00e0 la 3e ont droit \u00e0 la sollicitude de tout le personnel.<\/p>\n<p>En contrepartie, ces \u00e9l\u00e8ves doivent :<\/p>\n<ul>\n<li>Prendre conscience de leurs responsabilit\u00e9s dans la bonne marche de l&rsquo;\u00e9tablissement.<\/li>\n<li>Apprendre \u00e0 instaurer progressivement un r\u00e9gime d&rsquo;autodiscipline.<\/li>\n<li>Contribuer, par leur attitude en toutes occasions, \u00e0 cr\u00e9er un climat favorable aux relations confiantes entre tous.<\/li>\n<\/ul>\n<p>Il va de soi que la courtoisie est la premi\u00e8re r\u00e8gle commune, la seconde \u00e9tant la neutralit\u00e9 politique, professionnelle, \u00e9conomique et confessionnelle, dans le respect des personnes et des convictions familiales ou individuelles.<\/p>\n<p>Aucune place ne sera ainsi laiss\u00e9e \u00e0 l&rsquo;indiff\u00e9rence, \u00e0 la n\u00e9gligence ou au d\u00e9sordre, n\u00e9fastes pour tous.<\/p>\n<p><em>Le pr\u00e9sent contrat peut-\u00eatre modifi\u00e9 par le Conseil d&rsquo;Administration.<\/em><\/p>\n<!-- AddThis Advanced Settings generic via filter on the_content --><!-- AddThis Share Buttons generic via filter on the_content -->","protected":false},"excerpt":{"rendered":"<p>Toute vie en soci\u00e9t\u00e9 n\u00e9cessite un minimum de contraintes. Le contrat de vie scolaire de l&rsquo;\u00c9tablissement se propose, en \u00e9vitant tout d\u00e9sordre ou laisser aller, d&rsquo;aboutir \u00e0 un \u00e9panouissement harmonieux de la personnalit\u00e9 de chaque \u00e9l\u00e8ve. Les \u00e9l\u00e8ves confi\u00e9s au &hellip;<!-- AddThis Advanced Settings generic via filter on get_the_excerpt --><!-- AddThis Share Buttons generic via filter on get_the_excerpt --><\/p>\n","protected":false},"author":3726,"featured_media":0,"parent":0,"menu_order":0,"comment_status":"open","ping_status":"open","template":"","meta":{"footnotes":""},"class_list":["post-1551","page","type-page","status-publish","hentry"],"_links":{"self":[{"href":"https:\/\/etab.ac-reunion.fr\/clg-boris-gamaleya-les-alizes\/wp-json\/wp\/v2\/pages\/1551","targetHints":{"allow":["GET"]}}],"collection":[{"href":"https:\/\/etab.ac-reunion.fr\/clg-boris-gamaleya-les-alizes\/wp-json\/wp\/v2\/pages"}],"about":[{"href":"https:\/\/etab.ac-reunion.fr\/clg-boris-gamaleya-les-alizes\/wp-json\/wp\/v2\/types\/page"}],"author":[{"embeddable":true,"href":"https:\/\/etab.ac-reunion.fr\/clg-boris-gamaleya-les-alizes\/wp-json\/wp\/v2\/users\/3726"}],"replies":[{"embeddable":true,"href":"https:\/\/etab.ac-reunion.fr\/clg-boris-gamaleya-les-alizes\/wp-json\/wp\/v2\/comments?post=1551"}],"version-history":[{"count":1,"href":"https:\/\/etab.ac-reunion.fr\/clg-boris-gamaleya-les-alizes\/wp-json\/wp\/v2\/pages\/1551\/revisions"}],"predecessor-version":[{"id":1552,"href":"https:\/\/etab.ac-reunion.fr\/clg-boris-gamaleya-les-alizes\/wp-json\/wp\/v2\/pages\/1551\/revisions\/1552"}],"wp:attachment":[{"href":"https:\/\/etab.ac-reunion.fr\/clg-boris-gamaleya-les-alizes\/wp-json\/wp\/v2\/media?parent=1551"}],"curies":[{"name":"wp","href":"https:\/\/api.w.org\/{rel}","templated":true}]}}