{"id":1567,"date":"2015-07-10T11:15:03","date_gmt":"2015-07-10T07:15:03","guid":{"rendered":"http:\/\/college-alizes.ac-reunion.fr\/?page_id=1567"},"modified":"2024-08-28T21:03:08","modified_gmt":"2024-08-28T17:03:08","slug":"personnel","status":"publish","type":"page","link":"https:\/\/etab.ac-reunion.fr\/clg-boris-gamaleya-les-alizes\/personnel\/","title":{"rendered":"PERSONNELS"},"content":{"rendered":"<h3>Equipe de Direction :<\/h3>\n<ul>\n<li>Principale : Mme Jocelyne BERNARD<\/li>\n<li>Principal-adjoint : M. Nicolas PAYET<\/li>\n<li>Secr\u00e9taire G\u00e9n\u00e9ral : M. Yaamine AHMOD ALI<\/li>\n<li>Directeur de la SEGPA : M. Dominique SEGUIN<\/li>\n<\/ul>\n<h3>Secr\u00e9tariat :<\/h3>\n<ul>\n<li>Mme Marie-C\u00e9cile GAUVIN (Direction)<\/li>\n<li>Mme Tatiana CHAILLOT (Gestion)<\/li>\n<\/ul>\n<h3>Vie scolaire :<\/h3>\n<ul>\n<li>CPE \u00a0: Mme Aur\u00e9lie HOUAREAU<\/li>\n<li>CPE \u00a0: Mme Sylvie CLAIRE<\/li>\n<\/ul>\n<h3>CCC :<\/h3>\n<ul>\n<li>Professeure documentaliste : Mme Caroline MENUEL<\/li>\n<li>Professeure documentaliste-stagiaire : Mme Sarah LACOUTURE<\/li>\n<\/ul>\n<h3>Personnels sociaux et sant\u00e9 :<\/h3>\n<ul>\n<li>Infirmi\u00e8re : XX<\/li>\n<li>Assistante Sociale : XX<\/li>\n<li>Conseiller orientation\/Psychologue : Mme Vanessa DUMONT<\/li>\n<\/ul>\n<h3>AED-TICE<\/h3>\n<ul>\n<li>M. Jo\u00ebl MAYEN<\/li>\n<\/ul>\n<!-- AddThis Advanced Settings generic via filter on the_content --><!-- AddThis Share Buttons generic via filter on the_content -->","protected":false},"excerpt":{"rendered":"<p>Equipe de Direction : Principale : Mme Jocelyne BERNARD Principal-adjoint : M. Nicolas PAYET Secr\u00e9taire G\u00e9n\u00e9ral : M. Yaamine AHMOD ALI Directeur de la SEGPA : M. Dominique SEGUIN Secr\u00e9tariat : Mme Marie-C\u00e9cile GAUVIN (Direction) Mme Tatiana CHAILLOT (Gestion) Vie &hellip;<!-- AddThis Advanced Settings generic via filter on get_the_excerpt --><!-- AddThis Share Buttons generic via filter on get_the_excerpt --><\/p>\n","protected":false},"author":3726,"featured_media":0,"parent":0,"menu_order":0,"comment_status":"open","ping_status":"open","template":"","meta":{"footnotes":""},"class_list":["post-1567","page","type-page","status-publish","hentry"],"_links":{"self":[{"href":"https:\/\/etab.ac-reunion.fr\/clg-boris-gamaleya-les-alizes\/wp-json\/wp\/v2\/pages\/1567","targetHints":{"allow":["GET"]}}],"collection":[{"href":"https:\/\/etab.ac-reunion.fr\/clg-boris-gamaleya-les-alizes\/wp-json\/wp\/v2\/pages"}],"about":[{"href":"https:\/\/etab.ac-reunion.fr\/clg-boris-gamaleya-les-alizes\/wp-json\/wp\/v2\/types\/page"}],"author":[{"embeddable":true,"href":"https:\/\/etab.ac-reunion.fr\/clg-boris-gamaleya-les-alizes\/wp-json\/wp\/v2\/users\/3726"}],"replies":[{"embeddable":true,"href":"https:\/\/etab.ac-reunion.fr\/clg-boris-gamaleya-les-alizes\/wp-json\/wp\/v2\/comments?post=1567"}],"version-history":[{"count":17,"href":"https:\/\/etab.ac-reunion.fr\/clg-boris-gamaleya-les-alizes\/wp-json\/wp\/v2\/pages\/1567\/revisions"}],"predecessor-version":[{"id":5633,"href":"https:\/\/etab.ac-reunion.fr\/clg-boris-gamaleya-les-alizes\/wp-json\/wp\/v2\/pages\/1567\/revisions\/5633"}],"wp:attachment":[{"href":"https:\/\/etab.ac-reunion.fr\/clg-boris-gamaleya-les-alizes\/wp-json\/wp\/v2\/media?parent=1567"}],"curies":[{"name":"wp","href":"https:\/\/api.w.org\/{rel}","templated":true}]}}