{"id":1298,"date":"2016-12-07T21:46:19","date_gmt":"2016-12-07T17:46:19","guid":{"rendered":"http:\/\/college-bory-stvincent.ac-reunion.fr\/?page_id=1298"},"modified":"2025-05-14T11:25:18","modified_gmt":"2025-05-14T07:25:18","slug":"mentions-legales","status":"publish","type":"page","link":"https:\/\/etab.ac-reunion.fr\/clg-bory-de-saint-vincent\/mentions-legales\/","title":{"rendered":"Mentions l\u00e9gales"},"content":{"rendered":"\n<h3 class=\"wp-block-heading\">\u00c9diteur<\/h3>\n\n\n\n<p>Coll\u00e8ge Bory de Saint-Vincent<\/p>\n\n\n\n<p>15 rue de la Marine<\/p>\n\n\n\n<p>97442 Saint-Philippe<\/p>\n\n\n\n<p>T\u00e9l\u00e9phone : 0262 37 01 26<\/p>\n\n\n\n<p>Fax : 0262 37 10 31<\/p>\n\n\n\n<p>M\u00e8l : <a href=\"mailto:ce.9740468r@ac-reunion.fr\">ce.9740468r@ac-reunion.fr<\/a><\/p>\n\n\n\n<h3 class=\"wp-block-heading\">Directeur de la Publication :<\/h3>\n\n\n\n<p>M. St\u00e9phane DALL&rsquo; ACQUA, principal de l\u2019\u00e9tablissement<\/p>\n\n\n\n<h3 class=\"wp-block-heading\">Cr\u00e9dits photos des slides en page d&rsquo;accueil :<\/h3>\n\n\n\n<p>Service Communication de la Mairie de Saint-Philippe<\/p>\n\n\n\n<h3 class=\"wp-block-heading\">H\u00e9bergeur :<\/h3>\n\n\n\n<p>Rectorat de la R\u00e9union<br>24, Avenue Georges Brassens<br>97702 \u2013 St-Denis \u2013 Messag Cedex 9<\/p>\n\n\n\n<h3 class=\"wp-block-heading\">Objectif et qualit\u00e9 des contenus :<\/h3>\n\n\n\n<p>Ce site a pour objectif d\u2019informer le grand public (parents, professeurs, partenaires, corps de l&rsquo;inspection&#8230;), mais aussi de valoriser le travail des \u00e9l\u00e8ves et des enseignants.<\/p>\n\n\n\n<h3 class=\"wp-block-heading\">Droits et Obligations :<\/h3>\n\n\n\n<p>L\u2019\u00e9tablissement traite des donn\u00e9es personnelles conform\u00e9ment au R\u00e8glement G\u00e9n\u00e9ral sur la Protection des Donn\u00e9es (RGPD) et \u00e0 la loi Informatiques et Libert\u00e9s.<\/p>\n\n\n\n<p><a href=\"https:\/\/www.cnil.fr\/fr\/donnees-personnelles\" target=\"_blank\" rel=\"noopener\">Plus d&rsquo;infos sur le traitement des donn\u00e9es personnelles<\/a><\/p>\n\n\n\n<p><a href=\"https:\/\/www.cnil.fr\/fr\/comprendre-le-rgpd\" target=\"_blank\" rel=\"noopener\">Plus d&rsquo;infos sur le RGPD<\/a><\/p>\n\n\n\n<p>Conform\u00e9ment au RGPD de l\u2019Union europ\u00e9enne (UE) entr\u00e9e en vigueur le 25 mai 2018, vous b\u00e9n\u00e9ficiez d\u2019un droit d\u2019acc\u00e8s de modification, de rectification et de suppression des donn\u00e9es qui vous concernent. Pour exercer ce droit d\u2019acc\u00e8s, contactez : <a href=\"mailto:ce.9740468r@ac-reunion.fr\">ce.9740468r@ac-reunion.fr ou&nbsp;<\/a> ou <a href=\"https:\/\/www.cnil.fr\/fr\/demander-le-retrait-de-votre-image-en-ligne\" target=\"_blank\" rel=\"noopener\">Demander le retrait de votre image<\/a><\/p>\n\n\n\n<p><a href=\"https:\/\/www.google.com\/url?sa=t&amp;rct=j&amp;q=&amp;esrc=s&amp;source=web&amp;cd=1&amp;cad=rja&amp;uact=8&amp;ved=2ahUKEwiHhvzuzLXgAhXSuHEKHX1VCKkQFjAAegQIAxAC&amp;url=https%3A%2F%2Fwww.autoriteprotectiondonnees.be%2Fsites%2Fprivacycommission%2Ffiles%2Fdocuments%2FBrochure_enseignement_RGPD.pdf&amp;usg=AOvVaw0hVf1C8a3BXDRTlt_MZmnU\" target=\"_blank\" rel=\"noopener\">Culture Num\u00e9rique de l&rsquo;Enseignant &#8211; Droits et Obligations<\/a><\/p>\n\n\n\n<h3 class=\"wp-block-heading\">R\u00e9utilisation des contenus :<\/h3>\n\n\n\n<p>En application des articles L. 111-1 et L. 123-1 du Code de la Propri\u00e9t\u00e9 Intellectuelle, l\u2019ensemble des contenus de ce site (textes, images, vid\u00e9os et tout m\u00e9dia en g\u00e9n\u00e9ral), sauf mention contraire explicite, est prot\u00e9g\u00e9 par le droit d\u2019auteur. La reproduction, m\u00eame partielle, des contenus des pages de ce site sans accord pr\u00e9alable du <a href=\"mailto:ce.9740468r@ac-reunion.fr\">Directeur de publication du Coll\u00e8ge Bory de Saint-Vincent<\/a> est strictement interdite.<\/p>\n","protected":false},"excerpt":{"rendered":"<p>\u00c9diteur Coll\u00e8ge Bory de Saint-Vincent 15 rue de la Marine 97442 Saint-Philippe T\u00e9l\u00e9phone : 0262 37 01 26 Fax : 0262 37 10 31 M\u00e8l : ce.9740468r@ac-reunion.fr Directeur de la Publication : M. St\u00e9phane DALL&rsquo; ACQUA, principal de l\u2019\u00e9tablissement Cr\u00e9dits photos des slides en page d&rsquo;accueil : Service Communication de&#8230;<\/p>\n<p class=\"continue-reading-button\"> <a class=\"continue-reading-link\" href=\"https:\/\/etab.ac-reunion.fr\/clg-bory-de-saint-vincent\/mentions-legales\/\">Voir plus<i class=\"crycon-right-dir\"><\/i><\/a><\/p>\n","protected":false},"author":13598,"featured_media":0,"parent":0,"menu_order":0,"comment_status":"closed","ping_status":"closed","template":"templates\/template-onecolumn.php","meta":{"footnotes":"","_links_to":"","_links_to_target":""},"class_list":["post-1298","page","type-page","status-publish","hentry"],"_links":{"self":[{"href":"https:\/\/etab.ac-reunion.fr\/clg-bory-de-saint-vincent\/wp-json\/wp\/v2\/pages\/1298","targetHints":{"allow":["GET"]}}],"collection":[{"href":"https:\/\/etab.ac-reunion.fr\/clg-bory-de-saint-vincent\/wp-json\/wp\/v2\/pages"}],"about":[{"href":"https:\/\/etab.ac-reunion.fr\/clg-bory-de-saint-vincent\/wp-json\/wp\/v2\/types\/page"}],"author":[{"embeddable":true,"href":"https:\/\/etab.ac-reunion.fr\/clg-bory-de-saint-vincent\/wp-json\/wp\/v2\/users\/13598"}],"replies":[{"embeddable":true,"href":"https:\/\/etab.ac-reunion.fr\/clg-bory-de-saint-vincent\/wp-json\/wp\/v2\/comments?post=1298"}],"version-history":[{"count":10,"href":"https:\/\/etab.ac-reunion.fr\/clg-bory-de-saint-vincent\/wp-json\/wp\/v2\/pages\/1298\/revisions"}],"predecessor-version":[{"id":6956,"href":"https:\/\/etab.ac-reunion.fr\/clg-bory-de-saint-vincent\/wp-json\/wp\/v2\/pages\/1298\/revisions\/6956"}],"wp:attachment":[{"href":"https:\/\/etab.ac-reunion.fr\/clg-bory-de-saint-vincent\/wp-json\/wp\/v2\/media?parent=1298"}],"curies":[{"name":"wp","href":"https:\/\/api.w.org\/{rel}","templated":true}]}}