{"id":1314,"date":"2016-12-08T09:56:04","date_gmt":"2016-12-08T05:56:04","guid":{"rendered":"http:\/\/college-bory-stvincent.ac-reunion.fr\/?page_id=1314"},"modified":"2025-05-14T11:34:12","modified_gmt":"2025-05-14T07:34:12","slug":"plan-du-site","status":"publish","type":"page","link":"https:\/\/etab.ac-reunion.fr\/clg-bory-de-saint-vincent\/plan-du-site\/","title":{"rendered":"Plan du Site"},"content":{"rendered":"\n<ul class=\"wp-block-list\">\n<li><strong>Accueil<\/strong><\/li>\n<\/ul>\n\n\n\n<div style=\"height:100px\" aria-hidden=\"true\" class=\"wp-block-spacer\"><\/div>\n\n\n\n<ul class=\"wp-block-list\">\n<li><strong>Le Coll\u00e8ge<\/strong><\/li>\n<\/ul>\n\n\n\n<p>&#8211; <em>Visite de l&rsquo;\u00e9tablissement<\/em><\/p>\n\n\n\n<p>&#8211; <em>Le personnel<\/em><\/p>\n\n\n\n<p>&#8211; <em>Pole Sant\u00e9 et Social<\/em><\/p>\n\n\n\n<p>&#8211; <em>Calendrier\/Horaires<\/em><\/p>\n\n\n\n<p>&#8211; <em>Projets de l&rsquo;\u00e9tablissement<\/em><\/p>\n\n\n\n<p>&#8211; <em>Le r\u00e8glement int\u00e9rieur<\/em><\/p>\n\n\n\n<p>&#8211; <em>Les chartes<\/em><\/p>\n\n\n\n<div style=\"height:100px\" aria-hidden=\"true\" class=\"wp-block-spacer\"><\/div>\n\n\n\n<ul class=\"wp-block-list\">\n<li><strong>La vie de l&rsquo;\u00e9tablissement<\/strong><\/li>\n<\/ul>\n\n\n\n<p>&#8211; <em>Les actus<\/em><\/p>\n\n\n\n<p>&#8211; <em>EPS et UNSS<\/em><\/p>\n\n\n\n<p>&#8211; <em>G\u00e9n\u00e9ration 2024<\/em><\/p>\n\n\n\n<p>&#8211; <em>Label EDD<\/em><\/p>\n\n\n\n<p>&#8211; <em>Le FSE et le CVC<\/em><\/p>\n\n\n\n<p>&#8211; <em>L&rsquo;\u00e9cole ouverte<\/em><\/p>\n\n\n\n<p>&#8211; <em>La WebRadio<\/em><\/p>\n\n\n\n<p>&#8211; <em>Le blog de l&rsquo;ULIS<\/em><\/p>\n\n\n\n<div style=\"height:100px\" aria-hidden=\"true\" class=\"wp-block-spacer\"><\/div>\n\n\n\n<ul class=\"wp-block-list\">\n<li><strong>Infos pratiques<\/strong><\/li>\n<\/ul>\n\n\n\n<p>&#8211; <em>Utiliser l&rsquo;ENT M\u00e9tice<\/em><\/p>\n\n\n\n<p>&#8211; <em>EduConnect<\/em><\/p>\n\n\n\n<p>&#8211; <em>Bourse en ligne<\/em><\/p>\n\n\n\n<p><em>&#8211; Transport scolaire<\/em><\/p>\n\n\n\n<div style=\"height:100px\" aria-hidden=\"true\" class=\"wp-block-spacer\"><\/div>\n\n\n\n<ul class=\"wp-block-list\">\n<li><strong>Appel d&rsquo;offres<\/strong><\/li>\n<\/ul>\n\n\n\n<div style=\"height:100px\" aria-hidden=\"true\" class=\"wp-block-spacer\"><\/div>\n\n\n\n<ul class=\"wp-block-list\">\n<li><strong>Erasmus<\/strong><\/li>\n<\/ul>\n\n\n\n<div style=\"height:100px\" aria-hidden=\"true\" class=\"wp-block-spacer\"><\/div>\n\n\n\n<ul class=\"wp-block-list\">\n<li><strong>Contacts<\/strong><\/li>\n<\/ul>\n\n\n\n<div style=\"height:100px\" aria-hidden=\"true\" class=\"wp-block-spacer\"><\/div>\n\n\n\n<ul class=\"wp-block-list\">\n<li class=\"has-text-color has-link-color wp-elements-1c963f25d8899f0f06852de3f08b2dde\" style=\"color:#e45393\"><strong>EduConnect<\/strong><\/li>\n\n\n\n<li class=\"has-vivid-cyan-blue-color has-text-color has-link-color wp-elements-da42734fbd5e2fa3db4f07b620bc97cd\"><span style=\"color: #3366ff\"><strong>M\u00e9tice, l&rsquo;ENT<\/strong><\/span><\/li>\n\n\n\n<li class=\"has-vivid-red-color has-text-color has-link-color wp-elements-918da58edafeb5df3db02fcc7debe5fd\"><span style=\"color: #ff0000\"><strong>Esidoc, le CDI en ligne<\/strong><\/span><\/li>\n\n\n\n<li class=\"has-luminous-vivid-orange-color has-text-color has-link-color wp-elements-ed5bd408736511dd1559095554179911\"><span style=\"color: #ff6600\"><strong>ONISEP<\/strong><\/span><\/li>\n<\/ul>\n","protected":false},"excerpt":{"rendered":"<p>&#8211; Visite de l&rsquo;\u00e9tablissement &#8211; Le personnel &#8211; Pole Sant\u00e9 et Social &#8211; Calendrier\/Horaires &#8211; Projets de l&rsquo;\u00e9tablissement &#8211; Le r\u00e8glement int\u00e9rieur &#8211; Les chartes &#8211; Les actus &#8211; EPS et UNSS &#8211; G\u00e9n\u00e9ration 2024 &#8211; Label EDD &#8211; Le FSE et le CVC &#8211; L&rsquo;\u00e9cole ouverte &#8211; La WebRadio&#8230;<\/p>\n<p class=\"continue-reading-button\"> <a class=\"continue-reading-link\" href=\"https:\/\/etab.ac-reunion.fr\/clg-bory-de-saint-vincent\/plan-du-site\/\">Voir plus<i class=\"crycon-right-dir\"><\/i><\/a><\/p>\n","protected":false},"author":13598,"featured_media":0,"parent":0,"menu_order":0,"comment_status":"closed","ping_status":"closed","template":"templates\/template-onecolumn.php","meta":{"footnotes":"","_links_to":"","_links_to_target":""},"class_list":["post-1314","page","type-page","status-publish","hentry"],"_links":{"self":[{"href":"https:\/\/etab.ac-reunion.fr\/clg-bory-de-saint-vincent\/wp-json\/wp\/v2\/pages\/1314","targetHints":{"allow":["GET"]}}],"collection":[{"href":"https:\/\/etab.ac-reunion.fr\/clg-bory-de-saint-vincent\/wp-json\/wp\/v2\/pages"}],"about":[{"href":"https:\/\/etab.ac-reunion.fr\/clg-bory-de-saint-vincent\/wp-json\/wp\/v2\/types\/page"}],"author":[{"embeddable":true,"href":"https:\/\/etab.ac-reunion.fr\/clg-bory-de-saint-vincent\/wp-json\/wp\/v2\/users\/13598"}],"replies":[{"embeddable":true,"href":"https:\/\/etab.ac-reunion.fr\/clg-bory-de-saint-vincent\/wp-json\/wp\/v2\/comments?post=1314"}],"version-history":[{"count":15,"href":"https:\/\/etab.ac-reunion.fr\/clg-bory-de-saint-vincent\/wp-json\/wp\/v2\/pages\/1314\/revisions"}],"predecessor-version":[{"id":6961,"href":"https:\/\/etab.ac-reunion.fr\/clg-bory-de-saint-vincent\/wp-json\/wp\/v2\/pages\/1314\/revisions\/6961"}],"wp:attachment":[{"href":"https:\/\/etab.ac-reunion.fr\/clg-bory-de-saint-vincent\/wp-json\/wp\/v2\/media?parent=1314"}],"curies":[{"name":"wp","href":"https:\/\/api.w.org\/{rel}","templated":true}]}}