{"id":1656,"date":"2019-02-07T15:07:45","date_gmt":"2019-02-07T11:07:45","guid":{"rendered":"http:\/\/college-bory-stvincent.ac-reunion.fr\/?page_id=1656"},"modified":"2025-08-13T11:40:03","modified_gmt":"2025-08-13T07:40:03","slug":"projets-de-letablissement","status":"publish","type":"page","link":"https:\/\/etab.ac-reunion.fr\/clg-bory-de-saint-vincent\/projets-de-letablissement\/","title":{"rendered":"Projets de l&rsquo;\u00e9tablissement"},"content":{"rendered":"\n<div class=\"wp-block-columns is-layout-flex wp-container-core-columns-is-layout-9d6595d7 wp-block-columns-is-layout-flex\">\n<div class=\"wp-block-column is-layout-flow wp-block-column-is-layout-flow\" style=\"flex-basis:66.66%\">\n<p><strong>Le projet d&rsquo;\u00e9tablissement 2016-2020<\/strong> <strong>avait d\u00e9finis trois axes de progr\u00e8s, d\u00e9clin\u00e9s en objectifs \u00e0 atteindre par l\u2019ensemble de l\u2019\u00e9quipe et les \u00e9l\u00e8ves.<\/strong><\/p>\n\n\n\n<ul class=\"wp-block-list\">\n<li><strong>Axe de progr\u00e8s 1 : La r\u00e9ussite des \u00e9l\u00e8ves par la continuit\u00e9 et la coh\u00e9rence des apprentissages.<\/strong><\/li>\n<\/ul>\n\n\n\n<p>Objectif 1&nbsp;: Renforcer la liaison \u00e9cole-coll\u00e8ge et coll\u00e8ge-lyc\u00e9e pour une meilleure continuit\u00e9 des apprentissages<\/p>\n\n\n\n<p>Objectifs 2&nbsp;: D\u00e9velopper l\u2019ambition des \u00e9l\u00e8ves au travers de l\u2019optimisation des parcours (orientation, ouverture culturelle, citoyennet\u00e9)<\/p>\n\n\n\n<ul class=\"wp-block-list\">\n<li><strong>Axe de progr\u00e8s 2 : La r\u00e9ussite des \u00e9l\u00e8ves par l\u2019\u00e9volution des pratiques et des organisations<\/strong><\/li>\n<\/ul>\n\n\n\n<p>Objectif 1&nbsp;: Une \u00e9volution des pratiques pour un meilleur accompagnement des \u00e9l\u00e8ves (formations, FIL)<\/p>\n\n\n\n<p>Objectif 2&nbsp;: Une prise en charge optimale des \u00e9l\u00e8ves pendant le temps scolaire (implication de la Vie Scolaire et du CDI)<\/p>\n\n\n\n<ul class=\"wp-block-list\">\n<li><strong>Axe de progr\u00e8s 3 : La r\u00e9ussite des \u00e9l\u00e8ves par la qualit\u00e9 de l\u2019accueil<\/strong><\/li>\n<\/ul>\n\n\n\n<p>Objectif 1&nbsp;: D\u00e9velopper l\u2019engagement des coll\u00e9giens (\u00e9lection et formation des d\u00e9l\u00e9gu\u00e9s, CVC, FSE, tutorat entre \u00e9l\u00e8ves\u2026)<\/p>\n\n\n\n<p>Objectif 2&nbsp;: \u00c9galit\u00e9 filles\/gar\u00e7ons (\u00e9ducation \u00e0 la sexualit\u00e9, lutte contre les discriminations, mixit\u00e9 des m\u00e9tiers et formations)<\/p>\n\n\n\n<p>Objectif 3&nbsp;: P\u00e9rennisation de partenariats pour un climat propice aux apprentissages durablement (pr\u00e9vention de la violence, pr\u00e9vention et lutte contre les drogues et les conduites addictives, intervention sur l\u2019\u00e9quilibre nutritionnel\u2026)<\/p>\n<\/div>\n\n\n\n<div class=\"wp-block-column is-layout-flow wp-block-column-is-layout-flow\" style=\"flex-basis:33.33%\">\n<h3 class=\"wp-block-heading has-black-color has-light-green-cyan-background-color has-text-color has-background\">Projets et actions men\u00e9s (non exhaustif) :<\/h3>\n\n\n\n<ul class=\"wp-block-list has-light-green-cyan-background-color has-background\">\n<li>Journ\u00e9e de l\u2019\u00c9galit\u00e9<\/li>\n\n\n\n<li>Cin\u00e9toil&rsquo;\u00e9galit\u00e9<\/li>\n\n\n\n<li>Comm\u00e9moration de l\u2019abolition de l\u2019esclavage<\/li>\n\n\n\n<li>Journ\u00e9e de la La\u00efcit\u00e9<\/li>\n\n\n\n<li>Semaine des Langues<\/li>\n\n\n\n<li>F\u00eate de la science<\/li>\n\n\n\n<li>Liaison \u00c9cole-Coll\u00e8ge<\/li>\n\n\n\n<li>Rencontre acad\u00e9mique des \u00e9l\u00e8ves conteurs<\/li>\n\n\n\n<li>Cin\u00e9ma<\/li>\n\n\n\n<li>Festival M\u00eame pas peur<\/li>\n\n\n\n<li>Th\u00e9\u00e2tre<\/li>\n\n\n\n<li>Atelier potager<\/li>\n\n\n\n<li>Club d&rsquo;\u00e9checs<\/li>\n\n\n\n<li>Escape Games p\u00e9dagogiques<\/li>\n\n\n\n<li>Big Challenge<\/li>\n\n\n\n<li>Soundpainting<\/li>\n\n\n\n<li>Erasmus+<\/li>\n\n\n\n<li>eTwinning<\/li>\n<\/ul>\n<\/div>\n<\/div>\n","protected":false},"excerpt":{"rendered":"<p>Le projet d&rsquo;\u00e9tablissement 2016-2020 avait d\u00e9finis trois axes de progr\u00e8s, d\u00e9clin\u00e9s en objectifs \u00e0 atteindre par l\u2019ensemble de l\u2019\u00e9quipe et les \u00e9l\u00e8ves. Objectif 1&nbsp;: Renforcer la liaison \u00e9cole-coll\u00e8ge et coll\u00e8ge-lyc\u00e9e pour une meilleure continuit\u00e9 des apprentissages Objectifs 2&nbsp;: D\u00e9velopper l\u2019ambition des \u00e9l\u00e8ves au travers de l\u2019optimisation des parcours (orientation, ouverture&#8230;<\/p>\n<p class=\"continue-reading-button\"> <a class=\"continue-reading-link\" href=\"https:\/\/etab.ac-reunion.fr\/clg-bory-de-saint-vincent\/projets-de-letablissement\/\">Voir plus<i class=\"crycon-right-dir\"><\/i><\/a><\/p>\n","protected":false},"author":20587,"featured_media":0,"parent":0,"menu_order":0,"comment_status":"closed","ping_status":"closed","template":"templates\/template-onecolumn.php","meta":{"footnotes":"","_links_to":"","_links_to_target":""},"class_list":["post-1656","page","type-page","status-publish","hentry"],"_links":{"self":[{"href":"https:\/\/etab.ac-reunion.fr\/clg-bory-de-saint-vincent\/wp-json\/wp\/v2\/pages\/1656","targetHints":{"allow":["GET"]}}],"collection":[{"href":"https:\/\/etab.ac-reunion.fr\/clg-bory-de-saint-vincent\/wp-json\/wp\/v2\/pages"}],"about":[{"href":"https:\/\/etab.ac-reunion.fr\/clg-bory-de-saint-vincent\/wp-json\/wp\/v2\/types\/page"}],"author":[{"embeddable":true,"href":"https:\/\/etab.ac-reunion.fr\/clg-bory-de-saint-vincent\/wp-json\/wp\/v2\/users\/20587"}],"replies":[{"embeddable":true,"href":"https:\/\/etab.ac-reunion.fr\/clg-bory-de-saint-vincent\/wp-json\/wp\/v2\/comments?post=1656"}],"version-history":[{"count":5,"href":"https:\/\/etab.ac-reunion.fr\/clg-bory-de-saint-vincent\/wp-json\/wp\/v2\/pages\/1656\/revisions"}],"predecessor-version":[{"id":7317,"href":"https:\/\/etab.ac-reunion.fr\/clg-bory-de-saint-vincent\/wp-json\/wp\/v2\/pages\/1656\/revisions\/7317"}],"wp:attachment":[{"href":"https:\/\/etab.ac-reunion.fr\/clg-bory-de-saint-vincent\/wp-json\/wp\/v2\/media?parent=1656"}],"curies":[{"name":"wp","href":"https:\/\/api.w.org\/{rel}","templated":true}]}}