{"id":1745,"date":"2019-02-09T17:08:25","date_gmt":"2019-02-09T13:08:25","guid":{"rendered":"http:\/\/college-bory-stvincent.ac-reunion.fr\/calendar\/"},"modified":"2026-02-16T10:27:31","modified_gmt":"2026-02-16T06:27:31","slug":"calendar","status":"publish","type":"page","link":"https:\/\/etab.ac-reunion.fr\/clg-bory-de-saint-vincent\/calendar\/","title":{"rendered":"Calendrier\/horaires"},"content":{"rendered":"\n<h3 class=\"wp-block-heading\">Horaires d&rsquo;ouverture du coll\u00e8ge<\/h3>\n\n\n\n<figure class=\"wp-block-table\"><table class=\"has-fixed-layout\"><tbody><tr><td>M1<\/td><td>7h55<\/td><td>8h50<\/td><\/tr><tr><td>M2<\/td><td>8h50<\/td><td>9h45<\/td><\/tr><tr><td>R\u00e9cr\u00e9<\/td><td>9h45<\/td><td>10h05<\/td><\/tr><tr><td>M3<\/td><td>10h05<\/td><td>11h00<\/td><\/tr><tr><td>M4<\/td><td>11h<\/td><td>11h55<\/td><\/tr><tr><td>Pause m\u00e9ridienne<\/td><td>11h55<\/td><td>13h30<\/td><\/tr><tr><td>S1<\/td><td>13h30<\/td><td>14h25<\/td><\/tr><tr><td>S2<\/td><td>14h25<\/td><td>15h20<\/td><\/tr><tr><td>R\u00e9cr\u00e9<\/td><td>15h20<\/td><td>15h35<\/td><\/tr><tr><td>S3<\/td><td>15h35<\/td><td>16h30<\/td><\/tr><\/tbody><\/table><\/figure>\n\n\n\n<div style=\"height:15px\" aria-hidden=\"true\" class=\"wp-block-spacer\"><\/div>\n\n\n\n<figure class=\"wp-block-image size-large\"><img loading=\"lazy\" decoding=\"async\" width=\"1024\" height=\"722\" src=\"https:\/\/etab.ac-reunion.fr\/clg-bory-de-saint-vincent\/wp-content\/uploads\/sites\/28\/2026\/02\/calendrier-pedagogique-previsionnel-2025-2026-v11-1024x722.png\" alt=\"\" class=\"wp-image-7701\" srcset=\"https:\/\/etab.ac-reunion.fr\/clg-bory-de-saint-vincent\/wp-content\/uploads\/sites\/28\/2026\/02\/calendrier-pedagogique-previsionnel-2025-2026-v11-1024x722.png 1024w, https:\/\/etab.ac-reunion.fr\/clg-bory-de-saint-vincent\/wp-content\/uploads\/sites\/28\/2026\/02\/calendrier-pedagogique-previsionnel-2025-2026-v11-300x212.png 300w, https:\/\/etab.ac-reunion.fr\/clg-bory-de-saint-vincent\/wp-content\/uploads\/sites\/28\/2026\/02\/calendrier-pedagogique-previsionnel-2025-2026-v11-768x542.png 768w, https:\/\/etab.ac-reunion.fr\/clg-bory-de-saint-vincent\/wp-content\/uploads\/sites\/28\/2026\/02\/calendrier-pedagogique-previsionnel-2025-2026-v11-150x106.png 150w, https:\/\/etab.ac-reunion.fr\/clg-bory-de-saint-vincent\/wp-content\/uploads\/sites\/28\/2026\/02\/calendrier-pedagogique-previsionnel-2025-2026-v11.png 1232w\" sizes=\"auto, (max-width: 1024px) 100vw, 1024px\" \/><\/figure>\n\n\n\n<div style=\"height:15px\" aria-hidden=\"true\" class=\"wp-block-spacer\"><\/div>\n\n\n\n<div class=\"wp-block-buttons is-content-justification-left is-layout-flex wp-container-core-buttons-is-layout-fdcfc74e wp-block-buttons-is-layout-flex\">\n<div class=\"wp-block-button\"><a class=\"wp-block-button__link wp-element-button\" href=\"https:\/\/www.ac-reunion.fr\/le-calendrier-scolaire\" target=\"_blank\" rel=\"noreferrer noopener\"><strong>Vacances scolaires de l&rsquo;Acad\u00e9mie de La R\u00e9union<\/strong><\/a><\/div>\n<\/div>\n","protected":false},"excerpt":{"rendered":"<p>Horaires d&rsquo;ouverture du coll\u00e8ge M1 7h55 8h50 M2 8h50 9h45 R\u00e9cr\u00e9 9h45 10h05 M3 10h05 11h00 M4 11h 11h55 Pause m\u00e9ridienne 11h55 13h30 S1 13h30 14h25 S2 14h25 15h20 R\u00e9cr\u00e9 15h20 15h35 S3 15h35 16h30<\/p>\n<p class=\"continue-reading-button\"> <a class=\"continue-reading-link\" href=\"https:\/\/etab.ac-reunion.fr\/clg-bory-de-saint-vincent\/calendar\/\">Voir plus<i class=\"crycon-right-dir\"><\/i><\/a><\/p>\n","protected":false},"author":20587,"featured_media":0,"parent":0,"menu_order":0,"comment_status":"closed","ping_status":"closed","template":"templates\/template-onecolumn.php","meta":{"footnotes":"","_links_to":"","_links_to_target":""},"class_list":["post-1745","page","type-page","status-publish","hentry"],"_links":{"self":[{"href":"https:\/\/etab.ac-reunion.fr\/clg-bory-de-saint-vincent\/wp-json\/wp\/v2\/pages\/1745","targetHints":{"allow":["GET"]}}],"collection":[{"href":"https:\/\/etab.ac-reunion.fr\/clg-bory-de-saint-vincent\/wp-json\/wp\/v2\/pages"}],"about":[{"href":"https:\/\/etab.ac-reunion.fr\/clg-bory-de-saint-vincent\/wp-json\/wp\/v2\/types\/page"}],"author":[{"embeddable":true,"href":"https:\/\/etab.ac-reunion.fr\/clg-bory-de-saint-vincent\/wp-json\/wp\/v2\/users\/20587"}],"replies":[{"embeddable":true,"href":"https:\/\/etab.ac-reunion.fr\/clg-bory-de-saint-vincent\/wp-json\/wp\/v2\/comments?post=1745"}],"version-history":[{"count":45,"href":"https:\/\/etab.ac-reunion.fr\/clg-bory-de-saint-vincent\/wp-json\/wp\/v2\/pages\/1745\/revisions"}],"predecessor-version":[{"id":7702,"href":"https:\/\/etab.ac-reunion.fr\/clg-bory-de-saint-vincent\/wp-json\/wp\/v2\/pages\/1745\/revisions\/7702"}],"wp:attachment":[{"href":"https:\/\/etab.ac-reunion.fr\/clg-bory-de-saint-vincent\/wp-json\/wp\/v2\/media?parent=1745"}],"curies":[{"name":"wp","href":"https:\/\/api.w.org\/{rel}","templated":true}]}}