{"id":1773,"date":"2019-02-11T11:24:28","date_gmt":"2019-02-11T07:24:28","guid":{"rendered":"http:\/\/college-bory-stvincent.ac-reunion.fr\/?page_id=1773"},"modified":"2022-08-25T15:25:55","modified_gmt":"2022-08-25T11:25:55","slug":"lecole-ouverte","status":"publish","type":"page","link":"https:\/\/etab.ac-reunion.fr\/clg-bory-de-saint-vincent\/lecole-ouverte\/","title":{"rendered":"L&rsquo;\u00e9cole ouverte"},"content":{"rendered":"\n<div class=\"wp-block-columns is-layout-flex wp-container-core-columns-is-layout-9d6595d7 wp-block-columns-is-layout-flex\">\n<div class=\"wp-block-column is-layout-flow wp-block-column-is-layout-flow\">\n<div class=\"wp-block-image\"><figure class=\"aligncenter size-large\"><img loading=\"lazy\" decoding=\"async\" width=\"450\" height=\"117\" src=\"https:\/\/etab.ac-reunion.fr\/clg-bory-de-saint-vincent\/wp-content\/uploads\/sites\/28\/2013\/12\/ecoleouverte1.png\" alt=\"\" class=\"wp-image-814\" srcset=\"https:\/\/etab.ac-reunion.fr\/clg-bory-de-saint-vincent\/wp-content\/uploads\/sites\/28\/2013\/12\/ecoleouverte1.png 450w, https:\/\/etab.ac-reunion.fr\/clg-bory-de-saint-vincent\/wp-content\/uploads\/sites\/28\/2013\/12\/ecoleouverte1-300x78.png 300w\" sizes=\"auto, (max-width: 450px) 100vw, 450px\" \/><\/figure><\/div>\n\n\n\n<div class=\"wp-block-buttons is-horizontal is-content-justification-center is-layout-flex wp-container-core-buttons-is-layout-499968f5 wp-block-buttons-is-layout-flex\">\n<div class=\"wp-block-button has-custom-width wp-block-button__width-50 is-style-outline is-style-outline--1\"><a class=\"wp-block-button__link has-electric-grass-gradient-background has-text-color has-background\" href=\"https:\/\/www.education.gouv.fr\/ecole-ouverte-4664\" style=\"color:#06472f\" target=\"_blank\" rel=\"https:\/\/www.education.gouv.fr\/ecole-ouverte-4664 noopener\">Plus de d\u00e9tails sur  le dispositif ici<\/a><\/div>\n<\/div>\n<\/div>\n\n\n\n<div class=\"wp-block-column is-layout-flow wp-block-column-is-layout-flow\">\n<p>L&rsquo;\u00e9cole ouverte est une op\u00e9ration qui consiste \u00e0 ouvrir le coll\u00e8ge pendant les vacances scolaires.<\/p>\n\n\n\n<p>Cela permet aux \u00e9l\u00e8ves inscrits de&nbsp;<strong>renforcer leurs apprentissages<\/strong>&nbsp;mais aussi de<strong>&nbsp;favoriser l&rsquo;\u00e9panouissement individuel et collectif<\/strong>.<\/p>\n\n\n\n<p>Des activit\u00e9s diverses dans les domaines scolaire, culturel, sportif et de loisirs sont propos\u00e9es.<\/p>\n\n\n\n<p>Cette op\u00e9ration contribue au&nbsp;<strong>savoir-vivre ensemble<\/strong>&nbsp;et \u00e0 la&nbsp;<strong>r\u00e9ussite scolaire et \u00e9ducative<\/strong>, a fortiori dans les coll\u00e8ges excentr\u00e9s comme celui de St-Philippe.<\/p>\n<\/div>\n<\/div>\n\n\n\n<hr class=\"wp-block-separator\" \/>\n\n\n\n<h2 class=\"has-text-align-center wp-block-heading\">L&rsquo;\u00e9cole ouverte en images<\/h2>\n\n\n\n<figure class=\"wp-block-gallery has-nested-images columns-5 is-cropped wp-block-gallery-2 is-layout-flex wp-block-gallery-is-layout-flex\">\n<figure class=\"wp-block-image size-large\"><img loading=\"lazy\" decoding=\"async\" width=\"768\" height=\"1024\" data-id=\"3415\" src=\"https:\/\/etab.ac-reunion.fr\/clg-bory-de-saint-vincent\/wp-content\/uploads\/sites\/28\/2021\/09\/Ecole-ouverte-2021-13-1-768x1024.jpg\" alt=\"\" class=\"wp-image-3415\" srcset=\"https:\/\/etab.ac-reunion.fr\/clg-bory-de-saint-vincent\/wp-content\/uploads\/sites\/28\/2021\/09\/Ecole-ouverte-2021-13-1-768x1023.jpg 768w, https:\/\/etab.ac-reunion.fr\/clg-bory-de-saint-vincent\/wp-content\/uploads\/sites\/28\/2021\/09\/Ecole-ouverte-2021-13-1-225x300.jpg 225w, https:\/\/etab.ac-reunion.fr\/clg-bory-de-saint-vincent\/wp-content\/uploads\/sites\/28\/2021\/09\/Ecole-ouverte-2021-13-1-113x150.jpg 113w, https:\/\/etab.ac-reunion.fr\/clg-bory-de-saint-vincent\/wp-content\/uploads\/sites\/28\/2021\/09\/Ecole-ouverte-2021-13-1.jpg 800w\" sizes=\"auto, (max-width: 768px) 100vw, 768px\" \/><\/figure>\n\n\n\n<figure class=\"wp-block-image size-large\"><img loading=\"lazy\" decoding=\"async\" width=\"800\" height=\"600\" data-id=\"3414\" src=\"https:\/\/etab.ac-reunion.fr\/clg-bory-de-saint-vincent\/wp-content\/uploads\/sites\/28\/2021\/09\/Ecole-ouverte-2021-12-1.jpg\" alt=\"\" class=\"wp-image-3414\" srcset=\"https:\/\/etab.ac-reunion.fr\/clg-bory-de-saint-vincent\/wp-content\/uploads\/sites\/28\/2021\/09\/Ecole-ouverte-2021-12-1.jpg 800w, https:\/\/etab.ac-reunion.fr\/clg-bory-de-saint-vincent\/wp-content\/uploads\/sites\/28\/2021\/09\/Ecole-ouverte-2021-12-1-300x225.jpg 300w, https:\/\/etab.ac-reunion.fr\/clg-bory-de-saint-vincent\/wp-content\/uploads\/sites\/28\/2021\/09\/Ecole-ouverte-2021-12-1-768x576.jpg 768w, https:\/\/etab.ac-reunion.fr\/clg-bory-de-saint-vincent\/wp-content\/uploads\/sites\/28\/2021\/09\/Ecole-ouverte-2021-12-1-150x113.jpg 150w\" sizes=\"auto, (max-width: 800px) 100vw, 800px\" \/><\/figure>\n\n\n\n<figure class=\"wp-block-image size-large\"><img loading=\"lazy\" decoding=\"async\" width=\"800\" height=\"600\" data-id=\"3413\" src=\"https:\/\/etab.ac-reunion.fr\/clg-bory-de-saint-vincent\/wp-content\/uploads\/sites\/28\/2021\/09\/Ecole-ouverte-2021-11-1.jpg\" alt=\"\" class=\"wp-image-3413\" srcset=\"https:\/\/etab.ac-reunion.fr\/clg-bory-de-saint-vincent\/wp-content\/uploads\/sites\/28\/2021\/09\/Ecole-ouverte-2021-11-1.jpg 800w, https:\/\/etab.ac-reunion.fr\/clg-bory-de-saint-vincent\/wp-content\/uploads\/sites\/28\/2021\/09\/Ecole-ouverte-2021-11-1-300x225.jpg 300w, https:\/\/etab.ac-reunion.fr\/clg-bory-de-saint-vincent\/wp-content\/uploads\/sites\/28\/2021\/09\/Ecole-ouverte-2021-11-1-768x576.jpg 768w, https:\/\/etab.ac-reunion.fr\/clg-bory-de-saint-vincent\/wp-content\/uploads\/sites\/28\/2021\/09\/Ecole-ouverte-2021-11-1-150x113.jpg 150w\" sizes=\"auto, (max-width: 800px) 100vw, 800px\" \/><\/figure>\n\n\n\n<figure class=\"wp-block-image size-large\"><img loading=\"lazy\" decoding=\"async\" width=\"1024\" height=\"768\" data-id=\"3398\" src=\"https:\/\/etab.ac-reunion.fr\/clg-bory-de-saint-vincent\/wp-content\/uploads\/sites\/28\/2021\/09\/Ecole-ouverte-2021-2-1024x768.jpg\" alt=\"\" class=\"wp-image-3398\" srcset=\"https:\/\/etab.ac-reunion.fr\/clg-bory-de-saint-vincent\/wp-content\/uploads\/sites\/28\/2021\/09\/Ecole-ouverte-2021-2-1024x768.jpg 1024w, https:\/\/etab.ac-reunion.fr\/clg-bory-de-saint-vincent\/wp-content\/uploads\/sites\/28\/2021\/09\/Ecole-ouverte-2021-2-300x225.jpg 300w, https:\/\/etab.ac-reunion.fr\/clg-bory-de-saint-vincent\/wp-content\/uploads\/sites\/28\/2021\/09\/Ecole-ouverte-2021-2-768x576.jpg 768w, https:\/\/etab.ac-reunion.fr\/clg-bory-de-saint-vincent\/wp-content\/uploads\/sites\/28\/2021\/09\/Ecole-ouverte-2021-2-1536x1152.jpg 1536w, https:\/\/etab.ac-reunion.fr\/clg-bory-de-saint-vincent\/wp-content\/uploads\/sites\/28\/2021\/09\/Ecole-ouverte-2021-2-2048x1536.jpg 2048w, https:\/\/etab.ac-reunion.fr\/clg-bory-de-saint-vincent\/wp-content\/uploads\/sites\/28\/2021\/09\/Ecole-ouverte-2021-2-150x113.jpg 150w\" sizes=\"auto, (max-width: 1024px) 100vw, 1024px\" \/><\/figure>\n\n\n\n<figure class=\"wp-block-image size-large\"><img loading=\"lazy\" decoding=\"async\" width=\"768\" height=\"1024\" data-id=\"3400\" src=\"https:\/\/etab.ac-reunion.fr\/clg-bory-de-saint-vincent\/wp-content\/uploads\/sites\/28\/2021\/09\/Ecole-ouverte-2021-4-768x1024.jpg\" alt=\"\" class=\"wp-image-3400\" srcset=\"https:\/\/etab.ac-reunion.fr\/clg-bory-de-saint-vincent\/wp-content\/uploads\/sites\/28\/2021\/09\/Ecole-ouverte-2021-4-768x1024.jpg 768w, https:\/\/etab.ac-reunion.fr\/clg-bory-de-saint-vincent\/wp-content\/uploads\/sites\/28\/2021\/09\/Ecole-ouverte-2021-4-225x300.jpg 225w, https:\/\/etab.ac-reunion.fr\/clg-bory-de-saint-vincent\/wp-content\/uploads\/sites\/28\/2021\/09\/Ecole-ouverte-2021-4-1152x1536.jpg 1152w, https:\/\/etab.ac-reunion.fr\/clg-bory-de-saint-vincent\/wp-content\/uploads\/sites\/28\/2021\/09\/Ecole-ouverte-2021-4-1536x2048.jpg 1536w, https:\/\/etab.ac-reunion.fr\/clg-bory-de-saint-vincent\/wp-content\/uploads\/sites\/28\/2021\/09\/Ecole-ouverte-2021-4-113x150.jpg 113w, https:\/\/etab.ac-reunion.fr\/clg-bory-de-saint-vincent\/wp-content\/uploads\/sites\/28\/2021\/09\/Ecole-ouverte-2021-4-scaled.jpg 1920w\" sizes=\"auto, (max-width: 768px) 100vw, 768px\" \/><\/figure>\n\n\n\n<figure class=\"wp-block-image size-large\"><img loading=\"lazy\" decoding=\"async\" width=\"768\" height=\"1024\" data-id=\"3401\" src=\"https:\/\/etab.ac-reunion.fr\/clg-bory-de-saint-vincent\/wp-content\/uploads\/sites\/28\/2021\/09\/Ecole-ouverte-2021-5-768x1024.jpg\" alt=\"\" class=\"wp-image-3401\" srcset=\"https:\/\/etab.ac-reunion.fr\/clg-bory-de-saint-vincent\/wp-content\/uploads\/sites\/28\/2021\/09\/Ecole-ouverte-2021-5-768x1023.jpg 768w, https:\/\/etab.ac-reunion.fr\/clg-bory-de-saint-vincent\/wp-content\/uploads\/sites\/28\/2021\/09\/Ecole-ouverte-2021-5-225x300.jpg 225w, https:\/\/etab.ac-reunion.fr\/clg-bory-de-saint-vincent\/wp-content\/uploads\/sites\/28\/2021\/09\/Ecole-ouverte-2021-5-113x150.jpg 113w, https:\/\/etab.ac-reunion.fr\/clg-bory-de-saint-vincent\/wp-content\/uploads\/sites\/28\/2021\/09\/Ecole-ouverte-2021-5.jpg 800w\" sizes=\"auto, (max-width: 768px) 100vw, 768px\" \/><\/figure>\n\n\n\n<figure class=\"wp-block-image size-large\"><img loading=\"lazy\" decoding=\"async\" width=\"800\" height=\"600\" data-id=\"3411\" src=\"https:\/\/etab.ac-reunion.fr\/clg-bory-de-saint-vincent\/wp-content\/uploads\/sites\/28\/2021\/09\/Ecole-ouverte-2021-8-1.jpg\" alt=\"\" class=\"wp-image-3411\" srcset=\"https:\/\/etab.ac-reunion.fr\/clg-bory-de-saint-vincent\/wp-content\/uploads\/sites\/28\/2021\/09\/Ecole-ouverte-2021-8-1.jpg 800w, https:\/\/etab.ac-reunion.fr\/clg-bory-de-saint-vincent\/wp-content\/uploads\/sites\/28\/2021\/09\/Ecole-ouverte-2021-8-1-300x225.jpg 300w, https:\/\/etab.ac-reunion.fr\/clg-bory-de-saint-vincent\/wp-content\/uploads\/sites\/28\/2021\/09\/Ecole-ouverte-2021-8-1-768x576.jpg 768w, https:\/\/etab.ac-reunion.fr\/clg-bory-de-saint-vincent\/wp-content\/uploads\/sites\/28\/2021\/09\/Ecole-ouverte-2021-8-1-150x113.jpg 150w\" sizes=\"auto, (max-width: 800px) 100vw, 800px\" \/><\/figure>\n\n\n\n<figure class=\"wp-block-image size-large\"><img loading=\"lazy\" decoding=\"async\" width=\"800\" height=\"600\" data-id=\"3412\" src=\"https:\/\/etab.ac-reunion.fr\/clg-bory-de-saint-vincent\/wp-content\/uploads\/sites\/28\/2021\/09\/Ecole-ouverte-2021-9-1.jpg\" alt=\"\" class=\"wp-image-3412\" srcset=\"https:\/\/etab.ac-reunion.fr\/clg-bory-de-saint-vincent\/wp-content\/uploads\/sites\/28\/2021\/09\/Ecole-ouverte-2021-9-1.jpg 800w, https:\/\/etab.ac-reunion.fr\/clg-bory-de-saint-vincent\/wp-content\/uploads\/sites\/28\/2021\/09\/Ecole-ouverte-2021-9-1-300x225.jpg 300w, https:\/\/etab.ac-reunion.fr\/clg-bory-de-saint-vincent\/wp-content\/uploads\/sites\/28\/2021\/09\/Ecole-ouverte-2021-9-1-768x576.jpg 768w, https:\/\/etab.ac-reunion.fr\/clg-bory-de-saint-vincent\/wp-content\/uploads\/sites\/28\/2021\/09\/Ecole-ouverte-2021-9-1-150x113.jpg 150w\" sizes=\"auto, (max-width: 800px) 100vw, 800px\" \/><\/figure>\n\n\n\n<figure class=\"wp-block-image size-large\"><img loading=\"lazy\" decoding=\"async\" width=\"768\" height=\"1024\" data-id=\"3402\" src=\"https:\/\/etab.ac-reunion.fr\/clg-bory-de-saint-vincent\/wp-content\/uploads\/sites\/28\/2021\/09\/Ecole-ouverte-2021-6-768x1024.jpg\" alt=\"\" class=\"wp-image-3402\" srcset=\"https:\/\/etab.ac-reunion.fr\/clg-bory-de-saint-vincent\/wp-content\/uploads\/sites\/28\/2021\/09\/Ecole-ouverte-2021-6-768x1023.jpg 768w, https:\/\/etab.ac-reunion.fr\/clg-bory-de-saint-vincent\/wp-content\/uploads\/sites\/28\/2021\/09\/Ecole-ouverte-2021-6-225x300.jpg 225w, https:\/\/etab.ac-reunion.fr\/clg-bory-de-saint-vincent\/wp-content\/uploads\/sites\/28\/2021\/09\/Ecole-ouverte-2021-6-113x150.jpg 113w, https:\/\/etab.ac-reunion.fr\/clg-bory-de-saint-vincent\/wp-content\/uploads\/sites\/28\/2021\/09\/Ecole-ouverte-2021-6.jpg 800w\" sizes=\"auto, (max-width: 768px) 100vw, 768px\" \/><\/figure>\n\n\n\n<figure class=\"wp-block-image size-large\"><img loading=\"lazy\" decoding=\"async\" width=\"800\" height=\"600\" data-id=\"3409\" src=\"https:\/\/etab.ac-reunion.fr\/clg-bory-de-saint-vincent\/wp-content\/uploads\/sites\/28\/2021\/09\/Ecole-ouverte-2021-7-1.jpg\" alt=\"\" class=\"wp-image-3409\" srcset=\"https:\/\/etab.ac-reunion.fr\/clg-bory-de-saint-vincent\/wp-content\/uploads\/sites\/28\/2021\/09\/Ecole-ouverte-2021-7-1.jpg 800w, https:\/\/etab.ac-reunion.fr\/clg-bory-de-saint-vincent\/wp-content\/uploads\/sites\/28\/2021\/09\/Ecole-ouverte-2021-7-1-300x225.jpg 300w, https:\/\/etab.ac-reunion.fr\/clg-bory-de-saint-vincent\/wp-content\/uploads\/sites\/28\/2021\/09\/Ecole-ouverte-2021-7-1-768x576.jpg 768w, https:\/\/etab.ac-reunion.fr\/clg-bory-de-saint-vincent\/wp-content\/uploads\/sites\/28\/2021\/09\/Ecole-ouverte-2021-7-1-150x113.jpg 150w\" sizes=\"auto, (max-width: 800px) 100vw, 800px\" \/><\/figure>\n<\/figure>\n\n\n\n<hr class=\"wp-block-separator\" \/>\n\n\n\n<h2 class=\"has-text-align-center wp-block-heading\">Vid\u00e9o r\u00e9cap de l&rsquo;\u00e9cole ouverte 2021<\/h2>\n\n\n\n<div class=\"wp-block-image is-style-default\"><figure class=\"aligncenter size-full is-resized\"><a href=\"https:\/\/tube-institutionnel.apps.education.fr\/w\/txDXKA388txNDigxx9pXez\" target=\"_blank\" rel=\"noopener\"><img loading=\"lazy\" decoding=\"async\" src=\"https:\/\/etab.ac-reunion.fr\/clg-bory-de-saint-vincent\/wp-content\/uploads\/sites\/28\/2021\/09\/Vignette-video-ecole-ouverte-2021-velo-couche.jpg\" alt=\"\" class=\"wp-image-3394\" width=\"612\" height=\"341\" srcset=\"https:\/\/etab.ac-reunion.fr\/clg-bory-de-saint-vincent\/wp-content\/uploads\/sites\/28\/2021\/09\/Vignette-video-ecole-ouverte-2021-velo-couche.jpg 807w, https:\/\/etab.ac-reunion.fr\/clg-bory-de-saint-vincent\/wp-content\/uploads\/sites\/28\/2021\/09\/Vignette-video-ecole-ouverte-2021-velo-couche-300x167.jpg 300w, https:\/\/etab.ac-reunion.fr\/clg-bory-de-saint-vincent\/wp-content\/uploads\/sites\/28\/2021\/09\/Vignette-video-ecole-ouverte-2021-velo-couche-768x428.jpg 768w, https:\/\/etab.ac-reunion.fr\/clg-bory-de-saint-vincent\/wp-content\/uploads\/sites\/28\/2021\/09\/Vignette-video-ecole-ouverte-2021-velo-couche-150x84.jpg 150w\" sizes=\"auto, (max-width: 612px) 100vw, 612px\" \/><\/a><\/figure><\/div>\n","protected":false},"excerpt":{"rendered":"<p>L&rsquo;\u00e9cole ouverte est une op\u00e9ration qui consiste \u00e0 ouvrir le coll\u00e8ge pendant les vacances scolaires. Cela permet aux \u00e9l\u00e8ves inscrits de&nbsp;renforcer leurs apprentissages&nbsp;mais aussi de&nbsp;favoriser l&rsquo;\u00e9panouissement individuel et collectif. Des activit\u00e9s diverses dans les domaines scolaire, culturel, sportif et de loisirs sont propos\u00e9es. Cette op\u00e9ration contribue au&nbsp;savoir-vivre ensemble&nbsp;et \u00e0 la&nbsp;r\u00e9ussite&#8230;<\/p>\n<p class=\"continue-reading-button\"> <a class=\"continue-reading-link\" href=\"https:\/\/etab.ac-reunion.fr\/clg-bory-de-saint-vincent\/lecole-ouverte\/\">Voir plus<i class=\"crycon-right-dir\"><\/i><\/a><\/p>\n","protected":false},"author":20587,"featured_media":0,"parent":0,"menu_order":0,"comment_status":"closed","ping_status":"closed","template":"templates\/template-onecolumn.php","meta":{"footnotes":"","_links_to":"","_links_to_target":""},"class_list":["post-1773","page","type-page","status-publish","hentry"],"_links":{"self":[{"href":"https:\/\/etab.ac-reunion.fr\/clg-bory-de-saint-vincent\/wp-json\/wp\/v2\/pages\/1773","targetHints":{"allow":["GET"]}}],"collection":[{"href":"https:\/\/etab.ac-reunion.fr\/clg-bory-de-saint-vincent\/wp-json\/wp\/v2\/pages"}],"about":[{"href":"https:\/\/etab.ac-reunion.fr\/clg-bory-de-saint-vincent\/wp-json\/wp\/v2\/types\/page"}],"author":[{"embeddable":true,"href":"https:\/\/etab.ac-reunion.fr\/clg-bory-de-saint-vincent\/wp-json\/wp\/v2\/users\/20587"}],"replies":[{"embeddable":true,"href":"https:\/\/etab.ac-reunion.fr\/clg-bory-de-saint-vincent\/wp-json\/wp\/v2\/comments?post=1773"}],"version-history":[{"count":18,"href":"https:\/\/etab.ac-reunion.fr\/clg-bory-de-saint-vincent\/wp-json\/wp\/v2\/pages\/1773\/revisions"}],"predecessor-version":[{"id":4368,"href":"https:\/\/etab.ac-reunion.fr\/clg-bory-de-saint-vincent\/wp-json\/wp\/v2\/pages\/1773\/revisions\/4368"}],"wp:attachment":[{"href":"https:\/\/etab.ac-reunion.fr\/clg-bory-de-saint-vincent\/wp-json\/wp\/v2\/media?parent=1773"}],"curies":[{"name":"wp","href":"https:\/\/api.w.org\/{rel}","templated":true}]}}