{"id":1879,"date":"2019-02-14T10:06:46","date_gmt":"2019-02-14T06:06:46","guid":{"rendered":"http:\/\/college-bory-stvincent.ac-reunion.fr\/?page_id=1879"},"modified":"2025-09-08T20:44:46","modified_gmt":"2025-09-08T16:44:46","slug":"pole-sante-et-social","status":"publish","type":"page","link":"https:\/\/etab.ac-reunion.fr\/clg-bory-de-saint-vincent\/pole-sante-et-social\/","title":{"rendered":"P\u00f4le sant\u00e9 et social"},"content":{"rendered":"\n<h4 class=\"wp-block-heading has-medium-font-size\"><strong>Infirmerie<\/strong><\/h4>\n\n\n\n<div style=\"height:15px\" aria-hidden=\"true\" class=\"wp-block-spacer\"><\/div>\n\n\n\n<p><strong>Missions :<\/strong> L&rsquo;infirmier-i\u00e8re accueille tout \u00e9l\u00e8ve qui le sollicite pour quelque motif que ce soit, y compris d&rsquo;ordre relationnel ou psychologique, d\u00e8s lors qu&rsquo;il y a une incidence sur sa sant\u00e9 ou sa scolarit\u00e9. Form\u00e9-e il-elle joue un r\u00f4le d&rsquo;observation, de d\u00e9pistage et de relais dans le domaine de la sant\u00e9 mentale. Il-elle assure un suivi et un accompagnement individuels, \u00e9tablit les relais n\u00e9cessaires (m\u00e9decins, assistants de service social, psychologues, CPE&#8230;), accueille les parents dans la prise en charge du ou des probl\u00e8mes identifi\u00e9s et travaille en \u00e9troite relation avec les professionnels du r\u00e9seau de sant\u00e9. Il-elle fait \u00e9galement de la sensibilisation sur certains sujets (vie affective, harc\u00e8lement, alimentation&#8230;).<\/p>\n\n\n\n<p><strong>Infirmi\u00e8re :<\/strong> Mme Marie PETRACCA<\/p>\n\n\n\n<p><strong>T\u00e9l\u00e9phone :<\/strong> 02 62 21 99 40<\/p>\n\n\n\n<p><strong>Horaires d&rsquo;accueil :<\/strong><\/p>\n\n\n\n<figure class=\"wp-block-table is-style-stripes\"><table class=\"has-luminous-vivid-amber-background-color has-background\"><tbody><tr><td>Lundi<\/td><td>7h30-16h30<\/td><\/tr><tr><td>Mercredi<\/td><td>7h30-12h00<\/td><\/tr><tr><td>Jeudi<\/td><td>7h30-16h30<\/td><\/tr><\/tbody><\/table><figcaption class=\"wp-element-caption\"><em>En continu<\/em>.<\/figcaption><\/figure>\n\n\n\n<div style=\"height:15px\" aria-hidden=\"true\" class=\"wp-block-spacer\"><\/div>\n\n\n\n<div class=\"wp-block-media-text has-media-on-the-right is-stacked-on-mobile\" style=\"grid-template-columns:auto 43%\"><div class=\"wp-block-media-text__content\">\n<h4 class=\"wp-block-heading\"><strong>Centre M\u00e9dico Scolaire du secteur St-Philippe\/St-Joseph<\/strong><\/h4>\n\n\n\n<div style=\"height:15px\" aria-hidden=\"true\" class=\"wp-block-spacer\"><\/div>\n\n\n\n<p><strong>Adresse :<\/strong> 1 rue Marius et Ary Leblond,<\/p>\n\n\n\n<p>97480 St-Joseph<\/p>\n\n\n\n<p><strong>T\u00e9l\u00e9phone :<\/strong> 02 62 56 55 48<\/p>\n\n\n\n<p><strong>Mail :<\/strong> ce.9741168B@ac-reunion.fr<\/p>\n\n\n\n<p><strong>M\u00e9decin scolaire :<\/strong> Dr De Caumia Baillenx Gysl\u00e8ne<\/p>\n<\/div><figure class=\"wp-block-media-text__media\"><img loading=\"lazy\" decoding=\"async\" width=\"938\" height=\"600\" src=\"https:\/\/etab.ac-reunion.fr\/clg-bory-de-saint-vincent\/wp-content\/uploads\/sites\/28\/2025\/09\/Plan-CMS-St-Joseph.jpg\" alt=\"\" class=\"wp-image-7370 size-full\" srcset=\"https:\/\/etab.ac-reunion.fr\/clg-bory-de-saint-vincent\/wp-content\/uploads\/sites\/28\/2025\/09\/Plan-CMS-St-Joseph.jpg 938w, https:\/\/etab.ac-reunion.fr\/clg-bory-de-saint-vincent\/wp-content\/uploads\/sites\/28\/2025\/09\/Plan-CMS-St-Joseph-300x192.jpg 300w, https:\/\/etab.ac-reunion.fr\/clg-bory-de-saint-vincent\/wp-content\/uploads\/sites\/28\/2025\/09\/Plan-CMS-St-Joseph-768x491.jpg 768w, https:\/\/etab.ac-reunion.fr\/clg-bory-de-saint-vincent\/wp-content\/uploads\/sites\/28\/2025\/09\/Plan-CMS-St-Joseph-150x96.jpg 150w\" sizes=\"auto, (max-width: 938px) 100vw, 938px\" \/><\/figure><\/div>\n\n\n\n<div style=\"height:15px\" aria-hidden=\"true\" class=\"wp-block-spacer\"><\/div>\n\n\n\n<h4 class=\"wp-block-heading has-medium-font-size\"><strong>Assistant-e de vie sociale<\/strong><\/h4>\n\n\n\n<div style=\"height:15px\" aria-hidden=\"true\" class=\"wp-block-spacer\"><\/div>\n\n\n\n<p><strong>Missions : <\/strong><\/p>\n\n\n\n<ul class=\"wp-block-list\">\n<li>Recevoir les personnes avec des besoins particulier ou en difficult\u00e9s.<\/li>\n\n\n\n<li>\u00c9couter, soutenir, conseiller et accompagner ces personnes.<\/li>\n\n\n\n<li>Mettre en relation avec les bons partenaires.<\/li>\n<\/ul>\n\n\n\n<p><strong>Assistante sociale : <\/strong>Mme Marion THIERRY D&rsquo;ARGENLIEU<\/p>\n\n\n\n<p><strong>T\u00e9l\u00e9phone :<\/strong> 0262 21 99 39<\/p>\n\n\n\n<p><strong>Horaires d&rsquo;accueil<\/strong> :<\/p>\n\n\n\n<figure class=\"wp-block-table is-style-stripes\"><table class=\"has-pale-pink-background-color has-background\"><tbody><tr><td>Lundi<\/td><td>8h00-16h30<\/td><\/tr><tr><td>Jeudi<\/td><td>8h00-16h30<\/td><\/tr><\/tbody><\/table><\/figure>\n\n\n\n<p><\/p>\n\n\n\n<div style=\"height:15px\" aria-hidden=\"true\" class=\"wp-block-spacer\"><\/div>\n\n\n\n<h4 class=\"wp-block-heading has-medium-font-size\"><strong>Psychologue de l\u2019\u00c9ducation Nationale (PsyEN)<\/strong><\/h4>\n\n\n\n<div style=\"height:15px\" aria-hidden=\"true\" class=\"wp-block-spacer\"><\/div>\n\n\n\n<p><strong>Missions :<\/strong> Le-a PsyEN agit pour le bien-\u00eatre psychologique et de la socialisation des \u00e9l\u00e8ves pour faciliter l\u2019acquisition de leurs apprentissages et accompagner dans l&rsquo;\u00e9laboration d&rsquo;un projet d&rsquo;orientation. Il-elle participe \u00e0 la pr\u00e9vention des risques de d\u00e9crochage ou de rupture scolaires. Il-elle prend en compte la situation particuli\u00e8re des \u00e9l\u00e8ves et peut proposer des aides sp\u00e9cialis\u00e9es, permettant notamment de d\u00e9velopper l&rsquo;int\u00e9r\u00eat et la motivation des \u00e9l\u00e8ves.<\/p>\n\n\n\n<p><strong>PsyEN : <\/strong>Mme Laurence DIERICK<\/p>\n\n\n\n<p><strong>Horaires d&rsquo;accueil :<\/strong><\/p>\n\n\n\n<figure class=\"wp-block-table is-style-stripes\"><table class=\"has-pale-cyan-blue-background-color has-background\"><tbody><tr><td>Jeudi<\/td><td>8h00-16h30<\/td><\/tr><\/tbody><\/table><\/figure>\n\n\n\n<p>Les \u00e9l\u00e8ves et leurs parents peuvent aussi se rendre au CIO de St Joseph, ouvert au public (sur RDV) du lundi au vendredi midi en p\u00e9riode scolaire : 0262 56 54 16 \/ cio.saint-joseph@ac-reunion.fr <\/p>\n\n\n\n<div class=\"wp-block-buttons is-layout-flex wp-block-buttons-is-layout-flex\">\n<div class=\"wp-block-button\"><a class=\"wp-block-button__link wp-element-button\" href=\"https:\/\/www.ac-reunion.fr\/orientation-formation\/sinformer-et-sorienter\/les-centres-dinformation-et-dorientation-cio\/cio-de-saint-joseph.html\" target=\"_blank\" rel=\"noreferrer noopener\">Plus d&rsquo;infos ici<\/a><\/div>\n<\/div>\n\n\n\n<div style=\"height:15px\" aria-hidden=\"true\" class=\"wp-block-spacer\"><\/div>\n\n\n\n<h4 class=\"wp-block-heading has-medium-font-size\"><strong>3 vid\u00e9os pour conna\u00eetre les protocoles d&rsquo;urgence :<\/strong><\/h4>\n\n\n\n<div style=\"height:15px\" aria-hidden=\"true\" class=\"wp-block-spacer\"><\/div>\n\n\n\n<p class=\"has-medium-font-size\">Anapen ( adr\u00e9naline ) pour les chocs allergiques : <a href=\"https:\/\/youtu.be\/1XCmZmYXEn4?feature=shared\">https:\/\/youtu.be\/1XCmZmYXEn4?feature=shared<\/a><\/p>\n\n\n\n<figure class=\"wp-block-embed is-type-video is-provider-youtube wp-block-embed-youtube wp-embed-aspect-16-9 wp-has-aspect-ratio\"><div class=\"wp-block-embed__wrapper\">\n<iframe loading=\"lazy\" title=\"Utilisation des stylos auto-injecteurs d&#039;adr\u00e9naline ANAPEN\u00ae : L&#039;injection\" width=\"1420\" height=\"799\" src=\"https:\/\/www.youtube.com\/embed\/1XCmZmYXEn4?feature=oembed\" frameborder=\"0\" allow=\"accelerometer; autoplay; clipboard-write; encrypted-media; gyroscope; picture-in-picture; web-share\" referrerpolicy=\"strict-origin-when-cross-origin\" allowfullscreen><\/iframe>\n<\/div><\/figure>\n\n\n\n<div style=\"height:50px\" aria-hidden=\"true\" class=\"wp-block-spacer\"><\/div>\n\n\n\n<p class=\"has-medium-font-size\">Baqsimi (glucagon) pour les hypoglyc\u00e9mies avec perte de connaissance : <a href=\"https:\/\/youtu.be\/ba4TKELQ7wc?feature=shared\">https:\/\/youtu.be\/ba4TKELQ7wc?feature=shared<\/a><\/p>\n\n\n\n<figure class=\"wp-block-embed is-type-video is-provider-youtube wp-block-embed-youtube wp-embed-aspect-16-9 wp-has-aspect-ratio\"><div class=\"wp-block-embed__wrapper\">\n<iframe loading=\"lazy\" title=\"Comment administrer le glucagon nasal?\" width=\"1420\" height=\"799\" src=\"https:\/\/www.youtube.com\/embed\/ba4TKELQ7wc?feature=oembed\" frameborder=\"0\" allow=\"accelerometer; autoplay; clipboard-write; encrypted-media; gyroscope; picture-in-picture; web-share\" referrerpolicy=\"strict-origin-when-cross-origin\" allowfullscreen><\/iframe>\n<\/div><\/figure>\n\n\n\n<div style=\"height:50px\" aria-hidden=\"true\" class=\"wp-block-spacer\"><\/div>\n\n\n\n<p class=\"has-medium-font-size\">Buccolam (midazolam) pour la crises \u00e9pilepsie sup\u00e9rieure ou \u00e9gale \u00e0 5 min : <a href=\"https:\/\/youtu.be\/yMdqLPDULEs?feature=shared\">https:\/\/youtu.be\/yMdqLPDULEs?feature=shared<\/a><\/p>\n\n\n\n<figure class=\"wp-block-embed is-type-video is-provider-youtube wp-block-embed-youtube wp-embed-aspect-16-9 wp-has-aspect-ratio\"><div class=\"wp-block-embed__wrapper\">\n<iframe loading=\"lazy\" title=\"G\u00e9rer la crise \u00e9pileptique en milieu scolaire\" width=\"1420\" height=\"799\" src=\"https:\/\/www.youtube.com\/embed\/yMdqLPDULEs?feature=oembed\" frameborder=\"0\" allow=\"accelerometer; autoplay; clipboard-write; encrypted-media; gyroscope; picture-in-picture; web-share\" referrerpolicy=\"strict-origin-when-cross-origin\" allowfullscreen><\/iframe>\n<\/div><\/figure>\n","protected":false},"excerpt":{"rendered":"<p>Infirmerie Missions : L&rsquo;infirmier-i\u00e8re accueille tout \u00e9l\u00e8ve qui le sollicite pour quelque motif que ce soit, y compris d&rsquo;ordre relationnel ou psychologique, d\u00e8s lors qu&rsquo;il y a une incidence sur sa sant\u00e9 ou sa scolarit\u00e9. Form\u00e9-e il-elle joue un r\u00f4le d&rsquo;observation, de d\u00e9pistage et de relais dans le domaine de&#8230;<\/p>\n<p class=\"continue-reading-button\"> <a class=\"continue-reading-link\" href=\"https:\/\/etab.ac-reunion.fr\/clg-bory-de-saint-vincent\/pole-sante-et-social\/\">Voir plus<i class=\"crycon-right-dir\"><\/i><\/a><\/p>\n","protected":false},"author":20587,"featured_media":0,"parent":0,"menu_order":0,"comment_status":"closed","ping_status":"closed","template":"templates\/template-onecolumn.php","meta":{"footnotes":"","_links_to":"","_links_to_target":""},"class_list":["post-1879","page","type-page","status-publish","hentry"],"_links":{"self":[{"href":"https:\/\/etab.ac-reunion.fr\/clg-bory-de-saint-vincent\/wp-json\/wp\/v2\/pages\/1879","targetHints":{"allow":["GET"]}}],"collection":[{"href":"https:\/\/etab.ac-reunion.fr\/clg-bory-de-saint-vincent\/wp-json\/wp\/v2\/pages"}],"about":[{"href":"https:\/\/etab.ac-reunion.fr\/clg-bory-de-saint-vincent\/wp-json\/wp\/v2\/types\/page"}],"author":[{"embeddable":true,"href":"https:\/\/etab.ac-reunion.fr\/clg-bory-de-saint-vincent\/wp-json\/wp\/v2\/users\/20587"}],"replies":[{"embeddable":true,"href":"https:\/\/etab.ac-reunion.fr\/clg-bory-de-saint-vincent\/wp-json\/wp\/v2\/comments?post=1879"}],"version-history":[{"count":28,"href":"https:\/\/etab.ac-reunion.fr\/clg-bory-de-saint-vincent\/wp-json\/wp\/v2\/pages\/1879\/revisions"}],"predecessor-version":[{"id":7376,"href":"https:\/\/etab.ac-reunion.fr\/clg-bory-de-saint-vincent\/wp-json\/wp\/v2\/pages\/1879\/revisions\/7376"}],"wp:attachment":[{"href":"https:\/\/etab.ac-reunion.fr\/clg-bory-de-saint-vincent\/wp-json\/wp\/v2\/media?parent=1879"}],"curies":[{"name":"wp","href":"https:\/\/api.w.org\/{rel}","templated":true}]}}