{"id":308,"date":"2013-11-09T22:18:23","date_gmt":"2013-11-09T18:18:23","guid":{"rendered":"http:\/\/college-bory-stvincent-tmp.ac-reunion.fr\/?page_id=308"},"modified":"2022-09-14T11:45:02","modified_gmt":"2022-09-14T07:45:02","slug":"bory-de-saint-vincent","status":"publish","type":"page","link":"https:\/\/etab.ac-reunion.fr\/clg-bory-de-saint-vincent\/infos-pratiques\/bory-de-saint-vincent\/","title":{"rendered":"Visite de l&rsquo;\u00e9tablissement"},"content":{"rendered":"\n<p>Le coll\u00e8ge, avec ses 292 \u00e9l\u00e8ves et ses 27 professeurs, est l\u2019un des plus petits de l\u2019\u00eele. Il est situ\u00e9 dans la commune de Saint-Philippe qui compte environ 5 000 habitants. Un territoire situ\u00e9 entre oc\u00e9an et volcan, qui, m\u00eame si il poss\u00e8de un littoral important, s\u2019\u00e9tend dans les hauteurs, de la ravine de Basse Vall\u00e9e au Tremblet, en passant par Mare Longue et Ravine Ango. Plus de 70% des \u00e9l\u00e8ves sont donc transport\u00e9s.<\/p>\n\n\n\n<figure class=\"wp-block-gallery has-nested-images columns-default is-cropped wp-block-gallery-1 is-layout-flex wp-block-gallery-is-layout-flex\">\n<figure class=\"wp-block-image size-large\"><img loading=\"lazy\" decoding=\"async\" width=\"1024\" height=\"768\" data-id=\"4272\" src=\"https:\/\/etab.ac-reunion.fr\/clg-bory-de-saint-vincent\/wp-content\/uploads\/sites\/28\/2022\/06\/Embelissement-colle\u0300ge-2022-2-1024x768.jpg\" alt=\"\" class=\"wp-image-4272\" srcset=\"https:\/\/etab.ac-reunion.fr\/clg-bory-de-saint-vincent\/wp-content\/uploads\/sites\/28\/2022\/06\/Embelissement-colle\u0300ge-2022-2-1024x768.jpg 1024w, https:\/\/etab.ac-reunion.fr\/clg-bory-de-saint-vincent\/wp-content\/uploads\/sites\/28\/2022\/06\/Embelissement-colle\u0300ge-2022-2-300x225.jpg 300w, https:\/\/etab.ac-reunion.fr\/clg-bory-de-saint-vincent\/wp-content\/uploads\/sites\/28\/2022\/06\/Embelissement-colle\u0300ge-2022-2-768x576.jpg 768w, https:\/\/etab.ac-reunion.fr\/clg-bory-de-saint-vincent\/wp-content\/uploads\/sites\/28\/2022\/06\/Embelissement-colle\u0300ge-2022-2-1536x1152.jpg 1536w, https:\/\/etab.ac-reunion.fr\/clg-bory-de-saint-vincent\/wp-content\/uploads\/sites\/28\/2022\/06\/Embelissement-colle\u0300ge-2022-2-150x113.jpg 150w, https:\/\/etab.ac-reunion.fr\/clg-bory-de-saint-vincent\/wp-content\/uploads\/sites\/28\/2022\/06\/Embelissement-colle\u0300ge-2022-2.jpg 2048w\" sizes=\"auto, (max-width: 1024px) 100vw, 1024px\" \/><\/figure>\n<\/figure>\n\n\n\n<h1 class=\"wp-block-heading\">Qui \u00e9tait Bory de Saint Vincent ?<\/h1>\n\n\n<h2 style=\"text-align: center\"><span style=\"color: #000000\">Jean-Baptiste Bory de Saint-Vincent<\/span><\/h2>\n<p><span style=\"color: #000000\"><a href=\"https:\/\/etab.ac-reunion.fr\/clg-bory-de-saint-vincent\/wp-content\/uploads\/sites\/28\/2013\/11\/250px-Bory_Saint-Vincent_1778-1846.jpg\"><img loading=\"lazy\" decoding=\"async\" class=\"aligncenter size-medium wp-image-313\" src=\"https:\/\/etab.ac-reunion.fr\/clg-bory-de-saint-vincent\/wp-content\/uploads\/sites\/28\/2013\/11\/250px-Bory_Saint-Vincent_1778-1846-225x300.jpg\" alt=\"250px-Bory_Saint-Vincent_1778-1846\" width=\"225\" height=\"300\" srcset=\"https:\/\/etab.ac-reunion.fr\/clg-bory-de-saint-vincent\/wp-content\/uploads\/sites\/28\/2013\/11\/250px-Bory_Saint-Vincent_1778-1846-225x300.jpg 225w, https:\/\/etab.ac-reunion.fr\/clg-bory-de-saint-vincent\/wp-content\/uploads\/sites\/28\/2013\/11\/250px-Bory_Saint-Vincent_1778-1846.jpg 250w\" sizes=\"auto, (max-width: 225px) 100vw, 225px\" \/><\/a><\/span><\/p>\n<p><span style=\"color: #000000\"><b>Jean-Baptiste Genevi\u00e8ve Marcellin Bory de Saint-Vincent<\/b> est un officier fran\u00e7ais n\u00e9 le 6 juillet 1778 \u00e0 Agen et mort le 22 d\u00e9cembre 1846 \u00e0 Paris. Naturaliste et g\u00e9ographe, il s&rsquo;est notamment int\u00e9ress\u00e9 \u00e0 la vulcanologie, \u00e0 la botanique et \u00e0 la syst\u00e9matique.<\/span><\/p>\n<h3>\u00a0<\/h3>\n<h3><span style=\"color: #000000\">Jeunesse<\/span><\/h3>\n<p><span style=\"color: #000000\">N\u00e9 \u00e0 Agen en 1778, Jean-Baptiste Bory suit sa famille \u00e0 Bordeaux en 1787. Il aurait suivi des cours de chirurgie et de m\u00e9decine de 1791 \u00e0 1793. Pendant la Terreur (1793-1794), il se r\u00e9fugie dans les Landes.<\/span><\/p>\n<p><span style=\"color: #000000\">Ses premi\u00e8res publications savantes remontent \u00e0 1796-1798. Il entre alors en contact avec de nombreux naturalistes. Ainsi, on sait qu&rsquo;il fut l&rsquo;\u00e9l\u00e8ve du g\u00e9ologue et min\u00e9ralogiste D\u00e9odat Gratet de Dolomieu \u00e0 l&rsquo;\u00c9cole des mines de Paris.<\/span><\/p>\n<p><span style=\"color: #000000\">Apr\u00e8s le d\u00e9c\u00e8s de son p\u00e8re, il s&rsquo;engage dans l&rsquo;arm\u00e9e en 1799. Il est alors affect\u00e9 en Bretagne. En septembre 1800, il \u00e9pouse \u00e0 Rennes Anne-Charlotte Delacroix de la Th\u00e9baudais, avec qui il a deux filles : Augustine, n\u00e9e le 7 f\u00e9vrier 1801, et Clotilde, n\u00e9e le 25 mai 1803. Son \u00e9pouse d\u00e9c\u00e8de en 1823, apr\u00e8s leur s\u00e9paration.<\/span><\/p>\n<h3>\u00a0<\/h3>\n<h3><span style=\"color: #000000\">Exp\u00e9dition scientifique<\/span><\/h3>\n<p><span style=\"color: #000000\">Il apprend le d\u00e9part d&rsquo;une exp\u00e9dition scientifique organis\u00e9e par le gouvernement et obtient gr\u00e2ce \u00e0 celui qui lui tient lieu de p\u00e8re la place de zoologiste en chef \u00e0 bord de l&rsquo;une des corvettes participantes puis rencontre Bernard Germain de Lac\u00e9p\u00e8de, qui lui accorde sa confiance. C&rsquo;est ainsi qu&rsquo;apr\u00e8s avoir quitt\u00e9 l&rsquo;arm\u00e9e de l&rsquo;ouest fin ao\u00fbt puis obtenu du minist\u00e8re de la guerre un cong\u00e9 ind\u00e9fini, Jean-Baptiste Bory de Saint-Vincent quitte Paris le 30 septembre, arrive au Havre le 2 octobre et quitte la ville le 19 \u00e0 bord de l&rsquo;un des deux navires que le capitaine Nicolas Baudin emm\u00e8nera autour du monde de 1800 \u00e0 1804, <i>Le Naturaliste<\/i>.<\/span><\/p>\n<p><span style=\"color: #000000\">Il s&rsquo;arr\u00eate lors d&rsquo;une escale \u00e0 l&rsquo;\u00eele Maurice en mars 1801. De l\u00e0, il rejoint le 23 mai 1801 la R\u00e9union voisine, o\u00f9 il effectue en octobre et novembre 1801 l&rsquo;ascension et la premi\u00e8re description scientifique g\u00e9n\u00e9rale du Piton de la Fournaise, le volcan actif de l&rsquo;\u00eele.<\/span><\/p>\n<p><span style=\"color: #000000\">Il est de retour en France m\u00e9tropolitaine le 11 juillet 1802. Sa m\u00e8re est d\u00e9c\u00e9d\u00e9e lors de son absence. Il publie un <i>Voyage dans les \u00eeles d&rsquo;Afrique<\/i>. Il reprend par ailleurs du service dans l&rsquo;arm\u00e9e d\u00e8s son retour comme officier d&rsquo;\u00e9tat-major : il devient capitaine-adjoint d&rsquo;\u00e9tat major de Louis Nicolas Davout le 3 octobre 1804. Il est alors affect\u00e9, en 1803-1805, au camp de Boulogne.<\/span><\/p>\n<h3>\u00a0<\/h3>\n<h3><span style=\"color: #000000\">Carri\u00e8re savante<\/span><\/h3>\n<p><span style=\"color: #000000\">Il poursuit en parall\u00e8le sa carri\u00e8re savante : il est \u00e9lu correspondant du Mus\u00e9um en ao\u00fbt 1803 et correspondant de la premi\u00e8re classe de l&rsquo;Institut de France au printemps 1808. En 1804, il publie <i>Essais sur les \u00eeles fortun\u00e9es<\/i> et <i>Voyage dans les quatre principales \u00eeles des mers d&rsquo;Afrique<\/i>. L&rsquo;impression de cette relation d\u00e9di\u00e9e \u00e0 Mathieu Dumas est surveill\u00e9e par le jeune Jean-Marie L\u00e9on Dufour, en qui Bory entrevoit un futur grand naturaliste.<\/span><\/p>\n<p><span style=\"color: #000000\">Avec Pierre Auguste Joseph Drapiez et Jean-Baptiste Van Mons, il est un des directeurs scientifiques des <i>Annales g\u00e9n\u00e9rales des Sciences physiques<\/i>, \u00e9dit\u00e9es \u00e0 Bruxelles par l&rsquo;imprimeur Weissenbruch de 1819 \u00e0 1821. Les articles, r\u00e9dig\u00e9s par des sommit\u00e9s scientifiques internationales, sont illustr\u00e9s de lithographies imprim\u00e9es par Duval de Mercourt puis par Marcellin Jobard.<\/span><\/p>\n<h3>\u00a0<\/h3>\n<h3><span style=\"color: #000000\">Campagnes militaires<\/span><\/h3>\n<p><span style=\"color: #000000\">En 1805, il prend part \u00e0 la Campagne d&rsquo;Autriche, devient capitaine de Dragons en novembre et est pr\u00e9sent le mois suivant \u00e0 la Bataille d&rsquo;Austerlitz. Bory passe ensuite deux ans en Prusse et en Pologne. Il sert \u00e0 partir d&rsquo;octobre 1808 dans l&rsquo;\u00e9tat-major de Ney, puis de Soult \u00e0 partir d&rsquo;octobre 1809. Il participe ainsi \u00e0 la Campagne d&rsquo;Espagne. En mai 1811, il devient chef d&rsquo;escadron, puis est fait chevalier de la l\u00e9gion d&rsquo;honneur et lieutenant colonel \u00e0 la fin de l&rsquo;ann\u00e9e.<\/span><\/p>\n<p><span style=\"color: #000000\">Aux c\u00f4t\u00e9s de Soult, il prend part \u00e0 la campagne de Prusse de 1813 et \u00e0 la campagne de France de 1814. Apr\u00e8s la chute de Napol\u00e9on, il int\u00e8gre le service du d\u00e9p\u00f4t de la Guerre \u00e0 Paris le 10 octobre 1814. Il participe aussi \u00e0 la publication du <i>Nain Jaune<\/i>.<\/span><\/p>\n<h3>\u00a0<\/h3>\n<h3><span style=\"color: #000000\">Exil politique<\/span><\/h3>\n<p><span style=\"color: #000000\">Pendant les Cent-Jours, il est \u00e9lu d\u00e9put\u00e9 d&rsquo;Agen. Il se signale par son patriotisme. Au d\u00e9but de la Seconde Restauration, il est condamn\u00e9 \u00e0 cinq ans d&rsquo;exil le 24 juillet 1815. Il fuit vers Rouen et y rencontre l&rsquo;actrice Maria Gros (1787-1847). Il fait aussi para\u00eetre ses <i>Justifications<\/i>.<\/span><\/p>\n<p><span style=\"color: #000000\">Il passe les ann\u00e9es de 1816 \u00e0 1819 en exil entre la Belgique et la Prusse. Il s&rsquo;installe alors avec Maria Gros en 1817. Le 17 mai 1818 na\u00eet leur premi\u00e8re fille : Cassilda. Une seconde fille, Athanalgide, voit le jour le 22 juillet 1823, mais apr\u00e8s la s\u00e9paration de ses parents. En 1820, au traitement de r\u00e9forme \u00e0 partir de juillet en tant que lieutenant-colonel, Bory de Saint-Vincent revient s&rsquo;installer \u00e0 Paris o\u00f9 il r\u00e9side jusqu&rsquo;en 1825. Il collabore \u00e0 divers journaux lib\u00e9raux. En 1825, il est jet\u00e9 en prison pour dettes \u00e0 Sainte-P\u00e9lagie. Il y reste jusqu&rsquo;en 1827.<\/span><\/p>\n<p><span style=\"color: #000000\">Le 9 d\u00e9cembre 1828, il est nomm\u00e9 pour diriger la commission scientifique d&rsquo;exploration de Mor\u00e9e, qui a lieu en 1829-1830.<\/span><\/p>\n<p><span style=\"color: #000000\">En 1830, il se pr\u00e9sente \u00e0 une \u00e9lection pour devenir membre de l&rsquo;Institut apr\u00e8s le d\u00e9c\u00e8s de Lamarck.<\/span><\/p>\n<p><span style=\"color: #000000\">Il meurt le 22 d\u00e9cembre 1846 rue de Bussy \u00e0 Paris. Il est inhum\u00e9 au cimeti\u00e8re du P\u00e8re-Lachaise (49e division)3.<\/span><\/p>\n<h3>\u00a0<\/h3>\n<h3><span style=\"color: #000000\">Post\u00e9rit\u00e9<\/span><\/h3>\n<p><span style=\"color: #000000\">Les autres principales dates et p\u00e9riodes et les grands \u00e9v\u00e9nements de sa vie sont :<\/span><\/p>\n<ul>\n<li><span style=\"color: #000000\">Publication de <i>Lamuel<\/i> (en 1816) et des <i>Annales g\u00e9n\u00e9rales de Sciences Physiques<\/i> (de 1819 jusqu\u2019en 1821).<\/span><\/li>\n<li><span style=\"color: #000000\">De 1822 \u00e0 1831 : publication du <i>Dictionnaire Classique d&rsquo;Histoire naturelle<\/i> en 17 volumes, aux c\u00f4t\u00e9s d\u2019E. Geoffroy Saint-Hilaire.<\/span><\/li>\n<li><span style=\"color: #000000\">1823 : Publication du <i>Guide du voyageur en Espagne<\/i>.<\/span><\/li>\n<li><span style=\"color: #000000\">1825 : publication de l\u2019<i>Essai sur l\u2019Homme<\/i>.<\/span><\/li>\n<li><span style=\"color: #000000\">1826 : Essai d\u2019une classification des animaux microscopiques.<\/span><\/li>\n<li><span style=\"color: #000000\">1827 : 2e \u00e9dition de l\u2019<i>Essai sur l&rsquo;Homme<\/i>.<\/span><\/li>\n<li><span style=\"color: #000000\">1830 Apr\u00e8s les Trois Glorieuses, J.-B. Bory est r\u00e9int\u00e9gr\u00e9 dans l\u2019arm\u00e9e et au D\u00e9p\u00f4t des Cartes avec le grade de colonel, il y resta jusqu&rsquo;en 1842.<\/span><\/li>\n<li><span style=\"color: #000000\">1831 : Le 1er Mai 1831, Bory est fait officier de la L\u00e9gion d&rsquo;honneur et en juillet, il devient d\u00e9put\u00e9 de Marmande mais d\u00e9missionne bient\u00f4t. Il fait para\u00eetre le compte-rendu de son exploration qui lui permet d&rsquo;\u00eatre \u00e9lu membre de l&rsquo;Acad\u00e9mie des sciences en novembre 1834 : <i>Relation du voyage de la commission scientifique de Mor\u00e9e dans le P\u00e9loponn\u00e8se, les Cyclades et l&rsquo;Attique<\/i>.<\/span><\/li>\n<li><span style=\"color: #000000\">Il participe \u00e0 la fondation de la Soci\u00e9t\u00e9 entomologique de France le 29 f\u00e9vrier 1832 aux c\u00f4t\u00e9s de son vieil ami P. A. Latreille.<\/span><\/li>\n<li><span style=\"color: #000000\">1834 : Bory ach\u00e8ve la publication de l\u2019<i>Exp\u00e9dition de Mor\u00e9e<\/i> Le 17 novembre, il est \u00e9lu membre libre de l\u2019Institut.<\/span><\/li>\n<li><span style=\"color: #000000\">1835-1838 : Bory si\u00e8ge \u00e0 la commission d\u2019\u00e9tat-major. En 1838, il fait r\u00e9\u00e9diter ses <i>Justifications<\/i> de 1815 sous le titre de <i>M\u00e9moires<\/i>.<\/span><\/li>\n<li><span style=\"color: #000000\">1839 : La commission scientifique d\u2019Alg\u00e9rie est nomm\u00e9e le 24 ao\u00fbt 1839. Bory en est le chef en tant que Colonel d\u2019\u00c9tat-Major.<\/span><\/li>\n<li><span style=\"color: #000000\">1840-1842 : S\u00e9jour en Alg\u00e9rie. Plac\u00e9 \u00e0 la retraite en janvier 1840. Il pr\u00e9side la Commission d&rsquo;exploration scientifique d&rsquo;Alg\u00e9rie entre 1839 et 1842 et se rend sur place, \u00e0 Alger et dans d&rsquo;autres villes de la c\u00f4te entre 1840 et le premier trimestre 1842.<\/span><\/li>\n<li><span style=\"color: #000000\">1846 : Malade, Bory songe encore \u00e0 faire un voyage vers les \u00eeles de l\u2019Oc\u00e9an Indien ou l\u2019Alg\u00e9rie.<\/span><\/li>\n<\/ul>\n<p><span style=\"color: #000000\">\u00a0<\/span><\/p>\n<p><span style=\"color: #000000\">Travailleur infatigable, il a \u00e9crit sur plusieurs branches de l&rsquo;histoire naturelle, notamment sur les reptiles, les poissons, les animaux et v\u00e9g\u00e9taux microscopiques, les cryptogames, etc. Il a \u00e9t\u00e9 le principal r\u00e9dacteur de la Biblioth\u00e8que physico-\u00e9conomique, du <i>Dictionnaire classique d&rsquo;histoire naturelle<\/i>, de la partie scientifique de <i>l&rsquo;Exp\u00e9dition de Mor\u00e9e<\/i> (1832 et ann\u00e9es suivantes.) Il a aussi r\u00e9dig\u00e9 de bons r\u00e9sum\u00e9s g\u00e9ographiques, notamment celui d&rsquo;Espagne, et a donn\u00e9 \u00e0 l&rsquo;<i>Encyclop\u00e9die moderne<\/i> de nombreux articles, remarquables par l&rsquo;originalit\u00e9 des id\u00e9es.<\/span><\/p>\n<p><span style=\"color: #000000\">Bory fut un des principaux auteurs transformistes de la premi\u00e8re moiti\u00e9 du dix-neuvi\u00e8me si\u00e8cle aux c\u00f4t\u00e9s, entre autres, de Lamarck et Delam\u00e9th\u00e9rie. Il fut aussi un fervent d\u00e9fenseur de la g\u00e9n\u00e9ration spontan\u00e9e (th\u00e8me de la c\u00e9l\u00e8bre controverse entre Pasteur et Pouchet), un ardent polyg\u00e9niste (il pensait que les diff\u00e9rentes \u00ab\u00a0races\u00a0\u00bb humaines (au sens de l&rsquo;\u00e9poque) \u00e9taient de v\u00e9ritables esp\u00e8ces ayant chacune une origine et une histoires propres), et un opposant notoire \u00e0 l&rsquo;esclavagisme (Schoelcher le cite parmi ses alli\u00e9s scientifiques en faveur de l&rsquo;abolition.)<\/span><\/p>\n<h3>\u00a0<\/h3>\n<h3 style=\"text-align: left\"><span style=\"color: #000000\">Toponymie<\/span><span style=\"color: #000000\">\u00a0<a href=\"https:\/\/etab.ac-reunion.fr\/clg-bory-de-saint-vincent\/wp-content\/uploads\/sites\/28\/2013\/11\/220px-Insel-Mascarenha.jpg\"><img loading=\"lazy\" decoding=\"async\" class=\"aligncenter  wp-image-316\" src=\"https:\/\/etab.ac-reunion.fr\/clg-bory-de-saint-vincent\/wp-content\/uploads\/sites\/28\/2013\/11\/220px-Insel-Mascarenha.jpg\" alt=\"220px-Insel-Mascarenha\" width=\"277\" height=\"246\" \/><\/a><\/span><\/h3>\n<p style=\"text-align: center\"><em><span style=\"color: #000000\">Une carte de la R\u00e9union dessin\u00e9e par Bory de Saint-Vincent.<\/span><\/em><\/p>\n<p><span style=\"color: #000000\">\u00a0<\/span><span style=\"color: #000000\">En hommage \u00e0 ce pionnier de l&rsquo;exploration du volcan, l&rsquo;un des deux crat\u00e8res sommitaux du Piton de la Fournaise sur l&rsquo;\u00eele de la R\u00e9union porte son nom, le crat\u00e8re Bory. C&rsquo;est son accompagnateur, un certain De Jouvancourt, qui le nomma lors de leur ascension du volcan en 1801.<\/span><\/p>\n<p>\u00a0<\/p>\n<p><em>Source Wikipedia : <\/em><a href=\"http:\/\/fr.wikipedia.org\/wiki\/Jean-Baptiste_Bory_de_Saint-Vincent\"><em>http:\/\/fr.wikipedia.org\/wiki\/Jean-Baptiste_Bory_de_Saint-Vincent<\/em><\/a><\/p>","protected":false},"excerpt":{"rendered":"<p>Le coll\u00e8ge, avec ses 292 \u00e9l\u00e8ves et ses 27 professeurs, est l\u2019un des plus petits de l\u2019\u00eele. Il est situ\u00e9 dans la commune de Saint-Philippe qui compte environ 5 000 habitants. Un territoire situ\u00e9 entre oc\u00e9an et volcan, qui, m\u00eame si il poss\u00e8de un littoral important, s\u2019\u00e9tend dans les hauteurs,&#8230;<\/p>\n<p class=\"continue-reading-button\"> <a class=\"continue-reading-link\" href=\"https:\/\/etab.ac-reunion.fr\/clg-bory-de-saint-vincent\/infos-pratiques\/bory-de-saint-vincent\/\">Voir plus<i class=\"crycon-right-dir\"><\/i><\/a><\/p>\n","protected":false},"author":13599,"featured_media":0,"parent":1631,"menu_order":0,"comment_status":"closed","ping_status":"closed","template":"templates\/template-onecolumn.php","meta":{"footnotes":"","_links_to":"","_links_to_target":""},"class_list":["post-308","page","type-page","status-publish","hentry"],"_links":{"self":[{"href":"https:\/\/etab.ac-reunion.fr\/clg-bory-de-saint-vincent\/wp-json\/wp\/v2\/pages\/308","targetHints":{"allow":["GET"]}}],"collection":[{"href":"https:\/\/etab.ac-reunion.fr\/clg-bory-de-saint-vincent\/wp-json\/wp\/v2\/pages"}],"about":[{"href":"https:\/\/etab.ac-reunion.fr\/clg-bory-de-saint-vincent\/wp-json\/wp\/v2\/types\/page"}],"author":[{"embeddable":true,"href":"https:\/\/etab.ac-reunion.fr\/clg-bory-de-saint-vincent\/wp-json\/wp\/v2\/users\/13599"}],"replies":[{"embeddable":true,"href":"https:\/\/etab.ac-reunion.fr\/clg-bory-de-saint-vincent\/wp-json\/wp\/v2\/comments?post=308"}],"version-history":[{"count":11,"href":"https:\/\/etab.ac-reunion.fr\/clg-bory-de-saint-vincent\/wp-json\/wp\/v2\/pages\/308\/revisions"}],"predecessor-version":[{"id":4400,"href":"https:\/\/etab.ac-reunion.fr\/clg-bory-de-saint-vincent\/wp-json\/wp\/v2\/pages\/308\/revisions\/4400"}],"up":[{"embeddable":true,"href":"https:\/\/etab.ac-reunion.fr\/clg-bory-de-saint-vincent\/wp-json\/wp\/v2\/pages\/1631"}],"wp:attachment":[{"href":"https:\/\/etab.ac-reunion.fr\/clg-bory-de-saint-vincent\/wp-json\/wp\/v2\/media?parent=308"}],"curies":[{"name":"wp","href":"https:\/\/api.w.org\/{rel}","templated":true}]}}