{"id":326,"date":"2013-11-12T12:42:44","date_gmt":"2013-11-12T08:42:44","guid":{"rendered":"http:\/\/college-bory-stvincent-tmp.ac-reunion.fr\/?page_id=326"},"modified":"2019-02-14T09:17:22","modified_gmt":"2019-02-14T05:17:22","slug":"le-transport-scolaire","status":"publish","type":"page","link":"https:\/\/etab.ac-reunion.fr\/clg-bory-de-saint-vincent\/infos-pratiques\/le-transport-scolaire\/","title":{"rendered":"Le transport scolaire"},"content":{"rendered":"<p><img loading=\"lazy\" decoding=\"async\" class=\"alignleft\" src=\"http:\/\/www.casud.re\/uploads\/pics\/xlogo.gif.pagespeed.ic.KryNoZECQR.png\" alt=\"Logo CASUD\" width=\"82\" height=\"64\" border=\"0\" \/><span style=\"color: #000000\">La CASUD &#8211; Comm<\/span><span style=\"color: #000000\">unaut\u00e9 d&rsquo;Agglom\u00e9ration du SUD &#8211; est en charge de la desserte du coll\u00e8ge par les transports scolaires.<\/span><\/p>\n<p><span style=\"color: #000000\">Les modalit\u00e9s <\/span><span style=\"color: #000000\">et<\/span><span style=\"color: #000000\"> inscriptions sont accessibles sur leur site <a href=\"http:\/\/www.casud.re\/transport\/le-transport-scolaire.html\" target=\"_blank\" rel=\"noopener\">EN CLIQUANT <\/a><a href=\"http:\/\/www.casud.re\/transport\/le-transport-scolaire.html\" target=\"_blank\" rel=\"noopener\">ICI<\/a><br \/>\n<\/span><\/p>\n<p>&nbsp;<\/p>\n<p><a href=\"https:\/\/etab.ac-reunion.fr\/clg-bory-de-saint-vincent\/wp-content\/uploads\/sites\/28\/2013\/11\/Desserte-TS.jpg\"><img loading=\"lazy\" decoding=\"async\" class=\"wp-image-325 alignleft\" src=\"https:\/\/etab.ac-reunion.fr\/clg-bory-de-saint-vincent\/wp-content\/uploads\/sites\/28\/2013\/11\/Desserte-TS-300x230.jpg\" alt=\"Desserte TS\" width=\"507\" height=\"389\" srcset=\"https:\/\/etab.ac-reunion.fr\/clg-bory-de-saint-vincent\/wp-content\/uploads\/sites\/28\/2013\/11\/Desserte-TS-300x230.jpg 300w, https:\/\/etab.ac-reunion.fr\/clg-bory-de-saint-vincent\/wp-content\/uploads\/sites\/28\/2013\/11\/Desserte-TS-1024x787.jpg 1024w, https:\/\/etab.ac-reunion.fr\/clg-bory-de-saint-vincent\/wp-content\/uploads\/sites\/28\/2013\/11\/Desserte-TS.jpg 1047w\" sizes=\"auto, (max-width: 507px) 100vw, 507px\" \/><\/a><\/p>\n","protected":false},"excerpt":{"rendered":"<p>La CASUD &#8211; Communaut\u00e9 d&rsquo;Agglom\u00e9ration du SUD &#8211; est en charge de la desserte du coll\u00e8ge par les transports scolaires. Les modalit\u00e9s et inscriptions sont accessibles sur leur site EN CLIQUANT ICI &nbsp;<\/p>\n<p class=\"continue-reading-button\"> <a class=\"continue-reading-link\" href=\"https:\/\/etab.ac-reunion.fr\/clg-bory-de-saint-vincent\/infos-pratiques\/le-transport-scolaire\/\">Voir plus<i class=\"crycon-right-dir\"><\/i><\/a><\/p>\n","protected":false},"author":13599,"featured_media":0,"parent":1631,"menu_order":0,"comment_status":"closed","ping_status":"closed","template":"templates\/template-onecolumn.php","meta":{"footnotes":"","_links_to":"","_links_to_target":""},"class_list":["post-326","page","type-page","status-publish","hentry"],"_links":{"self":[{"href":"https:\/\/etab.ac-reunion.fr\/clg-bory-de-saint-vincent\/wp-json\/wp\/v2\/pages\/326","targetHints":{"allow":["GET"]}}],"collection":[{"href":"https:\/\/etab.ac-reunion.fr\/clg-bory-de-saint-vincent\/wp-json\/wp\/v2\/pages"}],"about":[{"href":"https:\/\/etab.ac-reunion.fr\/clg-bory-de-saint-vincent\/wp-json\/wp\/v2\/types\/page"}],"author":[{"embeddable":true,"href":"https:\/\/etab.ac-reunion.fr\/clg-bory-de-saint-vincent\/wp-json\/wp\/v2\/users\/13599"}],"replies":[{"embeddable":true,"href":"https:\/\/etab.ac-reunion.fr\/clg-bory-de-saint-vincent\/wp-json\/wp\/v2\/comments?post=326"}],"version-history":[{"count":20,"href":"https:\/\/etab.ac-reunion.fr\/clg-bory-de-saint-vincent\/wp-json\/wp\/v2\/pages\/326\/revisions"}],"predecessor-version":[{"id":1876,"href":"https:\/\/etab.ac-reunion.fr\/clg-bory-de-saint-vincent\/wp-json\/wp\/v2\/pages\/326\/revisions\/1876"}],"up":[{"embeddable":true,"href":"https:\/\/etab.ac-reunion.fr\/clg-bory-de-saint-vincent\/wp-json\/wp\/v2\/pages\/1631"}],"wp:attachment":[{"href":"https:\/\/etab.ac-reunion.fr\/clg-bory-de-saint-vincent\/wp-json\/wp\/v2\/media?parent=326"}],"curies":[{"name":"wp","href":"https:\/\/api.w.org\/{rel}","templated":true}]}}