{"id":3924,"date":"2022-04-17T14:14:09","date_gmt":"2022-04-17T10:14:09","guid":{"rendered":"http:\/\/college-bory-stvincent.ac-reunion.fr\/?page_id=3924"},"modified":"2025-06-12T11:25:53","modified_gmt":"2025-06-12T07:25:53","slug":"label-e3d","status":"publish","type":"page","link":"https:\/\/etab.ac-reunion.fr\/clg-bory-de-saint-vincent\/label-e3d\/","title":{"rendered":"Label E3D"},"content":{"rendered":"\n<div class=\"wp-block-media-text alignwide is-stacked-on-mobile\" style=\"grid-template-columns:27% auto\"><figure class=\"wp-block-media-text__media\"><img loading=\"lazy\" decoding=\"async\" width=\"282\" height=\"318\" src=\"https:\/\/etab.ac-reunion.fr\/clg-bory-de-saint-vincent\/wp-content\/uploads\/sites\/28\/2022\/06\/Logo-Label-E3D-Developpement-Durable-Niveau-2.png\" alt=\"\" class=\"wp-image-4205 size-full\" srcset=\"https:\/\/etab.ac-reunion.fr\/clg-bory-de-saint-vincent\/wp-content\/uploads\/sites\/28\/2022\/06\/Logo-Label-E3D-Developpement-Durable-Niveau-2.png 282w, https:\/\/etab.ac-reunion.fr\/clg-bory-de-saint-vincent\/wp-content\/uploads\/sites\/28\/2022\/06\/Logo-Label-E3D-Developpement-Durable-Niveau-2-266x300.png 266w, https:\/\/etab.ac-reunion.fr\/clg-bory-de-saint-vincent\/wp-content\/uploads\/sites\/28\/2022\/06\/Logo-Label-E3D-Developpement-Durable-Niveau-2-133x150.png 133w\" sizes=\"auto, (max-width: 282px) 100vw, 282px\" \/><\/figure><div class=\"wp-block-media-text__content\">\n<p><strong>La labellisation \u00ab&nbsp;E3D&nbsp;\u00bb (\u00c9cole ou \u00c9tablissement en D\u00e9marche globale de D\u00e9veloppement Durable)&nbsp;a \u00e9t\u00e9 d\u00e9velopp\u00e9e par le minist\u00e8re charg\u00e9 de l\u2019\u00e9ducation nationale pour reconna\u00eetre et encourager les \u00e9coles et \u00e9tablissements scolaires qui s\u2019engagent dans une d\u00e9marche globale de d\u00e9veloppement durable. Notre coll\u00e8ge est actuellement labellis\u00e9 au niveau 2 (approfondissement).<\/strong><\/p>\n<\/div><\/div>\n\n\n\n<p>Cette d\u00e9marche participe \u00e0 l\u2019\u00e9ducation au d\u00e9veloppement durable, en faisant de l\u2019\u00e9tablissement un lieu d\u2019apprentissage global du d\u00e9veloppement durable.<\/p>\n\n\n\n<p>Il s\u2019agit de conduire une approche transversale \u00e0 l\u2019\u00e9chelle de l\u2019\u00e9tablissement tout entier, en \u00e9tablissant une continuit\u00e9 entre les enseignements, les actions et projets p\u00e9dagogiques, la vie scolaire, la gestion et la maintenance de la structure scolaire (consommation d\u2019eau et d\u2019\u00e9nergie, collecte des d\u00e9chets, lutte contre le gaspillage alimentaire&#8230;), tout en s\u2019ouvrant sur l\u2019ext\u00e9rieur, notamment sur le territoire et ses acteurs, par le partenariat.<\/p>\n\n\n\n<p>Cette d\u00e9marche permet ainsi de mettre en valeur les projets EDD existants et d\u2019en d\u00e9velopper de nouveaux en les appuyant sur une politique d\u2019\u00e9tablissement en la mati\u00e8re, et de d\u00e9velopper les partenariats notamment avec les acteurs territoriaux.<\/p>\n\n\n\n<p><strong>La d\u00e9marche \u00ab E3D \u00bb se conjugue avec l&rsquo;ensemble des \u00e9ducations transversales<\/strong>, non seulement l&rsquo;\u00e9ducation au d\u00e9veloppement durable, mais aussi l&rsquo;\u00e9ducation \u00e0 la sant\u00e9, l&rsquo;\u00e9ducation \u00e0 la citoyennet\u00e9, l&rsquo;\u00e9ducation artistique et culturelle, ou encore l&rsquo;\u00e9ducation aux m\u00e9dias.<\/p>\n\n\n\n<div class=\"wp-block-buttons is-content-justification-center is-layout-flex wp-container-core-buttons-is-layout-16018d1d wp-block-buttons-is-layout-flex\">\n<div class=\"wp-block-button aligncenter\"><a class=\"wp-block-button__link has-black-color has-light-green-cyan-background-color has-text-color has-background wp-element-button\" href=\"https:\/\/pedagogie.ac-reunion.fr\/edd\/ledd-dans-lacademie.html\" target=\"_blank\" rel=\"noreferrer noopener\"><strong>Labellisation E3D dans l&rsquo;acad\u00e9mie<\/strong><\/a><\/div>\n\n\n\n<div class=\"wp-block-button aligncenter\"><a class=\"wp-block-button__link has-black-color has-light-green-cyan-background-color has-text-color has-background wp-element-button\" href=\"https:\/\/pedagogie.ac-reunion.fr\/edd.html\" target=\"_blank\" rel=\"noreferrer noopener\"><strong>L&rsquo;EDD dans l&rsquo;acad\u00e9mie<\/strong><\/a><\/div>\n<\/div>\n\n\n\n<div style=\"height:15px\" aria-hidden=\"true\" class=\"wp-block-spacer\"><\/div>\n\n\n\n<h3 class=\"wp-block-heading\">L&rsquo;Agenda 2030 des Objectifs de D\u00e9veloppement Durable<\/h3>\n\n\n\n<p>En septembre 2015, les 193 \u00c9tats membres de l&rsquo;ONU ont adopt\u00e9 le programme de d\u00e9veloppement durable \u00e0 l&rsquo;horizon 2030, intitul\u00e9 Agenda 2030. C&rsquo;est un agenda pour les populations, pour la plan\u00e8te, pour la prosp\u00e9rit\u00e9, pour la paix et par les partenariats. Il porte une vision de transformation de notre monde en \u00e9radiquant la pauvret\u00e9 et en assurant sa transition vers un d\u00e9veloppement durable.<\/p>\n\n\n\n<p>L&rsquo;Agenda 2030 a fusionn\u00e9 l&rsquo;agenda du d\u00e9veloppement et celui des Sommets de la Terre. Il est universel, c&rsquo;est-\u00e0-dire qu&rsquo;il s&rsquo;applique \u00e0 tous les pays, du Nord comme du Sud. \u00c0 cet \u00e9gard, tous les pays sont \u00ab en voie de d\u00e9veloppement durable \u00bb. Avec ses 17 Objectifs de d\u00e9veloppement durable et 169 cibles (ou sous-objectifs), il dessine une feuille de route d\u00e9taill\u00e9e et couvrant pratiquement toutes les questions de soci\u00e9t\u00e9.<\/p>\n\n\n<div class=\"wp-block-image\">\n<figure class=\"aligncenter size-large\"><img loading=\"lazy\" decoding=\"async\" width=\"1024\" height=\"760\" src=\"https:\/\/etab.ac-reunion.fr\/clg-bory-de-saint-vincent\/wp-content\/uploads\/sites\/28\/2022\/04\/17-objectifs-de\u0301veloppement-durable-2030-1024x760.jpg\" alt=\"\" class=\"wp-image-3925\" srcset=\"https:\/\/etab.ac-reunion.fr\/clg-bory-de-saint-vincent\/wp-content\/uploads\/sites\/28\/2022\/04\/17-objectifs-de\u0301veloppement-durable-2030-1024x760.jpg 1024w, https:\/\/etab.ac-reunion.fr\/clg-bory-de-saint-vincent\/wp-content\/uploads\/sites\/28\/2022\/04\/17-objectifs-de\u0301veloppement-durable-2030-300x223.jpg 300w, https:\/\/etab.ac-reunion.fr\/clg-bory-de-saint-vincent\/wp-content\/uploads\/sites\/28\/2022\/04\/17-objectifs-de\u0301veloppement-durable-2030-768x570.jpg 768w, https:\/\/etab.ac-reunion.fr\/clg-bory-de-saint-vincent\/wp-content\/uploads\/sites\/28\/2022\/04\/17-objectifs-de\u0301veloppement-durable-2030-150x111.jpg 150w, https:\/\/etab.ac-reunion.fr\/clg-bory-de-saint-vincent\/wp-content\/uploads\/sites\/28\/2022\/04\/17-objectifs-de\u0301veloppement-durable-2030.jpg 1380w\" sizes=\"auto, (max-width: 1024px) 100vw, 1024px\" \/><\/figure>\n<\/div>\n\n\n<h3 class=\"wp-block-heading\">Nos derni\u00e8res actions au coll\u00e8ge :<\/h3>\n\n\n<ul class=\"wp-block-latest-posts__list has-dates wp-block-latest-posts\"><li><div class=\"wp-block-latest-posts__featured-image\"><a href=\"https:\/\/etab.ac-reunion.fr\/clg-bory-de-saint-vincent\/decouverte-dun-espace-naturel-sensible-le-sentier-sous-marin-de-lhermitage-2024-2025\/\" title=\"D\u00e9couverte d\u2019un espace naturel sensible : le sentier sous-marin de l\u2019Hermitage (2024-2025)\"><img loading=\"lazy\" decoding=\"async\" width=\"150\" height=\"150\" src=\"https:\/\/etab.ac-reunion.fr\/clg-bory-de-saint-vincent\/wp-content\/uploads\/sites\/28\/2025\/02\/Sortie-lagon-janv-fevr-2025-5-150x150.jpg\" class=\"attachment-thumbnail size-thumbnail wp-post-image\" alt=\"\" style=\"\" \/><\/a><\/div><a class=\"wp-block-latest-posts__post-title\" href=\"https:\/\/etab.ac-reunion.fr\/clg-bory-de-saint-vincent\/decouverte-dun-espace-naturel-sensible-le-sentier-sous-marin-de-lhermitage-2024-2025\/\">D\u00e9couverte d\u2019un espace naturel sensible : le sentier sous-marin de l\u2019Hermitage (2024-2025)<\/a><time datetime=\"2025-02-11T11:32:35+04:00\" class=\"wp-block-latest-posts__post-date\">11 f\u00e9vrier 2025<\/time><div class=\"wp-block-latest-posts__post-excerpt\">Comme chaque ann\u00e9e, nos \u00e9l\u00e8ves de sixi\u00e8me ont particip\u00e9 \u00e0 la d\u00e9couverte de l\u2019Espace Naturelle Sensible (ENS) du sentier sous-marin de l\u2019Hermitage. C\u2019est accompagn\u00e9 par les agents de la r\u00e9serve marine, de leurs professeurs d\u2019EPS et&#8230;<p class=\"continue-reading-button\"> <a class=\"continue-reading-link\" href=\"https:\/\/etab.ac-reunion.fr\/clg-bory-de-saint-vincent\/decouverte-dun-espace-naturel-sensible-le-sentier-sous-marin-de-lhermitage-2024-2025\/\">Voir plus<i class=\"crycon-right-dir\"><\/i><\/a><\/p><\/div><\/li>\n<li><div class=\"wp-block-latest-posts__featured-image\"><a href=\"https:\/\/etab.ac-reunion.fr\/clg-bory-de-saint-vincent\/a-labordage-les-503\/\" title=\"\u00c0 l\u2019abordage les 503 !\"><img loading=\"lazy\" decoding=\"async\" width=\"150\" height=\"150\" src=\"https:\/\/etab.ac-reunion.fr\/clg-bory-de-saint-vincent\/wp-content\/uploads\/sites\/28\/2024\/06\/Sortie-Grand-Bleu-2024-vignette-150x150.jpg\" class=\"attachment-thumbnail size-thumbnail wp-post-image\" alt=\"\" style=\"\" \/><\/a><\/div><a class=\"wp-block-latest-posts__post-title\" href=\"https:\/\/etab.ac-reunion.fr\/clg-bory-de-saint-vincent\/a-labordage-les-503\/\">\u00c0 l\u2019abordage les 503 !<\/a><time datetime=\"2024-06-17T18:38:00+04:00\" class=\"wp-block-latest-posts__post-date\">17 juin 2024<\/time><div class=\"wp-block-latest-posts__post-excerpt\">Le mardi 11 juin, les \u00e9l\u00e8ves de la classe de 503, accompagn\u00e9s de Mme FONTAINE, Mme HOURIEZ-PECHEUX et de M. MUSSARD, ont embarqu\u00e9 \u00e0 bord du Grand Bleu. C\u2019est \u00e0 cette occasion qu\u2019ils ont pu aller \u00e0 la d\u00e9couverte de la faune marine \u00e0 l\u2019occasion de la saison des baleines 2024. Au cours de cette&#8230;<p class=\"continue-reading-button\"> <a class=\"continue-reading-link\" href=\"https:\/\/etab.ac-reunion.fr\/clg-bory-de-saint-vincent\/a-labordage-les-503\/\">Voir plus<i class=\"crycon-right-dir\"><\/i><\/a><\/p><\/div><\/li>\n<li><div class=\"wp-block-latest-posts__featured-image\"><a href=\"https:\/\/etab.ac-reunion.fr\/clg-bory-de-saint-vincent\/journee-academique-de-leducation-au-developpement-durable-2024\/\" title=\"Journ\u00e9e acad\u00e9mique de l\u2019\u00c9ducation au D\u00e9veloppement Durable 2024\"><img loading=\"lazy\" decoding=\"async\" width=\"150\" height=\"150\" src=\"https:\/\/etab.ac-reunion.fr\/clg-bory-de-saint-vincent\/wp-content\/uploads\/sites\/28\/2024\/06\/Labelisation-E3D-niveau-3-2024-3-150x150.jpg\" class=\"attachment-thumbnail size-thumbnail wp-post-image\" alt=\"\" style=\"\" \/><\/a><\/div><a class=\"wp-block-latest-posts__post-title\" href=\"https:\/\/etab.ac-reunion.fr\/clg-bory-de-saint-vincent\/journee-academique-de-leducation-au-developpement-durable-2024\/\">Journ\u00e9e acad\u00e9mique de l\u2019\u00c9ducation au D\u00e9veloppement Durable 2024<\/a><time datetime=\"2024-06-06T11:01:12+04:00\" class=\"wp-block-latest-posts__post-date\">6 juin 2024<\/time><div class=\"wp-block-latest-posts__post-excerpt\">Le lundi 3 juin 2024, les \u00e9co-d\u00e9l\u00e9gu\u00e9s, accompagn\u00e9s M. NICOL, le principal, M. DALLEAU, le r\u00e9f\u00e9rent EDD, ont \u00e9t\u00e9 invit\u00e9s \u00e0 la remise des labels E3D au conservatoire botanique de Mascarin. C\u2019est \u00e0 cette occasion, qu\u2019ils ont pu r\u00e9cup\u00e9rer le dipl\u00f4me du niveau 3 de labellisation de l\u2019\u00e9tablissement. Au cours de cette journ\u00e9e les \u00e9l\u00e8ves&#8230;<p class=\"continue-reading-button\"> <a class=\"continue-reading-link\" href=\"https:\/\/etab.ac-reunion.fr\/clg-bory-de-saint-vincent\/journee-academique-de-leducation-au-developpement-durable-2024\/\">Voir plus<i class=\"crycon-right-dir\"><\/i><\/a><\/p><\/div><\/li>\n<li><div class=\"wp-block-latest-posts__featured-image\"><a href=\"https:\/\/etab.ac-reunion.fr\/clg-bory-de-saint-vincent\/intervention-de-globice-pour-les-6e\/\" title=\"Intervention de Globice pour les 6\u00e8\"><img loading=\"lazy\" decoding=\"async\" width=\"150\" height=\"150\" src=\"https:\/\/etab.ac-reunion.fr\/clg-bory-de-saint-vincent\/wp-content\/uploads\/sites\/28\/2024\/08\/Photos-expo-Globice-2-150x150.jpg\" class=\"attachment-thumbnail size-thumbnail wp-post-image\" alt=\"\" style=\"\" \/><\/a><\/div><a class=\"wp-block-latest-posts__post-title\" href=\"https:\/\/etab.ac-reunion.fr\/clg-bory-de-saint-vincent\/intervention-de-globice-pour-les-6e\/\">Intervention de Globice pour les 6\u00e8<\/a><time datetime=\"2024-04-19T17:50:00+04:00\" class=\"wp-block-latest-posts__post-date\">19 avril 2024<\/time><div class=\"wp-block-latest-posts__post-excerpt\">Le 12 avril 2024, Camille, charg\u00e9e du p\u00f4le p\u00e9dagogique de l\u2019association Globice, est intervenue au coll\u00e8ge dans le cadre de la pr\u00e9vention de l\u2019environnement. Le but \u00e9tait de faire une sensibilisation aux c\u00e9tac\u00e9s de La R\u00e9union. Cet \u00e9change entre dans le projet Nosy Be. Le travail r\u00e9alis\u00e9 fait partie de l\u2019exposition du projet.<p class=\"continue-reading-button\"> <a class=\"continue-reading-link\" href=\"https:\/\/etab.ac-reunion.fr\/clg-bory-de-saint-vincent\/intervention-de-globice-pour-les-6e\/\">Voir plus<i class=\"crycon-right-dir\"><\/i><\/a><\/p><\/div><\/li>\n<li><div class=\"wp-block-latest-posts__featured-image\"><a href=\"https:\/\/etab.ac-reunion.fr\/clg-bory-de-saint-vincent\/sortie-au-volcan-pour-les-ulis-2024\/\" title=\"Sortie au volcan pour les \u00e9l\u00e8ves en ULIS\"><img loading=\"lazy\" decoding=\"async\" width=\"150\" height=\"150\" src=\"https:\/\/etab.ac-reunion.fr\/clg-bory-de-saint-vincent\/wp-content\/uploads\/sites\/28\/2024\/04\/Sortie-volcan-ULIS-2024-6-150x150.jpg\" class=\"attachment-thumbnail size-thumbnail wp-post-image\" alt=\"\" style=\"\" \/><\/a><\/div><a class=\"wp-block-latest-posts__post-title\" href=\"https:\/\/etab.ac-reunion.fr\/clg-bory-de-saint-vincent\/sortie-au-volcan-pour-les-ulis-2024\/\">Sortie au volcan pour les \u00e9l\u00e8ves en ULIS<\/a><time datetime=\"2024-02-29T13:03:00+04:00\" class=\"wp-block-latest-posts__post-date\">29 f\u00e9vrier 2024<\/time><div class=\"wp-block-latest-posts__post-excerpt\">Les \u00e9l\u00e8ves du dispositif ULIS du coll\u00e8ge continuent leur d\u00e9couverte de l&rsquo;\u00eele ! Ils ont pass\u00e9s 5 jours, du 22 au 27 janvier 2024, \u00e0 l&rsquo;Auberge des Crat\u00e8res, \u00e0 l&rsquo;entr\u00e9e de la route du volcan, avec les \u00e9l\u00e8ves de l&rsquo;ULIS de l&rsquo;\u00e9cole de Basse Vall\u00e9e pour en apprendre plus sur la g\u00e9ographie locale. Malgr\u00e9 la&#8230;<p class=\"continue-reading-button\"> <a class=\"continue-reading-link\" href=\"https:\/\/etab.ac-reunion.fr\/clg-bory-de-saint-vincent\/sortie-au-volcan-pour-les-ulis-2024\/\">Voir plus<i class=\"crycon-right-dir\"><\/i><\/a><\/p><\/div><\/li>\n<\/ul>\n\n\n<div class=\"wp-block-buttons is-layout-flex wp-block-buttons-is-layout-flex\">\n<div class=\"wp-block-button is-style-outline aligncenter is-style-outline--1\"><a class=\"wp-block-button__link wp-element-button\" href=\"https:\/\/etab.ac-reunion.fr\/clg-bory-de-saint-vincent\/category\/parcours-citoyen\/edd\/\" target=\"_blank\" rel=\"noreferrer noopener\">Voir plus&#8230;<\/a><\/div>\n<\/div>\n","protected":false},"excerpt":{"rendered":"<p>La labellisation \u00ab&nbsp;E3D&nbsp;\u00bb (\u00c9cole ou \u00c9tablissement en D\u00e9marche globale de D\u00e9veloppement Durable)&nbsp;a \u00e9t\u00e9 d\u00e9velopp\u00e9e par le minist\u00e8re charg\u00e9 de l\u2019\u00e9ducation nationale pour reconna\u00eetre et encourager les \u00e9coles et \u00e9tablissements scolaires qui s\u2019engagent dans une d\u00e9marche globale de d\u00e9veloppement durable. Notre coll\u00e8ge est actuellement labellis\u00e9 au niveau 2 (approfondissement). Cette d\u00e9marche&#8230;<\/p>\n<p class=\"continue-reading-button\"> <a class=\"continue-reading-link\" href=\"https:\/\/etab.ac-reunion.fr\/clg-bory-de-saint-vincent\/label-e3d\/\">Voir plus<i class=\"crycon-right-dir\"><\/i><\/a><\/p>\n","protected":false},"author":20587,"featured_media":0,"parent":0,"menu_order":0,"comment_status":"closed","ping_status":"closed","template":"","meta":{"footnotes":"","_links_to":"","_links_to_target":""},"class_list":["post-3924","page","type-page","status-publish","hentry"],"_links":{"self":[{"href":"https:\/\/etab.ac-reunion.fr\/clg-bory-de-saint-vincent\/wp-json\/wp\/v2\/pages\/3924","targetHints":{"allow":["GET"]}}],"collection":[{"href":"https:\/\/etab.ac-reunion.fr\/clg-bory-de-saint-vincent\/wp-json\/wp\/v2\/pages"}],"about":[{"href":"https:\/\/etab.ac-reunion.fr\/clg-bory-de-saint-vincent\/wp-json\/wp\/v2\/types\/page"}],"author":[{"embeddable":true,"href":"https:\/\/etab.ac-reunion.fr\/clg-bory-de-saint-vincent\/wp-json\/wp\/v2\/users\/20587"}],"replies":[{"embeddable":true,"href":"https:\/\/etab.ac-reunion.fr\/clg-bory-de-saint-vincent\/wp-json\/wp\/v2\/comments?post=3924"}],"version-history":[{"count":16,"href":"https:\/\/etab.ac-reunion.fr\/clg-bory-de-saint-vincent\/wp-json\/wp\/v2\/pages\/3924\/revisions"}],"predecessor-version":[{"id":7148,"href":"https:\/\/etab.ac-reunion.fr\/clg-bory-de-saint-vincent\/wp-json\/wp\/v2\/pages\/3924\/revisions\/7148"}],"wp:attachment":[{"href":"https:\/\/etab.ac-reunion.fr\/clg-bory-de-saint-vincent\/wp-json\/wp\/v2\/media?parent=3924"}],"curies":[{"name":"wp","href":"https:\/\/api.w.org\/{rel}","templated":true}]}}