{"id":4327,"date":"2022-08-17T12:40:17","date_gmt":"2022-08-17T08:40:17","guid":{"rendered":"https:\/\/etab.ac-reunion.fr\/clg-bory-de-saint-vincent\/?page_id=4327"},"modified":"2024-01-20T17:37:32","modified_gmt":"2024-01-20T13:37:32","slug":"generation-2024","status":"publish","type":"page","link":"https:\/\/etab.ac-reunion.fr\/clg-bory-de-saint-vincent\/generation-2024\/","title":{"rendered":"Label G\u00e9n\u00e9ration 2024"},"content":{"rendered":"\n<p>Dans la perspective des Jeux Olympiques de 2024 \u00e0 Paris, les minist\u00e8res charg\u00e9s de l\u2019\u00e9ducation, de l\u2019agriculture et des sports lancent un appel d\u2019offre pluriannuel pour encourager le d\u00e9veloppement de la continuit\u00e9 \u00e9ducative dans la pratique sportive des jeunes notamment pour ceux en situation de handicap. C&rsquo;est dans cette d\u00e9marche que le coll\u00e8ge s&rsquo;est inscrit d\u00e8s 2022.<\/p>\n\n\n<div class=\"wp-block-image\">\n<figure class=\"aligncenter size-large is-resized\"><a href=\"https:\/\/www.paris2024.org\/fr\/\" target=\"_blank\" rel=\"noopener\"><img loading=\"lazy\" decoding=\"async\" width=\"900\" height=\"1024\" src=\"https:\/\/etab.ac-reunion.fr\/clg-bory-de-saint-vincent\/wp-content\/uploads\/sites\/28\/2022\/08\/Logo-Paris-2024-900x1024.png\" alt=\"\" class=\"wp-image-4330\" style=\"width:184px;height:209px\" srcset=\"https:\/\/etab.ac-reunion.fr\/clg-bory-de-saint-vincent\/wp-content\/uploads\/sites\/28\/2022\/08\/Logo-Paris-2024-900x1024.png 900w, https:\/\/etab.ac-reunion.fr\/clg-bory-de-saint-vincent\/wp-content\/uploads\/sites\/28\/2022\/08\/Logo-Paris-2024-264x300.png 264w, https:\/\/etab.ac-reunion.fr\/clg-bory-de-saint-vincent\/wp-content\/uploads\/sites\/28\/2022\/08\/Logo-Paris-2024-768x874.png 768w, https:\/\/etab.ac-reunion.fr\/clg-bory-de-saint-vincent\/wp-content\/uploads\/sites\/28\/2022\/08\/Logo-Paris-2024-132x150.png 132w, https:\/\/etab.ac-reunion.fr\/clg-bory-de-saint-vincent\/wp-content\/uploads\/sites\/28\/2022\/08\/Logo-Paris-2024.png 1200w\" sizes=\"auto, (max-width: 900px) 100vw, 900px\" \/><\/a><\/figure>\n<\/div>\n\n\n<h4 class=\"wp-block-heading\">L&rsquo;objectif principal : d\u00e9velopper les comp\u00e9tences, la citoyennet\u00e9 et l&rsquo;ambition de TOUS les \u00e9l\u00e8ves \u00e0 travers le sport.<\/h4>\n\n\n\n<h4 class=\"wp-block-heading\">Pour y r\u00e9pondre, des actions :<\/h4>\n\n\n\n<ul class=\"wp-block-list\">\n<li>Mini-olympiades \u00e9coles-coll\u00e8ges-partenaires europ\u00e9ens m\u00ealant activit\u00e9s sportives et intellectuelles<\/li>\n\n\n\n<li>D\u00e9couverte\/red\u00e9couverte d&rsquo;activit\u00e9s sportives locales, r\u00e9gionales et olympiques, en coh\u00e9rence avec le projet APPN (Activit\u00e9s Physiques de Pleine Nature)<\/li>\n\n\n\n<li>D\u00e9couverte\/red\u00e9couverte du patrimoine local, r\u00e9gional et mondial, en coh\u00e9rence avec l&rsquo;EDD (\u00c9ducation au D\u00e9veloppement Durable)<\/li>\n\n\n\n<li>Expositions th\u00e9matiques, diffusions de films-d\u00e9bats et abonnement \u00e0 un magazine de sport au CDI (<em>Sporteen<\/em>)<\/li>\n\n\n\n<li>Intervention de sportifs de haut niveau<\/li>\n\n\n\n<li>Voyage scolaire<\/li>\n<\/ul>\n\n\n\n<div class=\"wp-block-buttons is-layout-flex wp-block-buttons-is-layout-flex\">\n<div class=\"wp-block-button\"><a class=\"wp-block-button__link has-black-color has-luminous-vivid-amber-to-luminous-vivid-orange-gradient-background has-text-color has-background wp-element-button\" href=\"https:\/\/pedagogie.ac-reunion.fr\/eps\/generation-2024.html\" target=\"_blank\" rel=\"noreferrer noopener\"><strong>Plus d&rsquo;infos ici<\/strong><\/a><\/div>\n\n\n\n<div class=\"wp-block-button\"><a class=\"wp-block-button__link has-midnight-gradient-background has-background wp-element-button\" href=\"https:\/\/pedagogie.ac-reunion.fr\/fileadmin\/ANNEXES-ACADEMIQUES\/03-PEDAGOGIE\/02-COLLEGE\/eps\/2021_2022\/Generation_2024\/Cartographie_ets_labellises_G24_-_Version_juillet.pdf\" target=\"_blank\" rel=\"noreferrer noopener\"><strong>Carte des \u00e9tablissements labellis\u00e9s<\/strong><\/a><\/div>\n<\/div>\n\n\n\n<h4 class=\"wp-block-heading\">Des temps forts<\/h4>\n\n\n\n<ul class=\"wp-block-list\">\n<li>Journ\u00e9e du sport scolaire (21 septembre)<\/li>\n\n\n\n<li>Cross solidaire (26 septembre 2022)<\/li>\n\n\n\n<li>Semaine Olympique et Paralympique (3 au 8 avril 2023)<\/li>\n\n\n\n<li>Journ\u00e9e Olympique (23 juin 2023)<\/li>\n\n\n\n<li>\u00c9change Erasmus (2024)<\/li>\n\n\n\n<li>Jeux Olympiques (26 au 11 ao\u00fbt 2024)<\/li>\n\n\n\n<li>Jeux Paralympiques (28 ao\u00fbt au 8 septembre 2024)<\/li>\n\n\n\n<li>Concours d\u00e9partemental <em>Des jeunes \u00e0 Paris<\/em> (2023-2024)<\/li>\n<\/ul>\n\n\n\n<h4 class=\"wp-block-heading\">Des parrains<\/h4>\n\n\n<div class=\"wp-block-image is-style-default\">\n<figure class=\"aligncenter size-full is-resized\"><img loading=\"lazy\" decoding=\"async\" width=\"800\" height=\"865\" src=\"https:\/\/etab.ac-reunion.fr\/clg-bory-de-saint-vincent\/wp-content\/uploads\/sites\/28\/2023\/11\/Fiche-Marraine-et-Parrain-Generation-2024-Clg-Bory-de-St-Vincent.jpg\" alt=\"\" class=\"wp-image-5355\" style=\"width:487px;height:512px\" srcset=\"https:\/\/etab.ac-reunion.fr\/clg-bory-de-saint-vincent\/wp-content\/uploads\/sites\/28\/2023\/11\/Fiche-Marraine-et-Parrain-Generation-2024-Clg-Bory-de-St-Vincent.jpg 800w, https:\/\/etab.ac-reunion.fr\/clg-bory-de-saint-vincent\/wp-content\/uploads\/sites\/28\/2023\/11\/Fiche-Marraine-et-Parrain-Generation-2024-Clg-Bory-de-St-Vincent-277x300.jpg 277w, https:\/\/etab.ac-reunion.fr\/clg-bory-de-saint-vincent\/wp-content\/uploads\/sites\/28\/2023\/11\/Fiche-Marraine-et-Parrain-Generation-2024-Clg-Bory-de-St-Vincent-768x830.jpg 768w, https:\/\/etab.ac-reunion.fr\/clg-bory-de-saint-vincent\/wp-content\/uploads\/sites\/28\/2023\/11\/Fiche-Marraine-et-Parrain-Generation-2024-Clg-Bory-de-St-Vincent-139x150.jpg 139w\" sizes=\"auto, (max-width: 800px) 100vw, 800px\" \/><\/figure>\n<\/div>\n\n\n<div class=\"wp-block-buttons is-content-justification-center is-layout-flex wp-container-core-buttons-is-layout-16018d1d wp-block-buttons-is-layout-flex\">\n<div class=\"wp-block-button\"><a class=\"wp-block-button__link has-black-color has-vivid-cyan-blue-to-vivid-purple-gradient-background has-text-color has-background wp-element-button\" href=\"https:\/\/tube-institutionnel.apps.education.fr\/w\/6bwVUJvzhtXrrwQmJrRGQi\" target=\"_blank\" rel=\"noreferrer noopener\"><strong>Vid\u00e9o d&rsquo;Esther<\/strong><\/a><\/div>\n\n\n\n<div class=\"wp-block-button is-style-fill\"><a class=\"wp-block-button__link has-black-color has-electric-grass-gradient-background has-text-color has-background wp-element-button\" href=\"https:\/\/tube-institutionnel.apps.education.fr\/w\/1btYSa4UkdWk4C2KSqwAi2\" target=\"_blank\" rel=\"noreferrer noopener\"><strong>Vid\u00e9o de Ga\u00ebl<\/strong><\/a><\/div>\n<\/div>\n\n\n\n<h3 class=\"wp-block-heading\">Nos derni\u00e8res actions sur ce th\u00e8me au coll\u00e8ge<\/h3>\n\n\n<ul class=\"wp-block-latest-posts__list has-dates wp-block-latest-posts\"><li><div class=\"wp-block-latest-posts__featured-image\"><a href=\"https:\/\/etab.ac-reunion.fr\/clg-bory-de-saint-vincent\/voyage-scolaire-a-paris-et-en-grece-en-septembre-2024\/\" title=\"Voyage scolaire : les jeux de Paris 2024 et Erasmus en Gr\u00e8ce\"><img loading=\"lazy\" decoding=\"async\" width=\"150\" height=\"150\" src=\"https:\/\/etab.ac-reunion.fr\/clg-bory-de-saint-vincent\/wp-content\/uploads\/sites\/28\/2024\/09\/Voyage-Paris-Grece-2024-8-150x150.jpg\" class=\"attachment-thumbnail size-thumbnail wp-post-image\" alt=\"\" style=\"\" \/><\/a><\/div><a class=\"wp-block-latest-posts__post-title\" href=\"https:\/\/etab.ac-reunion.fr\/clg-bory-de-saint-vincent\/voyage-scolaire-a-paris-et-en-grece-en-septembre-2024\/\">Voyage scolaire : les jeux de Paris 2024 et Erasmus en Gr\u00e8ce<\/a><time datetime=\"2024-09-29T14:50:03+04:00\" class=\"wp-block-latest-posts__post-date\">29 septembre 2024<\/time><div class=\"wp-block-latest-posts__post-excerpt\">Ce voyage scolaire \u00e0 Paris et en Gr\u00e8ce en septembre 2024 \u00e9tait sur le th\u00e8me des Jeux Olympiques et Paralympiques. Il a concern\u00e9 25 \u00e9l\u00e8ves, 20 en section Latin et 5 en ULIS. 8 adultes encadraient le groupe, 6 professeurs (Mme Payet, professeure-documentaliste, Mme Olderic, professeur de latin, M. Bettini et M. Morel professeur d\u2019EPS, M. Dalleau professeur de SVT, et Mme Demaris, professeure sp\u00e9cialis\u00e9e en ULIS) et 2 AESH&#8230;<p class=\"continue-reading-button\"> <a class=\"continue-reading-link\" href=\"https:\/\/etab.ac-reunion.fr\/clg-bory-de-saint-vincent\/voyage-scolaire-a-paris-et-en-grece-en-septembre-2024\/\">Voir plus<i class=\"crycon-right-dir\"><\/i><\/a><\/p><\/div><\/li>\n<li><div class=\"wp-block-latest-posts__featured-image\"><a href=\"https:\/\/etab.ac-reunion.fr\/clg-bory-de-saint-vincent\/relais-de-la-flamme-olympique\/\" title=\"Relais de la flamme olympique\"><img loading=\"lazy\" decoding=\"async\" width=\"150\" height=\"150\" src=\"https:\/\/etab.ac-reunion.fr\/clg-bory-de-saint-vincent\/wp-content\/uploads\/sites\/28\/2024\/08\/Sortie-Flamme-Olympique-2024-3-150x150.jpg\" class=\"attachment-thumbnail size-thumbnail wp-post-image\" alt=\"\" style=\"\" \/><\/a><\/div><a class=\"wp-block-latest-posts__post-title\" href=\"https:\/\/etab.ac-reunion.fr\/clg-bory-de-saint-vincent\/relais-de-la-flamme-olympique\/\">Relais de la flamme olympique<\/a><time datetime=\"2024-08-21T17:33:07+04:00\" class=\"wp-block-latest-posts__post-date\">21 ao\u00fbt 2024<\/time><div class=\"wp-block-latest-posts__post-excerpt\">Le 12 juin 2024, la flamme olympique \u00e9tait de passage \u00e0 La R\u00e9union. Les \u00e9l\u00e8ves du groupe \u00ab\u00a0G\u00e9n\u00e9ration 2024\u00a0\u00bb ont pu assister aux relais de St-Pierre et St-Joseph. Le Relais de la Flamme est une tradition qui nous plonge dans les racines des Jeux. La premi\u00e8re torche du Relais de la Flamme Olympique de Paris 2024 a \u00e9t\u00e9 allum\u00e9e le 16 avril 2024, selon la tradition antique, \u00e0 l\u2019aide des rayons du soleil, lors d\u2019une c\u00e9r\u00e9monie dans le sanctuaire d\u2019Olympie&#8230; Le relais de la flamme paralympique d\u00e9butera d\u00e8s le 25 ao\u00fbt !<p class=\"continue-reading-button\"> <a class=\"continue-reading-link\" href=\"https:\/\/etab.ac-reunion.fr\/clg-bory-de-saint-vincent\/relais-de-la-flamme-olympique\/\">Voir plus<i class=\"crycon-right-dir\"><\/i><\/a><\/p><\/div><\/li>\n<li><div class=\"wp-block-latest-posts__featured-image\"><a href=\"https:\/\/etab.ac-reunion.fr\/clg-bory-de-saint-vincent\/decouverte-des-gestes-qui-sauvent\/\" title=\"D\u00e9couverte des Gestes Qui Sauvent\"><img loading=\"lazy\" decoding=\"async\" width=\"150\" height=\"150\" src=\"https:\/\/etab.ac-reunion.fr\/clg-bory-de-saint-vincent\/wp-content\/uploads\/sites\/28\/2024\/08\/Gestes-qui-sauvent-2024-2-150x150.jpg\" class=\"attachment-thumbnail size-thumbnail wp-post-image\" alt=\"\" style=\"\" \/><\/a><\/div><a class=\"wp-block-latest-posts__post-title\" href=\"https:\/\/etab.ac-reunion.fr\/clg-bory-de-saint-vincent\/decouverte-des-gestes-qui-sauvent\/\">D\u00e9couverte des Gestes Qui Sauvent<\/a><time datetime=\"2024-08-16T18:52:00+04:00\" class=\"wp-block-latest-posts__post-date\">16 ao\u00fbt 2024<\/time><div class=\"wp-block-latest-posts__post-excerpt\">Les 25 \u00e9l\u00e8ves de G\u00e9n\u00e9ration 2024, qui vont participer \u00e0 la mobilit\u00e9 sur les Jeux Olympiques et Paralympiques \u00e0 Paris et en Gr\u00e8ce ont particip\u00e9 \u00e0 une formation \u00ab\u00a0Gestes Qui Sauvent\u00a0\u00bb.\n\nEncadr\u00e9s par l&rsquo;infirmi\u00e8re et un professeur d&rsquo;EPS du coll\u00e8ge, nos sauveteurs en herbe ont franchi le pas pour porter secours&#8230;<p class=\"continue-reading-button\"> <a class=\"continue-reading-link\" href=\"https:\/\/etab.ac-reunion.fr\/clg-bory-de-saint-vincent\/decouverte-des-gestes-qui-sauvent\/\">Voir plus<i class=\"crycon-right-dir\"><\/i><\/a><\/p><\/div><\/li>\n<li><div class=\"wp-block-latest-posts__featured-image\"><a href=\"https:\/\/etab.ac-reunion.fr\/clg-bory-de-saint-vincent\/les-eleves-de-la-generation-2024-remportent-un-prix\/\" title=\"Les \u00e9l\u00e8ves de la G\u00e9n\u00e9ration 2024 remportent un prix !\"><img loading=\"lazy\" decoding=\"async\" width=\"150\" height=\"150\" src=\"https:\/\/etab.ac-reunion.fr\/clg-bory-de-saint-vincent\/wp-content\/uploads\/sites\/28\/2024\/08\/Remise-cheque-concours-photo-MGEN-2024-150x150.jpg\" class=\"attachment-thumbnail size-thumbnail wp-post-image\" alt=\"\" style=\"\" \/><\/a><\/div><a class=\"wp-block-latest-posts__post-title\" href=\"https:\/\/etab.ac-reunion.fr\/clg-bory-de-saint-vincent\/les-eleves-de-la-generation-2024-remportent-un-prix\/\">Les \u00e9l\u00e8ves de la G\u00e9n\u00e9ration 2024 remportent un prix !<\/a><time datetime=\"2024-06-26T19:07:34+04:00\" class=\"wp-block-latest-posts__post-date\">26 juin 2024<\/time><div class=\"wp-block-latest-posts__post-excerpt\">Le groupe G\u00e9n\u00e9ration 2024 a particip\u00e9 au Concours Photo \u00ab\u00a0Sport &amp; Sant\u00e9 : Les solidarit\u00e9s, le beau geste\u00a0\u00bb organis\u00e9 par la MGEN dans le cadre de leur projet autour des Jeux Olympique et Paralympique. Plusieurs photos ont \u00e9t\u00e9 prises lors de la rencontre avec le parrain du projet, Ga\u00ebl Rivi\u00e8re&#8230;<p class=\"continue-reading-button\"> <a class=\"continue-reading-link\" href=\"https:\/\/etab.ac-reunion.fr\/clg-bory-de-saint-vincent\/les-eleves-de-la-generation-2024-remportent-un-prix\/\">Voir plus<i class=\"crycon-right-dir\"><\/i><\/a><\/p><\/div><\/li>\n<li><div class=\"wp-block-latest-posts__featured-image\"><a href=\"https:\/\/etab.ac-reunion.fr\/clg-bory-de-saint-vincent\/semaine-olympique-et-paralympique-2024\/\" title=\"Semaine Olympique et Paralympique 2024\"><img loading=\"lazy\" decoding=\"async\" width=\"150\" height=\"150\" src=\"https:\/\/etab.ac-reunion.fr\/clg-bory-de-saint-vincent\/wp-content\/uploads\/sites\/28\/2024\/05\/Olympiades-2024-5-150x150.jpg\" class=\"attachment-thumbnail size-thumbnail wp-post-image\" alt=\"\" style=\"\" \/><\/a><\/div><a class=\"wp-block-latest-posts__post-title\" href=\"https:\/\/etab.ac-reunion.fr\/clg-bory-de-saint-vincent\/semaine-olympique-et-paralympique-2024\/\">Semaine Olympique et Paralympique 2024<\/a><time datetime=\"2024-05-06T11:24:16+04:00\" class=\"wp-block-latest-posts__post-date\">6 mai 2024<\/time><div class=\"wp-block-latest-posts__post-excerpt\">Les \u00e9coles, le coll\u00e8ge et la mairie ont organis\u00e9 les Olympiades des \u00e9l\u00e8ves de St-Philippe du 2 au 9 avril 2024. Au programme : Passage de la flamme dans les \u00e9tablissements scolaires &#8211; Danse olympique &#8211; Dresscode aux couleurs des anneaux &#8211; C\u00e9r\u00e9monies d&rsquo;ouverture et de cl\u00f4ture avec remise de m\u00e9dailles &#8211; \u00c9preuves sportives, artistiques et th\u00e9oriques&#8230;<p class=\"continue-reading-button\"> <a class=\"continue-reading-link\" href=\"https:\/\/etab.ac-reunion.fr\/clg-bory-de-saint-vincent\/semaine-olympique-et-paralympique-2024\/\">Voir plus<i class=\"crycon-right-dir\"><\/i><\/a><\/p><\/div><\/li>\n<li><div class=\"wp-block-latest-posts__featured-image\"><a href=\"https:\/\/etab.ac-reunion.fr\/clg-bory-de-saint-vincent\/rencontre-avec-un-athlete-medaille-au-college\/\" title=\"Rencontre avec Ga\u00ebl Rivi\u00e8re, athl\u00e8te m\u00e9daill\u00e9 aux Jeux Paralympiques\"><img loading=\"lazy\" decoding=\"async\" width=\"150\" height=\"150\" src=\"https:\/\/etab.ac-reunion.fr\/clg-bory-de-saint-vincent\/wp-content\/uploads\/sites\/28\/2024\/01\/Rencontre-Gael-Riviere-1-150x150.jpg\" class=\"attachment-thumbnail size-thumbnail wp-post-image\" alt=\"\" style=\"\" \/><\/a><\/div><a class=\"wp-block-latest-posts__post-title\" href=\"https:\/\/etab.ac-reunion.fr\/clg-bory-de-saint-vincent\/rencontre-avec-un-athlete-medaille-au-college\/\">Rencontre avec Ga\u00ebl Rivi\u00e8re, athl\u00e8te m\u00e9daill\u00e9 aux Jeux Paralympiques<\/a><time datetime=\"2024-01-20T18:04:09+04:00\" class=\"wp-block-latest-posts__post-date\">20 janvier 2024<\/time><div class=\"wp-block-latest-posts__post-excerpt\">Dans le cadre du projet autour des Jeux Olympiques et Paralympiques (JOP), les 4\u00e8 latinistes et \u00e9l\u00e8ves en ULIS ont eu le privil\u00e8ge de rencontrer le parrain de leur projet Ga\u00ebl Rivi\u00e8re, m\u00e9daille d\u2019argent aux jeux de Londres de 2012&#8230;<p class=\"continue-reading-button\"> <a class=\"continue-reading-link\" href=\"https:\/\/etab.ac-reunion.fr\/clg-bory-de-saint-vincent\/rencontre-avec-un-athlete-medaille-au-college\/\">Voir plus<i class=\"crycon-right-dir\"><\/i><\/a><\/p><\/div><\/li>\n<li><div class=\"wp-block-latest-posts__featured-image\"><a href=\"https:\/\/etab.ac-reunion.fr\/clg-bory-de-saint-vincent\/concours-deloquence-sur-le-theme-de-lolympisme-et-de-linclusion\/\" title=\"Concours d&#039;\u00e9loquence sur le th\u00e8me de l&#039;olympisme et de l&#039;inclusion\"><img loading=\"lazy\" decoding=\"async\" width=\"150\" height=\"150\" src=\"https:\/\/etab.ac-reunion.fr\/clg-bory-de-saint-vincent\/wp-content\/uploads\/sites\/28\/2023\/07\/Eloquence-2023-1-150x150.jpg\" class=\"attachment-thumbnail size-thumbnail wp-post-image\" alt=\"\" style=\"\" \/><\/a><\/div><a class=\"wp-block-latest-posts__post-title\" href=\"https:\/\/etab.ac-reunion.fr\/clg-bory-de-saint-vincent\/concours-deloquence-sur-le-theme-de-lolympisme-et-de-linclusion\/\">Concours d&rsquo;\u00e9loquence sur le th\u00e8me de l&rsquo;olympisme et de l&rsquo;inclusion<\/a><time datetime=\"2023-07-04T17:44:58+04:00\" class=\"wp-block-latest-posts__post-date\">4 juillet 2023<\/time><div class=\"wp-block-latest-posts__post-excerpt\">Le 23 juin, lors de la journ\u00e9e de l&rsquo;olympisme, les \u00e9l\u00e8ves ont particip\u00e9 \u00e0 un concours d&rsquo;\u00e9loquence, aux c\u00f4t\u00e9s de 23 autres \u00e9quipes au T\u00e9at Champ Fleuri \u00e0 St-Denis. Ils ont \u00e9galement pu d\u00e9couvrir les \u0153uvres artistiques r\u00e9alis\u00e9es par les autres coll\u00e8ges. La journ\u00e9e s&rsquo;est cl\u00f4tur\u00e9e par un petit Escape Game&#8230;<p class=\"continue-reading-button\"> <a class=\"continue-reading-link\" href=\"https:\/\/etab.ac-reunion.fr\/clg-bory-de-saint-vincent\/concours-deloquence-sur-le-theme-de-lolympisme-et-de-linclusion\/\">Voir plus<i class=\"crycon-right-dir\"><\/i><\/a><\/p><\/div><\/li>\n<li><div class=\"wp-block-latest-posts__featured-image\"><a href=\"https:\/\/etab.ac-reunion.fr\/clg-bory-de-saint-vincent\/1-dechet-1-squat-pour-las-crossfit-musculation-et-la-generation-2024\/\" title=\"1 d\u00e9chet = 1 squat pour l&#039;AS Crossfit\/musculation et la G\u00e9n\u00e9ration 2024\"><img loading=\"lazy\" decoding=\"async\" width=\"150\" height=\"150\" src=\"https:\/\/etab.ac-reunion.fr\/clg-bory-de-saint-vincent\/wp-content\/uploads\/sites\/28\/2023\/06\/Rando-ramassage-dechets-2023-2-150x150.jpg\" class=\"attachment-thumbnail size-thumbnail wp-post-image\" alt=\"\" style=\"\" \/><\/a><\/div><a class=\"wp-block-latest-posts__post-title\" href=\"https:\/\/etab.ac-reunion.fr\/clg-bory-de-saint-vincent\/1-dechet-1-squat-pour-las-crossfit-musculation-et-la-generation-2024\/\">1 d\u00e9chet = 1 squat pour l&rsquo;AS Crossfit\/musculation et la G\u00e9n\u00e9ration 2024<\/a><time datetime=\"2023-06-15T16:11:34+04:00\" class=\"wp-block-latest-posts__post-date\">15 juin 2023<\/time><div class=\"wp-block-latest-posts__post-excerpt\">\nA l&rsquo;occasion de la journ\u00e9e mondiale des oc\u00e9ans, 17 \u00e9l\u00e8ves de l&rsquo;association sportive du coll\u00e8ge et du projet G\u00e9n\u00e9ration 2024 ont particip\u00e9 \u00e0 une randonn\u00e9e \u00e9cologique et sportive. <p class=\"continue-reading-button\"> <a class=\"continue-reading-link\" href=\"https:\/\/etab.ac-reunion.fr\/clg-bory-de-saint-vincent\/1-dechet-1-squat-pour-las-crossfit-musculation-et-la-generation-2024\/\">Voir plus<i class=\"crycon-right-dir\"><\/i><\/a><\/p><\/div><\/li>\n<li><div class=\"wp-block-latest-posts__featured-image\"><a href=\"https:\/\/etab.ac-reunion.fr\/clg-bory-de-saint-vincent\/olympiades-generation-2024\/\" title=\"Olympiades G\u00e9n\u00e9ration 2024\"><img loading=\"lazy\" decoding=\"async\" width=\"150\" height=\"150\" src=\"https:\/\/etab.ac-reunion.fr\/clg-bory-de-saint-vincent\/wp-content\/uploads\/sites\/28\/2023\/06\/Olympiades-3-mai-3-150x150.jpg\" class=\"attachment-thumbnail size-thumbnail wp-post-image\" alt=\"\" style=\"\" \/><\/a><\/div><a class=\"wp-block-latest-posts__post-title\" href=\"https:\/\/etab.ac-reunion.fr\/clg-bory-de-saint-vincent\/olympiades-generation-2024\/\">Olympiades G\u00e9n\u00e9ration 2024<\/a><time datetime=\"2023-06-08T10:23:03+04:00\" class=\"wp-block-latest-posts__post-date\">8 juin 2023<\/time><div class=\"wp-block-latest-posts__post-excerpt\">Dans le cadre du concours d\u00e9partemental \u00ab&nbsp;Des jeunes \u00e0 Paris&#8230;<p class=\"continue-reading-button\"> <a class=\"continue-reading-link\" href=\"https:\/\/etab.ac-reunion.fr\/clg-bory-de-saint-vincent\/olympiades-generation-2024\/\">Voir plus<i class=\"crycon-right-dir\"><\/i><\/a><\/p><\/div><\/li>\n<li><div class=\"wp-block-latest-posts__featured-image\"><a href=\"https:\/\/etab.ac-reunion.fr\/clg-bory-de-saint-vincent\/rallye-maths-sport-et-handisport\/\" title=\"Rallye maths, sport et handisport\"><img loading=\"lazy\" decoding=\"async\" width=\"150\" height=\"150\" src=\"https:\/\/etab.ac-reunion.fr\/clg-bory-de-saint-vincent\/wp-content\/uploads\/sites\/28\/2023\/06\/Rallye-CM2-6e-2023-Handisport-3-150x150.jpeg\" class=\"attachment-thumbnail size-thumbnail wp-post-image\" alt=\"\" style=\"\" \/><\/a><\/div><a class=\"wp-block-latest-posts__post-title\" href=\"https:\/\/etab.ac-reunion.fr\/clg-bory-de-saint-vincent\/rallye-maths-sport-et-handisport\/\">Rallye maths, sport et handisport<\/a><time datetime=\"2023-06-06T15:19:00+04:00\" class=\"wp-block-latest-posts__post-date\">6 juin 2023<\/time><div class=\"wp-block-latest-posts__post-excerpt\">Ce rallye est en fait une course d&rsquo;orientation qui r\u00e9unit les \u00e9l\u00e8ves de CM2, 6\u00e8 et ULIS du coll\u00e8ge et des \u00e9coles de Basse Vall\u00e9e, du Baril, du Centre et du Tremblet. Comme des mini-olympiades plusieurs \u00e9quipes s\u2019affrontaient sur diff\u00e9rentes \u00e9preuves : des probl\u00e8mes de math\u00e9matiques, des \u00e9nigmes, des exercices de logiques, des activit\u00e9s sportives et la d\u00e9couverte de l&rsquo;handisport. C&rsquo;est l&rsquo;association Handistraction&#8230;<p class=\"continue-reading-button\"> <a class=\"continue-reading-link\" href=\"https:\/\/etab.ac-reunion.fr\/clg-bory-de-saint-vincent\/rallye-maths-sport-et-handisport\/\">Voir plus<i class=\"crycon-right-dir\"><\/i><\/a><\/p><\/div><\/li>\n<\/ul>","protected":false},"excerpt":{"rendered":"<p>Dans la perspective des Jeux Olympiques de 2024 \u00e0 Paris, les minist\u00e8res charg\u00e9s de l\u2019\u00e9ducation, de l\u2019agriculture et des sports lancent un appel d\u2019offre pluriannuel pour encourager le d\u00e9veloppement de la continuit\u00e9 \u00e9ducative dans la pratique sportive des jeunes notamment pour ceux en situation de handicap. C&rsquo;est dans cette d\u00e9marche&#8230;<\/p>\n<p class=\"continue-reading-button\"> <a class=\"continue-reading-link\" href=\"https:\/\/etab.ac-reunion.fr\/clg-bory-de-saint-vincent\/generation-2024\/\">Voir plus<i class=\"crycon-right-dir\"><\/i><\/a><\/p>\n","protected":false},"author":20587,"featured_media":0,"parent":0,"menu_order":0,"comment_status":"closed","ping_status":"closed","template":"","meta":{"footnotes":"","_links_to":"","_links_to_target":""},"class_list":["post-4327","page","type-page","status-publish","hentry"],"_links":{"self":[{"href":"https:\/\/etab.ac-reunion.fr\/clg-bory-de-saint-vincent\/wp-json\/wp\/v2\/pages\/4327","targetHints":{"allow":["GET"]}}],"collection":[{"href":"https:\/\/etab.ac-reunion.fr\/clg-bory-de-saint-vincent\/wp-json\/wp\/v2\/pages"}],"about":[{"href":"https:\/\/etab.ac-reunion.fr\/clg-bory-de-saint-vincent\/wp-json\/wp\/v2\/types\/page"}],"author":[{"embeddable":true,"href":"https:\/\/etab.ac-reunion.fr\/clg-bory-de-saint-vincent\/wp-json\/wp\/v2\/users\/20587"}],"replies":[{"embeddable":true,"href":"https:\/\/etab.ac-reunion.fr\/clg-bory-de-saint-vincent\/wp-json\/wp\/v2\/comments?post=4327"}],"version-history":[{"count":29,"href":"https:\/\/etab.ac-reunion.fr\/clg-bory-de-saint-vincent\/wp-json\/wp\/v2\/pages\/4327\/revisions"}],"predecessor-version":[{"id":5681,"href":"https:\/\/etab.ac-reunion.fr\/clg-bory-de-saint-vincent\/wp-json\/wp\/v2\/pages\/4327\/revisions\/5681"}],"wp:attachment":[{"href":"https:\/\/etab.ac-reunion.fr\/clg-bory-de-saint-vincent\/wp-json\/wp\/v2\/media?parent=4327"}],"curies":[{"name":"wp","href":"https:\/\/api.w.org\/{rel}","templated":true}]}}