{"id":4392,"date":"2022-09-14T11:38:14","date_gmt":"2022-09-14T07:38:14","guid":{"rendered":"https:\/\/etab.ac-reunion.fr\/clg-bory-de-saint-vincent\/?page_id=4392"},"modified":"2023-06-05T15:26:32","modified_gmt":"2023-06-05T11:26:32","slug":"bourse","status":"publish","type":"page","link":"https:\/\/etab.ac-reunion.fr\/clg-bory-de-saint-vincent\/infos-pratiques\/bourse\/","title":{"rendered":"Bourse en ligne"},"content":{"rendered":"<div class=\"wp-block-image\">\n<figure class=\"aligncenter size-large\"><img loading=\"lazy\" decoding=\"async\" width=\"731\" height=\"1024\" src=\"https:\/\/etab.ac-reunion.fr\/clg-bory-de-saint-vincent\/wp-content\/uploads\/sites\/28\/2023\/06\/Bourse-lycee-2023-731x1024.png\" alt=\"\" class=\"wp-image-5064\" srcset=\"https:\/\/etab.ac-reunion.fr\/clg-bory-de-saint-vincent\/wp-content\/uploads\/sites\/28\/2023\/06\/Bourse-lycee-2023-731x1024.png 731w, https:\/\/etab.ac-reunion.fr\/clg-bory-de-saint-vincent\/wp-content\/uploads\/sites\/28\/2023\/06\/Bourse-lycee-2023-214x300.png 214w, https:\/\/etab.ac-reunion.fr\/clg-bory-de-saint-vincent\/wp-content\/uploads\/sites\/28\/2023\/06\/Bourse-lycee-2023-768x1075.png 768w, https:\/\/etab.ac-reunion.fr\/clg-bory-de-saint-vincent\/wp-content\/uploads\/sites\/28\/2023\/06\/Bourse-lycee-2023-1097x1536.png 1097w, https:\/\/etab.ac-reunion.fr\/clg-bory-de-saint-vincent\/wp-content\/uploads\/sites\/28\/2023\/06\/Bourse-lycee-2023-107x150.png 107w, https:\/\/etab.ac-reunion.fr\/clg-bory-de-saint-vincent\/wp-content\/uploads\/sites\/28\/2023\/06\/Bourse-lycee-2023.png 1160w\" sizes=\"auto, (max-width: 731px) 100vw, 731px\" \/><\/figure>\n<\/div>\n\n\n<h3 class=\"wp-block-heading has-text-align-center\"><strong>Information aux parents &#8211; Campagne de bourse lyc\u00e9e 2023-2024<\/strong><br><\/h3>\n\n\n\n<p>Madame, Monsieur,<br>La campagne de bourses de lyc\u00e9e 2023-2024 est ouverte et la date limite de d\u00e9p\u00f4t est fix\u00e9e au 05 juillet 2023 inclus.<\/p>\n\n\n\n<p><strong>Pour une demande en ligne :<\/strong> ( par le repr\u00e9sentant l\u00e9gal)<br>Je me connecte \u00e0 Scolarit\u00e9 Services avec mes identifiants via :<br>-&gt; \u00c9duconnect : <a rel=\"noreferrer noopener\" href=\"https:\/\/educonnect.education.gouv.fr\" target=\"_blank\">https:\/\/educonnect.education.gouv.fr<\/a><br>OU<br>-&gt; France connect <a rel=\"noreferrer noopener\" href=\"http:\/\/teleservices.education.gouv.fr\" target=\"_blank\">teleservices.education.gouv.fr<\/a><br>Je clique sur \u00ab\u00a0Mes services \/ Bourse de lyc\u00e9e\u00a0\u00bb et je suis les \u00e9tapes.<\/p>\n\n\n\n<p><strong>Pour une demande papier :<\/strong><br>-&gt; Je compl\u00e8te le formulaire (dossier \u00e0 retirer \u00e0 la gestion) avec les justificatifs suivants:<\/p>\n\n\n\n<ul class=\"wp-block-list\">\n<li>avis d&rsquo;imposition 2022 sur revenus 2021,<\/li>\n<\/ul>\n\n\n\n<ul class=\"wp-block-list\">\n<li>derni\u00e8re attestation de paiement CAF ( si concubinage )<br><\/li>\n<\/ul>\n\n\n\n<p>Dossier \u00e0 d\u00e9poser au coll\u00e9ge Bory De Saint Vincent ( service gestion).<br><\/p>\n\n\n\n<p>Par ailleurs, une 2nd p\u00e9riode de demande de bourses sera ouverte du 01 septembre au 19 octobre 2023 inclus ou les dossiers seront d\u00e9pos\u00e9s au lyc\u00e9e d&rsquo;accueil de votre enfant.<br><br>Cordialement, le service Gestion.<\/p>\n","protected":false},"excerpt":{"rendered":"<p>Information aux parents &#8211; Campagne de bourse lyc\u00e9e 2023-2024 Madame, Monsieur,La campagne de bourses de lyc\u00e9e 2023-2024 est ouverte et la date limite de d\u00e9p\u00f4t est fix\u00e9e au 05 juillet 2023 inclus. Pour une demande en ligne : ( par le repr\u00e9sentant l\u00e9gal)Je me connecte \u00e0 Scolarit\u00e9 Services avec mes&#8230;<\/p>\n<p class=\"continue-reading-button\"> <a class=\"continue-reading-link\" href=\"https:\/\/etab.ac-reunion.fr\/clg-bory-de-saint-vincent\/infos-pratiques\/bourse\/\">Voir plus<i class=\"crycon-right-dir\"><\/i><\/a><\/p>\n","protected":false},"author":20587,"featured_media":0,"parent":1631,"menu_order":0,"comment_status":"closed","ping_status":"closed","template":"","meta":{"footnotes":"","_links_to":"","_links_to_target":""},"class_list":["post-4392","page","type-page","status-publish","hentry"],"_links":{"self":[{"href":"https:\/\/etab.ac-reunion.fr\/clg-bory-de-saint-vincent\/wp-json\/wp\/v2\/pages\/4392","targetHints":{"allow":["GET"]}}],"collection":[{"href":"https:\/\/etab.ac-reunion.fr\/clg-bory-de-saint-vincent\/wp-json\/wp\/v2\/pages"}],"about":[{"href":"https:\/\/etab.ac-reunion.fr\/clg-bory-de-saint-vincent\/wp-json\/wp\/v2\/types\/page"}],"author":[{"embeddable":true,"href":"https:\/\/etab.ac-reunion.fr\/clg-bory-de-saint-vincent\/wp-json\/wp\/v2\/users\/20587"}],"replies":[{"embeddable":true,"href":"https:\/\/etab.ac-reunion.fr\/clg-bory-de-saint-vincent\/wp-json\/wp\/v2\/comments?post=4392"}],"version-history":[{"count":8,"href":"https:\/\/etab.ac-reunion.fr\/clg-bory-de-saint-vincent\/wp-json\/wp\/v2\/pages\/4392\/revisions"}],"predecessor-version":[{"id":5074,"href":"https:\/\/etab.ac-reunion.fr\/clg-bory-de-saint-vincent\/wp-json\/wp\/v2\/pages\/4392\/revisions\/5074"}],"up":[{"embeddable":true,"href":"https:\/\/etab.ac-reunion.fr\/clg-bory-de-saint-vincent\/wp-json\/wp\/v2\/pages\/1631"}],"wp:attachment":[{"href":"https:\/\/etab.ac-reunion.fr\/clg-bory-de-saint-vincent\/wp-json\/wp\/v2\/media?parent=4392"}],"curies":[{"name":"wp","href":"https:\/\/api.w.org\/{rel}","templated":true}]}}