{"id":5363,"date":"2023-11-17T21:27:36","date_gmt":"2023-11-17T17:27:36","guid":{"rendered":"https:\/\/etab.ac-reunion.fr\/clg-bory-de-saint-vincent\/?page_id=5363"},"modified":"2025-04-23T10:50:47","modified_gmt":"2025-04-23T06:50:47","slug":"le-consortium-inter-degre-de-st-philippe-en-quelques-mots","status":"publish","type":"page","link":"https:\/\/etab.ac-reunion.fr\/clg-bory-de-saint-vincent\/le-consortium-inter-degre-de-st-philippe-en-quelques-mots\/","title":{"rendered":"Le consortium inter-degr\u00e9 de St-Philippe en quelques mots"},"content":{"rendered":"\n<div class=\"wp-block-buttons is-content-justification-right is-layout-flex wp-container-core-buttons-is-layout-765c4724 wp-block-buttons-is-layout-flex\">\n<div class=\"wp-block-button\"><a class=\"wp-block-button__link wp-element-button\" href=\"https:\/\/etab.ac-reunion.fr\/clg-bory-de-saint-vincent\/projets-erasmus\/\">Retour<\/a><\/div>\n<\/div>\n\n\n\n<div style=\"height:15px\" aria-hidden=\"true\" class=\"wp-block-spacer\"><\/div>\n\n\n\n<p>Le consortium inter-degr\u00e9 de St-Philippe ce sont des \u00e9tablissements scolaires, coll\u00e8ge et \u00e9coles, qui, accompagn\u00e9s de la mairie, m\u00e8nent des projets de mobilit\u00e9s, virtuelles, hybrides ou r\u00e9elles, en vue de favoriser l&rsquo;ouverture culturelle et la mont\u00e9e en comp\u00e9tences des \u00e9l\u00e8ves et des \u00e9quipes \u00e9ducatives, enseignantes ou non enseignantes.<\/p>\n\n\n\n<div class=\"wp-block-columns is-not-stacked-on-mobile is-layout-flex wp-container-core-columns-is-layout-9d6595d7 wp-block-columns-is-layout-flex\">\n<div class=\"wp-block-column is-layout-flow wp-block-column-is-layout-flow\" style=\"flex-basis:33.33%\"><div class=\"wp-block-image\">\n<figure class=\"aligncenter size-large is-resized\"><img loading=\"lazy\" decoding=\"async\" width=\"853\" height=\"1024\" src=\"https:\/\/etab.ac-reunion.fr\/clg-bory-de-saint-vincent\/wp-content\/uploads\/sites\/28\/2023\/11\/Panneau-Ville-Erasmus-50x60-cm-v2-853x1024.jpg\" alt=\"\" class=\"wp-image-5364\" style=\"aspect-ratio:0.8330078125;width:203px;height:auto\" srcset=\"https:\/\/etab.ac-reunion.fr\/clg-bory-de-saint-vincent\/wp-content\/uploads\/sites\/28\/2023\/11\/Panneau-Ville-Erasmus-50x60-cm-v2-853x1024.jpg 853w, https:\/\/etab.ac-reunion.fr\/clg-bory-de-saint-vincent\/wp-content\/uploads\/sites\/28\/2023\/11\/Panneau-Ville-Erasmus-50x60-cm-v2-250x300.jpg 250w, https:\/\/etab.ac-reunion.fr\/clg-bory-de-saint-vincent\/wp-content\/uploads\/sites\/28\/2023\/11\/Panneau-Ville-Erasmus-50x60-cm-v2-768x922.jpg 768w, https:\/\/etab.ac-reunion.fr\/clg-bory-de-saint-vincent\/wp-content\/uploads\/sites\/28\/2023\/11\/Panneau-Ville-Erasmus-50x60-cm-v2-1280x1536.jpg 1280w, https:\/\/etab.ac-reunion.fr\/clg-bory-de-saint-vincent\/wp-content\/uploads\/sites\/28\/2023\/11\/Panneau-Ville-Erasmus-50x60-cm-v2-1707x2048.jpg 1707w, https:\/\/etab.ac-reunion.fr\/clg-bory-de-saint-vincent\/wp-content\/uploads\/sites\/28\/2023\/11\/Panneau-Ville-Erasmus-50x60-cm-v2-125x150.jpg 125w\" sizes=\"auto, (max-width: 853px) 100vw, 853px\" \/><\/figure>\n<\/div><\/div>\n\n\n\n<div class=\"wp-block-column is-layout-flow wp-block-column-is-layout-flow\" style=\"flex-basis:66.66%\">\n<h3 class=\"wp-block-heading\">La Mairie de St-Philippe, porteur du projet<\/h3>\n\n\n\n<p>La mairie de Saint-Philippe est une collectivit\u00e9 territoriale de niveau local. Elle ne dispense pas directement les enseignements, mais parmi ses diverses comp\u00e9tences figure celle de l&rsquo;accompagnement financier, mat\u00e9riel et humain des \u00e9coles primaires, avec notamment la facilitation et l&rsquo;animation d&rsquo;activit\u00e9s scolaire, p\u00e9riscolaire et extrascolaire.  C&rsquo;est pourquoi, le fait de travailler ensemble sur un projet Erasmus est apparu comme une \u00e9vidence.<\/p>\n<\/div>\n<\/div>\n\n\n\n<h3 class=\"wp-block-heading\">Les \u00e9tablissements scolaires, une liaison \u00e9cole-coll\u00e8ge par-del\u00e0 les murs, par de-l\u00e0 la mer<\/h3>\n\n\n\n<p>Outre la municipalit\u00e9, les organismes membres de ce consortium, qui \u0153uvrent dans l\u2019enseignement scolaire sont :<\/p>\n\n\n\n<ul class=\"wp-block-list\">\n<li>L&rsquo;\u00e9cole Maurice et Katia Krafft<\/li>\n\n\n\n<li>L&rsquo;\u00e9cole du Baril<\/li>\n\n\n\n<li>L&rsquo;\u00e9cole de Basse-Vall\u00e9e<\/li>\n\n\n\n<li>L&rsquo;\u00e9cole maternelle Centre<\/li>\n\n\n\n<li>L&rsquo;\u00e9cole \u00e9l\u00e9mentaire Centre<\/li>\n\n\n\n<li>Le coll\u00e8ge Bory de Saint-Vincent<\/li>\n\n\n\n<li>2 \u00e9coles de communes limitrophes (Saint-Joseph et Sainte-Rose), charg\u00e9es de participer au d\u00e9veloppement du projet europ\u00e9en sur leur territoire.<\/li>\n<\/ul>\n\n\n\n<p>&#8230; En partenariat avec l&rsquo;inspection du 1er degr\u00e9 de St-Joseph\/St-Philippe.<\/p>\n\n\n\n<p>Notre accr\u00e9ditation s&rsquo;inscrit dans la continuit\u00e9 du premier consortium, qui suite \u00e0 un Conseil \u00c9cole-Coll\u00e8ge (CEC), a fait \u00e9merger un besoin d\u2019\u00e9change et de collaboration inter-degr\u00e9s et interprofessionnel pour la r\u00e9ussite et le bien-\u00eatre des \u00e9l\u00e8ves et de l&rsquo;\u00e9quipe \u00e9ducative au sens large. Ce dispositif europ\u00e9en est une r\u00e9elle opportunit\u00e9 pour un territoire comme le n\u00f4tre. <\/p>\n\n\n\n<h3 class=\"wp-block-heading\">Un travail pour l&rsquo;ambition de nos \u00e9l\u00e8ves<\/h3>\n\n\n\n<p>Les apprenants, \u00e2g\u00e9s de 2 ans (TPS de maternelle) \u00e0 15 ans (3\u00e8me du coll\u00e8ge), sont scolaris\u00e9s majoritairement dans des classes ordinaires. De plus, 2 ULIS (Unit\u00e9s localis\u00e9es pour l&rsquo;inclusion scolaire) accueillent les \u00e9l\u00e8ves \u00e0 besoins particuliers. L&rsquo;appartenance \u00e0 un territoire sp\u00e9cifique marque le profil de nos \u00e9l\u00e8ves. St-Philippe est une commune rurale et vivre sur ce territoire isol\u00e9, enclav\u00e9 entre oc\u00e9an et volcan, majoritairement cr\u00e9olophone, impacte le parcours scolaire sup\u00e9rieur de nos \u00e9l\u00e8ves, limite l&rsquo;ambition \u00e0 l&rsquo;excellence et freine les opportunit\u00e9s d&rsquo;ouverture au monde.<\/p>\n\n\n\n<h3 class=\"wp-block-heading\">Des objectifs \u00e0 atteindre<\/h3>\n\n\n\n<ul class=\"wp-block-list\">\n<li>Objectif 1 : Former des adultes responsables de l&rsquo;\u00e9ducation des futurs citoyens au sein de l&rsquo;espace europ\u00e9en pour une mont\u00e9e g\u00e9n\u00e9rale en comp\u00e9tences.<\/li>\n\n\n\n<li>Objectif 2 : D\u00e9velopper la citoyennet\u00e9 et l&rsquo;ambition des apprenants en contribuant \u00e0 la construction de l&rsquo;espace europ\u00e9en de l&rsquo;\u00e9ducation.<\/li>\n<\/ul>\n\n\n\n<p>Qui r\u00e9pondent \u00e0 nos besoins et \u00e0 nos d\u00e9fis :<\/p>\n\n\n\n<ul class=\"wp-block-list\">\n<li>Agir en faveur du d\u00e9senclavement<\/li>\n\n\n\n<li>Lutter contre le d\u00e9terminisme d\u00e9fini plus haut et renforcer l&rsquo;int\u00e9gration sociale, en favorisant la formation tout au long de la vie (partenariats r\u00e9ciproques, virtuels, hybrides, physiques) ; favoriser l&rsquo;inclusion des personnels et des apprenants.D\u00e9fi N\u00b03 : Comprendre et s&rsquo;approprier le concept de citoyennet\u00e9 \u00e0 l&rsquo;\u00e9chelle locale, nationale et Europ\u00e9enne ; am\u00e9liorer le sentiment d&rsquo;appartenance \u00e0 la citoyennet\u00e9 Europ\u00e9enne.<\/li>\n<\/ul>\n\n\n\n<h3 class=\"wp-block-heading\">Enrichis d&rsquo;une premi\u00e8re exp\u00e9rience<\/h3>\n\n\n\n<p>Une premi\u00e8re exp\u00e9rience <strong><em>Erasmus+ 2020-2022<\/em><\/strong>, en finalisation \u00e0 ce jour, a d&rsquo;ores et d\u00e9j\u00e0 permis une organisation collaborative entre la municipalit\u00e9 et les \u00e9tablissements scolaires partenaires dans la gestion et la coordination du consortium. Ce premier projet KA1 c&rsquo;\u00e9tait 26 mobilit\u00e9s d&rsquo;adultes, \u00e0 travers l&rsquo;Europe (Finlande, Islande, Croatie, Italie, Allemagne et Espagne) autour de 3 axes :<\/p>\n\n\n\n<ul class=\"wp-block-list\">\n<li>Axe 1 : \u00c9panouissement et bien \u00eatre \u00e0 l\u2019\u00e9cole pour un continuum \u00e9ducatif, mieux se connaitre pour mieux travailler ensemble.<\/li>\n\n\n\n<li>Axe 2 : Renforcement linguistique pour une ouverture sur l\u2019Europe et sur le monde<\/li>\n\n\n\n<li>Axe 3 : La place de l\u2019innovation et de l\u2019exp\u00e9rimentation \u00e0 l\u2019\u00e9cole et au coll\u00e8ge.<\/li>\n<\/ul>\n\n\n\n<div style=\"height:15px\" aria-hidden=\"true\" class=\"wp-block-spacer\"><\/div>\n\n\n\n<p><strong>Celui-ci a donn\u00e9 l&rsquo;envie de permettre des mobilit\u00e9s d&rsquo;\u00e9l\u00e8ves pour d\u00e9velopper leur ouverture culturelle, leur citoyennet\u00e9 et leur ambition.<\/strong><\/p>\n\n\n\n<blockquote class=\"wp-block-quote has-text-align-left is-layout-flow wp-block-quote-is-layout-flow\">\n<p><strong><em>Nous avons pour projet que chaque \u00e9l\u00e8ve de Saint-Philippe voyage au moins une fois lors de sa scolarit\u00e9 pour d\u00e9couvrir et apprendre le monde.<\/em><\/strong><\/p>\n<cite>Olivier Rivi\u00e8re, maire de Saint-Philippe<\/cite><\/blockquote>\n\n\n<div class=\"wp-block-image\">\n<figure class=\"aligncenter size-full is-resized\"><img loading=\"lazy\" decoding=\"async\" width=\"219\" height=\"190\" src=\"https:\/\/etab.ac-reunion.fr\/clg-bory-de-saint-vincent\/wp-content\/uploads\/sites\/28\/2022\/04\/Logo-Erasmus-e1650016672163.png\" alt=\"\" class=\"wp-image-3913\" style=\"aspect-ratio:0.8330078125;width:114px;height:auto\" \/><\/figure>\n<\/div>\n\n\n<div style=\"height:15px\" aria-hidden=\"true\" class=\"wp-block-spacer\"><\/div>\n\n\n\n<h3 class=\"wp-block-heading\">Obtention du Label Euroscol 2024<\/h3>\n\n\n\n<p>Suite \u00e0 nos diff\u00e9rentes mobilit\u00e9s sortantes, d&rsquo;adultes et d&rsquo;\u00e9l\u00e8ves, nos mobilit\u00e9s entrantes (\u00e9changes scolaires, job shadowing&#8230;) mais aussi nos actions en faveur de l&rsquo;ouverture culturelle et linguistique, le coll\u00e8ge a obtenu le Label Euroscol en 2024. Nous tenons \u00e0 remercier de nouveau la DAREIC pour son soutien et l&rsquo;agence Erasmus de nous permettre d&rsquo;offrir ces belles opportunit\u00e9s de formation \u00e0 nos \u00e9l\u00e8ves et \u00e0 nos \u00e9quipes enseignantes et non-enseignantes.<\/p>\n\n\n<div class=\"wp-block-image\">\n<figure class=\"aligncenter size-full is-resized\"><img loading=\"lazy\" decoding=\"async\" width=\"590\" height=\"277\" src=\"https:\/\/etab.ac-reunion.fr\/clg-bory-de-saint-vincent\/wp-content\/uploads\/sites\/28\/2025\/04\/Logo-Euroscol.png\" alt=\"\" class=\"wp-image-6950\" style=\"width:108px;height:auto\" srcset=\"https:\/\/etab.ac-reunion.fr\/clg-bory-de-saint-vincent\/wp-content\/uploads\/sites\/28\/2025\/04\/Logo-Euroscol.png 590w, https:\/\/etab.ac-reunion.fr\/clg-bory-de-saint-vincent\/wp-content\/uploads\/sites\/28\/2025\/04\/Logo-Euroscol-300x141.png 300w, https:\/\/etab.ac-reunion.fr\/clg-bory-de-saint-vincent\/wp-content\/uploads\/sites\/28\/2025\/04\/Logo-Euroscol-150x70.png 150w\" sizes=\"auto, (max-width: 590px) 100vw, 590px\" \/><\/figure>\n<\/div>\n\n\n<div class=\"wp-block-buttons is-content-justification-right is-layout-flex wp-container-core-buttons-is-layout-765c4724 wp-block-buttons-is-layout-flex\">\n<div class=\"wp-block-button\"><a class=\"wp-block-button__link wp-element-button\" href=\"https:\/\/etab.ac-reunion.fr\/clg-bory-de-saint-vincent\/projets-erasmus\/\">Retour<\/a><\/div>\n<\/div>\n","protected":false},"excerpt":{"rendered":"<p>Le consortium inter-degr\u00e9 de St-Philippe ce sont des \u00e9tablissements scolaires, coll\u00e8ge et \u00e9coles, qui, accompagn\u00e9s de la mairie, m\u00e8nent des projets de mobilit\u00e9s, virtuelles, hybrides ou r\u00e9elles, en vue de favoriser l&rsquo;ouverture culturelle et la mont\u00e9e en comp\u00e9tences des \u00e9l\u00e8ves et des \u00e9quipes \u00e9ducatives, enseignantes ou non enseignantes. La Mairie&#8230;<\/p>\n<p class=\"continue-reading-button\"> <a class=\"continue-reading-link\" href=\"https:\/\/etab.ac-reunion.fr\/clg-bory-de-saint-vincent\/le-consortium-inter-degre-de-st-philippe-en-quelques-mots\/\">Voir plus<i class=\"crycon-right-dir\"><\/i><\/a><\/p>\n","protected":false},"author":20587,"featured_media":0,"parent":0,"menu_order":0,"comment_status":"closed","ping_status":"closed","template":"templates\/template-onecolumn.php","meta":{"footnotes":"","_links_to":"","_links_to_target":""},"class_list":["post-5363","page","type-page","status-publish","hentry"],"_links":{"self":[{"href":"https:\/\/etab.ac-reunion.fr\/clg-bory-de-saint-vincent\/wp-json\/wp\/v2\/pages\/5363","targetHints":{"allow":["GET"]}}],"collection":[{"href":"https:\/\/etab.ac-reunion.fr\/clg-bory-de-saint-vincent\/wp-json\/wp\/v2\/pages"}],"about":[{"href":"https:\/\/etab.ac-reunion.fr\/clg-bory-de-saint-vincent\/wp-json\/wp\/v2\/types\/page"}],"author":[{"embeddable":true,"href":"https:\/\/etab.ac-reunion.fr\/clg-bory-de-saint-vincent\/wp-json\/wp\/v2\/users\/20587"}],"replies":[{"embeddable":true,"href":"https:\/\/etab.ac-reunion.fr\/clg-bory-de-saint-vincent\/wp-json\/wp\/v2\/comments?post=5363"}],"version-history":[{"count":6,"href":"https:\/\/etab.ac-reunion.fr\/clg-bory-de-saint-vincent\/wp-json\/wp\/v2\/pages\/5363\/revisions"}],"predecessor-version":[{"id":6951,"href":"https:\/\/etab.ac-reunion.fr\/clg-bory-de-saint-vincent\/wp-json\/wp\/v2\/pages\/5363\/revisions\/6951"}],"wp:attachment":[{"href":"https:\/\/etab.ac-reunion.fr\/clg-bory-de-saint-vincent\/wp-json\/wp\/v2\/media?parent=5363"}],"curies":[{"name":"wp","href":"https:\/\/api.w.org\/{rel}","templated":true}]}}