{"id":5380,"date":"2023-11-17T22:01:50","date_gmt":"2023-11-17T18:01:50","guid":{"rendered":"https:\/\/etab.ac-reunion.fr\/clg-bory-de-saint-vincent\/?page_id=5380"},"modified":"2025-08-16T15:31:42","modified_gmt":"2025-08-16T11:31:42","slug":"preparer-sa-mobilite","status":"publish","type":"page","link":"https:\/\/etab.ac-reunion.fr\/clg-bory-de-saint-vincent\/preparer-sa-mobilite\/","title":{"rendered":"Pr\u00e9parer sa mobilit\u00e9"},"content":{"rendered":"\n<div class=\"wp-block-buttons is-content-justification-right is-layout-flex wp-container-core-buttons-is-layout-765c4724 wp-block-buttons-is-layout-flex\">\n<div class=\"wp-block-button\"><a class=\"wp-block-button__link wp-element-button\" href=\"https:\/\/etab.ac-reunion.fr\/clg-bory-de-saint-vincent\/projets-erasmus\/\">Retour<\/a><\/div>\n<\/div>\n\n\n\n<h3 class=\"wp-block-heading\">Pour vous accompagner<\/h3>\n\n\n\n<ul class=\"wp-block-list\">\n<li>Des r\u00e9f\u00e9rent.e.s (Mme Jocelyne Clerville pour la Mairie, M. Franck Lao-Yec pour le 1er degr\u00e9 et Mme Julie Payet pour le 2nd degr\u00e9)<\/li>\n\n\n\n<li>Un comit\u00e9 de pilotage (le maire, M. Olivier Rivi\u00e8re, le principal, M. St\u00e9phane Dall&rsquo;Acqua, l&rsquo;inspectrice, Mme Karine Sonn, au moins 1 responsable des finances et les 3 r\u00e9f\u00e9rents)<\/li>\n\n\n\n<li>Un comit\u00e9 technique (les directeurs et directrices des \u00e9coles et les 3 r\u00e9f\u00e9rents)<\/li>\n\n\n\n<li>Une adresse mail commune : <a href=\"mailto:consortiumsaint.philippe@gmail.com\">consortiumsaint.philippe@gmail.com<\/a><\/li>\n<\/ul>\n\n\n\n<h3 class=\"wp-block-heading\">R\u00e9troplanning<\/h3>\n\n\n\n<p>Chaque ann\u00e9e scolaire, au cours du premier trimestre, un appel \u00e0 candidature est lanc\u00e9 dans les \u00e9tablissements afin de permettre d\u2019\u00e9laborer le budget de la session \u00e0 venir. Une session va du 1er juin N au 31 ao\u00fbt N+1 (soit 15 mois) avec plusieurs \u00e9tapes cl\u00e9s.<\/p>\n\n\n<div class=\"wp-block-image\">\n<figure data-wp-context=\"{&quot;imageId&quot;:&quot;69d314e0c6538&quot;}\" data-wp-interactive=\"core\/image\" data-wp-key=\"69d314e0c6538\" class=\"aligncenter size-large wp-lightbox-container\"><img loading=\"lazy\" decoding=\"async\" width=\"1024\" height=\"576\" data-wp-class--hide=\"state.isContentHidden\" data-wp-class--show=\"state.isContentVisible\" data-wp-init=\"callbacks.setButtonStyles\" data-wp-on--click=\"actions.showLightbox\" data-wp-on--load=\"callbacks.setButtonStyles\" data-wp-on-window--resize=\"callbacks.setButtonStyles\" src=\"https:\/\/etab.ac-reunion.fr\/clg-bory-de-saint-vincent\/wp-content\/uploads\/sites\/28\/2024\/11\/Retroplanning-2021-2027-1024x576.jpg\" alt=\"\" class=\"wp-image-6456\" srcset=\"https:\/\/etab.ac-reunion.fr\/clg-bory-de-saint-vincent\/wp-content\/uploads\/sites\/28\/2024\/11\/Retroplanning-2021-2027-1024x576.jpg 1024w, https:\/\/etab.ac-reunion.fr\/clg-bory-de-saint-vincent\/wp-content\/uploads\/sites\/28\/2024\/11\/Retroplanning-2021-2027-300x169.jpg 300w, https:\/\/etab.ac-reunion.fr\/clg-bory-de-saint-vincent\/wp-content\/uploads\/sites\/28\/2024\/11\/Retroplanning-2021-2027-768x432.jpg 768w, https:\/\/etab.ac-reunion.fr\/clg-bory-de-saint-vincent\/wp-content\/uploads\/sites\/28\/2024\/11\/Retroplanning-2021-2027-1536x864.jpg 1536w, https:\/\/etab.ac-reunion.fr\/clg-bory-de-saint-vincent\/wp-content\/uploads\/sites\/28\/2024\/11\/Retroplanning-2021-2027-150x84.jpg 150w, https:\/\/etab.ac-reunion.fr\/clg-bory-de-saint-vincent\/wp-content\/uploads\/sites\/28\/2024\/11\/Retroplanning-2021-2027.jpg 1821w\" sizes=\"auto, (max-width: 1024px) 100vw, 1024px\" \/><button\n\t\t\tclass=\"lightbox-trigger\"\n\t\t\ttype=\"button\"\n\t\t\taria-haspopup=\"dialog\"\n\t\t\taria-label=\"Agrandir\"\n\t\t\tdata-wp-init=\"callbacks.initTriggerButton\"\n\t\t\tdata-wp-on--click=\"actions.showLightbox\"\n\t\t\tdata-wp-style--right=\"state.imageButtonRight\"\n\t\t\tdata-wp-style--top=\"state.imageButtonTop\"\n\t\t>\n\t\t\t<svg xmlns=\"http:\/\/www.w3.org\/2000\/svg\" width=\"12\" height=\"12\" fill=\"none\" viewBox=\"0 0 12 12\">\n\t\t\t\t<path fill=\"#fff\" d=\"M2 0a2 2 0 0 0-2 2v2h1.5V2a.5.5 0 0 1 .5-.5h2V0H2Zm2 10.5H2a.5.5 0 0 1-.5-.5V8H0v2a2 2 0 0 0 2 2h2v-1.5ZM8 12v-1.5h2a.5.5 0 0 0 .5-.5V8H12v2a2 2 0 0 1-2 2H8Zm2-12a2 2 0 0 1 2 2v2h-1.5V2a.5.5 0 0 0-.5-.5H8V0h2Z\" \/>\n\t\t\t<\/svg>\n\t\t<\/button><\/figure>\n<\/div>\n\n\n<h3 class=\"wp-block-heading\">Les personnes \u00e9ligibles<\/h3>\n\n\n\n<ul class=\"wp-block-list\">\n<li><strong>Pour les \u00e9l\u00e8ves :<\/strong> Tous les \u00e9l\u00e8ves scolaris\u00e9s dans un \u00e9tablissement membre du consortium de Saint-Philippe au moment de la r\u00e9alisation de la mobilit\u00e9 (groupements possibles : classes, options, interdegr\u00e9 sur un projet commun comme le CME&#8230;) qui travaillent autour d&rsquo;un projet commun.<\/li>\n\n\n\n<li><strong>Pour les adultes : <\/strong><\/li>\n\n\n\n<li>Les participants \u00e9ligibles sont, entre autres, les enseignants, les chefs d\u2019\u00e9tablissement et tous les autres experts et membres du personnel non enseignant qui travaillent dans l\u2019enseignement scolaire.<\/li>\n\n\n\n<li>Les membres du personnel non enseignant \u00e9ligibles sont les membres du personnel qui travaillent dans l\u2019enseignement scolaire, que ce soit au sein d\u2019\u00e9tablissements scolaires (assistants p\u00e9dagogiques, conseillers p\u00e9dagogiques, psychologues, etc.) ou dans d\u2019autres organismes actifs dans le domaine de l\u2019enseignement scolaire (inspecteurs scolaires, conseillers, coordinateurs strat\u00e9giques charg\u00e9s de l\u2019enseignement scolaire, etc.).<\/li>\n\n\n\n<li>Les participants doivent travailler au sein de l\u2019organisation d\u2019envoi ou collaborer r\u00e9guli\u00e8rement avec l\u2019organisation d\u2019envoi pour faciliter la mise en \u0153uvre de ses principales activit\u00e9s (en tant que formateurs ext\u00e9rieurs, experts ou b\u00e9n\u00e9voles, par exemple).<\/li>\n\n\n\n<li>Dans tous les cas, il convient de documenter les t\u00e2ches qui sont \u00e0 l\u2019origine du lien entre le participant et l\u2019organisation d\u2019envoi d\u2019une fa\u00e7on permettant \u00e0 l\u2019agence nationale comp\u00e9tente de v\u00e9rifier ce lien (contrat de travail ou convention de b\u00e9n\u00e9volat, description des t\u00e2ches ou document semblable, par exemple). Les agences nationales \u00e9tablissent une mani\u00e8re de proc\u00e9der transparente et coh\u00e9rente pour d\u00e9terminer ce qui constitue des relations de travail acceptables ainsi que les documents justificatifs pertinents dans leur contexte national.<\/li>\n<\/ul>\n\n\n\n<h3 class=\"wp-block-heading\">Les pays \u00e9ligibles<\/h3>\n\n\n\n<ul class=\"wp-block-list\">\n<li><strong><u>Groupe 1<\/u><\/strong>&nbsp;: Allemagne, Autriche, Belgique, Danemark, Finlande, Irlande, Islande, Italie, Liechtenstein, Luxembourg, Norv\u00e8ge, Pays-Bas, Su\u00e8de.<\/li>\n\n\n\n<li><strong><u>Groupe 2<\/u><\/strong>&nbsp;: Chypre, Espagne, Gr\u00e8ce, Estonie, Lettonie, Malte, Portugal, R\u00e9publique Tch\u00e8que, Slovaquie.<\/li>\n\n\n\n<li><strong><u>Groupe 3<\/u><\/strong>&nbsp;: Bulgarie, Croatie, Hongrie, Lituanie, Mac\u00e9doine du Nord, Pologne, Roumanie, Serbie, Slov\u00e9nie, Turquie.<\/li>\n\n\n\n<li><strong><u>Dont r\u00e9gions ultrap\u00e9riph\u00e9riques europ\u00e9ennes.<\/u><\/strong><\/li>\n<\/ul>\n\n\n\n<p class=\"has-small-font-size\"><\/p>\n\n\n\n<h3 class=\"wp-block-heading\">Les diff\u00e9rents types de mobilit\u00e9s<\/h3>\n\n\n\n<ul class=\"wp-block-list\">\n<li>Cours structur\u00e9s<\/li>\n\n\n\n<li>Job shadowing (stage d&rsquo;observation)<\/li>\n\n\n\n<li>Mobilit\u00e9s de groupe d&rsquo;apprenants (\u00e9l\u00e8ves)<\/li>\n<\/ul>\n\n\n\n<h3 class=\"wp-block-heading\">Les taux applicables<\/h3>\n\n\n\n<p><strong>Frais de voyage : <\/strong><\/p>\n\n\n\n<ul class=\"wp-block-list\">\n<li>Entre 4 000 et 7 999 km : 1 188\u20ac<\/li>\n\n\n\n<li>8 000 km ou plus : 1 735\u20ac<\/li>\n<\/ul>\n\n\n\n<p><strong>Frais de s\u00e9jour (par jour) :<\/strong><\/p>\n\n\n\n<ul class=\"wp-block-list\">\n<li>Groupe 1 : 150\u20ac (adulte) \/ 55\u20ac (\u00e9l\u00e8ve)<\/li>\n\n\n\n<li>Groupe 2 : 133\u20ac (adulte) \/ 48\u20ac (\u00e9l\u00e8ve)<\/li>\n\n\n\n<li>Groupe 3 : 116\u20ac (adulte) \/ 41\u20ac (\u00e9l\u00e8ve)<\/li>\n<\/ul>\n\n\n\n<p><strong>Soutien \u00e0 l&rsquo;inclusion : <\/strong>125\u20ac<\/p>\n\n\n\n<p><strong>Frais de cours :<\/strong> 80\u20ac\/jour\/participant (800\u20ac max.)<\/p>\n\n\n\n<div class=\"wp-block-file\"><a id=\"wp-block-file--media-a5931fb2-1a24-4275-a4e1-58495da446ff\" href=\"https:\/\/etab.ac-reunion.fr\/clg-bory-de-saint-vincent\/wp-content\/uploads\/sites\/28\/2025\/08\/Annexe-III-Taux-Applicables-2025.pdf\" target=\"_blank\" rel=\"noreferrer noopener\">Annexe III Taux Applicables 2025<\/a><a href=\"https:\/\/etab.ac-reunion.fr\/clg-bory-de-saint-vincent\/wp-content\/uploads\/sites\/28\/2025\/08\/Annexe-III-Taux-Applicables-2025.pdf\" class=\"wp-block-file__button wp-element-button\" download aria-describedby=\"wp-block-file--media-a5931fb2-1a24-4275-a4e1-58495da446ff\">T\u00e9l\u00e9charger<\/a><\/div>\n\n\n\n<div style=\"height:10px\" aria-hidden=\"true\" class=\"wp-block-spacer\"><\/div>\n\n\n\n<div class=\"wp-block-buttons has-custom-font-size has-small-font-size is-layout-flex wp-block-buttons-is-layout-flex\">\n<div class=\"wp-block-button\"><a class=\"wp-block-button__link has-black-background-color has-background wp-element-button\" href=\"https:\/\/erasmus-plus.ec.europa.eu\/resources-and-tools\/distance-calculator\" target=\"_blank\" rel=\"noreferrer noopener\">Calculateur de distance Erasmus<\/a><\/div>\n<\/div>\n\n\n\n<div style=\"height:15px\" aria-hidden=\"true\" class=\"wp-block-spacer\"><\/div>\n\n\n\n<h3 class=\"wp-block-heading\">Trouver une formation ou un stage d&rsquo;observation<\/h3>\n\n\n\n<div class=\"wp-block-buttons is-content-justification-left is-layout-flex wp-container-core-buttons-is-layout-fdcfc74e wp-block-buttons-is-layout-flex\">\n<div class=\"wp-block-button\"><a class=\"wp-block-button__link has-luminous-vivid-amber-to-luminous-vivid-orange-gradient-background has-background wp-element-button\" href=\"https:\/\/docs.google.com\/spreadsheets\/d\/15nYEZNAFUv5WfuzzlhJuPck57PtmIQcH\/edit?usp=drive_link&amp;ouid=105325155640940958185&amp;rtpof=true&amp;sd=true\" target=\"_blank\" rel=\"noreferrer noopener\"><strong>Catalogue de formations interne<\/strong><\/a><\/div>\n\n\n\n<div class=\"wp-block-button\"><a class=\"wp-block-button__link has-midnight-gradient-background has-background wp-element-button\" href=\"https:\/\/school-education.ec.europa.eu\/fr\/professional-development\/courses?f%5B0%5D=modality%3Aonline\" target=\"_blank\" rel=\"noreferrer noopener\"><strong>Training centers (European School Education Platform<\/strong>)<\/a><\/div>\n<\/div>\n\n\n\n<div style=\"height:10px\" aria-hidden=\"true\" class=\"wp-block-spacer\"><\/div>\n\n\n\n<div class=\"wp-block-buttons is-content-justification-left is-layout-flex wp-container-core-buttons-is-layout-fdcfc74e wp-block-buttons-is-layout-flex\">\n<div class=\"wp-block-button\"><a class=\"wp-block-button__link has-vivid-cyan-blue-to-vivid-purple-gradient-background has-background wp-element-button\" href=\"https:\/\/www.facebook.com\/share\/g\/EvURfXSYo99hYdmv\/?mibextid=K35XfP\" target=\"_blank\" rel=\"noreferrer noopener\"><strong>Groupe Facebook n\u00b01<\/strong><\/a><\/div>\n\n\n\n<div class=\"wp-block-button\"><a class=\"wp-block-button__link has-vivid-cyan-blue-to-vivid-purple-gradient-background has-background wp-element-button\" href=\"https:\/\/www.facebook.com\/groups\/559692967480871\/\" target=\"_blank\" rel=\"noreferrer noopener\"><strong>Groupe Facebook n\u00b02<\/strong><\/a><\/div>\n\n\n\n<div class=\"wp-block-button\"><a class=\"wp-block-button__link has-vivid-cyan-blue-to-vivid-purple-gradient-background has-background wp-element-button\" href=\"https:\/\/www.facebook.com\/groups\/1584904988430053\/\" target=\"_blank\" rel=\"noreferrer noopener\"><strong>Groupe Facebook n\u00b03<\/strong><\/a><\/div>\n\n\n\n<div class=\"wp-block-button\"><a class=\"wp-block-button__link has-vivid-cyan-blue-to-vivid-purple-gradient-background has-background wp-element-button\" href=\"https:\/\/www.facebook.com\/share\/g\/NacH5JwMAvcyTxTC\/?mibextid=K35XfP\" target=\"_blank\" rel=\"noreferrer noopener\"><strong>Groupe Facebook n\u00b04<\/strong><\/a><\/div>\n<\/div>\n\n\n\n<div style=\"height:15px\" aria-hidden=\"true\" class=\"wp-block-spacer\"><\/div>\n\n\n\n<h3 class=\"wp-block-heading\">S&rsquo;entra\u00eener en Anglais ou autres langues avant de partir en mobilit\u00e9<\/h3>\n\n\n\n<div class=\"wp-block-buttons is-layout-flex wp-block-buttons-is-layout-flex\">\n<div class=\"wp-block-button\"><a class=\"wp-block-button__link has-luminous-vivid-amber-to-luminous-vivid-orange-gradient-background has-background wp-element-button\" href=\"https:\/\/academy.europa.eu\/courses\/learn-language-basics-with-online-language-support\/view\/?lang=fr\"><strong>OLS<\/strong> Course: Learn Language Basics with Online Language Support<\/a><\/div>\n<\/div>\n\n\n\n<div style=\"height:15px\" aria-hidden=\"true\" class=\"wp-block-spacer\"><\/div>\n\n\n\n<h3 class=\"wp-block-heading\">Les pi\u00e8ces \u00e0 fournir<\/h3>\n\n\n<div class=\"wp-block-image\">\n<figure data-wp-context=\"{&quot;imageId&quot;:&quot;69d314e0c722a&quot;}\" data-wp-interactive=\"core\/image\" data-wp-key=\"69d314e0c722a\" class=\"aligncenter size-large wp-lightbox-container\"><img loading=\"lazy\" decoding=\"async\" width=\"1024\" height=\"309\" data-wp-class--hide=\"state.isContentHidden\" data-wp-class--show=\"state.isContentVisible\" data-wp-init=\"callbacks.setButtonStyles\" data-wp-on--click=\"actions.showLightbox\" data-wp-on--load=\"callbacks.setButtonStyles\" data-wp-on-window--resize=\"callbacks.setButtonStyles\" src=\"https:\/\/etab.ac-reunion.fr\/clg-bory-de-saint-vincent\/wp-content\/uploads\/sites\/28\/2024\/11\/Pieces-justificatives-Erasmus-1024x309.jpg\" alt=\"\" class=\"wp-image-6459\" srcset=\"https:\/\/etab.ac-reunion.fr\/clg-bory-de-saint-vincent\/wp-content\/uploads\/sites\/28\/2024\/11\/Pieces-justificatives-Erasmus-1024x309.jpg 1024w, https:\/\/etab.ac-reunion.fr\/clg-bory-de-saint-vincent\/wp-content\/uploads\/sites\/28\/2024\/11\/Pieces-justificatives-Erasmus-300x91.jpg 300w, https:\/\/etab.ac-reunion.fr\/clg-bory-de-saint-vincent\/wp-content\/uploads\/sites\/28\/2024\/11\/Pieces-justificatives-Erasmus-768x232.jpg 768w, https:\/\/etab.ac-reunion.fr\/clg-bory-de-saint-vincent\/wp-content\/uploads\/sites\/28\/2024\/11\/Pieces-justificatives-Erasmus-1536x464.jpg 1536w, https:\/\/etab.ac-reunion.fr\/clg-bory-de-saint-vincent\/wp-content\/uploads\/sites\/28\/2024\/11\/Pieces-justificatives-Erasmus-150x45.jpg 150w, https:\/\/etab.ac-reunion.fr\/clg-bory-de-saint-vincent\/wp-content\/uploads\/sites\/28\/2024\/11\/Pieces-justificatives-Erasmus.jpg 1655w\" sizes=\"auto, (max-width: 1024px) 100vw, 1024px\" \/><button\n\t\t\tclass=\"lightbox-trigger\"\n\t\t\ttype=\"button\"\n\t\t\taria-haspopup=\"dialog\"\n\t\t\taria-label=\"Agrandir\"\n\t\t\tdata-wp-init=\"callbacks.initTriggerButton\"\n\t\t\tdata-wp-on--click=\"actions.showLightbox\"\n\t\t\tdata-wp-style--right=\"state.imageButtonRight\"\n\t\t\tdata-wp-style--top=\"state.imageButtonTop\"\n\t\t>\n\t\t\t<svg xmlns=\"http:\/\/www.w3.org\/2000\/svg\" width=\"12\" height=\"12\" fill=\"none\" viewBox=\"0 0 12 12\">\n\t\t\t\t<path fill=\"#fff\" d=\"M2 0a2 2 0 0 0-2 2v2h1.5V2a.5.5 0 0 1 .5-.5h2V0H2Zm2 10.5H2a.5.5 0 0 1-.5-.5V8H0v2a2 2 0 0 0 2 2h2v-1.5ZM8 12v-1.5h2a.5.5 0 0 0 .5-.5V8H12v2a2 2 0 0 1-2 2H8Zm2-12a2 2 0 0 1 2 2v2h-1.5V2a.5.5 0 0 0-.5-.5H8V0h2Z\" \/>\n\t\t\t<\/svg>\n\t\t<\/button><\/figure>\n<\/div>\n\n\n<div style=\"height:13px\" aria-hidden=\"true\" class=\"wp-block-spacer\"><\/div>\n\n\n\n<div class=\"wp-block-buttons is-content-justification-right is-layout-flex wp-container-core-buttons-is-layout-765c4724 wp-block-buttons-is-layout-flex\">\n<div class=\"wp-block-button\"><a class=\"wp-block-button__link wp-element-button\" href=\"https:\/\/etab.ac-reunion.fr\/clg-bory-de-saint-vincent\/projets-erasmus\/\">Retour<\/a><\/div>\n<\/div>\n","protected":false},"excerpt":{"rendered":"<p>Pour vous accompagner R\u00e9troplanning Chaque ann\u00e9e scolaire, au cours du premier trimestre, un appel \u00e0 candidature est lanc\u00e9 dans les \u00e9tablissements afin de permettre d\u2019\u00e9laborer le budget de la session \u00e0 venir. Une session va du 1er juin N au 31 ao\u00fbt N+1 (soit 15 mois) avec plusieurs \u00e9tapes cl\u00e9s&#8230;.<\/p>\n<p class=\"continue-reading-button\"> <a class=\"continue-reading-link\" href=\"https:\/\/etab.ac-reunion.fr\/clg-bory-de-saint-vincent\/preparer-sa-mobilite\/\">Voir plus<i class=\"crycon-right-dir\"><\/i><\/a><\/p>\n","protected":false},"author":20587,"featured_media":0,"parent":0,"menu_order":0,"comment_status":"closed","ping_status":"closed","template":"templates\/template-onecolumn.php","meta":{"footnotes":"","_links_to":"","_links_to_target":""},"class_list":["post-5380","page","type-page","status-publish","hentry"],"_links":{"self":[{"href":"https:\/\/etab.ac-reunion.fr\/clg-bory-de-saint-vincent\/wp-json\/wp\/v2\/pages\/5380","targetHints":{"allow":["GET"]}}],"collection":[{"href":"https:\/\/etab.ac-reunion.fr\/clg-bory-de-saint-vincent\/wp-json\/wp\/v2\/pages"}],"about":[{"href":"https:\/\/etab.ac-reunion.fr\/clg-bory-de-saint-vincent\/wp-json\/wp\/v2\/types\/page"}],"author":[{"embeddable":true,"href":"https:\/\/etab.ac-reunion.fr\/clg-bory-de-saint-vincent\/wp-json\/wp\/v2\/users\/20587"}],"replies":[{"embeddable":true,"href":"https:\/\/etab.ac-reunion.fr\/clg-bory-de-saint-vincent\/wp-json\/wp\/v2\/comments?post=5380"}],"version-history":[{"count":31,"href":"https:\/\/etab.ac-reunion.fr\/clg-bory-de-saint-vincent\/wp-json\/wp\/v2\/pages\/5380\/revisions"}],"predecessor-version":[{"id":7328,"href":"https:\/\/etab.ac-reunion.fr\/clg-bory-de-saint-vincent\/wp-json\/wp\/v2\/pages\/5380\/revisions\/7328"}],"wp:attachment":[{"href":"https:\/\/etab.ac-reunion.fr\/clg-bory-de-saint-vincent\/wp-json\/wp\/v2\/media?parent=5380"}],"curies":[{"name":"wp","href":"https:\/\/api.w.org\/{rel}","templated":true}]}}