{"id":543,"date":"2013-11-26T17:07:42","date_gmt":"2013-11-26T13:07:42","guid":{"rendered":"http:\/\/college-bory-stvincent-tmp.ac-reunion.fr\/?page_id=543"},"modified":"2023-12-04T16:17:32","modified_gmt":"2023-12-04T12:17:32","slug":"appel-doffres","status":"publish","type":"page","link":"https:\/\/etab.ac-reunion.fr\/clg-bory-de-saint-vincent\/appel-doffres\/","title":{"rendered":"Appel d&rsquo;offres"},"content":{"rendered":"\n<h2 class=\"wp-block-heading has-text-align-center has-electric-grass-gradient-background has-background\"><strong>OUVERT<\/strong><\/h2>\n\n\n\n<h2 class=\"wp-block-heading has-text-align-center\">AVIS D&rsquo;APPEL PUBLIC A LA CONCURRENCE 2024<\/h2>\n\n\n\n<h2 class=\"wp-block-heading has-text-align-center\"><strong>&#8211; A TITRE INFORMATIF &#8211;<\/strong><\/h2>\n\n\n\n<p class=\"has-text-align-center\">Cliquez ci-dessous pour t\u00e9l\u00e9charger le document<\/p>\n\n\n\n<div class=\"wp-block-buttons is-content-justification-center is-layout-flex wp-container-core-buttons-is-layout-16018d1d wp-block-buttons-is-layout-flex\">\n<div class=\"wp-block-button has-custom-width wp-block-button__width-50\"><a class=\"wp-block-button__link has-midnight-gradient-background has-background wp-element-button\" href=\"https:\/\/mapa.aji-france.com\/mapa\/marche\/137918\/show\" target=\"_blank\" rel=\"noreferrer noopener\"><strong>Lien pour le march\u00e9 \u00ab\u00a0Voyage scolaire \u00e0 Paris et en Gr\u00e8ce\u00a0\u00bb<\/strong><\/a><\/div>\n\n\n\n<div class=\"wp-block-button has-custom-width wp-block-button__width-50\"><a class=\"wp-block-button__link has-midnight-gradient-background has-background wp-element-button\" href=\"http:\/\/Si tu veux bien les mettre sur le site du coll\u00e8ge,  - le lien pour le march\u00e9 Gr\u00e8ce + jeux para (ne paraitra que demain apr\u00e8s mod\u00e9ration) : https:\/\/mapa.aji-france.com\/mapa\/marche\/137918\/show - le lien pour le march\u00e9 Espagne (d\u00e9j\u00e0 parue) : https:\/\/mapa.aji-france.com\/mapa\/marche\/137856\/show\" target=\"_blank\" rel=\"noreferrer noopener\"><strong>Lien pour le march\u00e9 \u00ab\u00a0Voyage scolaire en Espagne\u00a0\u00bb<\/strong><\/a><\/div>\n<\/div>\n\n\n\n<p><\/p>\n","protected":false},"excerpt":{"rendered":"<p>OUVERT AVIS D&rsquo;APPEL PUBLIC A LA CONCURRENCE 2024 &#8211; A TITRE INFORMATIF &#8211; Cliquez ci-dessous pour t\u00e9l\u00e9charger le document<\/p>\n<p class=\"continue-reading-button\"> <a class=\"continue-reading-link\" href=\"https:\/\/etab.ac-reunion.fr\/clg-bory-de-saint-vincent\/appel-doffres\/\">Voir plus<i class=\"crycon-right-dir\"><\/i><\/a><\/p>\n","protected":false},"author":130,"featured_media":0,"parent":0,"menu_order":600,"comment_status":"closed","ping_status":"closed","template":"templates\/template-onecolumn.php","meta":{"footnotes":"","_links_to":"","_links_to_target":""},"class_list":["post-543","page","type-page","status-publish","hentry"],"_links":{"self":[{"href":"https:\/\/etab.ac-reunion.fr\/clg-bory-de-saint-vincent\/wp-json\/wp\/v2\/pages\/543","targetHints":{"allow":["GET"]}}],"collection":[{"href":"https:\/\/etab.ac-reunion.fr\/clg-bory-de-saint-vincent\/wp-json\/wp\/v2\/pages"}],"about":[{"href":"https:\/\/etab.ac-reunion.fr\/clg-bory-de-saint-vincent\/wp-json\/wp\/v2\/types\/page"}],"author":[{"embeddable":true,"href":"https:\/\/etab.ac-reunion.fr\/clg-bory-de-saint-vincent\/wp-json\/wp\/v2\/users\/130"}],"replies":[{"embeddable":true,"href":"https:\/\/etab.ac-reunion.fr\/clg-bory-de-saint-vincent\/wp-json\/wp\/v2\/comments?post=543"}],"version-history":[{"count":10,"href":"https:\/\/etab.ac-reunion.fr\/clg-bory-de-saint-vincent\/wp-json\/wp\/v2\/pages\/543\/revisions"}],"predecessor-version":[{"id":5574,"href":"https:\/\/etab.ac-reunion.fr\/clg-bory-de-saint-vincent\/wp-json\/wp\/v2\/pages\/543\/revisions\/5574"}],"wp:attachment":[{"href":"https:\/\/etab.ac-reunion.fr\/clg-bory-de-saint-vincent\/wp-json\/wp\/v2\/media?parent=543"}],"curies":[{"name":"wp","href":"https:\/\/api.w.org\/{rel}","templated":true}]}}