{"id":6051,"date":"2024-08-14T20:03:56","date_gmt":"2024-08-14T16:03:56","guid":{"rendered":"https:\/\/etab.ac-reunion.fr\/clg-bory-de-saint-vincent\/?page_id=6051"},"modified":"2026-03-16T14:50:00","modified_gmt":"2026-03-16T10:50:00","slug":"radio-ado-la-web-radio-des-ados-du-bsv","status":"publish","type":"page","link":"https:\/\/etab.ac-reunion.fr\/clg-bory-de-saint-vincent\/radio-ado-la-web-radio-des-ados-du-bsv\/","title":{"rendered":"Radio Ado, la Web Radio des Ados du BSV"},"content":{"rendered":"\n<p>Le club de journalisme \u00e9volue et devient une Web Radio. Vous retrouverez ici toutes nos \u00e9missions !<\/p>\n\n\n\n<h2 class=\"wp-block-heading has-white-color has-text-color has-background has-link-color wp-elements-c90fb90585eaab1006fb689365ca14f5\" style=\"background:linear-gradient(135deg,rgb(0,72,252) 0%,rgb(247,212,7) 54%,rgb(255,105,0) 100%)\">C&rsquo;est quoi une webradio ?<\/h2>\n\n\n\n<div style=\"height:15px\" aria-hidden=\"true\" class=\"wp-block-spacer\"><\/div>\n\n\n\n<div class=\"wp-block-media-text is-stacked-on-mobile\"><figure class=\"wp-block-media-text__media\"><img loading=\"lazy\" decoding=\"async\" width=\"808\" height=\"429\" src=\"https:\/\/etab.ac-reunion.fr\/clg-bory-de-saint-vincent\/wp-content\/uploads\/sites\/28\/2024\/08\/Logo-webradio-1.png\" alt=\"\" class=\"wp-image-6077 size-full\" srcset=\"https:\/\/etab.ac-reunion.fr\/clg-bory-de-saint-vincent\/wp-content\/uploads\/sites\/28\/2024\/08\/Logo-webradio-1.png 808w, https:\/\/etab.ac-reunion.fr\/clg-bory-de-saint-vincent\/wp-content\/uploads\/sites\/28\/2024\/08\/Logo-webradio-1-300x159.png 300w, https:\/\/etab.ac-reunion.fr\/clg-bory-de-saint-vincent\/wp-content\/uploads\/sites\/28\/2024\/08\/Logo-webradio-1-768x408.png 768w, https:\/\/etab.ac-reunion.fr\/clg-bory-de-saint-vincent\/wp-content\/uploads\/sites\/28\/2024\/08\/Logo-webradio-1-150x80.png 150w\" sizes=\"auto, (max-width: 808px) 100vw, 808px\" \/><\/figure><div class=\"wp-block-media-text__content\">\n<p>C&rsquo;est une installation informatique permettant la diffusion radiophonique sur Internet. Elle peut \u00eatre en direct ou en diff\u00e9r\u00e9, sous forme de podcast (que l&rsquo;ont \u00e9coute et r\u00e9\u00e9coute quand on veut, c&rsquo;est ce qu&rsquo;on a choisi de vous proposer). On parlera donc d&rsquo;actualit\u00e9s d&rsquo;ici et d&rsquo;ailleurs, de d\u00e9veloppement durable, de musique, de cin\u00e9ma, de jeux vid\u00e9os&#8230; Il y aura aussi de temps en temps des interviews et d\u00e9bats. <\/p>\n\n\n\n<p>C&rsquo;est un moyen pour les journalistes en herbe de communiquer autrement, de d\u00e9couvrir le monde des m\u00e9dias et des m\u00e9tiers, d&rsquo;apprendre \u00e0 travailler en \u00e9quipe et de d\u00e9velopper sa confiance en soi et son autonomie. La webradio permet aussi d\u2019aiguiser la curiosit\u00e9 de ses auditeurs, de les informer et de d\u00e9velopper leur esprit critique.<\/p>\n<\/div><\/div>\n\n\n\n<h2 class=\"wp-block-heading has-white-color has-text-color has-background has-link-color wp-elements-71a8050f439a16dabcf66dafc6789c58\" style=\"background:linear-gradient(135deg,rgb(0,80,252) 0%,rgb(251,198,5) 59%,rgb(255,105,0) 100%)\">Les \u00e9missions<\/h2>\n\n\n\n<div style=\"height:15px\" aria-hidden=\"true\" class=\"wp-block-spacer\"><\/div>\n\n\n\n<div class=\"wp-block-columns is-layout-flex wp-container-core-columns-is-layout-9d6595d7 wp-block-columns-is-layout-flex\">\n<div class=\"wp-block-column is-layout-flow wp-block-column-is-layout-flow\" style=\"flex-basis:33.33%\">\n<div class=\"wp-block-buttons is-content-justification-left is-layout-flex wp-container-core-buttons-is-layout-fdcfc74e wp-block-buttons-is-layout-flex\">\n<div class=\"wp-block-button\"><a class=\"wp-block-button__link has-black-background-color has-background wp-element-button\" href=\"https:\/\/tube-institutionnel.apps.education.fr\/w\/ozjM3FbFFehbJ8Wfw6YGgU\" target=\"_blank\" rel=\"noreferrer noopener\">\u00c9mission n\u00b01 (28\/06\/2024)<\/a><\/div>\n<\/div>\n<\/div>\n\n\n\n<div class=\"wp-block-column is-layout-flow wp-block-column-is-layout-flow\" style=\"flex-basis:66.66%\">\n<p><strong>Au sommaire :<\/strong><\/p>\n\n\n\n<ul class=\"wp-block-list\">\n<li>Divertissement (jeux vid\u00e9os, top 5 musical, cin\u00e9ma, lecture, manga)<\/li>\n\n\n\n<li>Les actus d&rsquo;ici et d&rsquo;ailleurs (fusillade, harc\u00e8lement, block fire, la\u00efcit\u00e9, semaine de la presse et des m\u00e9dias, visite de Antenne r\u00e9union&#8230;)<\/li>\n\n\n\n<li>Interviews : Florent Payet (sportif de haut niveau), \u00c9milie Rabier (\u00e9crivaine), Felipe Vasquez (artiste)<\/li>\n\n\n\n<li>Dossier sp\u00e9cial : Lois insolites aux \u00c9tats-Unis<\/li>\n\n\n\n<li>EDD pour un avenir durable : C&rsquo;est quoi l&rsquo;EDD \u00e0 l&rsquo;\u00e9cole ?<\/li>\n<\/ul>\n<\/div>\n<\/div>\n\n\n\n<div class=\"wp-block-columns is-layout-flex wp-container-core-columns-is-layout-9d6595d7 wp-block-columns-is-layout-flex\">\n<div class=\"wp-block-column is-layout-flow wp-block-column-is-layout-flow\" style=\"flex-basis:33.33%\">\n<div class=\"wp-block-buttons is-layout-flex wp-block-buttons-is-layout-flex\">\n<div class=\"wp-block-button\"><a class=\"wp-block-button__link has-black-background-color has-background wp-element-button\" href=\"https:\/\/tube-institutionnel.apps.education.fr\/w\/rco2c8o6occ2ZdKc2CSb2U\" target=\"_blank\" rel=\"noreferrer noopener\">\u00c9mission n\u00b02 (14\/11\/2024)<\/a><\/div>\n<\/div>\n<\/div>\n\n\n\n<div class=\"wp-block-column is-layout-flow wp-block-column-is-layout-flow\" style=\"flex-basis:66.66%\">\n<p><strong>Au sommaire :<\/strong><\/p>\n\n\n\n<ul class=\"wp-block-list\">\n<li>Les actus d&rsquo;ici et d&rsquo;ailleurs (\u00e9lections pr\u00e9sidentielles am\u00e9ricaines)<\/li>\n\n\n\n<li>Dossier sp\u00e9cial : Le CVC avec interview de Mme CADET<\/li>\n<\/ul>\n<\/div>\n<\/div>\n\n\n\n<div class=\"wp-block-columns is-layout-flex wp-container-core-columns-is-layout-9d6595d7 wp-block-columns-is-layout-flex\">\n<div class=\"wp-block-column is-layout-flow wp-block-column-is-layout-flow\" style=\"flex-basis:33.33%\">\n<div class=\"wp-block-buttons is-layout-flex wp-block-buttons-is-layout-flex\">\n<div class=\"wp-block-button\"><a class=\"wp-block-button__link has-black-background-color has-background wp-element-button\" href=\"https:\/\/tube-institutionnel.apps.education.fr\/w\/5F2TnjBRL4LhiYEdJb8h7h\" target=\"_blank\" rel=\"noreferrer noopener\">\u00c9mission n\u00b03 (22\/11\/2024)<\/a><\/div>\n<\/div>\n<\/div>\n\n\n\n<div class=\"wp-block-column is-layout-flow wp-block-column-is-layout-flow\" style=\"flex-basis:66.66%\">\n<p><strong>Au sommaire :<\/strong><\/p>\n\n\n\n<ul class=\"wp-block-list\">\n<li>Les actus d&rsquo;ici et d&rsquo;ailleurs (tir de missile de la Cor\u00e9e du Nord, pic de pollution en Inde et au Pakistan)<\/li>\n\n\n\n<li>Dossier sp\u00e9cial : Zoom sur le manga Demon Slayer<\/li>\n<\/ul>\n<\/div>\n<\/div>\n\n\n\n<div class=\"wp-block-columns is-layout-flex wp-container-core-columns-is-layout-9d6595d7 wp-block-columns-is-layout-flex\">\n<div class=\"wp-block-column is-layout-flow wp-block-column-is-layout-flow\" style=\"flex-basis:33.33%\">\n<div class=\"wp-block-buttons is-layout-flex wp-block-buttons-is-layout-flex\">\n<div class=\"wp-block-button\"><a class=\"wp-block-button__link has-black-background-color has-background wp-element-button\" href=\"https:\/\/tube-institutionnel.apps.education.fr\/w\/1fxXEBcaptBZ19wBhvw7ZC\" target=\"_blank\" rel=\"noreferrer noopener\">\u00c9mission n\u00b04 (09\/12\/2024)<\/a><\/div>\n<\/div>\n<\/div>\n\n\n\n<div class=\"wp-block-column is-layout-flow wp-block-column-is-layout-flow\" style=\"flex-basis:66.66%\">\n<p><strong>Au sommaire :<\/strong><\/p>\n\n\n\n<ul class=\"wp-block-list\">\n<li>Les actus d&rsquo;ici et d&rsquo;ailleurs (envol du Starship)<\/li>\n\n\n\n<li>Dossier sp\u00e9cial animaux : Le cheval et Zoom sur 5 animaux en voie de disparition<\/li>\n<\/ul>\n<\/div>\n<\/div>\n\n\n\n<div class=\"wp-block-columns is-layout-flex wp-container-core-columns-is-layout-9d6595d7 wp-block-columns-is-layout-flex\">\n<div class=\"wp-block-column is-layout-flow wp-block-column-is-layout-flow\" style=\"flex-basis:33.33%\">\n<div class=\"wp-block-buttons is-layout-flex wp-block-buttons-is-layout-flex\">\n<div class=\"wp-block-button\"><a class=\"wp-block-button__link has-black-background-color has-background wp-element-button\" href=\"https:\/\/tube-institutionnel.apps.education.fr\/w\/gyNeuq5Ruj6HxXdAdmBwwQ\" target=\"_blank\" rel=\"noreferrer noopener\">\u00c9mission n\u00b05 (13\/12\/2024)<\/a><\/div>\n<\/div>\n<\/div>\n\n\n\n<div class=\"wp-block-column is-layout-flow wp-block-column-is-layout-flow\" style=\"flex-basis:66.66%\">\n<p><strong>Au sommaire :<\/strong><\/p>\n\n\n\n<ul class=\"wp-block-list\">\n<li>T\u00e9moignages d&rsquo;\u00e9l\u00e8ves au sujet du Harc\u00e8lement<\/li>\n\n\n\n<li>Conseils et num\u00e9ros d&rsquo;appel<\/li>\n<\/ul>\n<\/div>\n<\/div>\n\n\n\n<div class=\"wp-block-columns is-layout-flex wp-container-core-columns-is-layout-9d6595d7 wp-block-columns-is-layout-flex\">\n<div class=\"wp-block-column is-layout-flow wp-block-column-is-layout-flow\" style=\"flex-basis:33.33%\">\n<div class=\"wp-block-buttons is-layout-flex wp-block-buttons-is-layout-flex\">\n<div class=\"wp-block-button\"><a class=\"wp-block-button__link has-black-background-color has-background wp-element-button\" href=\"https:\/\/tube-institutionnel.apps.education.fr\/w\/x3wFwJDktoGrVZVH2wtiHs\" target=\"_blank\" rel=\"noreferrer noopener\">\u00c9mission n\u00b06 (13\/02\/2025)<\/a><\/div>\n<\/div>\n<\/div>\n\n\n\n<div class=\"wp-block-column is-layout-flow wp-block-column-is-layout-flow\" style=\"flex-basis:66.66%\">\n<p><strong>Au sommaire :<\/strong><\/p>\n\n\n\n<ul class=\"wp-block-list\">\n<li>Les actus d&rsquo;ici et d&rsquo;ailleurs (les cadeaux high tech de No\u00ebl 2024, les r\u00e9sultats du Superbowl, les d\u00e9cisions surprenantes de Donald Trump, les IA \u00e0 l&rsquo;\u00e9cole)<\/li>\n\n\n\n<li>Dossier sp\u00e9cial : Espagne et Espagnol<br>*Interview des \u00e9l\u00e8ves de 3\u00e8 option eTwinning qui partent en Espagne et \u00e0 Londres<br>*Interview de Mme MOGNE-DAHO, professeure d&rsquo;Espagnol<\/li>\n<\/ul>\n<\/div>\n<\/div>\n\n\n\n<div class=\"wp-block-columns is-layout-flex wp-container-core-columns-is-layout-9d6595d7 wp-block-columns-is-layout-flex\">\n<div class=\"wp-block-column is-layout-flow wp-block-column-is-layout-flow\" style=\"flex-basis:33.33%\">\n<div class=\"wp-block-buttons is-layout-flex wp-block-buttons-is-layout-flex\">\n<div class=\"wp-block-button\"><a class=\"wp-block-button__link has-black-background-color has-background wp-element-button\" href=\"https:\/\/tube-institutionnel.apps.education.fr\/w\/1i6onx4Mf8416rXpi1sSMv\" target=\"_blank\" rel=\"noreferrer noopener\">\u00c9mission n\u00b07 (28\/03\/2025)<\/a><\/div>\n<\/div>\n<\/div>\n\n\n\n<div class=\"wp-block-column is-layout-flow wp-block-column-is-layout-flow\" style=\"flex-basis:66.66%\">\n<p><strong>Au sommaire :<\/strong><\/p>\n\n\n\n<ul class=\"wp-block-list\">\n<li>Dossier sp\u00e9cial : Venue des Italiens et Allemands au coll\u00e8ge<br>*Interview des \u00e9l\u00e8ves Italiens et Allemands en mobilit\u00e9 Erasmus \u00e0 La R\u00e9union<br>*T\u00e9moignages des correspondants St-Philippois et de Mme PAYET, porteuse du projet<\/li>\n<\/ul>\n<\/div>\n<\/div>\n\n\n\n<div class=\"wp-block-columns is-layout-flex wp-container-core-columns-is-layout-9d6595d7 wp-block-columns-is-layout-flex\">\n<div class=\"wp-block-column is-layout-flow wp-block-column-is-layout-flow\" style=\"flex-basis:33.33%\">\n<div class=\"wp-block-buttons is-layout-flex wp-block-buttons-is-layout-flex\">\n<div class=\"wp-block-button\"><a class=\"wp-block-button__link has-black-background-color has-background wp-element-button\" href=\"https:\/\/tube-institutionnel.apps.education.fr\/w\/c79vmhH4JWUbEqvCSPBox4\" target=\"_blank\" rel=\"noreferrer noopener\">\u00c9mission n\u00b08 (14\/04\/2025)<\/a><\/div>\n<\/div>\n<\/div>\n\n\n\n<div class=\"wp-block-column is-layout-flow wp-block-column-is-layout-flow\" style=\"flex-basis:66.66%\">\n<p><strong>Au sommaire :<\/strong><\/p>\n\n\n\n<ul class=\"wp-block-list\">\n<li>Les actus d&rsquo;ici et d&rsquo;ailleurs (interdiction des t\u00e9l\u00e9phones au coll\u00e8ge, absence du professeur de SVT, r\u00e9sultats sportifs et zoom sur l&rsquo;exposition universelle)<\/li>\n\n\n\n<li>Culture :  K-Pop, la chanteuse virtuelle Hatsune Miku et le jeu vid\u00e9o MiSide<\/li>\n\n\n\n<li>Dossier sp\u00e9cial : la c\u00e9l\u00e9bration du jour de l&rsquo;an dans le monde<\/li>\n<\/ul>\n<\/div>\n<\/div>\n\n\n\n<div class=\"wp-block-columns is-layout-flex wp-container-core-columns-is-layout-9d6595d7 wp-block-columns-is-layout-flex\">\n<div class=\"wp-block-column is-layout-flow wp-block-column-is-layout-flow\" style=\"flex-basis:33.33%\">\n<div class=\"wp-block-buttons is-layout-flex wp-block-buttons-is-layout-flex\">\n<div class=\"wp-block-button\"><a class=\"wp-block-button__link has-black-background-color has-background wp-element-button\" href=\"https:\/\/tube-institutionnel.apps.education.fr\/w\/6jMUg28Kz9SwE592iZPjFW\" target=\"_blank\" rel=\"noreferrer noopener\">\u00c9mission n\u00b09 (23\/04\/2025)<\/a><\/div>\n<\/div>\n<\/div>\n\n\n\n<div class=\"wp-block-column is-layout-flow wp-block-column-is-layout-flow\" style=\"flex-basis:66.66%\">\n<p><strong>Au sommaire :<\/strong><\/p>\n\n\n\n<ul class=\"wp-block-list\">\n<li>Les actus d&rsquo;ici et d&rsquo;ailleurs (d\u00e9c\u00e8s du Pape Fran\u00e7ois, la chanteuse Katy Perry dans l&rsquo;espace)<\/li>\n\n\n\n<li>Dossier sp\u00e9cial : le nouveau bateau de croisi\u00e8re MSC World<\/li>\n<\/ul>\n<\/div>\n<\/div>\n\n\n\n<div class=\"wp-block-columns is-layout-flex wp-container-core-columns-is-layout-9d6595d7 wp-block-columns-is-layout-flex\">\n<div class=\"wp-block-column is-layout-flow wp-block-column-is-layout-flow\" style=\"flex-basis:33.33%\">\n<div class=\"wp-block-buttons is-layout-flex wp-block-buttons-is-layout-flex\">\n<div class=\"wp-block-button\"><a class=\"wp-block-button__link has-black-background-color has-background wp-element-button\" href=\"https:\/\/tube-institutionnel.apps.education.fr\/w\/aZSKtm6tsecxr5BbpD5YGW\" target=\"_blank\" rel=\"noreferrer noopener\">\u00c9mission n\u00b010 (10\/06\/2025)<\/a><\/div>\n<\/div>\n<\/div>\n\n\n\n<div class=\"wp-block-column is-layout-flow wp-block-column-is-layout-flow\" style=\"flex-basis:66.66%\">\n<p><strong>Au sommaire :<\/strong><\/p>\n\n\n\n<ul class=\"wp-block-list\">\n<li>Les actus d&rsquo;ici et d&rsquo;ailleurs (sortie du film Minecraft)<\/li>\n\n\n\n<li>Dossier sp\u00e9cial : Jeux vid\u00e9o (Minecraft, Scratch, Hollow Knight, League of Legends)<\/li>\n\n\n\n<li>Interviews : la streameuse KaroViper et les participants du projet College of Legends<\/li>\n<\/ul>\n<\/div>\n<\/div>\n\n\n\n<div class=\"wp-block-columns is-layout-flex wp-container-core-columns-is-layout-9d6595d7 wp-block-columns-is-layout-flex\">\n<div class=\"wp-block-column is-layout-flow wp-block-column-is-layout-flow\" style=\"flex-basis:33.33%\">\n<div class=\"wp-block-buttons is-layout-flex wp-block-buttons-is-layout-flex\">\n<div class=\"wp-block-button\"><a class=\"wp-block-button__link has-black-background-color has-background wp-element-button\" href=\"https:\/\/tube-institutionnel.apps.education.fr\/w\/j4XHdTsNHEjAT517o9Rv5G\" target=\"_blank\" rel=\"noreferrer noopener\">\u00c9mission n\u00b011 (30\/06\/2025)<\/a><\/div>\n<\/div>\n<\/div>\n\n\n\n<div class=\"wp-block-column is-layout-flow wp-block-column-is-layout-flow\" style=\"flex-basis:66.66%\">\n<p><strong>Au sommaire :<\/strong><\/p>\n\n\n\n<ul class=\"wp-block-list\">\n<li>Les actus d&rsquo;ici et d&rsquo;ailleurs (visite des studios de R\u00e9union 1\u00e8re)<\/li>\n\n\n\n<li>Interviews : La vie dan lan lontan<\/li>\n\n\n\n<li>Dossier sp\u00e9cial : Les f\u00e9lins<\/li>\n<\/ul>\n<\/div>\n<\/div>\n\n\n\n<h5 class=\"wp-block-heading has-text-align-center\"><em><strong>NOUVELLE SAISON<\/strong><\/em><\/h5>\n\n\n\n<div style=\"height:10px\" aria-hidden=\"true\" class=\"wp-block-spacer\"><\/div>\n\n\n\n<div class=\"wp-block-columns is-layout-flex wp-container-core-columns-is-layout-9d6595d7 wp-block-columns-is-layout-flex\">\n<div class=\"wp-block-column is-layout-flow wp-block-column-is-layout-flow\" style=\"flex-basis:33.33%\">\n<div class=\"wp-block-buttons is-layout-flex wp-block-buttons-is-layout-flex\">\n<div class=\"wp-block-button\"><a class=\"wp-block-button__link has-black-background-color has-background wp-element-button\" href=\"https:\/\/tube-institutionnel.apps.education.fr\/w\/id2THX1GzEDVXBaFdQnGz2\" target=\"_blank\" rel=\"noreferrer noopener\">\u00c9mission n\u00b012 (13\/11\/2025)<\/a><\/div>\n<\/div>\n<\/div>\n\n\n\n<div class=\"wp-block-column is-layout-flow wp-block-column-is-layout-flow\" style=\"flex-basis:66.66%\">\n<p><strong>Au sommaire :<\/strong><\/p>\n\n\n\n<ul class=\"wp-block-list\">\n<li>Actus d&rsquo;ici et d&rsquo;ailleurs (pr\u00e9sentation de la nouvelle \u00e9quipe)<\/li>\n\n\n\n<li>Dossier sp\u00e9cial : Course solidaire 2025 (interviews des \u00e9l\u00e8ves participants, de l&rsquo;organisation, des b\u00e9n\u00e9voles, de l&rsquo;association RAJ\u2026)<\/li>\n<\/ul>\n<\/div>\n<\/div>\n\n\n\n<div class=\"wp-block-columns is-layout-flex wp-container-core-columns-is-layout-9d6595d7 wp-block-columns-is-layout-flex\">\n<div class=\"wp-block-column is-layout-flow wp-block-column-is-layout-flow\" style=\"flex-basis:33.33%\">\n<div class=\"wp-block-buttons is-layout-flex wp-block-buttons-is-layout-flex\">\n<div class=\"wp-block-button\"><a class=\"wp-block-button__link has-black-background-color has-background wp-element-button\" href=\"https:\/\/tube-institutionnel.apps.education.fr\/w\/jxwC4vfi5MR6FdLAdGNgaE\" target=\"_blank\" rel=\"noreferrer noopener\">\u00c9mission n\u00b013 (18\/12\/2025)<\/a><\/div>\n<\/div>\n<\/div>\n\n\n\n<div class=\"wp-block-column is-layout-flow wp-block-column-is-layout-flow\" style=\"flex-basis:66.66%\">\n<p><strong>Au sommaire :<\/strong><\/p>\n\n\n\n<ul class=\"wp-block-list\">\n<li>Actus d&rsquo;ici et d&rsquo;ailleurs : Les Erasmus Days (interview de Mme PAYET, porteuse de projet)<\/li>\n\n\n\n<li>Dossier sp\u00e9cial : Octobre rose et cancer du sein<\/li>\n\n\n\n<li>Culture : Mise \u00e0 jour du jeu vid\u00e9o Brawl Stars<\/li>\n<\/ul>\n<\/div>\n<\/div>\n\n\n\n<div class=\"wp-block-columns is-layout-flex wp-container-core-columns-is-layout-9d6595d7 wp-block-columns-is-layout-flex\">\n<div class=\"wp-block-column is-layout-flow wp-block-column-is-layout-flow\" style=\"flex-basis:33.33%\">\n<div class=\"wp-block-buttons is-layout-flex wp-block-buttons-is-layout-flex\">\n<div class=\"wp-block-button\"><a class=\"wp-block-button__link has-black-background-color has-background wp-element-button\" href=\"https:\/\/tube-institutionnel.apps.education.fr\/w\/iDiCW4P3eFesCDmLWCVP1X\" target=\"_blank\" rel=\"noreferrer noopener\">\u00c9mission n\u00b014 (19\/02\/2026)<\/a><\/div>\n<\/div>\n<\/div>\n\n\n\n<div class=\"wp-block-column is-layout-flow wp-block-column-is-layout-flow\" style=\"flex-basis:66.66%\">\n<p><strong>Au sommaire :<\/strong><\/p>\n\n\n\n<ul class=\"wp-block-list\">\n<li>Actus d&rsquo;ici et d&rsquo;ailleurs : ICE, guerre en Ukraine, temp\u00eate de neige, saison cyclonique, sortie au lagon<\/li>\n\n\n\n<li>Dossier sp\u00e9cial Japon : nourriture traditionnelle et insolite, Jujitsu Kaisen<\/li>\n\n\n\n<li>Culture : sortie du nouveau chapitre de Poppy Playtime<\/li>\n<\/ul>\n<\/div>\n<\/div>\n\n\n\n<div class=\"wp-block-columns is-layout-flex wp-container-core-columns-is-layout-9d6595d7 wp-block-columns-is-layout-flex\">\n<div class=\"wp-block-column is-layout-flow wp-block-column-is-layout-flow\" style=\"flex-basis:33.33%\">\n<div class=\"wp-block-buttons is-layout-flex wp-block-buttons-is-layout-flex\">\n<div class=\"wp-block-button\"><a class=\"wp-block-button__link has-luminous-vivid-orange-background-color has-background wp-element-button\" href=\"https:\/\/tube-institutionnel.apps.education.fr\/w\/cMEYbWuzLhHxa7NqxZrGa1\" target=\"_blank\" rel=\"noreferrer noopener\">\u00c9mission n\u00b015 (27\/02\/2026) <strong><em>NOUVEAU<\/em><\/strong><\/a><\/div>\n<\/div>\n<\/div>\n\n\n\n<div class=\"wp-block-column is-layout-flow wp-block-column-is-layout-flow\" style=\"flex-basis:66.66%\">\n<p><strong>Au sommaire :<\/strong><\/p>\n\n\n\n<ul class=\"wp-block-list\">\n<li>Actus d&rsquo;ici et d&rsquo;ailleurs : \u00e9ruption du Piton de la Fournaise, le pr\u00e9sident am\u00e9ricain qui veut acheter le Groenland, les jeux olympiques d&rsquo;hiver de Milan-Cortina<\/li>\n\n\n\n<li>Culture : Pok\u00e9mon<\/li>\n<\/ul>\n<\/div>\n<\/div>\n\n\n\n<h2 class=\"wp-block-heading has-white-color has-text-color has-background has-link-color wp-elements-5b03627eb440d1ab991d003c840eba9c\" style=\"background:linear-gradient(135deg,rgb(0,80,252) 0%,rgb(251,198,5) 59%,rgb(255,105,0) 100%)\">Notre \u00e9quipe 2025-2026<\/h2>\n\n\n\n<div style=\"height:15px\" aria-hidden=\"true\" class=\"wp-block-spacer\"><\/div>\n\n\n\n<p>Des reporters et techniciens en herbe de la 6\u00e8 \u00e0 la 3\u00e8 :<\/p>\n\n\n<div class=\"wp-block-image\">\n<figure class=\"aligncenter size-full\"><img loading=\"lazy\" decoding=\"async\" width=\"903\" height=\"688\" src=\"https:\/\/etab.ac-reunion.fr\/clg-bory-de-saint-vincent\/wp-content\/uploads\/sites\/28\/2024\/11\/Avatars-eleves-2024-2025.jpeg\" alt=\"\" class=\"wp-image-6503\" srcset=\"https:\/\/etab.ac-reunion.fr\/clg-bory-de-saint-vincent\/wp-content\/uploads\/sites\/28\/2024\/11\/Avatars-eleves-2024-2025.jpeg 903w, https:\/\/etab.ac-reunion.fr\/clg-bory-de-saint-vincent\/wp-content\/uploads\/sites\/28\/2024\/11\/Avatars-eleves-2024-2025-300x229.jpeg 300w, https:\/\/etab.ac-reunion.fr\/clg-bory-de-saint-vincent\/wp-content\/uploads\/sites\/28\/2024\/11\/Avatars-eleves-2024-2025-768x585.jpeg 768w, https:\/\/etab.ac-reunion.fr\/clg-bory-de-saint-vincent\/wp-content\/uploads\/sites\/28\/2024\/11\/Avatars-eleves-2024-2025-150x114.jpeg 150w\" sizes=\"auto, (max-width: 903px) 100vw, 903px\" \/><\/figure>\n<\/div>\n\n\n<div style=\"height:30px\" aria-hidden=\"true\" class=\"wp-block-spacer\"><\/div>\n\n\n\n<p class=\"has-text-align-center\"><strong>Retrouvez quand m\u00eame nos anciennes publications ici :<\/strong><\/p>\n\n\n\n<div class=\"wp-block-buttons is-content-justification-center is-layout-flex wp-container-core-buttons-is-layout-16018d1d wp-block-buttons-is-layout-flex\">\n<div class=\"wp-block-button\"><a class=\"wp-block-button__link has-cool-to-warm-spectrum-gradient-background has-background has-text-align-center wp-element-button\" href=\"https:\/\/portail.college-borysaintvincent.ac-reunion.fr\/wordpress\/club-journalisme\/\" target=\"_blank\" rel=\"noreferrer noopener\"><strong>Blog des Ados du BSV<\/strong><\/a><\/div>\n<\/div>\n","protected":false},"excerpt":{"rendered":"<p>Le club de journalisme \u00e9volue et devient une Web Radio. Vous retrouverez ici toutes nos \u00e9missions ! C&rsquo;est quoi une webradio ? C&rsquo;est une installation informatique permettant la diffusion radiophonique sur Internet. Elle peut \u00eatre en direct ou en diff\u00e9r\u00e9, sous forme de podcast (que l&rsquo;ont \u00e9coute et r\u00e9\u00e9coute quand&#8230;<\/p>\n<p class=\"continue-reading-button\"> <a class=\"continue-reading-link\" href=\"https:\/\/etab.ac-reunion.fr\/clg-bory-de-saint-vincent\/radio-ado-la-web-radio-des-ados-du-bsv\/\">Voir plus<i class=\"crycon-right-dir\"><\/i><\/a><\/p>\n","protected":false},"author":20587,"featured_media":0,"parent":0,"menu_order":0,"comment_status":"closed","ping_status":"closed","template":"","meta":{"footnotes":"","_links_to":"","_links_to_target":""},"class_list":["post-6051","page","type-page","status-publish","hentry"],"_links":{"self":[{"href":"https:\/\/etab.ac-reunion.fr\/clg-bory-de-saint-vincent\/wp-json\/wp\/v2\/pages\/6051","targetHints":{"allow":["GET"]}}],"collection":[{"href":"https:\/\/etab.ac-reunion.fr\/clg-bory-de-saint-vincent\/wp-json\/wp\/v2\/pages"}],"about":[{"href":"https:\/\/etab.ac-reunion.fr\/clg-bory-de-saint-vincent\/wp-json\/wp\/v2\/types\/page"}],"author":[{"embeddable":true,"href":"https:\/\/etab.ac-reunion.fr\/clg-bory-de-saint-vincent\/wp-json\/wp\/v2\/users\/20587"}],"replies":[{"embeddable":true,"href":"https:\/\/etab.ac-reunion.fr\/clg-bory-de-saint-vincent\/wp-json\/wp\/v2\/comments?post=6051"}],"version-history":[{"count":39,"href":"https:\/\/etab.ac-reunion.fr\/clg-bory-de-saint-vincent\/wp-json\/wp\/v2\/pages\/6051\/revisions"}],"predecessor-version":[{"id":7766,"href":"https:\/\/etab.ac-reunion.fr\/clg-bory-de-saint-vincent\/wp-json\/wp\/v2\/pages\/6051\/revisions\/7766"}],"wp:attachment":[{"href":"https:\/\/etab.ac-reunion.fr\/clg-bory-de-saint-vincent\/wp-json\/wp\/v2\/media?parent=6051"}],"curies":[{"name":"wp","href":"https:\/\/api.w.org\/{rel}","templated":true}]}}