{"id":7140,"date":"2025-06-12T10:55:06","date_gmt":"2025-06-12T06:55:06","guid":{"rendered":"https:\/\/etab.ac-reunion.fr\/clg-bory-de-saint-vincent\/?page_id=7140"},"modified":"2025-06-12T11:36:18","modified_gmt":"2025-06-12T07:36:18","slug":"label-edu-sante","status":"publish","type":"page","link":"https:\/\/etab.ac-reunion.fr\/clg-bory-de-saint-vincent\/label-edu-sante\/","title":{"rendered":"Label \u00c9DU Sant\u00e9"},"content":{"rendered":"\n<p><\/p>\n\n\n\n<div class=\"wp-block-media-text is-stacked-on-mobile\"><figure class=\"wp-block-media-text__media\"><img loading=\"lazy\" decoding=\"async\" width=\"1024\" height=\"717\" src=\"https:\/\/etab.ac-reunion.fr\/clg-bory-de-saint-vincent\/wp-content\/uploads\/sites\/28\/2025\/06\/Label-EDU-Sante-Niveau-1-2025-1024x717.jpeg\" alt=\"\" class=\"wp-image-7141 size-full\" srcset=\"https:\/\/etab.ac-reunion.fr\/clg-bory-de-saint-vincent\/wp-content\/uploads\/sites\/28\/2025\/06\/Label-EDU-Sante-Niveau-1-2025-1024x717.jpeg 1024w, https:\/\/etab.ac-reunion.fr\/clg-bory-de-saint-vincent\/wp-content\/uploads\/sites\/28\/2025\/06\/Label-EDU-Sante-Niveau-1-2025-300x210.jpeg 300w, https:\/\/etab.ac-reunion.fr\/clg-bory-de-saint-vincent\/wp-content\/uploads\/sites\/28\/2025\/06\/Label-EDU-Sante-Niveau-1-2025-768x538.jpeg 768w, https:\/\/etab.ac-reunion.fr\/clg-bory-de-saint-vincent\/wp-content\/uploads\/sites\/28\/2025\/06\/Label-EDU-Sante-Niveau-1-2025-150x105.jpeg 150w, https:\/\/etab.ac-reunion.fr\/clg-bory-de-saint-vincent\/wp-content\/uploads\/sites\/28\/2025\/06\/Label-EDU-Sante-Niveau-1-2025.jpeg 1072w\" sizes=\"auto, (max-width: 1024px) 100vw, 1024px\" \/><\/figure><div class=\"wp-block-media-text__content\">\n<p><strong>Le label \u00c9DU Sant\u00e9&nbsp;permet de reconna\u00eetre l\u2019action d\u2019une \u00e9cole ou d\u2019un \u00e9tablissement en mati\u00e8re de promotion de la sant\u00e9. Il est propos\u00e9 aux \u00e9tablissements dans le cadre de la g\u00e9n\u00e9ralisation de la d\u00e9marche \u00c9cole promotrice de sant\u00e9. Notre coll\u00e8ge est actuellement labellis\u00e9 au niveau 1 (engagement).<\/strong><\/p>\n\n\n\n<p>Le label \u00c9dusant\u00e9 a pour objectifs de :<\/p>\n\n\n\n<ul class=\"wp-block-list\">\n<li>mettre en valeur les actions et projets existants en les adossant au projet d\u2019\u00e9cole ou d\u2019\u00e9tablissement ;<\/li>\n\n\n\n<li>valoriser l\u2019engagement des \u00e9coles et des \u00e9tablissements scolaires dans la d\u00e9marche \u00c9cole promotrice de sant\u00e9 ;<\/li>\n\n\n\n<li>certifier un certain niveau d\u2019expertise des \u00e9coles ou \u00e9tablissements engag\u00e9s ;<\/li>\n\n\n\n<li>faciliter le d\u00e9veloppement d\u2019une culture commune autour de la promotion de la sant\u00e9 et favoriser \u00e0 terme les \u00e9changes inter-\u00e9tablissements.<\/li>\n<\/ul>\n\n\n\n<p>La labellisation est une d\u00e9marche facultative et volontaire. Elle peut \u00eatre port\u00e9e par les conseils d\u2019\u00e9cole et les comit\u00e9s d\u2019\u00e9ducation \u00e0 la sant\u00e9, \u00e0 la citoyennet\u00e9 et \u00e0 l\u2019environnement (CESCE) et s\u2019appuyer sur diff\u00e9rents partenariats, avec des acteurs locaux notamment.<\/p>\n<\/div><\/div>\n\n\n\n<div style=\"height:15px\" aria-hidden=\"true\" class=\"wp-block-spacer\"><\/div>\n\n\n\n<p>Le label est attribu\u00e9 pour une p\u00e9riode de trois ans. Le label \u00c9dusant\u00e9 se d\u00e9cline sur trois niveaux ce qui le rend accessible d\u00e8s que l\u2019\u00e9cole, le coll\u00e8ge ou le lyc\u00e9e concern\u00e9 installe projets et instances en lien avec la promotion de la sant\u00e9 des \u00e9l\u00e8ves et des personnels :<\/p>\n\n\n\n<ul class=\"wp-block-list\">\n<li>&#8211; <strong>Le niveau 1 (Engagement)&nbsp;<\/strong>correspond \u00e0 une premi\u00e8re \u00e9tape de la d\u00e9marche : le projet est pr\u00e9sent\u00e9 aux diff\u00e9rents acteurs, il est int\u00e9gr\u00e9 au projet d\u2019\u00e9tablissement, une d\u00e9marche partenariale est engag\u00e9e et diverses actions sont concr\u00e9tis\u00e9es.&nbsp;<\/li>\n\n\n\n<li>&#8211; <strong>Le niveau 2 (Approfondissement)<\/strong>&nbsp;certifie que la d\u00e9marche est d\u00e9sormais solide et implique l\u2019ensemble des piliers du d\u00e9veloppement durable. Les porteurs de projets sont form\u00e9s, les partenariats sont consolid\u00e9s, le nombre d\u2019actions devient cons\u00e9quent.&nbsp;<\/li>\n\n\n\n<li>&#8211; <strong>Le niveau 3 (Expertise)<\/strong>&nbsp;atteste que la d\u00e9marche est d\u00e9sormais p\u00e9rennis\u00e9e, des actions remarquables sont engag\u00e9es, l\u2019\u00e9tablissement contribue de fa\u00e7on manifeste au d\u00e9veloppement durable.<\/li>\n<\/ul>\n\n\n\n<div class=\"wp-block-buttons is-content-justification-center is-layout-flex wp-container-core-buttons-is-layout-16018d1d wp-block-buttons-is-layout-flex\">\n<div class=\"wp-block-button\"><a class=\"wp-block-button__link has-black-color has-pale-cyan-blue-background-color has-text-color has-background has-link-color wp-element-button\" href=\"https:\/\/www.google.com\/maps\/d\/viewer?mid=1tojl8pOQbBtbyt54bioRv3qWhfuBt6U&amp;femb=1&amp;ll=0%2C0&amp;z=11\" target=\"_blank\" rel=\"noreferrer noopener\"><strong>Labellisation \u00c9DU Sant\u00e9 dans l&rsquo;acad\u00e9mie<\/strong><\/a><\/div>\n\n\n\n<div class=\"wp-block-button\"><a class=\"wp-block-button__link has-black-color has-pale-cyan-blue-background-color has-text-color has-background has-link-color wp-element-button\" href=\"https:\/\/etab.ac-reunion.fr\/clg-bory-de-saint-vincent\/pole-sante-et-social\/\" target=\"_blank\" rel=\"noreferrer noopener\"><strong>P\u00f4le sant\u00e9 et social du coll\u00e8ge<\/strong><\/a><\/div>\n<\/div>\n\n\n\n<div style=\"height:15px\" aria-hidden=\"true\" class=\"wp-block-spacer\"><\/div>\n\n\n\n<h3 class=\"wp-block-heading\"><strong>Nos derni\u00e8res actions au coll\u00e8ge :<\/strong><\/h3>\n\n\n<ul class=\"wp-block-latest-posts__list wp-block-latest-posts\"><li><div class=\"wp-block-latest-posts__featured-image\"><a href=\"https:\/\/etab.ac-reunion.fr\/clg-bory-de-saint-vincent\/course-solidaire-2025\/\" title=\"Course solidaire 2025\"><img loading=\"lazy\" decoding=\"async\" width=\"150\" height=\"150\" src=\"https:\/\/etab.ac-reunion.fr\/clg-bory-de-saint-vincent\/wp-content\/uploads\/sites\/28\/2025\/11\/Course-solidaire-2025-1-150x150.jpg\" class=\"attachment-thumbnail size-thumbnail wp-post-image\" alt=\"\" style=\"\" \/><\/a><\/div><a class=\"wp-block-latest-posts__post-title\" href=\"https:\/\/etab.ac-reunion.fr\/clg-bory-de-saint-vincent\/course-solidaire-2025\/\">Course solidaire 2025<\/a><div class=\"wp-block-latest-posts__post-excerpt\">Comme l&rsquo;ann\u00e9e derni\u00e8re, une course sportive, festive et solidaire a \u00e9t\u00e9 organis\u00e9e en septembre afin de pr\u00e9parer les \u00e9l\u00e8ves au cross du district mais aussi sensibiliser les \u00e9l\u00e8ves au sport-sant\u00e9 pour tous et au handisport, avec notamment la venue de l&rsquo;association R\u00e9union Joelettes&#8230;<p class=\"continue-reading-button\"> <a class=\"continue-reading-link\" href=\"https:\/\/etab.ac-reunion.fr\/clg-bory-de-saint-vincent\/course-solidaire-2025\/\">Voir plus<i class=\"crycon-right-dir\"><\/i><\/a><\/p><\/div><\/li>\n<li><div class=\"wp-block-latest-posts__featured-image\"><a href=\"https:\/\/etab.ac-reunion.fr\/clg-bory-de-saint-vincent\/formation-aux-gestes-qui-sauvent-2025\/\" title=\"Formation aux gestes qui sauvent 2025\"><img loading=\"lazy\" decoding=\"async\" width=\"150\" height=\"150\" src=\"https:\/\/etab.ac-reunion.fr\/clg-bory-de-saint-vincent\/wp-content\/uploads\/sites\/28\/2025\/06\/Formation-Gestes-qui-sauvent-2025-150x150.jpg\" class=\"attachment-thumbnail size-thumbnail wp-post-image\" alt=\"\" style=\"\" \/><\/a><\/div><a class=\"wp-block-latest-posts__post-title\" href=\"https:\/\/etab.ac-reunion.fr\/clg-bory-de-saint-vincent\/formation-aux-gestes-qui-sauvent-2025\/\">Formation aux gestes qui sauvent 2025<\/a><div class=\"wp-block-latest-posts__post-excerpt\">Nos \u00e9l\u00e8ves de 6\u00e8 ont pu s&rsquo;initier aux premiers secours en suivant la formation \u00ab\u00a0Gestes Qui Sauvent\u00a0\u00bb. Durant ces deux heures, nos \u00e9l\u00e8ves ont appris \u00e0 prot\u00e9ger, alerter et secourir&#8230;<p class=\"continue-reading-button\"> <a class=\"continue-reading-link\" href=\"https:\/\/etab.ac-reunion.fr\/clg-bory-de-saint-vincent\/formation-aux-gestes-qui-sauvent-2025\/\">Voir plus<i class=\"crycon-right-dir\"><\/i><\/a><\/p><\/div><\/li>\n<li><div class=\"wp-block-latest-posts__featured-image\"><a href=\"https:\/\/etab.ac-reunion.fr\/clg-bory-de-saint-vincent\/mobilisons-nous-ensemble-contre-le-harcelement\/\" title=\"Mobilisons-nous ensemble contre le harc\u00e8lement\"><img loading=\"lazy\" decoding=\"async\" width=\"150\" height=\"150\" src=\"https:\/\/etab.ac-reunion.fr\/clg-bory-de-saint-vincent\/wp-content\/uploads\/sites\/28\/2025\/05\/Vignette-Flash-mob-Tous-ambassadeurs-contre-le-Harcelement-2025-150x150.jpg\" class=\"attachment-thumbnail size-thumbnail wp-post-image\" alt=\"\" style=\"\" \/><\/a><\/div><a class=\"wp-block-latest-posts__post-title\" href=\"https:\/\/etab.ac-reunion.fr\/clg-bory-de-saint-vincent\/mobilisons-nous-ensemble-contre-le-harcelement\/\">Mobilisons-nous ensemble contre le harc\u00e8lement<\/a><div class=\"wp-block-latest-posts__post-excerpt\">Cette ann\u00e9e encore, le coll\u00e8ge se mobilise contre le harc\u00e8lement : les \u00e9l\u00e8ves, le personnel et les parents participent ensemble \u00e0 la chor\u00e9graphie de la chanson J\u00e9rusal\u00e9ma. La finalit\u00e9 de la vid\u00e9o mobilise plusieurs actions&#8230;<p class=\"continue-reading-button\"> <a class=\"continue-reading-link\" href=\"https:\/\/etab.ac-reunion.fr\/clg-bory-de-saint-vincent\/mobilisons-nous-ensemble-contre-le-harcelement\/\">Voir plus<i class=\"crycon-right-dir\"><\/i><\/a><\/p><\/div><\/li>\n<li><div class=\"wp-block-latest-posts__featured-image\"><a href=\"https:\/\/etab.ac-reunion.fr\/clg-bory-de-saint-vincent\/decouverte-dun-espace-naturel-sensible-le-sentier-sous-marin-de-lhermitage-2024-2025\/\" title=\"D\u00e9couverte d\u2019un espace naturel sensible : le sentier sous-marin de l\u2019Hermitage (2024-2025)\"><img loading=\"lazy\" decoding=\"async\" width=\"150\" height=\"150\" src=\"https:\/\/etab.ac-reunion.fr\/clg-bory-de-saint-vincent\/wp-content\/uploads\/sites\/28\/2025\/02\/Sortie-lagon-janv-fevr-2025-5-150x150.jpg\" class=\"attachment-thumbnail size-thumbnail wp-post-image\" alt=\"\" style=\"\" \/><\/a><\/div><a class=\"wp-block-latest-posts__post-title\" href=\"https:\/\/etab.ac-reunion.fr\/clg-bory-de-saint-vincent\/decouverte-dun-espace-naturel-sensible-le-sentier-sous-marin-de-lhermitage-2024-2025\/\">D\u00e9couverte d\u2019un espace naturel sensible : le sentier sous-marin de l\u2019Hermitage (2024-2025)<\/a><div class=\"wp-block-latest-posts__post-excerpt\">Comme chaque ann\u00e9e, nos \u00e9l\u00e8ves de sixi\u00e8me ont particip\u00e9 \u00e0 la d\u00e9couverte de l\u2019Espace Naturelle Sensible (ENS) du sentier sous-marin de l\u2019Hermitage. C\u2019est accompagn\u00e9 par les agents de la r\u00e9serve marine, de leurs professeurs d\u2019EPS et&#8230;<p class=\"continue-reading-button\"> <a class=\"continue-reading-link\" href=\"https:\/\/etab.ac-reunion.fr\/clg-bory-de-saint-vincent\/decouverte-dun-espace-naturel-sensible-le-sentier-sous-marin-de-lhermitage-2024-2025\/\">Voir plus<i class=\"crycon-right-dir\"><\/i><\/a><\/p><\/div><\/li>\n<li><div class=\"wp-block-latest-posts__featured-image\"><a href=\"https:\/\/etab.ac-reunion.fr\/clg-bory-de-saint-vincent\/exposition-violences-et-harcelement\/\" title=\"Exposition Violences et Harc\u00e8lement\"><img loading=\"lazy\" decoding=\"async\" width=\"150\" height=\"150\" src=\"https:\/\/etab.ac-reunion.fr\/clg-bory-de-saint-vincent\/wp-content\/uploads\/sites\/28\/2024\/12\/Expo-Violence-et-Harcelement-12.2024-1-150x150.jpg\" class=\"attachment-thumbnail size-thumbnail wp-post-image\" alt=\"\" style=\"\" \/><\/a><\/div><a class=\"wp-block-latest-posts__post-title\" href=\"https:\/\/etab.ac-reunion.fr\/clg-bory-de-saint-vincent\/exposition-violences-et-harcelement\/\">Exposition Violences et Harc\u00e8lement<\/a><div class=\"wp-block-latest-posts__post-excerpt\">Plusieurs actions autour de la lutte contre le harc\u00e8lement ont \u00e9t\u00e9 mises en place dans le coll\u00e8ge comme notamment l&rsquo;exposition \u00ab\u00a0Violences et Harc\u00e8lement\u00a0\u00bb de la MGEN au CDI et en salle d&rsquo;\u00e9tudes, \u00e0 cheval sur le mois de lutte contre le harc\u00e8lement et de celui de la la\u00efcit\u00e9 ; une occasion de favoriser le savoir-vivre ensemble&#8230;<p class=\"continue-reading-button\"> <a class=\"continue-reading-link\" href=\"https:\/\/etab.ac-reunion.fr\/clg-bory-de-saint-vincent\/exposition-violences-et-harcelement\/\">Voir plus<i class=\"crycon-right-dir\"><\/i><\/a><\/p><\/div><\/li>\n<li><div class=\"wp-block-latest-posts__featured-image\"><a href=\"https:\/\/etab.ac-reunion.fr\/clg-bory-de-saint-vincent\/campagne-de-vaccination-hpv-en-5e\/\" title=\"Campagne de vaccination HPV en 5\u00e8\"><img loading=\"lazy\" decoding=\"async\" width=\"150\" height=\"150\" src=\"https:\/\/etab.ac-reunion.fr\/clg-bory-de-saint-vincent\/wp-content\/uploads\/sites\/28\/2024\/10\/Affiche-Vaccination-contre-les-HPV-DGESCO-2024-150x150.jpg\" class=\"attachment-thumbnail size-thumbnail wp-post-image\" alt=\"\" style=\"\" \/><\/a><\/div><a class=\"wp-block-latest-posts__post-title\" href=\"https:\/\/etab.ac-reunion.fr\/clg-bory-de-saint-vincent\/campagne-de-vaccination-hpv-en-5e\/\">Campagne de vaccination HPV en 5\u00e8<\/a><div class=\"wp-block-latest-posts__post-excerpt\">Dans le cadre de la campagne HPV (facultative), l&rsquo;\u00e9quipe de vaccination mobile sera dans l&rsquo;\u00e9tablissement le jeudi 21 novembre 2024 \u00e0 partir de 8h30 en salle C1. Pour s&rsquo;inscrire ou avoir plus de d\u00e9tails, veuillez vous rapprocher de l&rsquo;infirmi\u00e8re&#8230;<p class=\"continue-reading-button\"> <a class=\"continue-reading-link\" href=\"https:\/\/etab.ac-reunion.fr\/clg-bory-de-saint-vincent\/campagne-de-vaccination-hpv-en-5e\/\">Voir plus<i class=\"crycon-right-dir\"><\/i><\/a><\/p><\/div><\/li>\n<\/ul>\n\n\n<div class=\"wp-block-buttons is-content-justification-center is-layout-flex wp-container-core-buttons-is-layout-16018d1d wp-block-buttons-is-layout-flex\">\n<div class=\"wp-block-button is-style-outline is-style-outline--1\"><a class=\"wp-block-button__link has-black-color has-white-background-color has-text-color has-background has-link-color wp-element-button\" href=\"https:\/\/etab.ac-reunion.fr\/clg-bory-de-saint-vincent\/category\/parcours-sante\/\" target=\"_blank\" rel=\"noreferrer noopener\">Voir plus&#8230;<\/a><\/div>\n<\/div>\n","protected":false},"excerpt":{"rendered":"<p>Le label est attribu\u00e9 pour une p\u00e9riode de trois ans. Le label \u00c9dusant\u00e9 se d\u00e9cline sur trois niveaux ce qui le rend accessible d\u00e8s que l\u2019\u00e9cole, le coll\u00e8ge ou le lyc\u00e9e concern\u00e9 installe projets et instances en lien avec la promotion de la sant\u00e9 des \u00e9l\u00e8ves et des personnels :&#8230;<\/p>\n<p class=\"continue-reading-button\"> <a class=\"continue-reading-link\" href=\"https:\/\/etab.ac-reunion.fr\/clg-bory-de-saint-vincent\/label-edu-sante\/\">Voir plus<i class=\"crycon-right-dir\"><\/i><\/a><\/p>\n","protected":false},"author":20587,"featured_media":0,"parent":0,"menu_order":0,"comment_status":"closed","ping_status":"closed","template":"","meta":{"footnotes":"","_links_to":"","_links_to_target":""},"class_list":["post-7140","page","type-page","status-publish","hentry"],"_links":{"self":[{"href":"https:\/\/etab.ac-reunion.fr\/clg-bory-de-saint-vincent\/wp-json\/wp\/v2\/pages\/7140","targetHints":{"allow":["GET"]}}],"collection":[{"href":"https:\/\/etab.ac-reunion.fr\/clg-bory-de-saint-vincent\/wp-json\/wp\/v2\/pages"}],"about":[{"href":"https:\/\/etab.ac-reunion.fr\/clg-bory-de-saint-vincent\/wp-json\/wp\/v2\/types\/page"}],"author":[{"embeddable":true,"href":"https:\/\/etab.ac-reunion.fr\/clg-bory-de-saint-vincent\/wp-json\/wp\/v2\/users\/20587"}],"replies":[{"embeddable":true,"href":"https:\/\/etab.ac-reunion.fr\/clg-bory-de-saint-vincent\/wp-json\/wp\/v2\/comments?post=7140"}],"version-history":[{"count":5,"href":"https:\/\/etab.ac-reunion.fr\/clg-bory-de-saint-vincent\/wp-json\/wp\/v2\/pages\/7140\/revisions"}],"predecessor-version":[{"id":7156,"href":"https:\/\/etab.ac-reunion.fr\/clg-bory-de-saint-vincent\/wp-json\/wp\/v2\/pages\/7140\/revisions\/7156"}],"wp:attachment":[{"href":"https:\/\/etab.ac-reunion.fr\/clg-bory-de-saint-vincent\/wp-json\/wp\/v2\/media?parent=7140"}],"curies":[{"name":"wp","href":"https:\/\/api.w.org\/{rel}","templated":true}]}}