{"id":763,"date":"2013-12-10T19:02:02","date_gmt":"2013-12-10T15:02:02","guid":{"rendered":"http:\/\/college-bory-stvincent.ac-reunion.fr\/?page_id=763"},"modified":"2025-09-26T11:02:25","modified_gmt":"2025-09-26T07:02:25","slug":"le-personnel","status":"publish","type":"page","link":"https:\/\/etab.ac-reunion.fr\/clg-bory-de-saint-vincent\/le-personnel\/","title":{"rendered":"Le personnel"},"content":{"rendered":"\n<div class=\"wp-block-columns is-layout-flex wp-container-core-columns-is-layout-9d6595d7 wp-block-columns-is-layout-flex\">\n<div class=\"wp-block-column is-layout-flow wp-block-column-is-layout-flow\">\n<h2 class=\"wp-block-heading\">Direction et administration de l&rsquo;\u00e9tablissement<\/h2>\n\n\n\n<p><strong>Le principal :<\/strong> M. St\u00e9phane DALL&rsquo;ACQUA<\/p>\n\n\n\n<p><strong>Le secr\u00e9tariat de direction :<\/strong><\/p>\n\n\n\n<p>Mme Romane RIVIERE<\/p>\n\n\n\n<p>Mme Anne-Ga\u00eblle BREDA<\/p>\n\n\n\n<p><strong>Le PIAL <em>(P\u00f4le Inclusif d&rsquo;Accompagnement Localis\u00e9s)<\/em> :<\/strong> Mme Anne-Ga\u00eblle BREDA<\/p>\n\n\n\n<p><strong>Le secr\u00e9taire g\u00e9n\u00e9ral d&rsquo;EPLE :<\/strong> M. Fabien GRONDIN et Mme \u00c9milie HOARAU<\/p>\n\n\n\n<p><strong>Le secr\u00e9taire de gestion :<\/strong> M. Jean-Mickael SENNY PALANY<\/p>\n\n\n\n<h2 class=\"wp-block-heading\">L&rsquo;\u00e9quipe de la vie scolaire<\/h2>\n\n\n\n<p><strong>Le Conseill\u00e8re Principale d&rsquo;\u00c9ducation :<\/strong> Mme Nathalie CADET<\/p>\n\n\n\n<p><strong>Les assistants d&rsquo;\u00e9ducation :<\/strong><\/p>\n\n\n\n<p>M. Maxime CALOGINE<\/p>\n\n\n\n<p>Mme Laurence COURTOIS<\/p>\n\n\n\n<p>M. Franck DUCHEMANN<\/p>\n\n\n\n<p>Mme C\u00e9cile MUSSARD<\/p>\n\n\n\n<p>M. Bastien PAYET<\/p>\n\n\n\n<p>Mme Jennifer RETIRO<\/p>\n\n\n\n<p><strong>L&rsquo;AED TICE (informaticien) :<\/strong> M. Yoann GUICHARD<\/p>\n\n\n\n<p class=\"has-text-align-center has-light-green-cyan-background-color has-background\">Disponibilit\u00e9s<\/p>\n\n\n\n<figure class=\"wp-block-table is-style-stripes\"><table class=\"has-light-green-cyan-background-color has-background\"><tbody><tr><td>Lundi<\/td><td>7h30-15h<\/td><\/tr><tr><td>Mardi<\/td><td>7h30-15h<\/td><\/tr><tr><td>Jeudi<\/td><td>7h30-15h<\/td><\/tr><\/tbody><\/table><\/figure>\n\n\n\n<p><strong>Les AESH <em>(Accompagnants d&rsquo;\u00c9l\u00e8ves en Situation de Handicap)<\/em><\/strong> <strong>:<\/strong><\/p>\n\n\n\n<p>Mme No\u00e9mie BALTAZART<\/p>\n\n\n\n<p>Mme Christelle HOAREAU<\/p>\n\n\n\n<p>Mme Laurie BOYER<\/p>\n\n\n\n<p>Mme Kelly CAZAL<\/p>\n\n\n\n<p>Mme Andr\u00e9a HUET<\/p>\n\n\n\n<p>Mme Marina LE GALLO VOLSAN<\/p>\n\n\n\n<p>Mme Sonia MAILLOT<\/p>\n\n\n\n<p>Mme \u00c9lodie ORANGE<\/p>\n\n\n\n<p>Mme Julie TECHER<\/p>\n\n\n\n<h2 class=\"wp-block-heading\">L\u2019\u00e9quipe sant\u00e9 et sociale<\/h2>\n\n\n\n<p><strong>L&rsquo;infirmi\u00e8re scolaire<\/strong><\/p>\n\n\n\n<p>Mme Marie PETRACCA<\/p>\n\n\n\n<p class=\"has-text-align-center has-luminous-vivid-amber-background-color has-background\">Accueil infirmerie :<\/p>\n\n\n\n<figure class=\"wp-block-table aligncenter is-style-stripes\"><table class=\"has-luminous-vivid-amber-background-color has-background has-fixed-layout\"><tbody><tr><td class=\"has-text-align-left\" data-align=\"left\">Lundi<\/td><td class=\"has-text-align-left\" data-align=\"left\">8h00-16h30<\/td><\/tr><tr><td class=\"has-text-align-left\" data-align=\"left\">Mercredi<\/td><td class=\"has-text-align-left\" data-align=\"left\">8h00-12h00<\/td><\/tr><tr><td class=\"has-text-align-left\" data-align=\"left\">Jeudi<\/td><td class=\"has-text-align-left\" data-align=\"left\">8h00-16h30<\/td><\/tr><\/tbody><\/table><\/figure>\n\n\n\n<p>T\u00e9l. : 02 62 21 99 40<\/p>\n\n\n\n<p><strong>L&rsquo;assistante sociale<\/strong><\/p>\n\n\n\n<p>Mme Marion THIERRY D&rsquo;ARGENLIEU<\/p>\n\n\n\n<p class=\"has-text-align-center has-vivid-cyan-blue-color has-pale-cyan-blue-background-color has-text-color has-background\"><strong>Accueil<\/strong><\/p>\n\n\n\n<figure class=\"wp-block-table is-style-stripes\"><table class=\"has-vivid-cyan-blue-color has-pale-cyan-blue-background-color has-text-color has-background\"><tbody><tr><td class=\"has-text-align-left\" data-align=\"left\">Lundi<\/td><td class=\"has-text-align-left\" data-align=\"left\">8h00-16h30<\/td><\/tr><tr><td class=\"has-text-align-left\" data-align=\"left\">Jeudi<\/td><td class=\"has-text-align-left\" data-align=\"left\">8h00-16h30<\/td><\/tr><\/tbody><\/table><\/figure>\n\n\n\n<p>T\u00e9l. : 0262 21 99 39<\/p>\n\n\n\n<p><strong>La psychologue de l&rsquo;\u00c9ducation Nationale, conseill\u00e8re d&rsquo;orientation<\/strong><\/p>\n\n\n\n<p>Mme Laurence DIERICK<\/p>\n\n\n\n<p class=\"has-text-align-center has-pale-pink-background-color has-background\">Accueil le jeudi de 8h30 \u00e0 11h30<\/p>\n<\/div>\n\n\n\n<div class=\"wp-block-column is-layout-flow wp-block-column-is-layout-flow\">\n<h2 class=\"wp-block-heading\">L\u2019\u00e9quipe p\u00e9dagogique<\/h2>\n\n\n\n<p><strong>Fran\u00e7ais<\/strong><\/p>\n\n\n\n<p>Mme Le\u00efla BARENCOURT<\/p>\n\n\n\n<p>Mme Pauline DEVAUCHELLE<\/p>\n\n\n\n<p>Mme C\u00e9cile LEMERLE<\/p>\n\n\n\n<p>Mme Joanna OLDERIC<\/p>\n\n\n\n<p>Mme Ad\u00e8le TREMOULU<\/p>\n\n\n\n<p><strong>Math\u00e9matiques<\/strong><\/p>\n\n\n\n<p>M. Thomas HUET<\/p>\n\n\n\n<p>M. Olivier NAMLACAMOURIMA<\/p>\n\n\n\n<p>M. Julien SAPALY<\/p>\n\n\n\n<p><strong>Histoire G\u00e9ographie et EMC <em>(Enseignement Moral et Civique)<\/em><\/strong><\/p>\n\n\n\n<p>M. Didier HUET<\/p>\n\n\n\n<p>Mme Anne LORQUET<\/p>\n\n\n\n<p><strong>Anglais<\/strong><\/p>\n\n\n\n<p>Mme Laurence COTTE<\/p>\n\n\n\n<p>Mme Fawzia RANDERA<\/p>\n\n\n\n<p>Mme Daniel MUSSARD<\/p>\n\n\n\n<p><strong>Espagnol<\/strong><\/p>\n\n\n\n<p>Mme C\u00e9cile BENARD<\/p>\n\n\n\n<p>Mme Fabienne MOGNE-DAHO<\/p>\n\n\n\n<p><strong>Allemand<\/strong><\/p>\n\n\n\n<p>Mme Lorise VITRY<\/p>\n\n\n\n<p><strong>EPS <em>(\u00c9ducation Physique et Sportive)<\/em><\/strong><\/p>\n\n\n\n<p>M. Laurent BETTINI<\/p>\n\n\n\n<p>Mme Karine LOPEZ-FANLO<\/p>\n\n\n\n<p>M. St\u00e9phane MOREL<\/p>\n\n\n\n<p><strong>SVT <em>(Sciences de la Vie et de la Terre)<\/em><\/strong><\/p>\n\n\n\n<p>M. Ludovic DALLEAU<\/p>\n\n\n\n<p><strong>Physique-Chimie<\/strong><\/p>\n\n\n\n<p>M. Olivier LEBON<\/p>\n\n\n\n<p><strong>Technologie<\/strong> <\/p>\n\n\n\n<p>M. Pac\u00f4me L\u00c9ON<\/p>\n\n\n\n<p><strong>Arts Plastiques<\/strong><\/p>\n\n\n\n<p>Mme Carole CHAUDESAIGUES<\/p>\n\n\n\n<p><strong>\u00c9ducation musicale<\/strong><\/p>\n\n\n\n<p>M. Laurent PAYET<\/p>\n\n\n\n<p><strong>EMI <em>(\u00c9ducation aux M\u00e9dias et \u00e0 l&rsquo;Information)<\/em><\/strong><\/p>\n\n\n\n<p>Mme Julie PAYET (professeure-documentaliste)<\/p>\n\n\n\n<p><strong>ULIS<\/strong> <strong><em>(Unit\u00e9s localis\u00e9es pour l&rsquo;inclusion scolaire)<\/em><\/strong><\/p>\n\n\n\n<p>Mme L\u00e9a DEMARIS (lundi, mardi)<\/p>\n\n\n\n<p>Mme Marie-Annick ZITTE (jeudi, vendredi)<\/p>\n\n\n\n<p><strong>Latin<\/strong><\/p>\n\n\n\n<p>Mme Joanna OLDERIC<\/p>\n<\/div>\n\n\n\n<div class=\"wp-block-column is-layout-flow wp-block-column-is-layout-flow\">\n<h2 class=\"wp-block-heading\">Les \u00e9quipes techniques<\/h2>\n\n\n\n<p><strong>L&rsquo;agent d&rsquo;accueil :<\/strong> Mme GROSSET Brigitte<\/p>\n\n\n\n<p><strong>Restauration<\/strong><\/p>\n\n\n\n<p>M. Erick PAYET <strong>(chef de production)<\/strong><\/p>\n\n\n\n<p>Mme Marie-H\u00e9l\u00e9ne PITOU<\/p>\n\n\n\n<p><strong>Les techniciens<\/strong><\/p>\n\n\n\n<p>M. Jacky MUSSARD <strong>(agent chef)<\/strong><\/p>\n\n\n\n<p>Mme Arlette CADET<\/p>\n\n\n\n<p>M. Henri Claude MUSSARD<\/p>\n\n\n\n<p>M. Bruno MOUNISSY<\/p>\n\n\n\n<p>M. Jacky SETHOS<\/p>\n\n\n\n<p>Mme Nadine TONRU<\/p>\n\n\n\n<h2 class=\"wp-block-heading\">Les r\u00e9f\u00e9rents<\/h2>\n\n\n\n<p><strong>R\u00e9f\u00e9rente culture :<\/strong> Mme Joanna OLDERIC<\/p>\n\n\n\n<p><strong>D\u00e9couverte des m\u00e9tiers<\/strong> : M. Pac\u00f4me L\u00c9ON<\/p>\n\n\n\n<p><strong>ERAEI <em>(Enseignant r\u00e9f\u00e9rent pour l&rsquo;action europ\u00e9enne et internationale)<\/em> et Erasmus :<\/strong> Mme Julie PAYET<\/p>\n\n\n\n<p><strong>R\u00e9f\u00e9rent Phare :<\/strong> Mme Carole CHAUDESAIGUES<\/p>\n\n\n\n<p><strong>RRUPN<\/strong> <em>(R\u00e9f\u00e9rente Ressources et Usages P\u00e9dagogiques du Num\u00e9rique) <\/em><strong>:<\/strong> Mme Julie PAYET<\/p>\n\n\n\n<p><strong>R\u00e9f\u00e9rent RGDP et PIX :<\/strong> M. Pac\u00f4me L\u00c9ON<\/p>\n\n\n\n<p><strong>Coordonnateurs APSA (Actitivit\u00e9s Physiques, Sportives et Artistiques) : <\/strong>MM. Laurent BETTINI et MOREL<\/p>\n\n\n\n<div style=\"height:10px\" aria-hidden=\"true\" class=\"wp-block-spacer\"><\/div>\n<\/div>\n<\/div>\n\n\n\n<h2 class=\"wp-block-heading\">Les Professeurs Principaux (PP)<\/h2>\n\n\n\n<figure class=\"wp-block-table\"><table><tbody><tr><td><strong>6\u00e8me<\/strong><\/td><td><strong>5\u00e8me<\/strong><\/td><td><strong>4\u00e8me<\/strong><\/td><td><strong>3\u00e8me<\/strong><\/td><\/tr><tr><td>601 : M. MUSSARD<\/td><td>501 : M. LEBON<\/td><td>401 : M. BETTINI<\/td><td>301 : M. L\u00c9ON<\/td><\/tr><tr><td>602 : M. HUET T.<\/td><td>502 : M. HUET D.<\/td><td>402 : M. MOREL<\/td><td>302 : Mme OLDERIC<\/td><\/tr><tr><td>603 : Mme CHAUDESAIGUES<\/td><td>503 : M. NAMLACAMOURIMA<\/td><td>403 : Mme MOGNE-DAHO<\/td><td>303 : M. DALLEAU<\/td><\/tr><\/tbody><\/table><\/figure>\n","protected":false},"excerpt":{"rendered":"<p>Direction et administration de l&rsquo;\u00e9tablissement Le principal : M. St\u00e9phane DALL&rsquo;ACQUA Le secr\u00e9tariat de direction : Mme Romane RIVIERE Mme Anne-Ga\u00eblle BREDA Le PIAL (P\u00f4le Inclusif d&rsquo;Accompagnement Localis\u00e9s) : Mme Anne-Ga\u00eblle BREDA Le secr\u00e9taire g\u00e9n\u00e9ral d&rsquo;EPLE : M. Fabien GRONDIN et Mme \u00c9milie HOARAU Le secr\u00e9taire de gestion : M&#8230;.<\/p>\n<p class=\"continue-reading-button\"> <a class=\"continue-reading-link\" href=\"https:\/\/etab.ac-reunion.fr\/clg-bory-de-saint-vincent\/le-personnel\/\">Voir plus<i class=\"crycon-right-dir\"><\/i><\/a><\/p>\n","protected":false},"author":13599,"featured_media":0,"parent":0,"menu_order":3,"comment_status":"closed","ping_status":"closed","template":"templates\/template-onecolumn.php","meta":{"footnotes":"","_links_to":"","_links_to_target":""},"class_list":["post-763","page","type-page","status-publish","hentry"],"_links":{"self":[{"href":"https:\/\/etab.ac-reunion.fr\/clg-bory-de-saint-vincent\/wp-json\/wp\/v2\/pages\/763","targetHints":{"allow":["GET"]}}],"collection":[{"href":"https:\/\/etab.ac-reunion.fr\/clg-bory-de-saint-vincent\/wp-json\/wp\/v2\/pages"}],"about":[{"href":"https:\/\/etab.ac-reunion.fr\/clg-bory-de-saint-vincent\/wp-json\/wp\/v2\/types\/page"}],"author":[{"embeddable":true,"href":"https:\/\/etab.ac-reunion.fr\/clg-bory-de-saint-vincent\/wp-json\/wp\/v2\/users\/13599"}],"replies":[{"embeddable":true,"href":"https:\/\/etab.ac-reunion.fr\/clg-bory-de-saint-vincent\/wp-json\/wp\/v2\/comments?post=763"}],"version-history":[{"count":119,"href":"https:\/\/etab.ac-reunion.fr\/clg-bory-de-saint-vincent\/wp-json\/wp\/v2\/pages\/763\/revisions"}],"predecessor-version":[{"id":7396,"href":"https:\/\/etab.ac-reunion.fr\/clg-bory-de-saint-vincent\/wp-json\/wp\/v2\/pages\/763\/revisions\/7396"}],"wp:attachment":[{"href":"https:\/\/etab.ac-reunion.fr\/clg-bory-de-saint-vincent\/wp-json\/wp\/v2\/media?parent=763"}],"curies":[{"name":"wp","href":"https:\/\/api.w.org\/{rel}","templated":true}]}}