{"id":11775,"date":"2024-04-20T18:45:39","date_gmt":"2024-04-20T14:45:39","guid":{"rendered":"https:\/\/etab.ac-reunion.fr\/clg-bourbon\/?page_id=11775"},"modified":"2025-08-18T07:41:32","modified_gmt":"2025-08-18T03:41:32","slug":"le-mot-de-la-principale","status":"publish","type":"page","link":"https:\/\/etab.ac-reunion.fr\/clg-bourbon\/le-mot-de-la-principale\/","title":{"rendered":"Le mot de la principale"},"content":{"rendered":"[et_pb_section fb_built=\u00a0\u00bb1&Prime; _builder_version=\u00a0\u00bb4.27.0&Prime; _module_preset=\u00a0\u00bbdefault\u00a0\u00bb background_image=\u00a0\u00bbhttps:\/\/etab.ac-reunion.fr\/clg-bourbon\/wp-content\/uploads\/sites\/10\/2024\/09\/Copie-de-Copie-de-Sans-titre1-scaled.jpg\u00a0\u00bb custom_margin=\u00a0\u00bb-27px|||||\u00a0\u00bb global_colors_info=\u00a0\u00bb{}\u00a0\u00bb][et_pb_row column_structure=\u00a0\u00bb3_5,2_5&Prime; _builder_version=\u00a0\u00bb4.27.4&Prime; _module_preset=\u00a0\u00bbdefault\u00a0\u00bb hover_enabled=\u00a0\u00bb0&Prime; global_colors_info=\u00a0\u00bb{}\u00a0\u00bb width=\u00a0\u00bb94%\u00a0\u00bb max_width=\u00a0\u00bb2560px\u00a0\u00bb module_alignment=\u00a0\u00bbcenter\u00a0\u00bb sticky_enabled=\u00a0\u00bb0&Prime;][et_pb_column type=\u00a0\u00bb3_5&Prime; _builder_version=\u00a0\u00bb4.25.0&Prime; _module_preset=\u00a0\u00bbdefault\u00a0\u00bb global_colors_info=\u00a0\u00bb{}\u00a0\u00bb][et_pb_text _builder_version=\u00a0\u00bb4.27.4&Prime; text_font=\u00a0\u00bbArima|600|||||||\u00a0\u00bb text_font_size=\u00a0\u00bb20px\u00a0\u00bb header_font=\u00a0\u00bbArima|700|||||||\u00a0\u00bb header_font_size=\u00a0\u00bb31px\u00a0\u00bb header_2_font=\u00a0\u00bbArima||||||||\u00a0\u00bb background_color=\u00a0\u00bbrgba(255,255,255,0.66)\u00a0\u00bb background_size=\u00a0\u00bbinitial\u00a0\u00bb background_position=\u00a0\u00bbtop_left\u00a0\u00bb background_repeat=\u00a0\u00bbrepeat\u00a0\u00bb custom_padding=\u00a0\u00bb15px|15px|15px|15px|true|true\u00a0\u00bb animation_direction=\u00a0\u00bbleft\u00a0\u00bb hover_enabled=\u00a0\u00bb0&Prime; border_radii=\u00a0\u00bbon|14px|14px|14px|14px\u00a0\u00bb box_shadow_style=\u00a0\u00bbpreset1&Prime; global_colors_info=\u00a0\u00bb{}\u00a0\u00bb sticky_enabled=\u00a0\u00bb0&Prime; header_2_line_height=\u00a0\u00bb1.1em\u00a0\u00bb custom_margin=\u00a0\u00bb0px||0px||true|false\u00a0\u00bb header_line_height=\u00a0\u00bb1.1em\u00a0\u00bb header_3_line_height=\u00a0\u00bb1.2em\u00a0\u00bb]\n<h2 style=\"text-align: left\"><\/h2>\n<h1 style=\"text-align: left\">Mot de la principale<\/h1>\n<h3 style=\"text-align: left\">Chers \u00e9l\u00e8ves, chers parents, chers partenaires,<\/h3>\n<h3 style=\"text-align: left\">C\u2019est avec enthousiasme et une grande fiert\u00e9 que je prends la direction du coll\u00e8ge de Bourbon, un \u00e9tablissement riche de son histoire, de sa diversit\u00e9 et de son engagement aupr\u00e8s de tous les \u00e9l\u00e8ves.<\/h3>\n<h3 style=\"text-align: left\">Ma priorit\u00e9, partag\u00e9e par l\u2019ensemble de la communaut\u00e9 \u00e9ducative, est claire : permettre \u00e0 chaque \u00e9l\u00e8ve de donner le meilleur de lui-m\u00eame, de progresser avec confiance, et de trouver sa place en tant que citoyen libre, responsable et respectueux des valeurs de la R\u00e9publique.<\/h3>\n<h3 style=\"text-align: left\">Au sein de ce coll\u00e8ge class\u00e9 REP+, nous savons que la r\u00e9ussite scolaire ne se construit pas seule : elle s\u2019appuie sur un travail d\u2019\u00e9quipe exigeant et bienveillant, sur la coop\u00e9ration avec les familles, et sur un climat scolaire apais\u00e9 o\u00f9 chacun se sent reconnu et soutenu.<\/h3>\n<h3 style=\"text-align: left\">Nos ambitions sont grandes : au-del\u00e0 des r\u00e9sultats scolaires, nous voulons encourager l\u2019\u00e9panouissement de jeunes curieux, autonomes, ouverts sur le monde, capables de penser par eux-m\u00eames et d\u2019agir avec empathie et engagement.<\/h3>\n<h3 style=\"text-align: left\">Gr\u00e2ce \u00e0 l\u2019implication des professeurs, des personnels \u00e9ducatifs, administratifs et techniques, et le lien fort avec les \u00e9coles du r\u00e9seau, nous continuerons \u00e0 faire du coll\u00e8ge de Bourbon un lieu o\u00f9 l\u2019on apprend avec rigueur et plaisir, et o\u00f9 l\u2019on pr\u00e9pare sereinement l\u2019avenir.<\/h3>\n<h3 style=\"text-align: center\"><strong>\u00ab\u00a0\u00c9lever les ambitions, \u00e9largir les horizons.\u00a0\u00bb<\/strong><\/h3>\n<h3 style=\"text-align: left\">Je vous souhaite \u00e0 tous une ann\u00e9e scolaire 2025-2026 pleine d\u2019apprentissages, de d\u00e9couvertes et de r\u00e9ussites.<\/h3>\n<h3 style=\"text-align: left\"><strong>Nadia Allali<\/strong><br \/>Principale du coll\u00e8ge de Bourbon<\/h3>\n[\/et_pb_text][\/et_pb_column][et_pb_column type=\u00a0\u00bb2_5&Prime; _builder_version=\u00a0\u00bb4.27.2&Prime; _module_preset=\u00a0\u00bbdefault\u00a0\u00bb global_colors_info=\u00a0\u00bb{}\u00a0\u00bb][et_pb_image src=\u00a0\u00bbhttps:\/\/etab.ac-reunion.fr\/clg-bourbon\/wp-content\/uploads\/sites\/10\/2024\/04\/IMG-20240423-WA0003.jpg\u00a0\u00bb title_text=\u00a0\u00bbclg de bourbon &#8211; nuit\u00a0\u00bb show_in_lightbox=\u00a0\u00bbon\u00a0\u00bb align=\u00a0\u00bbcenter\u00a0\u00bb _builder_version=\u00a0\u00bb4.27.2&Prime; _module_preset=\u00a0\u00bbdefault\u00a0\u00bb width=\u00a0\u00bb75%\u00a0\u00bb max_width_tablet=\u00a0\u00bb\u00a0\u00bb max_width_phone=\u00a0\u00bb80%\u00a0\u00bb max_width_last_edited=\u00a0\u00bbon|phone\u00a0\u00bb module_alignment=\u00a0\u00bbcenter\u00a0\u00bb custom_padding=\u00a0\u00bb55px||||false|false\u00a0\u00bb custom_padding_tablet=\u00a0\u00bb55px||||false|false\u00a0\u00bb custom_padding_phone=\u00a0\u00bb0px||0px||true|false\u00a0\u00bb custom_padding_last_edited=\u00a0\u00bbon|phone\u00a0\u00bb animation_style=\u00a0\u00bbslide\u00a0\u00bb animation_direction=\u00a0\u00bbright\u00a0\u00bb animation_duration=\u00a0\u00bb1250ms\u00a0\u00bb animation_intensity_slide=\u00a0\u00bb53%\u00a0\u00bb border_radii=\u00a0\u00bbon|10px|10px|10px|10px\u00a0\u00bb box_shadow_style=\u00a0\u00bbpreset1&Prime; box_shadow_blur=\u00a0\u00bb13px\u00a0\u00bb box_shadow_spread=\u00a0\u00bb11px\u00a0\u00bb global_colors_info=\u00a0\u00bb{}\u00a0\u00bb transform_styles__hover_enabled=\u00a0\u00bbon|hover\u00a0\u00bb transform_scale__hover_enabled=\u00a0\u00bbon|hover\u00a0\u00bb transform_translate__hover_enabled=\u00a0\u00bbon|desktop\u00a0\u00bb transform_rotate__hover_enabled=\u00a0\u00bbon|desktop\u00a0\u00bb transform_skew__hover_enabled=\u00a0\u00bbon|desktop\u00a0\u00bb transform_origin__hover_enabled=\u00a0\u00bbon|desktop\u00a0\u00bb transform_scale__hover=\u00a0\u00bb105%|105%\u00a0\u00bb][\/et_pb_image][et_pb_image src=\u00a0\u00bbhttps:\/\/etab.ac-reunion.fr\/clg-bourbon\/wp-content\/uploads\/sites\/10\/2019\/06\/Capture2.jpg\u00a0\u00bb title_text=\u00a0\u00bbCapture2&Prime; show_in_lightbox=\u00a0\u00bbon\u00a0\u00bb align=\u00a0\u00bbcenter\u00a0\u00bb _builder_version=\u00a0\u00bb4.27.2&Prime; _module_preset=\u00a0\u00bbdefault\u00a0\u00bb transform_scale_tablet=\u00a0\u00bb105%|105%\u00a0\u00bb transform_scale_phone=\u00a0\u00bb105%|105%\u00a0\u00bb transform_scale_last_edited=\u00a0\u00bbon|desktop\u00a0\u00bb transform_translate_tablet=\u00a0\u00bb\u00a0\u00bb transform_translate_phone=\u00a0\u00bb\u00a0\u00bb transform_translate_last_edited=\u00a0\u00bbon|desktop\u00a0\u00bb transform_rotate_tablet=\u00a0\u00bb\u00a0\u00bb transform_rotate_phone=\u00a0\u00bb\u00a0\u00bb transform_rotate_last_edited=\u00a0\u00bbon|desktop\u00a0\u00bb transform_skew_tablet=\u00a0\u00bb\u00a0\u00bb transform_skew_phone=\u00a0\u00bb\u00a0\u00bb transform_skew_last_edited=\u00a0\u00bbon|desktop\u00a0\u00bb transform_origin_tablet=\u00a0\u00bb\u00a0\u00bb transform_origin_phone=\u00a0\u00bb\u00a0\u00bb transform_origin_last_edited=\u00a0\u00bbon|desktop\u00a0\u00bb transform_styles_last_edited=\u00a0\u00bbon|desktop\u00a0\u00bb width=\u00a0\u00bb75%\u00a0\u00bb max_width_tablet=\u00a0\u00bb\u00a0\u00bb max_width_phone=\u00a0\u00bb80%\u00a0\u00bb max_width_last_edited=\u00a0\u00bbon|phone\u00a0\u00bb module_alignment=\u00a0\u00bbcenter\u00a0\u00bb custom_padding=\u00a0\u00bb35px||||false|false\u00a0\u00bb custom_padding_tablet=\u00a0\u00bb35px||||false|false\u00a0\u00bb custom_padding_phone=\u00a0\u00bb0px||||false|false\u00a0\u00bb custom_padding_last_edited=\u00a0\u00bbon|phone\u00a0\u00bb animation_style=\u00a0\u00bbslide\u00a0\u00bb animation_direction=\u00a0\u00bbleft\u00a0\u00bb animation_duration=\u00a0\u00bb1500ms\u00a0\u00bb animation_intensity_slide=\u00a0\u00bb68%\u00a0\u00bb transform_styles_tablet=\u00a0\u00bb\u00a0\u00bb transform_styles_phone=\u00a0\u00bb\u00a0\u00bb border_radii=\u00a0\u00bbon|10px|10px|10px|10px\u00a0\u00bb box_shadow_style=\u00a0\u00bbpreset1&Prime; box_shadow_blur=\u00a0\u00bb13px\u00a0\u00bb box_shadow_spread=\u00a0\u00bb11px\u00a0\u00bb global_colors_info=\u00a0\u00bb{}\u00a0\u00bb transform_styles__hover_enabled=\u00a0\u00bbon|hover\u00a0\u00bb transform_scale__hover_enabled=\u00a0\u00bbon|hover\u00a0\u00bb transform_translate__hover_enabled=\u00a0\u00bbon|desktop\u00a0\u00bb transform_rotate__hover_enabled=\u00a0\u00bbon|desktop\u00a0\u00bb transform_skew__hover_enabled=\u00a0\u00bbon|desktop\u00a0\u00bb transform_origin__hover_enabled=\u00a0\u00bbon|desktop\u00a0\u00bb transform_scale__hover=\u00a0\u00bb105%|105%\u00a0\u00bb][\/et_pb_image][\/et_pb_column][\/et_pb_row][\/et_pb_section]\n","protected":false},"excerpt":{"rendered":"<p>Mot de la principale Chers \u00e9l\u00e8ves, chers parents, chers partenaires, C\u2019est avec enthousiasme et une grande fiert\u00e9 que je prends la direction du coll\u00e8ge de Bourbon, un \u00e9tablissement riche de son histoire, de sa diversit\u00e9 et de son engagement aupr\u00e8s de tous les \u00e9l\u00e8ves. Ma priorit\u00e9, partag\u00e9e par l\u2019ensemble de la communaut\u00e9 \u00e9ducative, est claire [&hellip;]<\/p>\n","protected":false},"author":32706,"featured_media":0,"parent":0,"menu_order":0,"comment_status":"closed","ping_status":"closed","template":"","meta":{"_et_pb_use_builder":"on","_et_pb_old_content":"","_et_gb_content_width":"","footnotes":""},"class_list":["post-11775","page","type-page","status-publish","hentry"],"_links":{"self":[{"href":"https:\/\/etab.ac-reunion.fr\/clg-bourbon\/wp-json\/wp\/v2\/pages\/11775","targetHints":{"allow":["GET"]}}],"collection":[{"href":"https:\/\/etab.ac-reunion.fr\/clg-bourbon\/wp-json\/wp\/v2\/pages"}],"about":[{"href":"https:\/\/etab.ac-reunion.fr\/clg-bourbon\/wp-json\/wp\/v2\/types\/page"}],"author":[{"embeddable":true,"href":"https:\/\/etab.ac-reunion.fr\/clg-bourbon\/wp-json\/wp\/v2\/users\/32706"}],"replies":[{"embeddable":true,"href":"https:\/\/etab.ac-reunion.fr\/clg-bourbon\/wp-json\/wp\/v2\/comments?post=11775"}],"version-history":[{"count":34,"href":"https:\/\/etab.ac-reunion.fr\/clg-bourbon\/wp-json\/wp\/v2\/pages\/11775\/revisions"}],"predecessor-version":[{"id":16298,"href":"https:\/\/etab.ac-reunion.fr\/clg-bourbon\/wp-json\/wp\/v2\/pages\/11775\/revisions\/16298"}],"wp:attachment":[{"href":"https:\/\/etab.ac-reunion.fr\/clg-bourbon\/wp-json\/wp\/v2\/media?parent=11775"}],"curies":[{"name":"wp","href":"https:\/\/api.w.org\/{rel}","templated":true}]}}