{"id":15033,"date":"2025-05-20T12:25:49","date_gmt":"2025-05-20T08:25:49","guid":{"rendered":"https:\/\/etab.ac-reunion.fr\/clg-bourbon\/?page_id=15033"},"modified":"2025-10-09T11:41:53","modified_gmt":"2025-10-09T07:41:53","slug":"upe2a-2","status":"publish","type":"page","link":"https:\/\/etab.ac-reunion.fr\/clg-bourbon\/upe2a-2\/","title":{"rendered":"UPE2A"},"content":{"rendered":"[et_pb_section fb_built=\u00a0\u00bb1&Prime; _builder_version=\u00a0\u00bb4.27.4&Prime; _module_preset=\u00a0\u00bbdefault\u00a0\u00bb custom_margin=\u00a0\u00bb0px||0px||true|false\u00a0\u00bb custom_padding=\u00a0\u00bb0px||0px||true|false\u00a0\u00bb global_colors_info=\u00a0\u00bb{}\u00a0\u00bb][et_pb_row column_structure=\u00a0\u00bb1_5,3_5,1_5&Prime; disabled_on=\u00a0\u00bboff|off|off\u00a0\u00bb _builder_version=\u00a0\u00bb4.27.4&Prime; _module_preset=\u00a0\u00bbdefault\u00a0\u00bb use_background_color_gradient=\u00a0\u00bbon\u00a0\u00bb background_color_gradient_stops=\u00a0\u00bb#ffffff 0%|rgba(255,255,255,0.45) 98%\u00a0\u00bb background_color_gradient_overlays_image=\u00a0\u00bbon\u00a0\u00bb background_image=\u00a0\u00bbhttps:\/\/etab.ac-reunion.fr\/clg-bourbon\/wp-content\/uploads\/sites\/10\/2025\/09\/Copie-de-Sans-titre1.jpg\u00a0\u00bb parallax=\u00a0\u00bbon\u00a0\u00bb parallax_method=\u00a0\u00bboff\u00a0\u00bb positioning=\u00a0\u00bbnone\u00a0\u00bb position_origin_f=\u00a0\u00bbtop_center\u00a0\u00bb width=\u00a0\u00bb100%\u00a0\u00bb max_width=\u00a0\u00bb2560px\u00a0\u00bb module_alignment=\u00a0\u00bbcenter\u00a0\u00bb custom_margin=\u00a0\u00bb0px||0px||true|false\u00a0\u00bb custom_padding=\u00a0\u00bb40px||40px||true|false\u00a0\u00bb global_colors_info=\u00a0\u00bb{}\u00a0\u00bb][et_pb_column type=\u00a0\u00bb1_5&Prime; _builder_version=\u00a0\u00bb4.27.4&Prime; _module_preset=\u00a0\u00bbdefault\u00a0\u00bb global_colors_info=\u00a0\u00bb{}\u00a0\u00bb][\/et_pb_column][et_pb_column type=\u00a0\u00bb3_5&Prime; _builder_version=\u00a0\u00bb4.27.4&Prime; _module_preset=\u00a0\u00bbdefault\u00a0\u00bb global_colors_info=\u00a0\u00bb{}\u00a0\u00bb][et_pb_text _builder_version=\u00a0\u00bb4.27.4&Prime; _module_preset=\u00a0\u00bbdefault\u00a0\u00bb header_font=\u00a0\u00bbArima Madurai|900|||||||\u00a0\u00bb header_font_size=\u00a0\u00bb35px\u00a0\u00bb background_color=\u00a0\u00bbrgba(255,255,255,0.92)\u00a0\u00bb custom_margin=\u00a0\u00bb0px||0px||true|false\u00a0\u00bb custom_padding=\u00a0\u00bb40px|0px|40px|0px|true|true\u00a0\u00bb scroll_scaling_enable=\u00a0\u00bbon\u00a0\u00bb border_radii=\u00a0\u00bboff|90px|5px|90px|5px\u00a0\u00bb box_shadow_style=\u00a0\u00bbpreset1&Prime; global_colors_info=\u00a0\u00bb{}\u00a0\u00bb box_shadow_color__hover_enabled=\u00a0\u00bbon|hover\u00a0\u00bb box_shadow_color__hover=\u00a0\u00bb#035a99&Prime;]\n<h1 style=\"text-align: center\">BIENVENUE EN UPE2A !<\/h1>\n[\/et_pb_text][\/et_pb_column][et_pb_column type=\u00a0\u00bb1_5&Prime; _builder_version=\u00a0\u00bb4.27.4&Prime; _module_preset=\u00a0\u00bbdefault\u00a0\u00bb global_colors_info=\u00a0\u00bb{}\u00a0\u00bb][\/et_pb_column][\/et_pb_row][et_pb_row column_structure=\u00a0\u00bb1_2,1_2&Prime; _builder_version=\u00a0\u00bb4.27.4&Prime; _module_preset=\u00a0\u00bbdefault\u00a0\u00bb use_background_color_gradient=\u00a0\u00bbon\u00a0\u00bb background_color_gradient_stops=\u00a0\u00bb#ffffff 1%|rgba(43,127,206,0.46) 99%\u00a0\u00bb width=\u00a0\u00bb100%\u00a0\u00bb max_width=\u00a0\u00bb2560px\u00a0\u00bb module_alignment=\u00a0\u00bbcenter\u00a0\u00bb custom_margin=\u00a0\u00bb0px||0px||true|false\u00a0\u00bb custom_padding=\u00a0\u00bb35px|20px|35px|20px|true|true\u00a0\u00bb global_colors_info=\u00a0\u00bb{}\u00a0\u00bb][et_pb_column type=\u00a0\u00bb1_2&Prime; _builder_version=\u00a0\u00bb4.27.4&Prime; _module_preset=\u00a0\u00bbdefault\u00a0\u00bb background_enable_color=\u00a0\u00bboff\u00a0\u00bb custom_padding=\u00a0\u00bb0px||0px||true|false\u00a0\u00bb global_colors_info=\u00a0\u00bb{}\u00a0\u00bb][et_pb_text _builder_version=\u00a0\u00bb4.27.4&Prime; _module_preset=\u00a0\u00bbdefault\u00a0\u00bb header_font=\u00a0\u00bbArima|700|||||||\u00a0\u00bb header_2_font=\u00a0\u00bbArima||||||||\u00a0\u00bb header_2_text_align=\u00a0\u00bbleft\u00a0\u00bb header_2_font_size=\u00a0\u00bb22px\u00a0\u00bb header_3_font=\u00a0\u00bbArima|600||||on|||\u00a0\u00bb header_3_font_size=\u00a0\u00bb28px\u00a0\u00bb custom_margin=\u00a0\u00bb10px||10px||true|false\u00a0\u00bb custom_padding=\u00a0\u00bb10px|10px|10px|10px|true|true\u00a0\u00bb global_colors_info=\u00a0\u00bb{}\u00a0\u00bb]\n<h1 style=\"text-align: center\">Qu&rsquo;est-ce que le dispositif UPE2A ?<\/h1>\n<h2 style=\"text-align: center\"><\/h2>\n<h2 style=\"text-align: center\">L&rsquo;UPE2A est un dispositif ouvert et itin\u00e9rant, conf\u00e9rant aux enseignant UPE2A la possibilit\u00e9 d&rsquo;intervenir dans les \u00e9coles, coll\u00e8ges et lyc\u00e9es d&rsquo;un secteur g\u00e9ographique pr\u00e9cis accueillant des EANA : El\u00e8ve Allophone Nouvellement Arriv\u00e9.<\/h2>\n<h2 style=\"text-align: center\"><\/h2>\n<h2 style=\"text-align: center\">La prise en charge d&rsquo;un EANA ne peut exc\u00e9der deux ans. Elle vise en priorit\u00e9 l&rsquo;apprentissage du Fran\u00e7ais Langue Seconde (fran\u00e7ais parl\u00e9, lu et \u00e9crit) et du Fran\u00e7ais Langue de Scolarisation (vocabulaire sp\u00e9cifique des disciplines scolaires) en tenant compt\u00e9 du contexte plurilingue r\u00e9unionnais.<\/h2>\n<p>&nbsp;<\/p>\n<p>&nbsp;<\/p>\n<h3 style=\"text-align: center\">Des articles seront bient\u00f4t \u00e0 venir !<\/h3>\n[\/et_pb_text][\/et_pb_column][et_pb_column type=\u00a0\u00bb1_2&Prime; _builder_version=\u00a0\u00bb4.27.4&Prime; _module_preset=\u00a0\u00bbdefault\u00a0\u00bb global_colors_info=\u00a0\u00bb{}\u00a0\u00bb][et_pb_text _builder_version=\u00a0\u00bb4.27.4&Prime; _module_preset=\u00a0\u00bbdefault\u00a0\u00bb header_3_font=\u00a0\u00bbArima|500|||||||\u00a0\u00bb custom_margin=\u00a0\u00bb0px||0px||true|false\u00a0\u00bb custom_padding=\u00a0\u00bb10px|0px|10px|0px|true|true\u00a0\u00bb global_colors_info=\u00a0\u00bb{}\u00a0\u00bb]\n<h3 style=\"text-align: center\">Voici une vid\u00e9o de pr\u00e9sentation de notre enseignante r\u00e9f\u00e9rente en UPE2A : Mme KARMALI.<\/h3>\n<h3 style=\"text-align: center\">Bon visionnage !<\/h3>\n[\/et_pb_text][et_pb_video src=\u00a0\u00bbhttps:\/\/www.youtube.com\/watch?v=bBq6vUP_vDQ\u00a0\u00bb _builder_version=\u00a0\u00bb4.27.4&Prime; _module_preset=\u00a0\u00bbdefault\u00a0\u00bb width=\u00a0\u00bb85%\u00a0\u00bb max_width=\u00a0\u00bb85%\u00a0\u00bb module_alignment=\u00a0\u00bbcenter\u00a0\u00bb custom_margin=\u00a0\u00bb0px||0px||true|false\u00a0\u00bb custom_padding=\u00a0\u00bb5px|0px|5px|0px|true|true\u00a0\u00bb global_colors_info=\u00a0\u00bb{}\u00a0\u00bb][\/et_pb_video][\/et_pb_column][\/et_pb_row][\/et_pb_section]\n","protected":false},"excerpt":{"rendered":"<p>BIENVENUE EN UPE2A !Qu&rsquo;est-ce que le dispositif UPE2A ? L&rsquo;UPE2A est un dispositif ouvert et itin\u00e9rant, conf\u00e9rant aux enseignant UPE2A la possibilit\u00e9 d&rsquo;intervenir dans les \u00e9coles, coll\u00e8ges et lyc\u00e9es d&rsquo;un secteur g\u00e9ographique pr\u00e9cis accueillant des EANA : El\u00e8ve Allophone Nouvellement Arriv\u00e9. La prise en charge d&rsquo;un EANA ne peut exc\u00e9der deux ans. Elle vise en [&hellip;]<\/p>\n","protected":false},"author":34531,"featured_media":0,"parent":0,"menu_order":0,"comment_status":"closed","ping_status":"closed","template":"","meta":{"_et_pb_use_builder":"on","_et_pb_old_content":"","_et_gb_content_width":"","footnotes":""},"class_list":["post-15033","page","type-page","status-publish","hentry"],"_links":{"self":[{"href":"https:\/\/etab.ac-reunion.fr\/clg-bourbon\/wp-json\/wp\/v2\/pages\/15033","targetHints":{"allow":["GET"]}}],"collection":[{"href":"https:\/\/etab.ac-reunion.fr\/clg-bourbon\/wp-json\/wp\/v2\/pages"}],"about":[{"href":"https:\/\/etab.ac-reunion.fr\/clg-bourbon\/wp-json\/wp\/v2\/types\/page"}],"author":[{"embeddable":true,"href":"https:\/\/etab.ac-reunion.fr\/clg-bourbon\/wp-json\/wp\/v2\/users\/34531"}],"replies":[{"embeddable":true,"href":"https:\/\/etab.ac-reunion.fr\/clg-bourbon\/wp-json\/wp\/v2\/comments?post=15033"}],"version-history":[{"count":24,"href":"https:\/\/etab.ac-reunion.fr\/clg-bourbon\/wp-json\/wp\/v2\/pages\/15033\/revisions"}],"predecessor-version":[{"id":17000,"href":"https:\/\/etab.ac-reunion.fr\/clg-bourbon\/wp-json\/wp\/v2\/pages\/15033\/revisions\/17000"}],"wp:attachment":[{"href":"https:\/\/etab.ac-reunion.fr\/clg-bourbon\/wp-json\/wp\/v2\/media?parent=15033"}],"curies":[{"name":"wp","href":"https:\/\/api.w.org\/{rel}","templated":true}]}}