{"id":1579,"date":"2016-08-31T04:32:07","date_gmt":"2016-08-31T00:32:07","guid":{"rendered":"http:\/\/college-bourbon.ac-reunion.fr\/?page_id=1579"},"modified":"2026-01-16T10:39:16","modified_gmt":"2026-01-16T06:39:16","slug":"informations-pratiques","status":"publish","type":"page","link":"https:\/\/etab.ac-reunion.fr\/clg-bourbon\/informations-pratiques\/","title":{"rendered":"Horaires"},"content":{"rendered":"[et_pb_section fb_built=\u00a0\u00bb1&Prime; specialty=\u00a0\u00bbon\u00a0\u00bb _builder_version=\u00a0\u00bb4.27.2&Prime; _module_preset=\u00a0\u00bbdefault\u00a0\u00bb background_image=\u00a0\u00bbhttps:\/\/etab.ac-reunion.fr\/clg-bourbon\/wp-content\/uploads\/sites\/10\/2024\/09\/fond-vert-scaled.jpg\u00a0\u00bb custom_margin=\u00a0\u00bb0px||0px||true|false\u00a0\u00bb custom_padding=\u00a0\u00bb25px|5px|25px|5px|true|true\u00a0\u00bb global_colors_info=\u00a0\u00bb{}\u00a0\u00bb][et_pb_column type=\u00a0\u00bb2_3&Prime; specialty_columns=\u00a0\u00bb2&Prime; _builder_version=\u00a0\u00bb4.16&Prime; custom_padding=\u00a0\u00bb|||\u00a0\u00bb global_colors_info=\u00a0\u00bb{}\u00a0\u00bb custom_padding__hover=\u00a0\u00bb|||\u00a0\u00bb][et_pb_row_inner _builder_version=\u00a0\u00bb4.27.0&Prime; _module_preset=\u00a0\u00bbdefault\u00a0\u00bb global_colors_info=\u00a0\u00bb{}\u00a0\u00bb][et_pb_column_inner saved_specialty_column_type=\u00a0\u00bb2_3&Prime; _builder_version=\u00a0\u00bb4.27.0&Prime; _module_preset=\u00a0\u00bbdefault\u00a0\u00bb global_colors_info=\u00a0\u00bb{}\u00a0\u00bb][et_pb_text _builder_version=\u00a0\u00bb4.27.4&Prime; _module_preset=\u00a0\u00bbdefault\u00a0\u00bb text_font=\u00a0\u00bbArima|500|||||||\u00a0\u00bb text_font_size=\u00a0\u00bb16px\u00a0\u00bb header_font=\u00a0\u00bbArima|700|||||||\u00a0\u00bb header_font_size=\u00a0\u00bb36px\u00a0\u00bb header_4_font=\u00a0\u00bbArima|700|||||||\u00a0\u00bb header_4_font_size=\u00a0\u00bb20px\u00a0\u00bb header_5_font=\u00a0\u00bbArima|600|||||||\u00a0\u00bb header_5_font_size=\u00a0\u00bb18px\u00a0\u00bb background_color=\u00a0\u00bb#FFFFFF\u00a0\u00bb background_image=\u00a0\u00bbhttps:\/\/etab.ac-reunion.fr\/clg-bourbon\/wp-content\/uploads\/sites\/10\/2025\/09\/Design-sans-titre.gif\u00a0\u00bb background_size=\u00a0\u00bbcustom\u00a0\u00bb background_image_width=\u00a0\u00bb30%\u00a0\u00bb background_position=\u00a0\u00bbtop_right\u00a0\u00bb border_radii=\u00a0\u00bbon|10px|10px|10px|10px\u00a0\u00bb box_shadow_style=\u00a0\u00bbpreset1&Prime; box_shadow_color=\u00a0\u00bbrgba(0,0,0,0.18)\u00a0\u00bb global_colors_info=\u00a0\u00bb{}\u00a0\u00bb]\n<h1 style=\"text-align: center\"><\/h1>\n<h1 style=\"text-align: center\"><\/h1>\n<h1 style=\"text-align: center\">Les horaires<\/h1>\n<p>&nbsp;<\/p>\n<h4 style=\"text-align: center\">Ouverture du portail le matin : 7h00<\/h4>\n<h5 style=\"text-align: center\"><\/h5>\n<h5 style=\"text-align: center\"><span style=\"text-decoration: underline\">Matin\u00e9e<\/span><\/h5>\n<p style=\"text-align: center\"><strong>7h30 &#8211; 8h25<\/strong> &#8211; Premi\u00e8re Heure (M1)<\/p>\n<p style=\"text-align: center\"><strong>8h30 &#8211; 9h25<\/strong> &#8211; Deuxi\u00e8me Heure (M2)<\/p>\n<p style=\"text-align: center\"><strong>9h25 &#8211; 9h40 &#8211; R\u00e9cr\u00e9ation<\/strong><\/p>\n<p style=\"text-align: center\"><strong>9h40 &#8211; 10h35<\/strong> &#8211; Troisi\u00e8me Heure (M3)<\/p>\n<p style=\"text-align: center\"><strong>10h40 &#8211; 11h35<\/strong> &#8211; Quatri\u00e8me Heure (M4)<\/p>\n<p style=\"text-align: center\"><strong>11h40 &#8211; 12h35<\/strong> &#8211; Cinqui\u00e8me Heure (M5)<\/p>\n<h5 style=\"text-align: center\"><\/h5>\n<h5 style=\"text-align: center\"><span style=\"text-decoration: underline\">Pause m\u00e9ridienne<\/span><\/h5>\n<p style=\"text-align: center\"><strong>11h35 &#8211; 13h00<\/strong> &#8211; les \u00e9l\u00e8ves de 6e et 5e<\/p>\n<p style=\"text-align: center\"><strong>12h35 &#8211; 14h00<\/strong> &#8211; les \u00e9l\u00e8ves de 4e et 3e<\/p>\n<h5 style=\"text-align: center\"><\/h5>\n<h5 style=\"text-align: center\"><span style=\"text-decoration: underline\">Apr\u00e8s-midi<\/span><\/h5>\n<p style=\"text-align: center\"><strong>13h05 &#8211; 14h00<\/strong> &#8211; Premi\u00e8re Heure (S1)<\/p>\n<p style=\"text-align: center\"><strong>14h00 &#8211; 15h00<\/strong> &#8211; Deuxi\u00e8me Heure (S2)<\/p>\n<p style=\"text-align: center\"><strong>15h00 &#8211; 15h10<\/strong> &#8211; R\u00e9cr\u00e9ation<\/p>\n<p style=\"text-align: center\"><strong>15h10 &#8211; 16h05<\/strong> &#8211; Troisi\u00e8me Heure (S3)<\/p>\n<p style=\"text-align: center\"><strong>16h10 &#8211; 17h05<\/strong> &#8211; Quatri\u00e8me Heure (S4)<\/p>\n<p style=\"text-align: center\">[\/et_pb_text][\/et_pb_column_inner][\/et_pb_row_inner][\/et_pb_column][et_pb_column type=\u00a0\u00bb1_3&Prime; _builder_version=\u00a0\u00bb4.16&Prime; custom_padding=\u00a0\u00bb|||\u00a0\u00bb global_colors_info=\u00a0\u00bb{}\u00a0\u00bb custom_padding__hover=\u00a0\u00bb|||\u00a0\u00bb][et_pb_button button_url=\u00a0\u00bbhttps:\/\/etab.ac-reunion.fr\/clg-bourbon\/wp-content\/uploads\/sites\/10\/2025\/09\/Reglement-interieur-Vie-scolaire.pdf\u00a0\u00bb button_text=\u00a0\u00bbR\u00e8glement int\u00e9rieur\u00a0\u00bb button_alignment=\u00a0\u00bbcenter\u00a0\u00bb _builder_version=\u00a0\u00bb4.27.4&Prime; _module_preset=\u00a0\u00bbdefault\u00a0\u00bb custom_button=\u00a0\u00bbon\u00a0\u00bb button_text_size=\u00a0\u00bb19px\u00a0\u00bb button_text_color=\u00a0\u00bb#1e721c\u00a0\u00bb button_bg_color=\u00a0\u00bb#f7f7f7&Prime; button_border_width=\u00a0\u00bb1px\u00a0\u00bb button_border_color=\u00a0\u00bb#267038&Prime; button_letter_spacing=\u00a0\u00bb1px\u00a0\u00bb button_font=\u00a0\u00bbArima|600|||||||\u00a0\u00bb button_icon=\u00a0\u00bb&#xe059;||divi||400&Prime; button_icon_color=\u00a0\u00bb#2a6b1a\u00a0\u00bb animation_style=\u00a0\u00bbslide\u00a0\u00bb animation_direction=\u00a0\u00bbright\u00a0\u00bb animation_duration=\u00a0\u00bb1350ms\u00a0\u00bb box_shadow_style=\u00a0\u00bbpreset1&Prime; box_shadow_spread=\u00a0\u00bb-9px\u00a0\u00bb box_shadow_color=\u00a0\u00bb#5FC431&Prime; global_colors_info=\u00a0\u00bb{}\u00a0\u00bb transform_styles__hover_enabled=\u00a0\u00bbon|hover\u00a0\u00bb transform_scale__hover_enabled=\u00a0\u00bbon|hover\u00a0\u00bb transform_translate__hover_enabled=\u00a0\u00bbon|desktop\u00a0\u00bb transform_rotate__hover_enabled=\u00a0\u00bbon|desktop\u00a0\u00bb transform_skew__hover_enabled=\u00a0\u00bbon|desktop\u00a0\u00bb transform_origin__hover_enabled=\u00a0\u00bbon|desktop\u00a0\u00bb transform_scale__hover=\u00a0\u00bb109%|109%\u00a0\u00bb][\/et_pb_button][et_pb_button button_url=\u00a0\u00bbhttps:\/\/etab.ac-reunion.fr\/clg-bourbon\/wp-content\/uploads\/sites\/10\/2024\/09\/Charte-de-la-laicite.pdf\u00a0\u00bb button_text=\u00a0\u00bbCharte de la la\u00efcit\u00e9\u00a0\u00bb button_alignment=\u00a0\u00bbcenter\u00a0\u00bb _builder_version=\u00a0\u00bb4.27.0&Prime; _module_preset=\u00a0\u00bbdefault\u00a0\u00bb custom_button=\u00a0\u00bbon\u00a0\u00bb button_text_size=\u00a0\u00bb19px\u00a0\u00bb button_text_color=\u00a0\u00bb#1e721c\u00a0\u00bb button_bg_color=\u00a0\u00bb#f7f7f7&Prime; button_border_width=\u00a0\u00bb1px\u00a0\u00bb button_border_color=\u00a0\u00bb#267038&Prime; button_letter_spacing=\u00a0\u00bb1px\u00a0\u00bb button_font=\u00a0\u00bbArima|600|||||||\u00a0\u00bb button_icon=\u00a0\u00bb&#xe059;||divi||400&Prime; button_icon_color=\u00a0\u00bb#2a6b1a\u00a0\u00bb animation_style=\u00a0\u00bbslide\u00a0\u00bb animation_direction=\u00a0\u00bbright\u00a0\u00bb animation_duration=\u00a0\u00bb1350ms\u00a0\u00bb box_shadow_style=\u00a0\u00bbpreset1&Prime; box_shadow_spread=\u00a0\u00bb-9px\u00a0\u00bb box_shadow_color=\u00a0\u00bb#5FC431&Prime; global_colors_info=\u00a0\u00bb{}\u00a0\u00bb transform_styles__hover_enabled=\u00a0\u00bbon|hover\u00a0\u00bb transform_scale__hover=\u00a0\u00bb109%|109%\u00a0\u00bb transform_scale__hover_enabled=\u00a0\u00bbon|hover\u00a0\u00bb transform_translate__hover_enabled=\u00a0\u00bbon|desktop\u00a0\u00bb transform_rotate__hover_enabled=\u00a0\u00bbon|desktop\u00a0\u00bb transform_skew__hover_enabled=\u00a0\u00bbon|desktop\u00a0\u00bb transform_origin__hover_enabled=\u00a0\u00bbon|desktop\u00a0\u00bb][\/et_pb_button][et_pb_text _builder_version=\u00a0\u00bb4.27.4&Prime; _module_preset=\u00a0\u00bbdefault\u00a0\u00bb header_font=\u00a0\u00bbArima|700|||||||\u00a0\u00bb header_font_size=\u00a0\u00bb31px\u00a0\u00bb header_line_height=\u00a0\u00bb2.1em\u00a0\u00bb header_4_font=\u00a0\u00bbArima|600|||||||\u00a0\u00bb header_5_font=\u00a0\u00bbArima|600|||||||\u00a0\u00bb header_5_font_size=\u00a0\u00bb19px\u00a0\u00bb header_5_line_height=\u00a0\u00bb1.3em\u00a0\u00bb background_color=\u00a0\u00bbrgba(255,255,255,0.99)\u00a0\u00bb custom_padding=\u00a0\u00bb5px|10px|5px|10px|true|true\u00a0\u00bb animation_direction=\u00a0\u00bbright\u00a0\u00bb hover_enabled=\u00a0\u00bb0&Prime; border_radii=\u00a0\u00bbon|9px|9px|9px|9px\u00a0\u00bb box_shadow_style=\u00a0\u00bbpreset1&Prime; box_shadow_color=\u00a0\u00bbrgba(196,196,196,0.86)\u00a0\u00bb global_colors_info=\u00a0\u00bb{}\u00a0\u00bb transform_styles__hover_enabled=\u00a0\u00bbon|hover\u00a0\u00bb transform_scale__hover_enabled=\u00a0\u00bbon|desktop\u00a0\u00bb transform_translate__hover_enabled=\u00a0\u00bbon|hover\u00a0\u00bb transform_rotate__hover_enabled=\u00a0\u00bbon|desktop\u00a0\u00bb transform_skew__hover_enabled=\u00a0\u00bbon|desktop\u00a0\u00bb transform_origin__hover_enabled=\u00a0\u00bbon|desktop\u00a0\u00bb transform_translate__hover=\u00a0\u00bb-13px|-13px\u00a0\u00bb transform_rotate__hover=\u00a0\u00bb0deg|0deg|-5deg\u00a0\u00bb sticky_enabled=\u00a0\u00bb0&Prime;]\n<h1 style=\"text-align: center\">Dates importantes<span style=\"text-decoration: underline\"><\/span><\/h1>\n<h5 style=\"text-align: center\"><span style=\"text-decoration: underline\">\u00a0Le samedi 14 f\u00e9vrier 2026<\/span> : R\u00e9union parents \/professeurs du semestre 1<\/h5>\n<h5 style=\"text-align: center\"><span style=\"text-decoration: underline\">F\u00e9vrier 2026<\/span>\u00a0: Conseil d&rsquo;administration<\/h5>\n[\/et_pb_text][\/et_pb_column][\/et_pb_section]\n","protected":false},"excerpt":{"rendered":"<p>Les horaires &nbsp; Ouverture du portail le matin : 7h00 Matin\u00e9e 7h30 &#8211; 8h25 &#8211; Premi\u00e8re Heure (M1) 8h30 &#8211; 9h25 &#8211; Deuxi\u00e8me Heure (M2) 9h25 &#8211; 9h40 &#8211; R\u00e9cr\u00e9ation 9h40 &#8211; 10h35 &#8211; Troisi\u00e8me Heure (M3) 10h40 &#8211; 11h35 &#8211; Quatri\u00e8me Heure (M4) 11h40 &#8211; 12h35 &#8211; Cinqui\u00e8me Heure (M5) Pause m\u00e9ridienne 11h35 &#8211; [&hellip;]<\/p>\n","protected":false},"author":9884,"featured_media":0,"parent":0,"menu_order":0,"comment_status":"closed","ping_status":"closed","template":"","meta":{"_et_pb_use_builder":"on","_et_pb_old_content":"","_et_gb_content_width":"","footnotes":""},"class_list":["post-1579","page","type-page","status-publish","hentry"],"_links":{"self":[{"href":"https:\/\/etab.ac-reunion.fr\/clg-bourbon\/wp-json\/wp\/v2\/pages\/1579","targetHints":{"allow":["GET"]}}],"collection":[{"href":"https:\/\/etab.ac-reunion.fr\/clg-bourbon\/wp-json\/wp\/v2\/pages"}],"about":[{"href":"https:\/\/etab.ac-reunion.fr\/clg-bourbon\/wp-json\/wp\/v2\/types\/page"}],"author":[{"embeddable":true,"href":"https:\/\/etab.ac-reunion.fr\/clg-bourbon\/wp-json\/wp\/v2\/users\/9884"}],"replies":[{"embeddable":true,"href":"https:\/\/etab.ac-reunion.fr\/clg-bourbon\/wp-json\/wp\/v2\/comments?post=1579"}],"version-history":[{"count":39,"href":"https:\/\/etab.ac-reunion.fr\/clg-bourbon\/wp-json\/wp\/v2\/pages\/1579\/revisions"}],"predecessor-version":[{"id":17548,"href":"https:\/\/etab.ac-reunion.fr\/clg-bourbon\/wp-json\/wp\/v2\/pages\/1579\/revisions\/17548"}],"wp:attachment":[{"href":"https:\/\/etab.ac-reunion.fr\/clg-bourbon\/wp-json\/wp\/v2\/media?parent=1579"}],"curies":[{"name":"wp","href":"https:\/\/api.w.org\/{rel}","templated":true}]}}