{"id":1587,"date":"2016-08-31T04:48:19","date_gmt":"2016-08-31T00:48:19","guid":{"rendered":"http:\/\/college-bourbon.ac-reunion.fr\/?page_id=1587"},"modified":"2025-09-09T08:44:37","modified_gmt":"2025-09-09T04:44:37","slug":"aides-financieres","status":"publish","type":"page","link":"https:\/\/etab.ac-reunion.fr\/clg-bourbon\/aides-financieres\/","title":{"rendered":"Aides financi\u00e8res"},"content":{"rendered":"[et_pb_section fb_built=\u00a0\u00bb1&Prime; _builder_version=\u00a0\u00bb4.27.3&Prime; _module_preset=\u00a0\u00bbdefault\u00a0\u00bb background_image=\u00a0\u00bbhttps:\/\/etab.ac-reunion.fr\/clg-bourbon\/wp-content\/uploads\/sites\/10\/2024\/09\/fond-vert-scaled.jpg\u00a0\u00bb custom_margin=\u00a0\u00bb0px||0px||true|false\u00a0\u00bb custom_padding=\u00a0\u00bb0px||0px||true|false\u00a0\u00bb box_shadow_style=\u00a0\u00bbpreset3&Prime; global_colors_info=\u00a0\u00bb{}\u00a0\u00bb][et_pb_row _builder_version=\u00a0\u00bb4.27.3&Prime; _module_preset=\u00a0\u00bbdefault\u00a0\u00bb custom_margin=\u00a0\u00bb0px||0px||true|true\u00a0\u00bb custom_padding=\u00a0\u00bb15px||15px||true|false\u00a0\u00bb global_colors_info=\u00a0\u00bb{}\u00a0\u00bb][et_pb_column type=\u00a0\u00bb4_4&Prime; _builder_version=\u00a0\u00bb4.27.0&Prime; _module_preset=\u00a0\u00bbdefault\u00a0\u00bb global_colors_info=\u00a0\u00bb{}\u00a0\u00bb][et_pb_text _builder_version=\u00a0\u00bb4.27.3&Prime; _module_preset=\u00a0\u00bbdefault\u00a0\u00bb header_font=\u00a0\u00bbArima|700|||||||\u00a0\u00bb header_text_align=\u00a0\u00bbcenter\u00a0\u00bb header_text_color=\u00a0\u00bb#00060c\u00a0\u00bb header_font_size=\u00a0\u00bb39px\u00a0\u00bb header_3_font=\u00a0\u00bbArima|600|||||||\u00a0\u00bb header_3_text_color=\u00a0\u00bb#004c21&Prime; custom_padding=\u00a0\u00bb15px|15px|15px|15px|true|false\u00a0\u00bb global_colors_info=\u00a0\u00bb{}\u00a0\u00bb]\n<h1 style=\"text-align: center\"><span style=\"color: #0d0614\">Les aides sociales en faveur des \u00e9l\u00e8ves<\/span><\/h1>\n<p>&nbsp;<\/p>\n<h3 style=\"text-align: center\">Pour tout renseignement, adresser vous \u00e0 l&rsquo;assistante sociale du Coll\u00e8ge de Bourbon.<\/h3>\n<h3 style=\"text-align: center\">Demander un rendez-vous au 02 62 90 45 46<\/h3>\n[\/et_pb_text][\/et_pb_column][\/et_pb_row][\/et_pb_section][et_pb_section fb_built=\u00a0\u00bb1&Prime; _builder_version=\u00a0\u00bb4.27.3&Prime; _module_preset=\u00a0\u00bbdefault\u00a0\u00bb custom_padding=\u00a0\u00bb45px||45px||true|false\u00a0\u00bb global_colors_info=\u00a0\u00bb{}\u00a0\u00bb][et_pb_row make_equal=\u00a0\u00bbon\u00a0\u00bb _builder_version=\u00a0\u00bb4.27.4&Prime; _module_preset=\u00a0\u00bbdefault\u00a0\u00bb custom_margin=\u00a0\u00bb-12px|auto||auto||\u00a0\u00bb custom_padding=\u00a0\u00bb6px||27px||false|false\u00a0\u00bb animation_style=\u00a0\u00bbbounce\u00a0\u00bb animation_direction=\u00a0\u00bbleft\u00a0\u00bb animation_duration=\u00a0\u00bb1550ms\u00a0\u00bb animation_delay=\u00a0\u00bb400ms\u00a0\u00bb animation_speed_curve=\u00a0\u00bbease-in\u00a0\u00bb hover_enabled=\u00a0\u00bb0&Prime; border_radii=\u00a0\u00bbon|10px|10px|10px|10px\u00a0\u00bb border_width_all=\u00a0\u00bb3px\u00a0\u00bb border_color_all=\u00a0\u00bb#069b17&Prime; box_shadow_style=\u00a0\u00bbpreset1&Prime; box_shadow_color=\u00a0\u00bb#4d767f\u00a0\u00bb collapsed=\u00a0\u00bbon\u00a0\u00bb global_colors_info=\u00a0\u00bb{}\u00a0\u00bb sticky_enabled=\u00a0\u00bb0&Prime; border_style_all=\u00a0\u00bbinset\u00a0\u00bb][et_pb_column type=\u00a0\u00bb4_4&Prime; _builder_version=\u00a0\u00bb4.27.0&Prime; _module_preset=\u00a0\u00bbdefault\u00a0\u00bb background_enable_color=\u00a0\u00bboff\u00a0\u00bb background_enable_image=\u00a0\u00bboff\u00a0\u00bb background_position=\u00a0\u00bbbottom_right\u00a0\u00bb custom_padding=\u00a0\u00bb10px|10px|10px|10px|false|false\u00a0\u00bb border_color_all=\u00a0\u00bb#00680c\u00a0\u00bb global_colors_info=\u00a0\u00bb{}\u00a0\u00bb][et_pb_text _builder_version=\u00a0\u00bb4.27.0&Prime; _module_preset=\u00a0\u00bbdefault\u00a0\u00bb text_font=\u00a0\u00bbArima|600|||||||\u00a0\u00bb text_font_size=\u00a0\u00bb18px\u00a0\u00bb header_2_font=\u00a0\u00bbArima|700|||||||\u00a0\u00bb header_2_font_size=\u00a0\u00bb27px\u00a0\u00bb background_color=\u00a0\u00bb#FFFFFF\u00a0\u00bb custom_margin=\u00a0\u00bb-5px||14px|||\u00a0\u00bb global_colors_info=\u00a0\u00bb{}\u00a0\u00bb]\n<h2 style=\"text-align: center\"><\/h2>\n<h2 style=\"text-align: center\">Le fond social coll\u00e9gien<\/h2>\n<p style=\"text-align: center\">Ce fond est destin\u00e9 \u00e0 faire face rapidement \u00e0 das situations difficiles que peuvent conna\u00eetre des familles de coll\u00e9gien pour assumer les d\u00e9penses de scolarit\u00e9 et de vie scolaire. Cette aide exceptionnelle peut prendre la forme d&rsquo;une aide financi\u00e8re directe ou de prestations en nature (frais de demi-pension, fournitures diverses, aide au voyage&#8230;)<\/p>\n<p style=\"text-align: center\">La d\u00e9cision d&rsquo;attribution de l&rsquo;aide rel\u00e8ve du chef d&rsquo;\u00e9tablissement apr\u00e8s avis de la commission, pr\u00e9sid\u00e9e par lui et constitu\u00e9e par des membres de la communaut\u00e9 \u00e9ducative.<\/p>\n<p>&nbsp;<\/p>\n[\/et_pb_text][et_pb_text _builder_version=\u00a0\u00bb4.27.0&Prime; _module_preset=\u00a0\u00bbdefault\u00a0\u00bb text_font=\u00a0\u00bbArima|600|||||||\u00a0\u00bb text_font_size=\u00a0\u00bb18px\u00a0\u00bb header_2_font=\u00a0\u00bbArima|700|||||||\u00a0\u00bb header_2_font_size=\u00a0\u00bb27px\u00a0\u00bb custom_margin=\u00a0\u00bb||1px|||\u00a0\u00bb global_colors_info=\u00a0\u00bb{}\u00a0\u00bb]\n<h2 style=\"text-align: center\">Le fond social pour les cantines<\/h2>\n<p style=\"text-align: center\">Ce fond doit permettre aux coll\u00e9giens, issus de milieux d\u00e9favoris\u00e9s, de fr\u00e9quenter le restaurant scolaire.<\/p>\n[\/et_pb_text][\/et_pb_column][\/et_pb_row][et_pb_row column_structure=\u00a0\u00bb1_2,1_2&Prime; make_equal=\u00a0\u00bbon\u00a0\u00bb _builder_version=\u00a0\u00bb4.27.4&Prime; _module_preset=\u00a0\u00bbdefault\u00a0\u00bb custom_margin=\u00a0\u00bb45px||45px||true|false\u00a0\u00bb custom_padding=\u00a0\u00bb0px|15px|0px|15px|true|true\u00a0\u00bb hover_enabled=\u00a0\u00bb0&Prime; border_radii=\u00a0\u00bbon|10px|10px|10px|10px\u00a0\u00bb collapsed=\u00a0\u00bbon\u00a0\u00bb global_colors_info=\u00a0\u00bb{}\u00a0\u00bb theme_builder_area=\u00a0\u00bbpost_content\u00a0\u00bb sticky_enabled=\u00a0\u00bb0&Prime; box_shadow_style=\u00a0\u00bbpreset1&Prime; border_width_all=\u00a0\u00bb3px\u00a0\u00bb border_style_all=\u00a0\u00bboutset\u00a0\u00bb border_color_all=\u00a0\u00bb#00aa87&Prime;][et_pb_column type=\u00a0\u00bb1_2&Prime; _builder_version=\u00a0\u00bb4.27.4&Prime; _module_preset=\u00a0\u00bbdefault\u00a0\u00bb background_position=\u00a0\u00bbbottom_center\u00a0\u00bb custom_padding=\u00a0\u00bb10px|10px|10px|10px|false|false\u00a0\u00bb hover_enabled=\u00a0\u00bb0&Prime; border_radii=\u00a0\u00bbon|10px|10px|10px|10px\u00a0\u00bb border_color_all=\u00a0\u00bb#6CA200&Prime; global_colors_info=\u00a0\u00bb{}\u00a0\u00bb theme_builder_area=\u00a0\u00bbpost_content\u00a0\u00bb sticky_enabled=\u00a0\u00bb0&Prime; background_enable_image=\u00a0\u00bboff\u00a0\u00bb][et_pb_text _builder_version=\u00a0\u00bb4.27.4&Prime; _module_preset=\u00a0\u00bbdefault\u00a0\u00bb text_font=\u00a0\u00bbArima|700|||||||\u00a0\u00bb header_font=\u00a0\u00bbArima|700||||on|||\u00a0\u00bb header_text_color=\u00a0\u00bb#00aa87&Prime; header_font_size=\u00a0\u00bb33px\u00a0\u00bb text_orientation=\u00a0\u00bbcenter\u00a0\u00bb custom_margin=\u00a0\u00bb15px||15px||true|false\u00a0\u00bb hover_enabled=\u00a0\u00bb0&Prime; header_font_size_tablet=\u00a0\u00bb33px\u00a0\u00bb header_font_size_phone=\u00a0\u00bb25px\u00a0\u00bb header_font_size_last_edited=\u00a0\u00bbon|phone\u00a0\u00bb global_colors_info=\u00a0\u00bb{}\u00a0\u00bb theme_builder_area=\u00a0\u00bbpost_content\u00a0\u00bb custom_padding=\u00a0\u00bb0px|5px|0px|5px|true|true\u00a0\u00bb sticky_enabled=\u00a0\u00bb0&Prime;]\n<h1>CAMPAGNE DE BOURSE COLL\u00c8GE 2025-2026<\/h1>\n[\/et_pb_text][et_pb_text _builder_version=\u00a0\u00bb4.27.4&Prime; _module_preset=\u00a0\u00bbdefault\u00a0\u00bb text_font=\u00a0\u00bbArima||||||||\u00a0\u00bb text_font_size=\u00a0\u00bb16px\u00a0\u00bb header_2_font=\u00a0\u00bbArima|700|||||||\u00a0\u00bb header_2_font_size=\u00a0\u00bb23px\u00a0\u00bb text_orientation=\u00a0\u00bbcenter\u00a0\u00bb custom_margin=\u00a0\u00bb10px||10px||true|false\u00a0\u00bb custom_padding=\u00a0\u00bb0px|5px|0px|5px|true|true\u00a0\u00bb hover_enabled=\u00a0\u00bb0&Prime; global_colors_info=\u00a0\u00bb{}\u00a0\u00bb theme_builder_area=\u00a0\u00bbpost_content\u00a0\u00bb sticky_enabled=\u00a0\u00bb0&Prime;]\n<h2><\/h2>\n<h2 style=\"text-align: center\">Du Lundi 1er septembre au Jeudi 16 octobre 2025<\/h2>\n<h3 style=\"text-align: center\">La demande de bourse est ouverte \u00e0 toute les familles, et vous pouvez le faire <strong><span style=\"text-decoration: underline\">de deux fa\u00e7ons diff\u00e9rentes :<\/span><br \/><\/strong><\/h3>\n<p>&nbsp;<\/p>\n<h3 style=\"text-align: center\"><strong>1) Vous pouvez faire la demande en ligne via le site <span style=\"text-decoration: underline\"><a href=\"https:\/\/educonnect.education.gouv.fr\/idp\/profile\/SAML2\/Redirect\/SSO?execution=e2s1\" target=\"_blank\" rel=\"noopener\"><span style=\"color: #35821c;text-decoration: underline\"><span style=\"color: #00aa87;text-decoration: underline\">Educonne<span>ct<\/span><\/span><\/span><\/a><\/span><a href=\"https:\/\/educonnect.education.gouv.fr\/idp\/profile\/SAML2\/Redirect\/SSO?execution=e2s1\" target=\"_blank\" rel=\"noopener\"><span style=\"color: #35821c\">\u00a0 <\/span><\/a>en acc\u00e9dant \u00e0 \u00ab\u00a0Mes services\u00a0\u00bb<\/strong><\/h3>\n[\/et_pb_text][et_pb_divider color=\u00a0\u00bb#5FC431&Prime; divider_style=\u00a0\u00bbgroove\u00a0\u00bb divider_position=\u00a0\u00bbcenter\u00a0\u00bb _builder_version=\u00a0\u00bb4.27.0&Prime; _module_preset=\u00a0\u00bbdefault\u00a0\u00bb custom_margin=\u00a0\u00bb||19px|||\u00a0\u00bb global_colors_info=\u00a0\u00bb{}\u00a0\u00bb theme_builder_area=\u00a0\u00bbpost_content\u00a0\u00bb][\/et_pb_divider][et_pb_text _builder_version=\u00a0\u00bb4.27.4&Prime; _module_preset=\u00a0\u00bbdefault\u00a0\u00bb header_3_font=\u00a0\u00bbArima|600|||||||\u00a0\u00bb header_4_font=\u00a0\u00bbArima|600|||||||\u00a0\u00bb custom_margin=\u00a0\u00bb10px||10px||true|false\u00a0\u00bb custom_padding=\u00a0\u00bb5px|5px|5px|5px|true|false\u00a0\u00bb hover_enabled=\u00a0\u00bb0&Prime; global_colors_info=\u00a0\u00bb{}\u00a0\u00bb theme_builder_area=\u00a0\u00bbpost_content\u00a0\u00bb sticky_enabled=\u00a0\u00bb0&Prime;]\n<h3 style=\"text-align: center\"><strong>2) Vous pouvez retirer un dossier de \u00ab\u00a0demande de bourse\u00a0\u00bb \u00e0 l&rsquo;intendance du Coll\u00e8ge de Bourbon ou vous pouvez t\u00e9l\u00e9charger le formulaire ci-dessous<\/strong><\/h3>\n[\/et_pb_text][et_pb_button button_url=\u00a0\u00bbhttps:\/\/etab.ac-reunion.fr\/clg-bourbon\/wp-content\/uploads\/sites\/10\/2025\/09\/demande-de-bourse-nationale-de-coll-ge-pour-l-ann-e-scolaire-2025-2026-226466-1.pdf\u00a0\u00bb url_new_window=\u00a0\u00bbon\u00a0\u00bb button_text=\u00a0\u00bbDemande de bourse nationale de coll\u00e8ge \u00a0\u00bb button_alignment=\u00a0\u00bbcenter\u00a0\u00bb _builder_version=\u00a0\u00bb4.27.4&Prime; _module_preset=\u00a0\u00bbdefault\u00a0\u00bb custom_button=\u00a0\u00bbon\u00a0\u00bb button_text_color=\u00a0\u00bb#00aa87&Prime; button_bg_color=\u00a0\u00bb#FFFFFF\u00a0\u00bb button_border_width=\u00a0\u00bb1px\u00a0\u00bb button_border_color=\u00a0\u00bb#005b51&Prime; button_letter_spacing=\u00a0\u00bb1px\u00a0\u00bb button_font=\u00a0\u00bbArima|700|||||||\u00a0\u00bb button_icon=\u00a0\u00bb&#xe091;||divi||400&Prime; custom_margin=\u00a0\u00bb25px||25px||true|false\u00a0\u00bb animation_style=\u00a0\u00bbslide\u00a0\u00bb animation_direction=\u00a0\u00bbleft\u00a0\u00bb animation_duration=\u00a0\u00bb1350ms\u00a0\u00bb animation_intensity_slide=\u00a0\u00bb30%\u00a0\u00bb hover_enabled=\u00a0\u00bb0&Prime; box_shadow_style=\u00a0\u00bbpreset1&Prime; box_shadow_blur=\u00a0\u00bb9px\u00a0\u00bb box_shadow_spread=\u00a0\u00bb-2px\u00a0\u00bb box_shadow_color=\u00a0\u00bb#0c604e\u00a0\u00bb global_colors_info=\u00a0\u00bb{}\u00a0\u00bb theme_builder_area=\u00a0\u00bbpost_content\u00a0\u00bb sticky_enabled=\u00a0\u00bb0&Prime; box_shadow_color__hover_enabled=\u00a0\u00bbon|desktop\u00a0\u00bb box_shadow_color__hover=\u00a0\u00bb#d8d8d8&Prime;][\/et_pb_button][\/et_pb_column][et_pb_column type=\u00a0\u00bb1_2&Prime; _builder_version=\u00a0\u00bb4.27.4&Prime; _module_preset=\u00a0\u00bbdefault\u00a0\u00bb background_position=\u00a0\u00bbbottom_center\u00a0\u00bb custom_padding=\u00a0\u00bb10px|10px|10px|10px|false|false\u00a0\u00bb hover_enabled=\u00a0\u00bb0&Prime; border_radii=\u00a0\u00bbon|10px|10px|10px|10px\u00a0\u00bb border_color_all=\u00a0\u00bb#6CA200&Prime; global_colors_info=\u00a0\u00bb{}\u00a0\u00bb theme_builder_area=\u00a0\u00bbpost_content\u00a0\u00bb sticky_enabled=\u00a0\u00bb0&Prime; background_enable_image=\u00a0\u00bboff\u00a0\u00bb][et_pb_text _builder_version=\u00a0\u00bb4.27.4&Prime; _module_preset=\u00a0\u00bbdefault\u00a0\u00bb header_3_font=\u00a0\u00bbArima||||||||\u00a0\u00bb header_4_font=\u00a0\u00bbArima||||||||\u00a0\u00bb background_color=\u00a0\u00bbrgba(255,255,255,0.84)\u00a0\u00bb custom_margin=\u00a0\u00bb15px||15px||true|false\u00a0\u00bb custom_padding=\u00a0\u00bb15px|10px|15px|10px|true|true\u00a0\u00bb hover_enabled=\u00a0\u00bb0&Prime; global_colors_info=\u00a0\u00bb{}\u00a0\u00bb theme_builder_area=\u00a0\u00bbpost_content\u00a0\u00bb sticky_enabled=\u00a0\u00bb0&Prime;]\n<h4 style=\"text-align: center\"><strong><span style=\"text-decoration: underline\"><\/span><\/strong><\/h4>\n<h3 style=\"text-align: center\"><strong><span style=\"text-decoration: underline\">ATTENTION<\/span> : les parents qui ont accept\u00e9 <span style=\"text-decoration: underline\">\u00ab\u00a0l&rsquo;\u00e9tude automatique du droit \u00e0 la bourse\u00a0\u00bb<\/span> lors des inscriptions n&rsquo;ont plus besoin de faire une demande de bourse.<\/strong><\/h3>\n<p><strong><\/strong><\/p>\n<p><strong><\/strong><\/p>\n<p><strong><\/strong><\/p>\n<h3 style=\"text-align: center\"><strong>Pour vous aidez \u00e0 faire la d\u00e9marche en ligne voici une petite vid\u00e9o expliquant toutes les \u00e9tapes. Bon visionnage !<\/strong><\/h3>\n[\/et_pb_text][et_pb_video src=\u00a0\u00bbhttps:\/\/youtu.be\/h2jsrFMeVD8&Prime; _builder_version=\u00a0\u00bb4.27.4&Prime; _module_preset=\u00a0\u00bbdefault\u00a0\u00bb hover_enabled=\u00a0\u00bb0&Prime; global_colors_info=\u00a0\u00bb{}\u00a0\u00bb theme_builder_area=\u00a0\u00bbpost_content\u00a0\u00bb custom_margin=\u00a0\u00bb0px||0px||true|false\u00a0\u00bb custom_padding=\u00a0\u00bb10px|10px|10px|10px|true|true\u00a0\u00bb sticky_enabled=\u00a0\u00bb0&Prime;][\/et_pb_video][\/et_pb_column][\/et_pb_row][\/et_pb_section]\n","protected":false},"excerpt":{"rendered":"<p>Les aides sociales en faveur des \u00e9l\u00e8ves &nbsp; Pour tout renseignement, adresser vous \u00e0 l&rsquo;assistante sociale du Coll\u00e8ge de Bourbon. Demander un rendez-vous au 02 62 90 45 46 Le fond social coll\u00e9gien Ce fond est destin\u00e9 \u00e0 faire face rapidement \u00e0 das situations difficiles que peuvent conna\u00eetre des familles de coll\u00e9gien pour assumer les [&hellip;]<\/p>\n","protected":false},"author":9884,"featured_media":0,"parent":0,"menu_order":0,"comment_status":"closed","ping_status":"closed","template":"","meta":{"_et_pb_use_builder":"on","_et_pb_old_content":"","_et_gb_content_width":"","footnotes":""},"class_list":["post-1587","page","type-page","status-publish","hentry"],"_links":{"self":[{"href":"https:\/\/etab.ac-reunion.fr\/clg-bourbon\/wp-json\/wp\/v2\/pages\/1587","targetHints":{"allow":["GET"]}}],"collection":[{"href":"https:\/\/etab.ac-reunion.fr\/clg-bourbon\/wp-json\/wp\/v2\/pages"}],"about":[{"href":"https:\/\/etab.ac-reunion.fr\/clg-bourbon\/wp-json\/wp\/v2\/types\/page"}],"author":[{"embeddable":true,"href":"https:\/\/etab.ac-reunion.fr\/clg-bourbon\/wp-json\/wp\/v2\/users\/9884"}],"replies":[{"embeddable":true,"href":"https:\/\/etab.ac-reunion.fr\/clg-bourbon\/wp-json\/wp\/v2\/comments?post=1587"}],"version-history":[{"count":69,"href":"https:\/\/etab.ac-reunion.fr\/clg-bourbon\/wp-json\/wp\/v2\/pages\/1587\/revisions"}],"predecessor-version":[{"id":16404,"href":"https:\/\/etab.ac-reunion.fr\/clg-bourbon\/wp-json\/wp\/v2\/pages\/1587\/revisions\/16404"}],"wp:attachment":[{"href":"https:\/\/etab.ac-reunion.fr\/clg-bourbon\/wp-json\/wp\/v2\/media?parent=1587"}],"curies":[{"name":"wp","href":"https:\/\/api.w.org\/{rel}","templated":true}]}}