{"id":1733,"date":"2016-09-13T22:10:52","date_gmt":"2016-09-13T18:10:52","guid":{"rendered":"http:\/\/college-bourbon.ac-reunion.fr\/?page_id=1733"},"modified":"2026-01-16T10:39:57","modified_gmt":"2026-01-16T06:39:57","slug":"personnel-du-college","status":"publish","type":"page","link":"https:\/\/etab.ac-reunion.fr\/clg-bourbon\/personnel-du-college\/","title":{"rendered":"Personnels du Coll\u00e8ge"},"content":{"rendered":"[et_pb_section fb_built=\u00a0\u00bb1&Prime; disabled_on=\u00a0\u00bboff|off|off\u00a0\u00bb _builder_version=\u00a0\u00bb4.27.4&Prime; _module_preset=\u00a0\u00bbdefault\u00a0\u00bb background_enable_color=\u00a0\u00bboff\u00a0\u00bb use_background_color_gradient=\u00a0\u00bbon\u00a0\u00bb background_color_gradient_stops=\u00a0\u00bbrgba(255,255,255,0.65) 20%|rgba(107,155,111,0.91) 100%\u00a0\u00bb background_color_gradient_overlays_image=\u00a0\u00bbon\u00a0\u00bb background_image=\u00a0\u00bbhttps:\/\/etab.ac-reunion.fr\/clg-bourbon\/wp-content\/uploads\/sites\/10\/2022\/11\/IMG20221109134936-scaled.jpg\u00a0\u00bb parallax=\u00a0\u00bbon\u00a0\u00bb parallax_method=\u00a0\u00bboff\u00a0\u00bb width=\u00a0\u00bb100%\u00a0\u00bb module_alignment=\u00a0\u00bbcenter\u00a0\u00bb animation_style=\u00a0\u00bbfade\u00a0\u00bb global_colors_info=\u00a0\u00bb{}\u00a0\u00bb][et_pb_row _builder_version=\u00a0\u00bb4.25.0&Prime; _module_preset=\u00a0\u00bbdefault\u00a0\u00bb global_colors_info=\u00a0\u00bb{}\u00a0\u00bb][et_pb_column type=\u00a0\u00bb4_4&Prime; _builder_version=\u00a0\u00bb4.24.3&Prime; _module_preset=\u00a0\u00bbdefault\u00a0\u00bb global_colors_info=\u00a0\u00bb{}\u00a0\u00bb][et_pb_toggle title=\u00a0\u00bbL&rsquo;\u00e9quipe de direction\u00a0\u00bb open_toggle_text_color=\u00a0\u00bb#191919&Prime; open_toggle_background_color=\u00a0\u00bb#FFFFFF\u00a0\u00bb closed_toggle_background_color=\u00a0\u00bb#FFFFFF\u00a0\u00bb toggle_icon=\u00a0\u00bb&#x3b;||divi||400&Prime; _builder_version=\u00a0\u00bb4.27.4&Prime; _module_preset=\u00a0\u00bbdefault\u00a0\u00bb title_text_color=\u00a0\u00bb#191918&Prime; title_font=\u00a0\u00bbArima|600|||||||\u00a0\u00bb title_text_align=\u00a0\u00bbcenter\u00a0\u00bb title_font_size=\u00a0\u00bb26px\u00a0\u00bb closed_title_font=\u00a0\u00bbArima|600|||||||\u00a0\u00bb body_font=\u00a0\u00bbArima|500|||||||\u00a0\u00bb body_text_align=\u00a0\u00bbcenter\u00a0\u00bb body_font_size=\u00a0\u00bb17px\u00a0\u00bb width=\u00a0\u00bb100%\u00a0\u00bb module_alignment=\u00a0\u00bbcenter\u00a0\u00bb custom_padding=\u00a0\u00bb||23px||false|false\u00a0\u00bb border_radii=\u00a0\u00bbon|10px|10px|10px|10px\u00a0\u00bb border_width_all=\u00a0\u00bb3px\u00a0\u00bb border_color_all=\u00a0\u00bb#6b9b6f\u00a0\u00bb box_shadow_style=\u00a0\u00bbpreset4&Prime; box_shadow_horizontal=\u00a0\u00bb-10px\u00a0\u00bb box_shadow_spread=\u00a0\u00bb-4px\u00a0\u00bb box_shadow_color=\u00a0\u00bb#6b9b6f\u00a0\u00bb global_colors_info=\u00a0\u00bb{}\u00a0\u00bb]\n<p>La Principale, Mme ALLALI<\/p>\n<p>La Principale adjointe, Mme DAZET<\/p>\n[\/et_pb_toggle][\/et_pb_column][\/et_pb_row][et_pb_row _builder_version=\u00a0\u00bb4.24.3&Prime; _module_preset=\u00a0\u00bbdefault\u00a0\u00bb custom_margin=\u00a0\u00bb|auto|20px|auto||\u00a0\u00bb custom_padding=\u00a0\u00bb34px|||||\u00a0\u00bb global_colors_info=\u00a0\u00bb{}\u00a0\u00bb][et_pb_column type=\u00a0\u00bb4_4&Prime; _builder_version=\u00a0\u00bb4.24.3&Prime; _module_preset=\u00a0\u00bbdefault\u00a0\u00bb global_colors_info=\u00a0\u00bb{}\u00a0\u00bb][et_pb_toggle title=\u00a0\u00bbLe secr\u00e9tariat\u00a0\u00bb open_toggle_text_color=\u00a0\u00bb#191919&Prime; open_toggle_background_color=\u00a0\u00bb#FFFFFF\u00a0\u00bb closed_toggle_background_color=\u00a0\u00bb#FFFFFF\u00a0\u00bb toggle_icon=\u00a0\u00bb&#x3b;||divi||400&Prime; _builder_version=\u00a0\u00bb4.27.4&Prime; _module_preset=\u00a0\u00bbdefault\u00a0\u00bb title_text_color=\u00a0\u00bb#191918&Prime; title_font=\u00a0\u00bbArima|600|||||||\u00a0\u00bb title_text_align=\u00a0\u00bbcenter\u00a0\u00bb title_font_size=\u00a0\u00bb26px\u00a0\u00bb closed_title_font=\u00a0\u00bbArima|600|||||||\u00a0\u00bb body_font=\u00a0\u00bbArima|500|||||||\u00a0\u00bb body_text_align=\u00a0\u00bbcenter\u00a0\u00bb body_font_size=\u00a0\u00bb17px\u00a0\u00bb width=\u00a0\u00bb100%\u00a0\u00bb module_alignment=\u00a0\u00bbcenter\u00a0\u00bb custom_padding=\u00a0\u00bb||23px||false|false\u00a0\u00bb border_radii=\u00a0\u00bbon|10px|10px|10px|10px\u00a0\u00bb border_width_all=\u00a0\u00bb3px\u00a0\u00bb border_color_all=\u00a0\u00bb#6b9b6f\u00a0\u00bb box_shadow_style=\u00a0\u00bbpreset4&Prime; box_shadow_horizontal=\u00a0\u00bb-10px\u00a0\u00bb box_shadow_spread=\u00a0\u00bb-4px\u00a0\u00bb box_shadow_color=\u00a0\u00bb#6b9b6f\u00a0\u00bb global_colors_info=\u00a0\u00bb{}\u00a0\u00bb]\n<p>La secr\u00e9taire de direction, Mme SENEQUE<\/p>\n<p>La secr\u00e9taire de vie scolaire, Mme OUDIN<\/p>\n[\/et_pb_toggle][\/et_pb_column][\/et_pb_row][et_pb_row column_structure=\u00a0\u00bb1_3,1_3,1_3&Prime; _builder_version=\u00a0\u00bb4.25.0&Prime; _module_preset=\u00a0\u00bbdefault\u00a0\u00bb custom_margin=\u00a0\u00bb8px|auto||auto||\u00a0\u00bb custom_padding=\u00a0\u00bb27px|||||\u00a0\u00bb global_colors_info=\u00a0\u00bb{}\u00a0\u00bb][et_pb_column type=\u00a0\u00bb1_3&Prime; _builder_version=\u00a0\u00bb4.24.3&Prime; _module_preset=\u00a0\u00bbdefault\u00a0\u00bb global_colors_info=\u00a0\u00bb{}\u00a0\u00bb][et_pb_toggle title=\u00a0\u00bbL&rsquo;\u00e9quipe de l&rsquo;intendance\u00a0\u00bb open_toggle_text_color=\u00a0\u00bb#191919&Prime; open_toggle_background_color=\u00a0\u00bb#FFFFFF\u00a0\u00bb closed_toggle_background_color=\u00a0\u00bb#FFFFFF\u00a0\u00bb toggle_icon=\u00a0\u00bb&#x3b;||divi||400&Prime; _builder_version=\u00a0\u00bb4.27.4&Prime; _module_preset=\u00a0\u00bbdefault\u00a0\u00bb title_text_color=\u00a0\u00bb#191918&Prime; title_font=\u00a0\u00bbArima|600|||||||\u00a0\u00bb title_text_align=\u00a0\u00bbcenter\u00a0\u00bb title_font_size=\u00a0\u00bb26px\u00a0\u00bb closed_title_font=\u00a0\u00bbArima|600|||||||\u00a0\u00bb body_font=\u00a0\u00bbArima|500|||||||\u00a0\u00bb body_text_align=\u00a0\u00bbcenter\u00a0\u00bb body_font_size=\u00a0\u00bb17px\u00a0\u00bb width=\u00a0\u00bb100%\u00a0\u00bb module_alignment=\u00a0\u00bbcenter\u00a0\u00bb custom_padding=\u00a0\u00bb||23px||false|false\u00a0\u00bb border_radii=\u00a0\u00bbon|10px|10px|10px|10px\u00a0\u00bb border_width_all=\u00a0\u00bb3px\u00a0\u00bb border_color_all=\u00a0\u00bb#6b9b6f\u00a0\u00bb box_shadow_style=\u00a0\u00bbpreset4&Prime; box_shadow_horizontal=\u00a0\u00bb-10px\u00a0\u00bb box_shadow_spread=\u00a0\u00bb-4px\u00a0\u00bb box_shadow_color=\u00a0\u00bb#6b9b6f\u00a0\u00bb global_colors_info=\u00a0\u00bb{}\u00a0\u00bb]\n<p>La secr\u00e9taire g\u00e9n\u00e9rale et agent comptable, Mme RIFKI<\/p>\n<p>La gestionnaire adjointe, Mme BERGET<\/p>\n<p style=\"text-align: center\">Intendance :<\/p>\n<p style=\"text-align: center\">Mme FERRERE<\/p>\n<p style=\"text-align: center\">Mme RICHARD<\/p>\n<p style=\"text-align: center\">Mme CASCADE<\/p>\n<p style=\"text-align: center\">[\/et_pb_toggle][\/et_pb_column][et_pb_column type=\u00a0\u00bb1_3&Prime; _builder_version=\u00a0\u00bb4.27.0&Prime; _module_preset=\u00a0\u00bbdefault\u00a0\u00bb global_colors_info=\u00a0\u00bb{}\u00a0\u00bb][et_pb_toggle title=\u00a0\u00bbLa restauration\u00a0\u00bb open_toggle_text_color=\u00a0\u00bb#191919&Prime; open_toggle_background_color=\u00a0\u00bb#FFFFFF\u00a0\u00bb closed_toggle_background_color=\u00a0\u00bb#FFFFFF\u00a0\u00bb toggle_icon=\u00a0\u00bb&#x3b;||divi||400&Prime; _builder_version=\u00a0\u00bb4.27.4&Prime; _module_preset=\u00a0\u00bbdefault\u00a0\u00bb title_text_color=\u00a0\u00bb#191918&Prime; title_font=\u00a0\u00bbArima|600|||||||\u00a0\u00bb title_text_align=\u00a0\u00bbcenter\u00a0\u00bb title_font_size=\u00a0\u00bb26px\u00a0\u00bb closed_title_font=\u00a0\u00bbArima|600|||||||\u00a0\u00bb body_font=\u00a0\u00bbArima|500|||||||\u00a0\u00bb body_text_align=\u00a0\u00bbcenter\u00a0\u00bb body_font_size=\u00a0\u00bb17px\u00a0\u00bb width=\u00a0\u00bb100%\u00a0\u00bb module_alignment=\u00a0\u00bbcenter\u00a0\u00bb custom_padding=\u00a0\u00bb||23px||false|false\u00a0\u00bb border_radii=\u00a0\u00bbon|10px|10px|10px|10px\u00a0\u00bb border_width_all=\u00a0\u00bb3px\u00a0\u00bb border_color_all=\u00a0\u00bb#6b9b6f\u00a0\u00bb box_shadow_style=\u00a0\u00bbpreset4&Prime; box_shadow_horizontal=\u00a0\u00bb-10px\u00a0\u00bb box_shadow_spread=\u00a0\u00bb-4px\u00a0\u00bb box_shadow_color=\u00a0\u00bb#6b9b6f\u00a0\u00bb global_colors_info=\u00a0\u00bb{}\u00a0\u00bb]\n<p>La cheffe du service de restauration, Mme TANJON<\/p>\n<p style=\"text-align: center\">Mme PORTHOS<\/p>\n<p style=\"text-align: center\">M. IDMOND\u00a0<\/p>\n<p style=\"text-align: center\">M. LEPINAY\u00a0<\/p>\n<p style=\"text-align: center\">Mme PATCHIE<\/p>\n<p style=\"text-align: center\">Mme SELOM<\/p>\n<p style=\"text-align: center\">[\/et_pb_toggle][\/et_pb_column][et_pb_column type=\u00a0\u00bb1_3&Prime; _builder_version=\u00a0\u00bb4.24.3&Prime; _module_preset=\u00a0\u00bbdefault\u00a0\u00bb global_colors_info=\u00a0\u00bb{}\u00a0\u00bb][et_pb_toggle title=\u00a0\u00bbL&rsquo;\u00e9quipe du service g\u00e9n\u00e9ral\u00a0\u00bb open_toggle_text_color=\u00a0\u00bb#191919&Prime; open_toggle_background_color=\u00a0\u00bb#FFFFFF\u00a0\u00bb closed_toggle_background_color=\u00a0\u00bb#FFFFFF\u00a0\u00bb toggle_icon=\u00a0\u00bb&#x3b;||divi||400&Prime; _builder_version=\u00a0\u00bb4.27.4&Prime; _module_preset=\u00a0\u00bbdefault\u00a0\u00bb title_text_color=\u00a0\u00bb#191918&Prime; title_font=\u00a0\u00bbArima|600|||||||\u00a0\u00bb title_text_align=\u00a0\u00bbcenter\u00a0\u00bb title_font_size=\u00a0\u00bb26px\u00a0\u00bb closed_title_font=\u00a0\u00bbArima|600|||||||\u00a0\u00bb body_font=\u00a0\u00bbArima|500|||||||\u00a0\u00bb body_text_align=\u00a0\u00bbcenter\u00a0\u00bb body_font_size=\u00a0\u00bb17px\u00a0\u00bb width=\u00a0\u00bb100%\u00a0\u00bb module_alignment=\u00a0\u00bbcenter\u00a0\u00bb custom_padding=\u00a0\u00bb||23px||false|false\u00a0\u00bb border_radii=\u00a0\u00bbon|10px|10px|10px|10px\u00a0\u00bb border_width_all=\u00a0\u00bb3px\u00a0\u00bb border_color_all=\u00a0\u00bb#6b9b6f\u00a0\u00bb box_shadow_style=\u00a0\u00bbpreset4&Prime; box_shadow_horizontal=\u00a0\u00bb-10px\u00a0\u00bb box_shadow_spread=\u00a0\u00bb-4px\u00a0\u00bb box_shadow_color=\u00a0\u00bb#6b9b6f\u00a0\u00bb global_colors_info=\u00a0\u00bb{}\u00a0\u00bb]\n<p>Le chef des travaux, M. BEAUVOIR<\/p>\n<p style=\"text-align: center\">Les agents :<\/p>\n<p style=\"text-align: center\">Mme AHMADI<\/p>\n<p style=\"text-align: center\">Mme ROBERT<\/p>\n<p style=\"text-align: center\">Mme DALLERY<\/p>\n<p style=\"text-align: center\">Mme GUICHARD<\/p>\n<p style=\"text-align: center\">Mme TURPIN<\/p>\n<p style=\"text-align: center\">M. CLORATE<\/p>\n<p style=\"text-align: center\">M. SAUTRON<\/p>\n<p style=\"text-align: center\">Mme SINAMA POUJOLLE<\/p>\n<p style=\"text-align: center\">M. TECHER<\/p>\n<p style=\"text-align: center\">M. RAMASSAMY<\/p>\n<p style=\"text-align: center\">M. TURPIN<\/p>\n[\/et_pb_toggle][\/et_pb_column][\/et_pb_row][et_pb_row column_structure=\u00a0\u00bb1_3,1_3,1_3&Prime; _builder_version=\u00a0\u00bb4.24.3&Prime; _module_preset=\u00a0\u00bbdefault\u00a0\u00bb custom_margin=\u00a0\u00bb15px|auto||auto||\u00a0\u00bb global_colors_info=\u00a0\u00bb{}\u00a0\u00bb][et_pb_column type=\u00a0\u00bb1_3&Prime; _builder_version=\u00a0\u00bb4.24.3&Prime; _module_preset=\u00a0\u00bbdefault\u00a0\u00bb global_colors_info=\u00a0\u00bb{}\u00a0\u00bb][et_pb_toggle title=\u00a0\u00bbL&rsquo;\u00e9quipe de vie scolaire\u00a0\u00bb open_toggle_text_color=\u00a0\u00bb#191919&Prime; open_toggle_background_color=\u00a0\u00bb#FFFFFF\u00a0\u00bb closed_toggle_background_color=\u00a0\u00bb#FFFFFF\u00a0\u00bb toggle_icon=\u00a0\u00bb&#x3b;||divi||400&Prime; _builder_version=\u00a0\u00bb4.27.4&Prime; _module_preset=\u00a0\u00bbdefault\u00a0\u00bb title_text_color=\u00a0\u00bb#191918&Prime; title_font=\u00a0\u00bbArima|600|||||||\u00a0\u00bb title_text_align=\u00a0\u00bbcenter\u00a0\u00bb title_font_size=\u00a0\u00bb26px\u00a0\u00bb closed_title_font=\u00a0\u00bbArima|600|||||||\u00a0\u00bb body_font=\u00a0\u00bbArima|500|||||||\u00a0\u00bb body_text_align=\u00a0\u00bbcenter\u00a0\u00bb body_font_size=\u00a0\u00bb17px\u00a0\u00bb width=\u00a0\u00bb100%\u00a0\u00bb module_alignment=\u00a0\u00bbcenter\u00a0\u00bb custom_padding=\u00a0\u00bb||23px||false|false\u00a0\u00bb border_radii=\u00a0\u00bbon|10px|10px|10px|10px\u00a0\u00bb border_width_all=\u00a0\u00bb3px\u00a0\u00bb border_color_all=\u00a0\u00bb#6b9b6f\u00a0\u00bb box_shadow_style=\u00a0\u00bbpreset4&Prime; box_shadow_horizontal=\u00a0\u00bb-10px\u00a0\u00bb box_shadow_spread=\u00a0\u00bb-4px\u00a0\u00bb box_shadow_color=\u00a0\u00bb#608c65&Prime; global_colors_info=\u00a0\u00bb{}\u00a0\u00bb]\n<p style=\"text-align: center\">CPE, Mme DIJOUX<\/p>\n<p style=\"text-align: center\">CPE, M. ASTOURNE<\/p>\n<p style=\"text-align: center\">CPE, Mme AMELDA<\/p>\n<p style=\"text-align: center\">CPE, Mme TECHER<\/p>\n<p style=\"text-align: center\">R\u00e9partitions des niveaux de classes :<\/p>\n<p style=\"text-align: center\">6\u00e8mes : Mme DIJOUX<\/p>\n<p style=\"text-align: center\">5\u00e8 ARMSTRONG &#8211; 5 BACH &#8211; 5 BECHET et 5 BIZET : M.ASTOURNE<\/p>\n<p style=\"text-align: center\">5 CHOPIN &#8211; 5 FOSSY &#8211; 5 MADORE et 5SEROTONINE : Mme AMELDA<\/p>\n<p style=\"text-align: center\">\u00a04\u00e8mes : Mme DIJOUX<\/p>\n<p style=\"text-align: center\">3\u00e8mes : M. ASTOURNE<\/p>\n[\/et_pb_toggle][\/et_pb_column][et_pb_column type=\u00a0\u00bb1_3&Prime; _builder_version=\u00a0\u00bb4.24.3&Prime; _module_preset=\u00a0\u00bbdefault\u00a0\u00bb global_colors_info=\u00a0\u00bb{}\u00a0\u00bb][et_pb_toggle title=\u00a0\u00bbLe p\u00f4le social\u00a0\u00bb open_toggle_text_color=\u00a0\u00bb#191919&Prime; open_toggle_background_color=\u00a0\u00bb#FFFFFF\u00a0\u00bb closed_toggle_background_color=\u00a0\u00bb#FFFFFF\u00a0\u00bb toggle_icon=\u00a0\u00bb&#x3b;||divi||400&Prime; _builder_version=\u00a0\u00bb4.27.4&Prime; _module_preset=\u00a0\u00bbdefault\u00a0\u00bb title_text_color=\u00a0\u00bb#191918&Prime; title_font=\u00a0\u00bbArima|600|||||||\u00a0\u00bb title_text_align=\u00a0\u00bbcenter\u00a0\u00bb title_font_size=\u00a0\u00bb26px\u00a0\u00bb closed_title_font=\u00a0\u00bbArima|600|||||||\u00a0\u00bb body_font=\u00a0\u00bbArima|500|||||||\u00a0\u00bb body_text_align=\u00a0\u00bbcenter\u00a0\u00bb body_font_size=\u00a0\u00bb17px\u00a0\u00bb width=\u00a0\u00bb100%\u00a0\u00bb module_alignment=\u00a0\u00bbcenter\u00a0\u00bb custom_padding=\u00a0\u00bb||23px||false|false\u00a0\u00bb border_radii=\u00a0\u00bbon|10px|10px|10px|10px\u00a0\u00bb border_width_all=\u00a0\u00bb3px\u00a0\u00bb border_color_all=\u00a0\u00bb#6b9b6f\u00a0\u00bb box_shadow_style=\u00a0\u00bbpreset4&Prime; box_shadow_horizontal=\u00a0\u00bb-10px\u00a0\u00bb box_shadow_spread=\u00a0\u00bb-4px\u00a0\u00bb box_shadow_color=\u00a0\u00bb#608c65&Prime; global_colors_info=\u00a0\u00bb{}\u00a0\u00bb]\n<p style=\"text-align: center\">L&rsquo;infirmi\u00e8re, Mme LOGEZ<\/p>\n<p style=\"text-align: center\">L&rsquo;infirmi\u00e8re, Mme PITREBOTH<\/p>\n<p style=\"text-align: center\">L&rsquo;infirmi\u00e8re, Mme CAILLAU<\/p>\n<p style=\"text-align: center\">Le m\u00e9decin scolaire, M. POUDEROUX<\/p>\n<p style=\"text-align: center\">L&rsquo;assistante sociale, Mme ALI<\/p>\n<p style=\"text-align: center\">[\/et_pb_toggle][\/et_pb_column][et_pb_column type=\u00a0\u00bb1_3&Prime; _builder_version=\u00a0\u00bb4.24.3&Prime; _module_preset=\u00a0\u00bbdefault\u00a0\u00bb global_colors_info=\u00a0\u00bb{}\u00a0\u00bb][et_pb_toggle title=\u00a0\u00bbLe conseiller d&rsquo;orientation\u00a0\u00bb open_toggle_text_color=\u00a0\u00bb#191919&Prime; open_toggle_background_color=\u00a0\u00bb#FFFFFF\u00a0\u00bb closed_toggle_background_color=\u00a0\u00bb#FFFFFF\u00a0\u00bb toggle_icon=\u00a0\u00bb&#x3b;||divi||400&Prime; _builder_version=\u00a0\u00bb4.27.0&Prime; _module_preset=\u00a0\u00bbdefault\u00a0\u00bb title_text_color=\u00a0\u00bb#191918&Prime; title_font=\u00a0\u00bbArima|600|||||||\u00a0\u00bb title_text_align=\u00a0\u00bbcenter\u00a0\u00bb title_font_size=\u00a0\u00bb26px\u00a0\u00bb closed_title_font=\u00a0\u00bbArima|600|||||||\u00a0\u00bb body_font=\u00a0\u00bbArima|500|||||||\u00a0\u00bb body_text_align=\u00a0\u00bbcenter\u00a0\u00bb body_font_size=\u00a0\u00bb17px\u00a0\u00bb width=\u00a0\u00bb100%\u00a0\u00bb module_alignment=\u00a0\u00bbcenter\u00a0\u00bb custom_padding=\u00a0\u00bb||23px||false|false\u00a0\u00bb border_radii=\u00a0\u00bbon|10px|10px|10px|10px\u00a0\u00bb border_width_all=\u00a0\u00bb3px\u00a0\u00bb border_color_all=\u00a0\u00bb#6b9b6f\u00a0\u00bb box_shadow_style=\u00a0\u00bbpreset4&Prime; box_shadow_horizontal=\u00a0\u00bb-10px\u00a0\u00bb box_shadow_spread=\u00a0\u00bb-4px\u00a0\u00bb box_shadow_color=\u00a0\u00bb#608c65&Prime; global_colors_info=\u00a0\u00bb{}\u00a0\u00bb]\n<p style=\"text-align: center\">Le PSY-EN, M. RAVEL<\/p>\n[\/et_pb_toggle][\/et_pb_column][\/et_pb_row][et_pb_row column_structure=\u00a0\u00bb1_2,1_2&Prime; _builder_version=\u00a0\u00bb4.24.3&Prime; _module_preset=\u00a0\u00bbdefault\u00a0\u00bb custom_margin=\u00a0\u00bb5px|auto||auto||\u00a0\u00bb custom_padding=\u00a0\u00bb31px|||||\u00a0\u00bb global_colors_info=\u00a0\u00bb{}\u00a0\u00bb][et_pb_column type=\u00a0\u00bb1_2&Prime; _builder_version=\u00a0\u00bb4.24.3&Prime; _module_preset=\u00a0\u00bbdefault\u00a0\u00bb global_colors_info=\u00a0\u00bb{}\u00a0\u00bb][et_pb_toggle title=\u00a0\u00bbLe CDI\u00a0\u00bb open_toggle_text_color=\u00a0\u00bb#191919&Prime; open_toggle_background_color=\u00a0\u00bb#FFFFFF\u00a0\u00bb closed_toggle_background_color=\u00a0\u00bb#FFFFFF\u00a0\u00bb toggle_icon=\u00a0\u00bb&#x3b;||divi||400&Prime; _builder_version=\u00a0\u00bb4.27.4&Prime; _module_preset=\u00a0\u00bbdefault\u00a0\u00bb title_text_color=\u00a0\u00bb#191918&Prime; title_font=\u00a0\u00bbArima|600|||||||\u00a0\u00bb title_text_align=\u00a0\u00bbcenter\u00a0\u00bb title_font_size=\u00a0\u00bb26px\u00a0\u00bb closed_title_font=\u00a0\u00bbArima|600|||||||\u00a0\u00bb body_font=\u00a0\u00bbArima|500|||||||\u00a0\u00bb body_text_align=\u00a0\u00bbcenter\u00a0\u00bb body_font_size=\u00a0\u00bb17px\u00a0\u00bb width=\u00a0\u00bb100%\u00a0\u00bb module_alignment=\u00a0\u00bbcenter\u00a0\u00bb custom_padding=\u00a0\u00bb||23px||false|false\u00a0\u00bb border_radii=\u00a0\u00bbon|10px|10px|10px|10px\u00a0\u00bb border_width_all=\u00a0\u00bb3px\u00a0\u00bb border_color_all=\u00a0\u00bb#6b9b6f\u00a0\u00bb box_shadow_style=\u00a0\u00bbpreset4&Prime; box_shadow_horizontal=\u00a0\u00bb-10px\u00a0\u00bb box_shadow_spread=\u00a0\u00bb-4px\u00a0\u00bb box_shadow_color=\u00a0\u00bb#5a8461&Prime; global_colors_info=\u00a0\u00bb{}\u00a0\u00bb]\n<p style=\"text-align: center\">Le documentaliste, M. BOUVET<\/p>\n[\/et_pb_toggle][\/et_pb_column][et_pb_column type=\u00a0\u00bb1_2&Prime; _builder_version=\u00a0\u00bb4.24.3&Prime; _module_preset=\u00a0\u00bbdefault\u00a0\u00bb global_colors_info=\u00a0\u00bb{}\u00a0\u00bb][et_pb_toggle title=\u00a0\u00bbInformatique\u00a0\u00bb open_toggle_text_color=\u00a0\u00bb#191919&Prime; open_toggle_background_color=\u00a0\u00bb#FFFFFF\u00a0\u00bb closed_toggle_background_color=\u00a0\u00bb#FFFFFF\u00a0\u00bb toggle_icon=\u00a0\u00bb&#x3b;||divi||400&Prime; _builder_version=\u00a0\u00bb4.27.4&Prime; _module_preset=\u00a0\u00bbdefault\u00a0\u00bb title_text_color=\u00a0\u00bb#191918&Prime; title_font=\u00a0\u00bbArima|600|||||||\u00a0\u00bb title_text_align=\u00a0\u00bbcenter\u00a0\u00bb title_font_size=\u00a0\u00bb26px\u00a0\u00bb closed_title_font=\u00a0\u00bbArima|600|||||||\u00a0\u00bb body_font=\u00a0\u00bbArima|500|||||||\u00a0\u00bb body_text_align=\u00a0\u00bbcenter\u00a0\u00bb body_font_size=\u00a0\u00bb17px\u00a0\u00bb width=\u00a0\u00bb100%\u00a0\u00bb module_alignment=\u00a0\u00bbcenter\u00a0\u00bb custom_padding=\u00a0\u00bb||23px||false|false\u00a0\u00bb border_radii=\u00a0\u00bbon|10px|10px|10px|10px\u00a0\u00bb border_width_all=\u00a0\u00bb3px\u00a0\u00bb border_color_all=\u00a0\u00bb#6b9b6f\u00a0\u00bb box_shadow_style=\u00a0\u00bbpreset4&Prime; box_shadow_horizontal=\u00a0\u00bb-10px\u00a0\u00bb box_shadow_spread=\u00a0\u00bb-4px\u00a0\u00bb box_shadow_color=\u00a0\u00bb#5a8461&Prime; global_colors_info=\u00a0\u00bb{}\u00a0\u00bb]\n<p><a href=\"mailto:tice.9740080u@ac-reunion.fr\">tice.9740080u@ac-reunion.fr<\/a><\/p>\n<p>R\u00e9f\u00e9rent RUPN, M. LAPIERRE<\/p>\n<p>AED Tice, M.REGEL<\/p>\n[\/et_pb_toggle][\/et_pb_column][\/et_pb_row][\/et_pb_section]\n","protected":false},"excerpt":{"rendered":"<p>La Principale, Mme ALLALI La Principale adjointe, Mme DAZETLa secr\u00e9taire de direction, Mme SENEQUE La secr\u00e9taire de vie scolaire, Mme OUDINLa secr\u00e9taire g\u00e9n\u00e9rale et agent comptable, Mme RIFKI La gestionnaire adjointe, Mme BERGET Intendance : Mme FERRERE Mme RICHARD Mme CASCADE La cheffe du service de restauration, Mme TANJON Mme PORTHOS M. IDMOND\u00a0 M. LEPINAY\u00a0 [&hellip;]<\/p>\n","protected":false},"author":9884,"featured_media":0,"parent":0,"menu_order":0,"comment_status":"closed","ping_status":"closed","template":"","meta":{"_et_pb_use_builder":"on","_et_pb_old_content":"[et_pb_section admin_label=\"section\"][et_pb_row admin_label=\"row\"][\/et_pb_row][\/et_pb_section]","_et_gb_content_width":"","footnotes":""},"class_list":["post-1733","page","type-page","status-publish","hentry"],"_links":{"self":[{"href":"https:\/\/etab.ac-reunion.fr\/clg-bourbon\/wp-json\/wp\/v2\/pages\/1733","targetHints":{"allow":["GET"]}}],"collection":[{"href":"https:\/\/etab.ac-reunion.fr\/clg-bourbon\/wp-json\/wp\/v2\/pages"}],"about":[{"href":"https:\/\/etab.ac-reunion.fr\/clg-bourbon\/wp-json\/wp\/v2\/types\/page"}],"author":[{"embeddable":true,"href":"https:\/\/etab.ac-reunion.fr\/clg-bourbon\/wp-json\/wp\/v2\/users\/9884"}],"replies":[{"embeddable":true,"href":"https:\/\/etab.ac-reunion.fr\/clg-bourbon\/wp-json\/wp\/v2\/comments?post=1733"}],"version-history":[{"count":104,"href":"https:\/\/etab.ac-reunion.fr\/clg-bourbon\/wp-json\/wp\/v2\/pages\/1733\/revisions"}],"predecessor-version":[{"id":17549,"href":"https:\/\/etab.ac-reunion.fr\/clg-bourbon\/wp-json\/wp\/v2\/pages\/1733\/revisions\/17549"}],"wp:attachment":[{"href":"https:\/\/etab.ac-reunion.fr\/clg-bourbon\/wp-json\/wp\/v2\/media?parent=1733"}],"curies":[{"name":"wp","href":"https:\/\/api.w.org\/{rel}","templated":true}]}}