{"id":116,"date":"2014-02-13T10:54:19","date_gmt":"2014-02-13T09:54:19","guid":{"rendered":"http:\/\/college-cambuston.ac-reunion.fr\/?page_id=116"},"modified":"2025-02-25T07:31:22","modified_gmt":"2025-02-25T07:31:22","slug":"plan-du-college","status":"publish","type":"page","link":"https:\/\/etab.ac-reunion.fr\/clg-cambuston\/plan-du-college\/","title":{"rendered":"L&rsquo;\u00e9tablissement"},"content":{"rendered":"<p>\u00c9tablissement agr\u00e9able et arbor\u00e9, agenc\u00e9 en forme de village, le coll\u00e8ge accueille chaque ann\u00e9e 650 \u00e9l\u00e8ves de la 6\u00e8me \u00e0 la 3\u00e8me.<\/p>\n<p>Nous b\u00e9n\u00e9ficions d&rsquo;un dispositif Ulis, d&rsquo;une Classe Relais, d&rsquo;une 3\u00e8me Pr\u00e9pa M\u00e9tiers, de sections bilangues allemand et espagnol, de sections LCE (langues et Civilisations Etrang\u00e8res) Anglais et Espagnol, d&rsquo;une section Astronomie, et d&rsquo;une section Handball.<\/p>\n<p>Class\u00e9 en REP+ (r\u00e9seau d&rsquo;Education prioritaire renforc\u00e9), les nombreux projets men\u00e9s au coll\u00e8ge, souvent en lien avec les \u00e9coles du r\u00e9seau, en font le coeur de vie du quartier de Cambuston.<\/p>\n<p><a href=\"https:\/\/etab.ac-reunion.fr\/clg-cambuston\/wp-content\/uploads\/sites\/45\/2014\/02\/plan-college-2012web.jpg\"><img loading=\"lazy\" decoding=\"async\" class=\"aligncenter size-full wp-image-533\" src=\"https:\/\/etab.ac-reunion.fr\/clg-cambuston\/wp-content\/uploads\/sites\/45\/2014\/02\/plan-college-2012web.jpg\" alt=\"plan-college-2012web\" width=\"560\" height=\"760\" srcset=\"https:\/\/etab.ac-reunion.fr\/clg-cambuston\/wp-content\/uploads\/sites\/45\/2014\/02\/plan-college-2012web.jpg 560w, https:\/\/etab.ac-reunion.fr\/clg-cambuston\/wp-content\/uploads\/sites\/45\/2014\/02\/plan-college-2012web-36x50.jpg 36w, https:\/\/etab.ac-reunion.fr\/clg-cambuston\/wp-content\/uploads\/sites\/45\/2014\/02\/plan-college-2012web-221x300.jpg 221w\" sizes=\"auto, (max-width: 560px) 100vw, 560px\" \/><\/a><\/p>\n<p style=\"text-align: right\">Coll\u00e8ge de Cambuston Claude Mahoudeaux<\/p>\n<p style=\"text-align: right\">Num\u00e9ro Etablissement (RNE)\u00a0: 9740703 W<\/p>\n<p style=\"text-align: right\">Adresse\u00a0: 380 rue Bois Rouge \u2013 Cambuston<\/p>\n<p style=\"text-align: right\">97440 SAINT \u2013 ANDRE<\/p>\n<p style=\"text-align: right\">T\u00e9l\u00e9phone\u00a0:\u00a0<span class=\"contact-telephone\">02.62.46.29.31<\/span><\/p>\n<p style=\"text-align: right\">Adresse de messagerie\u00a0:\u00a0<a style=\"color: #7ba428\" href=\"mailto:ce.9740703w@ac-reunion.fr\">ce.9740703w@ac-reunion.fr<\/a><\/p>\n<!-- AddThis Advanced Settings generic via filter on the_content --><!-- AddThis Share Buttons generic via filter on the_content -->","protected":false},"excerpt":{"rendered":"<p>\u00c9tablissement agr\u00e9able et arbor\u00e9, agenc\u00e9 en forme de village, le coll\u00e8ge accueille chaque ann\u00e9e 650 \u00e9l\u00e8ves de la 6\u00e8me \u00e0 la 3\u00e8me. Nous b\u00e9n\u00e9ficions d&rsquo;un dispositif Ulis, d&rsquo;une Classe Relais, d&rsquo;une 3\u00e8me Pr\u00e9pa M\u00e9tiers, de sections bilangues allemand et espagnol, de sections LCE (langues et Civilisations Etrang\u00e8res) Anglais et Espagnol, d&rsquo;une section Astronomie, et d&rsquo;une [&hellip;]<!-- AddThis Advanced Settings generic via filter on get_the_excerpt --><!-- AddThis Share Buttons generic via filter on get_the_excerpt --><\/p>\n","protected":false},"author":887,"featured_media":0,"parent":0,"menu_order":0,"comment_status":"closed","ping_status":"closed","template":"page-full.php","meta":{"footnotes":""},"class_list":["post-116","page","type-page","status-publish","hentry"],"_links":{"self":[{"href":"https:\/\/etab.ac-reunion.fr\/clg-cambuston\/wp-json\/wp\/v2\/pages\/116","targetHints":{"allow":["GET"]}}],"collection":[{"href":"https:\/\/etab.ac-reunion.fr\/clg-cambuston\/wp-json\/wp\/v2\/pages"}],"about":[{"href":"https:\/\/etab.ac-reunion.fr\/clg-cambuston\/wp-json\/wp\/v2\/types\/page"}],"author":[{"embeddable":true,"href":"https:\/\/etab.ac-reunion.fr\/clg-cambuston\/wp-json\/wp\/v2\/users\/887"}],"replies":[{"embeddable":true,"href":"https:\/\/etab.ac-reunion.fr\/clg-cambuston\/wp-json\/wp\/v2\/comments?post=116"}],"version-history":[{"count":7,"href":"https:\/\/etab.ac-reunion.fr\/clg-cambuston\/wp-json\/wp\/v2\/pages\/116\/revisions"}],"predecessor-version":[{"id":5842,"href":"https:\/\/etab.ac-reunion.fr\/clg-cambuston\/wp-json\/wp\/v2\/pages\/116\/revisions\/5842"}],"wp:attachment":[{"href":"https:\/\/etab.ac-reunion.fr\/clg-cambuston\/wp-json\/wp\/v2\/media?parent=116"}],"curies":[{"name":"wp","href":"https:\/\/api.w.org\/{rel}","templated":true}]}}