{"id":142,"date":"2014-02-13T11:25:24","date_gmt":"2014-02-13T10:25:24","guid":{"rendered":"http:\/\/college-cambuston.ac-reunion.fr\/?page_id=142"},"modified":"2025-10-31T09:38:16","modified_gmt":"2025-10-31T09:38:16","slug":"mentions-legales","status":"publish","type":"page","link":"https:\/\/etab.ac-reunion.fr\/clg-cambuston\/mentions-legales\/","title":{"rendered":"Mentions L\u00e9gales"},"content":{"rendered":"<h2>Etablissement\u00a0<\/h2>\n<blockquote>\n<p>Nom de l\u2019\u00e9tablissement : <strong>Coll\u00e8ge Cambuston Claude Mahoudeaux<\/strong><\/p>\n<p>Adresse : <strong>380 rue Bois rouge Cambuston 97440 Saint-Andr\u00e9<\/strong><\/p>\n<p>Adresse m\u00e9l. : <strong>ce.9740703w@ac-reunion.fr<\/strong><\/p>\n<p>Num\u00e9ro de t\u00e9l\u00e9phone :<strong> 0262 46 29 31<\/strong><\/p>\n<p>Directeur de la publication : <strong>Mme Ericka LALLEMAND<\/strong><\/p>\n<\/blockquote>\n<h2>\u00a0<\/h2>\n<h2>H\u00e9bergeur\u00a0<\/h2>\n<blockquote>\n<p>Rectorat de l\u2019acad\u00e9mie de la R\u00e9union<\/p>\n<p>24, avenue Georges Brassens<br \/>CS 71003<br \/>97743 Saint Denis Cedex 9<\/p>\n<p>T\u00e9l.+262 (0)2 62 48 10 10<\/p>\n<\/blockquote>\n<h2>\u00a0<\/h2>\n<h2>Conditions d\u2019utilisation<\/h2>\n<blockquote>\n<p>Sur ce site, les photos ne sont pas libres de droit. Elles sont prot\u00e9g\u00e9es par le Code de la Propri\u00e9t\u00e9 Intellectuelle (CPI).<\/p>\n<p>Sauf mention contraire, les textes sont r\u00e9utilisables dans le respect de la licence Creative Commons Attribution \u2013 Pas d\u2019Utilisation Commerciale \u2013 Partage dans les M\u00eames Conditions (CC BY-NC-SA).<\/p>\n<\/blockquote>\n<p><img loading=\"lazy\" decoding=\"async\" class=\"aligncenter size-medium wp-image-63487\" src=\"https:\/\/etab.ac-reunion.fr\/wp-content\/uploads\/2019\/02\/cc_byncsa-300x105.png\" alt=\"\" width=\"300\" height=\"105\" \/><\/p>\n\n\n<p><\/p>\n<!-- AddThis Advanced Settings generic via filter on the_content --><!-- AddThis Share Buttons generic via filter on the_content -->","protected":false},"excerpt":{"rendered":"<p>Etablissement\u00a0 Nom de l\u2019\u00e9tablissement : Coll\u00e8ge Cambuston Claude Mahoudeaux Adresse : 380 rue Bois rouge Cambuston 97440 Saint-Andr\u00e9 Adresse m\u00e9l. : ce.9740703w@ac-reunion.fr Num\u00e9ro de t\u00e9l\u00e9phone : 0262 46 29 31 Directeur de la publication : Mme Ericka LALLEMAND \u00a0 H\u00e9bergeur\u00a0 Rectorat de l\u2019acad\u00e9mie de la R\u00e9union 24, avenue Georges BrassensCS 7100397743 Saint Denis Cedex 9 [&hellip;]<!-- AddThis Advanced Settings generic via filter on get_the_excerpt --><!-- AddThis Share Buttons generic via filter on get_the_excerpt --><\/p>\n","protected":false},"author":887,"featured_media":0,"parent":0,"menu_order":0,"comment_status":"closed","ping_status":"closed","template":"page-full.php","meta":{"footnotes":""},"class_list":["post-142","page","type-page","status-publish","hentry"],"_links":{"self":[{"href":"https:\/\/etab.ac-reunion.fr\/clg-cambuston\/wp-json\/wp\/v2\/pages\/142","targetHints":{"allow":["GET"]}}],"collection":[{"href":"https:\/\/etab.ac-reunion.fr\/clg-cambuston\/wp-json\/wp\/v2\/pages"}],"about":[{"href":"https:\/\/etab.ac-reunion.fr\/clg-cambuston\/wp-json\/wp\/v2\/types\/page"}],"author":[{"embeddable":true,"href":"https:\/\/etab.ac-reunion.fr\/clg-cambuston\/wp-json\/wp\/v2\/users\/887"}],"replies":[{"embeddable":true,"href":"https:\/\/etab.ac-reunion.fr\/clg-cambuston\/wp-json\/wp\/v2\/comments?post=142"}],"version-history":[{"count":4,"href":"https:\/\/etab.ac-reunion.fr\/clg-cambuston\/wp-json\/wp\/v2\/pages\/142\/revisions"}],"predecessor-version":[{"id":5966,"href":"https:\/\/etab.ac-reunion.fr\/clg-cambuston\/wp-json\/wp\/v2\/pages\/142\/revisions\/5966"}],"wp:attachment":[{"href":"https:\/\/etab.ac-reunion.fr\/clg-cambuston\/wp-json\/wp\/v2\/media?parent=142"}],"curies":[{"name":"wp","href":"https:\/\/api.w.org\/{rel}","templated":true}]}}