{"id":239,"date":"2014-02-18T11:34:19","date_gmt":"2014-02-18T10:34:19","guid":{"rendered":"http:\/\/college-cambuston.ac-reunion.fr\/?page_id=239"},"modified":"2017-10-06T11:13:48","modified_gmt":"2017-10-06T11:13:48","slug":"orientation","status":"publish","type":"page","link":"https:\/\/etab.ac-reunion.fr\/clg-cambuston\/orientation\/","title":{"rendered":"Orientation"},"content":{"rendered":"<div>\n<p><a href=\"http:\/\/www.onisep.fr\/Pres-de-chez-vous\/La-Reunion\/La-Reunion\">Guides ONISEP R\u00e9union<br \/>\n<\/a><br \/>\nLes diff\u00e9rents guides de l&rsquo;ONISEP R\u00e9union pour m&rsquo;aider dans mes choix d&rsquo;orientation<\/p>\n<p>&nbsp;<\/p>\n<h1>Sites pour conna\u00eetre les formations et les lieux de formations<\/h1>\n<\/div>\n<ul>\n<li><a title=\"CTRL + clic pour suivre le lien\" href=\"http:\/\/www.onisep.fr\/\">Onisep : choisir son orientation apr\u00e8s la 3i\u00e8me<\/a><\/li>\n<\/ul>\n<p>Pour conna\u00eetre les formations possibles apr\u00e8s une classe de\u00a0 3<sup>i\u00e8me<\/sup>, les poursuites d\u2019\u00e9tudes, un maximum d\u2019info pour choisir son orientation apr\u00e8s la classe de 3<sup>i\u00e8me<\/sup>.<\/p>\n<p>Pour avoir acc\u00e8s \u00e0 une grande partie des\u00a0<strong>fiches dipl\u00f4mes du CAP au DUT<br \/>\n<\/strong><\/p>\n<ul>\n<li><a title=\"CTRL + clic\" href=\"http:\/\/oniseptv.onisep.fr\/rubrique_etudes_troisieme_formations_et_diplomes.html\">Pr\u00e9sentation vid\u00e9os de dipl\u00f4mes et de formations de la voie professionnelle<\/a><\/li>\n<\/ul>\n<p>Onisep TV\u00a0: pr\u00e9sentation de dipl\u00f4mes et de formations en vid\u00e9os<\/p>\n<ul>\n<li><a href=\"http:\/\/www.formanoo.org\/\">formanoo<\/a><\/li>\n<\/ul>\n<p>S&rsquo;informer sur la formation, l&rsquo;insertion professionnelle, l\u2019apprentissage \u00a0\u00e0 la r\u00e9union. Trouver un organisme de formation<\/p>\n<p>&nbsp;<\/p>\n<h1>Quelques sites\u00a0des \u00e9tablissements de la r\u00e9gion<\/h1>\n<p><strong>Les Lyc\u00e9es professionnels\u00a0ou SEP :<\/strong><\/p>\n<p><strong>\u00a0\u00a0\u00a0\u00a0\u00a0\u00a0\u00a0\u00a0\u00a0\u00a0\u00a0\u00a0\u00a0\u00a0\u00a0\u00a0\u00a0\u00a0\u00a0<a href=\"http:\/\/lycee-jean-perrin.ac-reunion.fr\">Lyc\u00e9e Jean perrin<\/a><\/strong><\/p>\n<p><strong>\u00a0\u00a0\u00a0\u00a0\u00a0\u00a0\u00a0\u00a0\u00a0\u00a0\u00a0\u00a0\u00a0\u00a0\u00a0\u00a0\u00a0\u00a0\u00a0<a href=\"http:\/\/lycee-belair.ac-reunion.fr\">Lycee Bel air<\/a><\/strong><\/p>\n<p><strong>\u00a0\u00a0\u00a0\u00a0\u00a0\u00a0\u00a0\u00a0\u00a0\u00a0\u00a0\u00a0\u00a0\u00a0\u00a0\u00a0\u00a0\u00a0\u00a0<a href=\"http:\/\/lycee-bpanon.ac-reunion.fr\/\">Lycee Paul Moreau<\/a><\/strong><\/p>\n<p><strong>\u00a0\u00a0\u00a0\u00a0\u00a0\u00a0\u00a0\u00a0\u00a0\u00a0\u00a0\u00a0\u00a0\u00a0\u00a0\u00a0\u00a0\u00a0\u00a0<a href=\"http:\/\/lycee-mandela.fr\/index.php?lang=fr\">Lyc\u00e9e Nelson Mandela<\/a><\/strong><\/p>\n<p><strong>\u00a0\u00a0\u00a0\u00a0\u00a0\u00a0\u00a0\u00a0\u00a0\u00a0\u00a0\u00a0\u00a0\u00a0\u00a0\u00a0\u00a0\u00a0\u00a0<a href=\"http:\/\/lycee-larenaissance.ac-reunion.fr\/\">Lyc\u00e9e h\u00f4telier<\/a><\/strong><\/p>\n<p><strong>\u00a0 \u00a0 \u00a0 \u00a0 \u00a0 \u00a0 \u00a0 \u00a0 \u00a0 \u00a0<a href=\"http:\/\/lycee-patu-de-rosemont.ac-reunion.fr\/\">Lyc\u00e9e Patu de Rosemont<\/a><\/strong><\/p>\n<p><strong>\u00a0 \u00a0 \u00a0 \u00a0 \u00a0 \u00a0 \u00a0 \u00a0 \u00a0\u00a0<a href=\"http:\/\/lycee-isnelle-amelin.ac-reunion.fr\/\">\u00a0Lyc\u00e9e Isnelle Amelin<\/a><\/strong><\/p>\n<p>&nbsp;<\/p>\n<p><strong>Les Lyc\u00e9es g\u00e9n\u00e9raux\u00a0:<\/strong><\/p>\n<p><strong><a href=\"http:\/\/lycee-sarda-garriga.ac-reunion.fr\">Lyc\u00e9e Sarda Garriga<\/a><\/strong><\/p>\n<p><strong>\u00a0\u00a0\u00a0\u00a0\u00a0\u00a0\u00a0\u00a0\u00a0\u00a0\u00a0\u00a0\u00a0\u00a0\u00a0\u00a0\u00a0\u00a0<\/strong><\/p>\n<h1><strong>\u00a0<\/strong><br \/>\nQuelques sites d\u2019informations sur les m\u00e9tiers<\/h1>\n<p><strong>Au niveau national\u00a0:<\/strong><\/p>\n<ul>\n<li><a title=\"CTRL + Clic\" href=\"http:\/\/www.onisep.fr\/onisep-portail\/portal\/media-type\/html\/group\/gp\/page\/accueil.espace.metiers\">Site Onisep : m\u00e9tiers<\/a><\/li>\n<\/ul>\n<p>400 fiches m\u00e9tiers en ligne, recherche possible par domaines, par ordre alphab\u00e9tique ou par centres d\u2019int\u00e9r\u00eats. Nombreuses vid\u00e9os disponibles.<\/p>\n<ul>\n<li><a title=\"CTRL + clic\" href=\"http:\/\/outils.onisep.fr\/quizz-metier\/\">Quiz m\u00e9tiers<\/a><\/li>\n<\/ul>\n<p>Site pour d\u00e9couvrir les m\u00e9tiers. Pour trouver des id\u00e9es de m\u00e9tiers, explorez vos centres d&rsquo;int\u00e9r\u00eat gr\u00e2ce \u00e0 des quiz&#8230;<\/p>\n<ul>\n<li><a title=\"CTRL + clic\" href=\"http:\/\/www.lesmetiers.net\/orientation\/c_5191\/metiers\">Lesmetiers.net<\/a><\/li>\n<\/ul>\n<p>D\u00e9couverte de m\u00e9tiers et de 200 vid\u00e9os sur des t\u00e9moignages de professionnels. Cot\u00e9 ludique int\u00e9ressant pour d\u00e9couvrir les m\u00e9tiers\u2026<\/p>\n<ul>\n<li><a title=\"CTRL + clic\" href=\"http:\/\/www.meformer.org\/\">Meformer.org<\/a><\/li>\n<\/ul>\n<p>Site sur m\u00e9tiers, emplois, formations, orientation. Possibilit\u00e9 de s\u00e9lectionner les fiches m\u00e9tiers en croisant jusqu\u2019\u00e0 3 centres d\u2019int\u00e9r\u00eats.<\/p>\n<ul>\n<li>M\u00e9tiers de la d\u00e9fense<\/li>\n<\/ul>\n<p>&nbsp;<\/p>\n<h1>Pour tout savoir sur les m\u00e9tiers de la d\u00e9fense\u00a0: concours, recrutement et reconversion<\/h1>\n<p><a title=\"CTL+ clic\" href=\"http:\/\/www.recrutement.terre.defense.gouv.fr\">Arm\u00e9e de terre<\/a><\/p>\n<p><a title=\"CTRL + clic\" href=\"http:\/\/www.etremarin.fr\/\">Marine<\/a><\/p>\n<p><a title=\"CTRL + clic\" href=\"https:\/\/devenir-aviateur.fr\/\">Arm\u00e9e de l&rsquo;air<\/a><\/p>\n<p><a title=\"CTL+ clic\" href=\"https:\/\/www.lagendarmerierecrute.fr\">Gendarmerie<\/a><\/p>\n<p><a title=\"CTRL + clic\" href=\"http:\/\/www.lapolicenationalerecrute.fr\/\">Police nationale<\/a><\/p>\n<p><a href=\"http:\/\/www.pompiers.fr\/grand-public\/devenir-sapeur-pompier\">Pompier<\/a><\/p>\n<!-- AddThis Advanced Settings generic via filter on the_content --><!-- AddThis Share Buttons generic via filter on the_content -->","protected":false},"excerpt":{"rendered":"<p>Guides ONISEP R\u00e9union Les diff\u00e9rents guides de l&rsquo;ONISEP R\u00e9union pour m&rsquo;aider dans mes choix d&rsquo;orientation &nbsp; Sites pour conna\u00eetre les formations et les lieux de formations Onisep : choisir son orientation apr\u00e8s la 3i\u00e8me Pour conna\u00eetre les formations possibles apr\u00e8s une classe de\u00a0 3i\u00e8me, les poursuites d\u2019\u00e9tudes, un maximum d\u2019info pour choisir son orientation apr\u00e8s [&hellip;]<!-- AddThis Advanced Settings generic via filter on get_the_excerpt --><!-- AddThis Share Buttons generic via filter on get_the_excerpt --><\/p>\n","protected":false},"author":66,"featured_media":0,"parent":0,"menu_order":0,"comment_status":"closed","ping_status":"closed","template":"page-full.php","meta":{"footnotes":""},"class_list":["post-239","page","type-page","status-publish","hentry"],"_links":{"self":[{"href":"https:\/\/etab.ac-reunion.fr\/clg-cambuston\/wp-json\/wp\/v2\/pages\/239","targetHints":{"allow":["GET"]}}],"collection":[{"href":"https:\/\/etab.ac-reunion.fr\/clg-cambuston\/wp-json\/wp\/v2\/pages"}],"about":[{"href":"https:\/\/etab.ac-reunion.fr\/clg-cambuston\/wp-json\/wp\/v2\/types\/page"}],"author":[{"embeddable":true,"href":"https:\/\/etab.ac-reunion.fr\/clg-cambuston\/wp-json\/wp\/v2\/users\/66"}],"replies":[{"embeddable":true,"href":"https:\/\/etab.ac-reunion.fr\/clg-cambuston\/wp-json\/wp\/v2\/comments?post=239"}],"version-history":[{"count":23,"href":"https:\/\/etab.ac-reunion.fr\/clg-cambuston\/wp-json\/wp\/v2\/pages\/239\/revisions"}],"predecessor-version":[{"id":3910,"href":"https:\/\/etab.ac-reunion.fr\/clg-cambuston\/wp-json\/wp\/v2\/pages\/239\/revisions\/3910"}],"wp:attachment":[{"href":"https:\/\/etab.ac-reunion.fr\/clg-cambuston\/wp-json\/wp\/v2\/media?parent=239"}],"curies":[{"name":"wp","href":"https:\/\/api.w.org\/{rel}","templated":true}]}}