{"id":3404,"date":"2016-06-09T07:14:57","date_gmt":"2016-06-09T07:14:57","guid":{"rendered":"http:\/\/college-cambuston.ac-reunion.fr\/?page_id=3404"},"modified":"2017-10-12T12:18:36","modified_gmt":"2017-10-12T12:18:36","slug":"marches-publics","status":"publish","type":"page","link":"https:\/\/etab.ac-reunion.fr\/clg-cambuston\/actualites\/marches-publics\/","title":{"rendered":"March\u00e9s publics"},"content":{"rendered":"<p>&nbsp;<\/p>\n<p><a href=\"https:\/\/etab.ac-reunion.fr\/clg-cambuston\/wp-content\/uploads\/sites\/45\/2016\/06\/DC1.docx\">DC1<\/a><\/p>\n<p><a href=\"https:\/\/etab.ac-reunion.fr\/clg-cambuston\/wp-content\/uploads\/sites\/45\/2016\/06\/DC2.docx\">DC2<\/a><\/p>\n<p><a href=\"https:\/\/etab.ac-reunion.fr\/clg-cambuston\/wp-content\/uploads\/sites\/45\/2016\/06\/DC3.docx\">DC3<\/a><\/p>\n<p><a href=\"https:\/\/etab.ac-reunion.fr\/clg-cambuston\/wp-content\/uploads\/sites\/45\/2017\/10\/r\u00e8glement-de-consultation-valant-cahier-des-clauses-cahier-des-charges-administratives-g\u00e9n\u00e9rales-fournitues-et-services-1.pdf\"><span style=\"font-family: 'PrimaSans BT,Verdana,sans-serif'\">R\u00e8glement de consultation valant cahier des clauses\u00a0 + cahier des charges administratives g\u00e9n\u00e9rales fournitures et services<\/span><\/a><\/p>\n<p>&nbsp;<\/p>\n<p>&nbsp;<\/p>\n<p>&nbsp;<\/p>\n<p>&nbsp;<\/p>\n<p>&nbsp;<\/p>\n<p>&nbsp;<\/p>\n<p>&nbsp;<\/p>\n<!-- AddThis Advanced Settings generic via filter on the_content --><!-- AddThis Share Buttons generic via filter on the_content -->","protected":false},"excerpt":{"rendered":"<p>&nbsp; DC1 DC2 DC3 R\u00e8glement de consultation valant cahier des clauses\u00a0 + cahier des charges administratives g\u00e9n\u00e9rales fournitures et services &nbsp; &nbsp; &nbsp; &nbsp; &nbsp; &nbsp; &nbsp;<!-- AddThis Advanced Settings generic via filter on get_the_excerpt --><!-- AddThis Share Buttons generic via filter on get_the_excerpt --><\/p>\n","protected":false},"author":2356,"featured_media":0,"parent":126,"menu_order":0,"comment_status":"closed","ping_status":"closed","template":"","meta":{"footnotes":""},"class_list":["post-3404","page","type-page","status-publish","hentry"],"_links":{"self":[{"href":"https:\/\/etab.ac-reunion.fr\/clg-cambuston\/wp-json\/wp\/v2\/pages\/3404","targetHints":{"allow":["GET"]}}],"collection":[{"href":"https:\/\/etab.ac-reunion.fr\/clg-cambuston\/wp-json\/wp\/v2\/pages"}],"about":[{"href":"https:\/\/etab.ac-reunion.fr\/clg-cambuston\/wp-json\/wp\/v2\/types\/page"}],"author":[{"embeddable":true,"href":"https:\/\/etab.ac-reunion.fr\/clg-cambuston\/wp-json\/wp\/v2\/users\/2356"}],"replies":[{"embeddable":true,"href":"https:\/\/etab.ac-reunion.fr\/clg-cambuston\/wp-json\/wp\/v2\/comments?post=3404"}],"version-history":[{"count":9,"href":"https:\/\/etab.ac-reunion.fr\/clg-cambuston\/wp-json\/wp\/v2\/pages\/3404\/revisions"}],"predecessor-version":[{"id":3919,"href":"https:\/\/etab.ac-reunion.fr\/clg-cambuston\/wp-json\/wp\/v2\/pages\/3404\/revisions\/3919"}],"up":[{"embeddable":true,"href":"https:\/\/etab.ac-reunion.fr\/clg-cambuston\/wp-json\/wp\/v2\/pages\/126"}],"wp:attachment":[{"href":"https:\/\/etab.ac-reunion.fr\/clg-cambuston\/wp-json\/wp\/v2\/media?parent=3404"}],"curies":[{"name":"wp","href":"https:\/\/api.w.org\/{rel}","templated":true}]}}